{"id":999,"date":"2018-12-06T11:24:07","date_gmt":"2018-12-06T14:24:07","guid":{"rendered":"https:\/\/www.arte.unicen.edu.ar\/sustentarte\/?page_id=999"},"modified":"2018-12-10T10:21:31","modified_gmt":"2018-12-10T13:21:31","slug":"obras-en-cartel","status":"publish","type":"page","link":"https:\/\/www.arte.unicen.edu.ar\/sustentarte\/index.php\/obras-en-cartel\/","title":{"rendered":"OBRAS EN CARTEL"},"content":{"rendered":"<table style=\"width: 814px\">\n<tbody>\n<tr>\n<td style=\"width: 300px\"><img decoding=\"async\" loading=\"lazy\" class=\"alignnone size-medium wp-image-1020\" style=\"text-align: justify\" src=\"https:\/\/www.arte.unicen.edu.ar\/sustentarte\/wp-content\/uploads\/2018\/12\/fLYER-PARA-DIFUSION-jpg-300x231.jpg\" alt=\"\" width=\"300\" height=\"231\" srcset=\"https:\/\/www.arte.unicen.edu.ar\/sustentarte\/wp-content\/uploads\/2018\/12\/fLYER-PARA-DIFUSION-jpg-300x231.jpg 300w, https:\/\/www.arte.unicen.edu.ar\/sustentarte\/wp-content\/uploads\/2018\/12\/fLYER-PARA-DIFUSION-jpg-768x591.jpg 768w, https:\/\/www.arte.unicen.edu.ar\/sustentarte\/wp-content\/uploads\/2018\/12\/fLYER-PARA-DIFUSION-jpg-1024x788.jpg 1024w, https:\/\/www.arte.unicen.edu.ar\/sustentarte\/wp-content\/uploads\/2018\/12\/fLYER-PARA-DIFUSION-jpg-750x577.jpg 750w\" sizes=\"(max-width: 300px) 100vw, 300px\" \/><\/td>\n<td style=\"width: 514px;text-align: justify\"><strong>\u201cANIMAIZ\u201d de Edit Rondinone<\/strong> transcurre en una plantaci\u00f3n de ma\u00edz, donde su due\u00f1o, ESPANTAP\u00c1JAROS, no deja que nadie se acerque a sus tan amados maizales. El\u00a0 Rat\u00f3n\u00a0 RAM\u00d3N, y el\u00a0 Loro PEPE llegan en busca de comida, y juntos resuelven enfrentar al amo de las plantas. La acci\u00f3n se desarrolla mediante enfrentamientos, juegos, canciones y gags con un final sorpresivo.\u00a0\u00a0<a href=\"https:\/\/www.arte.unicen.edu.ar\/sustentarte\/index.php\/mas-informacion-2\/\" target=\"_blank\" rel=\"noopener\">Mas informaci\u00f3n<\/a><\/td>\n<\/tr>\n<\/tbody>\n<\/table>\n<p style=\"text-align: justify\">\n","protected":false},"excerpt":{"rendered":"<p>\u201cANIMAIZ\u201d de Edit Rondinone transcurre en una plantaci\u00f3n de ma\u00edz, donde su due\u00f1o, ESPANTAP\u00c1JAROS, no deja que nadie se acerque a sus tan amados maizales. El\u00a0 Rat\u00f3n\u00a0 RAM\u00d3N, y el\u00a0 [&hellip;]<\/p>\n","protected":false},"author":2,"featured_media":0,"parent":0,"menu_order":0,"comment_status":"closed","ping_status":"closed","template":"","meta":{"_mi_skip_tracking":false,"_exactmetrics_sitenote_active":false,"_exactmetrics_sitenote_note":"","_exactmetrics_sitenote_category":0},"_links":{"self":[{"href":"https:\/\/www.arte.unicen.edu.ar\/sustentarte\/index.php\/wp-json\/wp\/v2\/pages\/999"}],"collection":[{"href":"https:\/\/www.arte.unicen.edu.ar\/sustentarte\/index.php\/wp-json\/wp\/v2\/pages"}],"about":[{"href":"https:\/\/www.arte.unicen.edu.ar\/sustentarte\/index.php\/wp-json\/wp\/v2\/types\/page"}],"author":[{"embeddable":true,"href":"https:\/\/www.arte.unicen.edu.ar\/sustentarte\/index.php\/wp-json\/wp\/v2\/users\/2"}],"replies":[{"embeddable":true,"href":"https:\/\/www.arte.unicen.edu.ar\/sustentarte\/index.php\/wp-json\/wp\/v2\/comments?post=999"}],"version-history":[{"count":4,"href":"https:\/\/www.arte.unicen.edu.ar\/sustentarte\/index.php\/wp-json\/wp\/v2\/pages\/999\/revisions"}],"predecessor-version":[{"id":1053,"href":"https:\/\/www.arte.unicen.edu.ar\/sustentarte\/index.php\/wp-json\/wp\/v2\/pages\/999\/revisions\/1053"}],"wp:attachment":[{"href":"https:\/\/www.arte.unicen.edu.ar\/sustentarte\/index.php\/wp-json\/wp\/v2\/media?parent=999"}],"curies":[{"name":"wp","href":"https:\/\/api.w.org\/{rel}","templated":true}]}}