{"id":783,"date":"2018-11-08T14:07:29","date_gmt":"2018-11-08T17:07:29","guid":{"rendered":"https:\/\/www.arte.unicen.edu.ar\/sustentarte\/?page_id=783"},"modified":"2018-11-08T14:10:21","modified_gmt":"2018-11-08T17:10:21","slug":"formacion-de-publicos-con-lupa-en-maria-ignacia-vela","status":"publish","type":"page","link":"https:\/\/www.arte.unicen.edu.ar\/sustentarte\/index.php\/formacion-de-publico\/proyecto-spu\/2018-2\/formacion-de-publicos-con-lupa-en-maria-ignacia-vela\/","title":{"rendered":"Formaci\u00f3n de p\u00fablicos con \u201cLupa\u201d en Maria Ignacia Vela"},"content":{"rendered":"<p>Y una ma\u00f1ana fr\u00eda del mes de Julio, para ser mas precisos el mi\u00e9rcoles 11 se present\u00f3 \u201cLupa, mundos para mirar de cerca\u201den la Escuela N\u00ba 5 de M. I. Vela, siendo la primer funci\u00f3n del Proyecto \u201cFormaci\u00f3n de nuevos p\u00fablicos\u201d del 2018.<br \/>\nEn el a\u00f1o 2017 se realizaron 12 funciones en escuelas rurales y semi urbanas de la ciudad, con el objetivo de que alumnos de escuelas secundarias accedan a los espect\u00e1culos teatrales y reflexionen en base a las propuestas presentadas. Este a\u00f1o la Secretaria de Pol\u00edticas Universitarias vuelve a aprobarlo, junto al equipo de trabajo de Extensi\u00f3n de la UNICEN, la incubadora Sustentarte y la Secretaria de Extensi\u00f3n de la Facultad de Arte.<br \/>\nLa diferencia con el proceso del a\u00f1o anterior es que integramos mas gente al equipo de trabajo (4 alumnas becadas de la Facultad de Arte) y la participaci\u00f3n de dos materias de la carrera de Licenciatura en Teatro (Direcci\u00f3n Teatral y Educaci\u00f3n de la Voz 1) , con sus respectivos docentes y alumnos.<br \/>\nEl artista convocado para vivenciar esta experiencia fue Eugenio Deoseffe quien a las 8 de la ma\u00f1ana junto al equipo de trabajo se encontraba con los preparativos para la funci\u00f3n que ser\u00eda a las 10 hs. Luego de 40 minutos de viaje y el frio como compa\u00f1ero fiel llegamos a M. Ignacia Vela, en donde 4 alumnos se acercaron con mates mientras nos hac\u00edan preguntas en base a lo que iban a ver.<br \/>\nLos preparativos de la t\u00e9cnica y el armado de la puesta en escena se mezclaban con cantidad de alumnos \u201ccirculando\u201d en el espacio de trabajo ya que el kiosco estaba ubicado en el mismo lugar en donde se montar\u00eda el espect\u00e1culo.<br \/>\nComienza la funci\u00f3n y muchos alumnos se quedan parados en los laterales del sal\u00f3n. \u201cHumberto\u201d uno de los personajes, se acerca a estrecharles la mano y charlar, con lo cual logra que se sentaran intercambiando monos\u00edlabos y risas t\u00edmidas.<br \/>\n\u201cLupa, mundos para mirar de cerca\u201d, contiene diversas historias de t\u00edteres manipulados por Eugenio Desoseffe, bajo la direcci\u00f3n de Javier Lester; \u201cHumberto\u201d un presentador, monjes tibetanos y un grupo de mariachis le dan color y calidez a esta cita teatral. El artista tiene un profesional manejo de los \u201cmu\u00f1ecos\u201d, acompa\u00f1ada de una excelente precisi\u00f3n en los tiempos de funci\u00f3n, contemplando que trabaja sin t\u00e9cnico de sonido.<br \/>\nUna presentaci\u00f3n fabulosa que culmina con el \u201cdesmontaje\u201d de la obra, donde \u201cnadie se anima a preguntar\u201d. Eugenio nos cuenta de sus logros, trayectorias, y luego de un rato llegaron las preguntas de los peque\u00f1os espectadores: Como sab\u00edas que te iba a gustar hacer teatro?, hiciste vos los mu\u00f1ecos?, podes vivir del teatro? entre otras. Adem\u00e1s de esta entrevista los alumnos responden unas encuestas escritas y nos cuentan: \u201cnunca hubiera imaginado una historia de monjes con t\u00edteres\u201d, \u201cmuy entretenido, no me rio con cualquier cosa pero me saco unas cuantas risas\u201d, \u201clos personajes son muy ingeniosos combinados con una buena historia y m\u00fasica\u201d,\u201cel mensaje que me deja es que si haces teatro podes ir a todos lados\u201d.<br \/>\nPara nosotros como siempre esto fue una fiesta y un mimo para el alma. En agosto se aproximan nuevas funciones de este proyecto que continuaremos compartiendo con todos ustedes.<\/p>\n<p><img decoding=\"async\" loading=\"lazy\" class=\"aligncenter wp-image-414 size-large\" src=\"https:\/\/www.arte.unicen.edu.ar\/sustentarte\/wp-content\/uploads\/2018\/10\/MG_1113-1024x683.jpg\" alt=\"\" width=\"640\" height=\"427\" srcset=\"https:\/\/www.arte.unicen.edu.ar\/sustentarte\/wp-content\/uploads\/2018\/10\/MG_1113-1024x683.jpg 1024w, https:\/\/www.arte.unicen.edu.ar\/sustentarte\/wp-content\/uploads\/2018\/10\/MG_1113-300x200.jpg 300w, https:\/\/www.arte.unicen.edu.ar\/sustentarte\/wp-content\/uploads\/2018\/10\/MG_1113-768x512.jpg 768w, https:\/\/www.arte.unicen.edu.ar\/sustentarte\/wp-content\/uploads\/2018\/10\/MG_1113-600x400.jpg 600w\" sizes=\"(max-width: 640px) 100vw, 640px\" \/><\/p>\n<p><img decoding=\"async\" loading=\"lazy\" class=\"aligncenter wp-image-415 size-large\" src=\"https:\/\/www.arte.unicen.edu.ar\/sustentarte\/wp-content\/uploads\/2018\/10\/MG_1140-1024x683.jpg\" alt=\"\" width=\"640\" height=\"427\" srcset=\"https:\/\/www.arte.unicen.edu.ar\/sustentarte\/wp-content\/uploads\/2018\/10\/MG_1140-1024x683.jpg 1024w, https:\/\/www.arte.unicen.edu.ar\/sustentarte\/wp-content\/uploads\/2018\/10\/MG_1140-300x200.jpg 300w, https:\/\/www.arte.unicen.edu.ar\/sustentarte\/wp-content\/uploads\/2018\/10\/MG_1140-768x512.jpg 768w, https:\/\/www.arte.unicen.edu.ar\/sustentarte\/wp-content\/uploads\/2018\/10\/MG_1140-600x400.jpg 600w\" sizes=\"(max-width: 640px) 100vw, 640px\" \/><\/p>\n","protected":false},"excerpt":{"rendered":"<p>Y una ma\u00f1ana fr\u00eda del mes de Julio, para ser mas precisos el mi\u00e9rcoles 11 se present\u00f3 \u201cLupa, mundos para mirar de cerca\u201den la Escuela N\u00ba 5 de M. I. [&hellip;]<\/p>\n","protected":false},"author":1,"featured_media":0,"parent":317,"menu_order":0,"comment_status":"closed","ping_status":"closed","template":"","meta":{"_mi_skip_tracking":false,"_exactmetrics_sitenote_active":false,"_exactmetrics_sitenote_note":"","_exactmetrics_sitenote_category":0},"_links":{"self":[{"href":"https:\/\/www.arte.unicen.edu.ar\/sustentarte\/index.php\/wp-json\/wp\/v2\/pages\/783"}],"collection":[{"href":"https:\/\/www.arte.unicen.edu.ar\/sustentarte\/index.php\/wp-json\/wp\/v2\/pages"}],"about":[{"href":"https:\/\/www.arte.unicen.edu.ar\/sustentarte\/index.php\/wp-json\/wp\/v2\/types\/page"}],"author":[{"embeddable":true,"href":"https:\/\/www.arte.unicen.edu.ar\/sustentarte\/index.php\/wp-json\/wp\/v2\/users\/1"}],"replies":[{"embeddable":true,"href":"https:\/\/www.arte.unicen.edu.ar\/sustentarte\/index.php\/wp-json\/wp\/v2\/comments?post=783"}],"version-history":[{"count":2,"href":"https:\/\/www.arte.unicen.edu.ar\/sustentarte\/index.php\/wp-json\/wp\/v2\/pages\/783\/revisions"}],"predecessor-version":[{"id":786,"href":"https:\/\/www.arte.unicen.edu.ar\/sustentarte\/index.php\/wp-json\/wp\/v2\/pages\/783\/revisions\/786"}],"up":[{"embeddable":true,"href":"https:\/\/www.arte.unicen.edu.ar\/sustentarte\/index.php\/wp-json\/wp\/v2\/pages\/317"}],"wp:attachment":[{"href":"https:\/\/www.arte.unicen.edu.ar\/sustentarte\/index.php\/wp-json\/wp\/v2\/media?parent=783"}],"curies":[{"name":"wp","href":"https:\/\/api.w.org\/{rel}","templated":true}]}}