{"id":779,"date":"2018-11-08T14:01:00","date_gmt":"2018-11-08T17:01:00","guid":{"rendered":"https:\/\/www.arte.unicen.edu.ar\/sustentarte\/?page_id=779"},"modified":"2018-11-08T14:02:38","modified_gmt":"2018-11-08T17:02:38","slug":"en-azucena-con-el-espectaculo-yapa","status":"publish","type":"page","link":"https:\/\/www.arte.unicen.edu.ar\/sustentarte\/index.php\/formacion-de-publico\/proyecto-spu\/2018-2\/en-azucena-con-el-espectaculo-yapa\/","title":{"rendered":"En Azucena con el espect\u00e1culo Yapa"},"content":{"rendered":"<p style=\"text-align: justify;\">El proyecto \u201cFormaci\u00f3n de nuevos p\u00fablicos\u201d continua su labor de llevar teatro a escuelas rurales y el martes 28 del corriente logramos muchas sonrisas en Azucena. El grupo \u201cLa \u00d1ata Roja\u201d presento el espect\u00e1culo \u201cYapa\u201d, en la Escuela N\u00ba 12 \u201cGer\u00f3nimo Rene Favaloro\u201d cautivando a los adolescentes con los payasos Tambo y Rufina.<br \/>\nD\u00edas previos a la funci\u00f3n la Prof. Paula Fern\u00e1ndez (Catedra de Direcci\u00f3n en la Facultad de Arte), dicto una clase para los alumnos de la escuela basados en contenidos generales de la puesta en escena y de los espect\u00e1culos que se iban a presentar. La idea es que los alumnos, antes de las funciones tengan un acercamiento\/conocimiento gen\u00e9rico de lo que ver\u00e1n. Posterior a la clase la Directora Julieta Santos me comunica que los alumnos quedaron \u201cencantados, fascinados con la clase de Paula\u201d. Tanto la clase y la colaboraci\u00f3n de 4 alumnas becadas de la Facultad de Arte, eran requisitos a implementar en el proyecto de este a\u00f1o.<br \/>\nEl elenco, la escenograf\u00eda y el sonido completaba el peque\u00f1o auto en el que viajamos. A pesar del paro \u201clos alumnos asistieron a la escuela para ver la obra de teatro\u201d, \u201cellos los estaban esperando\u201d nos contaba Sara Tilati, la Secretaria de la Instituci\u00f3n, lo cual completa nuestros objetivos y ganas de trabajar.<br \/>\nLa funci\u00f3n seria en el comedor, con lo cual tardamos en ingresar porque las porteras estaban de paro y \u201cno hab\u00eda llave\u201d. Sin problemas entramos por otro sector, y mates de por medio el elenco dispuso el armado de escenograf\u00eda, vestuario y maquillaje.<br \/>\nUn clima muy tranquilo, el aire de campo, d\u00eda primaveral y las excelentes personas de la escuela que nos recibieron\u2026 no nos pod\u00eda ir mejor!!<br \/>\nComienza la funci\u00f3n, y para que agregar que \u201cTambo y Rufina\u201d son dos personajes llenos de ternura que se ganan la sonrisa y la empat\u00eda de todos incluyendo \u201cla gente que no les gustan los payasos\u201d. En el p\u00fablico presente hab\u00eda gente que no los aceptaba, sin embargo al tiempo que transcurr\u00eda el espect\u00e1culo modificaron la realidad que ten\u00edan frente a estos divertidos personajes, comparti\u00e9ndonos su experiencia al finalizar la funci\u00f3n.<br \/>\nEl elenco integrado por Josefina Loustanau (Rufina), Matias Acuipil (Tambo) y Franco Di Menna (Sonido) lograron que todos aplaudieran, juagaran ping pong, canten y sobre todo se r\u00edan y diviertan, rompiendo con la creencia que el espect\u00e1culo de clown es \u201c\u00fanicamente para ni\u00f1os\u201d, demostrando que algunos adultos se diviertan mas que muchos peque\u00f1os.<br \/>\nEn el desmontaje del espect\u00e1culo los actores nos contaron muchas caracter\u00edsticas interesantes sobre el trabajo de Clown, el cual es un mundo tan complejo y ligado a cuestiones personales que son dif\u00edciles de imaginar si no se las experimentan. Nos hablaron del emprendimiento de la \u00d1ata Roja, como fue mutando, los talleres y seminarios que ofrecen, sus vidas como artistas, colmadas de giras y funciones por escuelas y municipios.<br \/>\nMientras desarmamos nos trajeron mates y bizcochos, nos sentimos super mimados y bienvenidos!! Totalmente agradecidos \u2026\u201da guardar a guardar\u2026cada cosa en su lugar\u2026\u201d y volvimos a casa con el coraz\u00f3n feliz.<\/p>\n<p><img decoding=\"async\" loading=\"lazy\" class=\"aligncenter wp-image-420 size-full\" src=\"https:\/\/www.arte.unicen.edu.ar\/sustentarte\/wp-content\/uploads\/2018\/10\/YAPA-I.jpg\" alt=\"\" width=\"960\" height=\"640\" srcset=\"https:\/\/www.arte.unicen.edu.ar\/sustentarte\/wp-content\/uploads\/2018\/10\/YAPA-I.jpg 960w, https:\/\/www.arte.unicen.edu.ar\/sustentarte\/wp-content\/uploads\/2018\/10\/YAPA-I-300x200.jpg 300w, https:\/\/www.arte.unicen.edu.ar\/sustentarte\/wp-content\/uploads\/2018\/10\/YAPA-I-768x512.jpg 768w, https:\/\/www.arte.unicen.edu.ar\/sustentarte\/wp-content\/uploads\/2018\/10\/YAPA-I-600x400.jpg 600w\" sizes=\"(max-width: 960px) 100vw, 960px\" \/><\/p>\n<p><img decoding=\"async\" loading=\"lazy\" class=\"aligncenter wp-image-421 size-full\" src=\"https:\/\/www.arte.unicen.edu.ar\/sustentarte\/wp-content\/uploads\/2018\/10\/yapa-II.jpg\" alt=\"\" width=\"960\" height=\"640\" srcset=\"https:\/\/www.arte.unicen.edu.ar\/sustentarte\/wp-content\/uploads\/2018\/10\/yapa-II.jpg 960w, https:\/\/www.arte.unicen.edu.ar\/sustentarte\/wp-content\/uploads\/2018\/10\/yapa-II-300x200.jpg 300w, https:\/\/www.arte.unicen.edu.ar\/sustentarte\/wp-content\/uploads\/2018\/10\/yapa-II-768x512.jpg 768w, https:\/\/www.arte.unicen.edu.ar\/sustentarte\/wp-content\/uploads\/2018\/10\/yapa-II-600x400.jpg 600w\" sizes=\"(max-width: 960px) 100vw, 960px\" \/><\/p>\n","protected":false},"excerpt":{"rendered":"<p>El proyecto \u201cFormaci\u00f3n de nuevos p\u00fablicos\u201d continua su labor de llevar teatro a escuelas rurales y el martes 28 del corriente logramos muchas sonrisas en Azucena. El grupo \u201cLa \u00d1ata [&hellip;]<\/p>\n","protected":false},"author":1,"featured_media":0,"parent":317,"menu_order":0,"comment_status":"closed","ping_status":"closed","template":"","meta":{"_mi_skip_tracking":false,"_exactmetrics_sitenote_active":false,"_exactmetrics_sitenote_note":"","_exactmetrics_sitenote_category":0},"_links":{"self":[{"href":"https:\/\/www.arte.unicen.edu.ar\/sustentarte\/index.php\/wp-json\/wp\/v2\/pages\/779"}],"collection":[{"href":"https:\/\/www.arte.unicen.edu.ar\/sustentarte\/index.php\/wp-json\/wp\/v2\/pages"}],"about":[{"href":"https:\/\/www.arte.unicen.edu.ar\/sustentarte\/index.php\/wp-json\/wp\/v2\/types\/page"}],"author":[{"embeddable":true,"href":"https:\/\/www.arte.unicen.edu.ar\/sustentarte\/index.php\/wp-json\/wp\/v2\/users\/1"}],"replies":[{"embeddable":true,"href":"https:\/\/www.arte.unicen.edu.ar\/sustentarte\/index.php\/wp-json\/wp\/v2\/comments?post=779"}],"version-history":[{"count":1,"href":"https:\/\/www.arte.unicen.edu.ar\/sustentarte\/index.php\/wp-json\/wp\/v2\/pages\/779\/revisions"}],"predecessor-version":[{"id":780,"href":"https:\/\/www.arte.unicen.edu.ar\/sustentarte\/index.php\/wp-json\/wp\/v2\/pages\/779\/revisions\/780"}],"up":[{"embeddable":true,"href":"https:\/\/www.arte.unicen.edu.ar\/sustentarte\/index.php\/wp-json\/wp\/v2\/pages\/317"}],"wp:attachment":[{"href":"https:\/\/www.arte.unicen.edu.ar\/sustentarte\/index.php\/wp-json\/wp\/v2\/media?parent=779"}],"curies":[{"name":"wp","href":"https:\/\/api.w.org\/{rel}","templated":true}]}}