{"id":777,"date":"2018-11-08T13:56:50","date_gmt":"2018-11-08T16:56:50","guid":{"rendered":"https:\/\/www.arte.unicen.edu.ar\/sustentarte\/?page_id=777"},"modified":"2018-11-08T13:59:09","modified_gmt":"2018-11-08T16:59:09","slug":"lupa-en-azucena","status":"publish","type":"page","link":"https:\/\/www.arte.unicen.edu.ar\/sustentarte\/index.php\/formacion-de-publico\/proyecto-spu\/2018-2\/lupa-en-azucena\/","title":{"rendered":"Lupa en Azucena"},"content":{"rendered":"<p style=\"text-align: justify;\">Azucena a puro teatro. 4 de agosto de 2018. El proyecto \u201cFormaci\u00f3n de nuevos p\u00fablicos\u201d continuo su gira teatral rural con \u201cLupa, mundos para mirar de cerca\u201d, nuevamente para los alumnos de la E.E.S. N\u00ba 12 de Azucena.<br \/>\nLlegamos a la escuela a las 9 de la ma\u00f1ana, horario de entrada y del saludo a la bandera. Diariamente los alumnos reciben una merienda y un almuerzo en el comedor, espacio dispuesto para realizar la funci\u00f3n.<br \/>\nAbrimos una tranquera e ingresamos los autos para descargar la escenograf\u00eda y el equipamiento t\u00e9cnico, saludando a las cocineras que preparaban la comida. Mientras el elenco conectaba el equipamiento t\u00e9cnico, nos dispusimos a cubrir los ventanales con telas para evitar el paso de la luz natural y apreciar mejor la puesta en escena.<br \/>\nLlega la hora de la merienda y el bullicio de los ni\u00f1os de la primaria, que observaban atentos los preparativos del artista y el cambio que generaban las telas de colores dispuestas en los ventanales. A nosotros tambi\u00e9n nos invitan y la directora nos trae un sustancioso desayuno, con pastaflora casera, galletitas y caf\u00e9; que m\u00e1s pod\u00edamos pedir\u2026!!<br \/>\nNos consultan si pod\u00edan participar los alumnos del nivel primario, ante lo cual accedimos, y en tiempo y forma se da inicio a la funci\u00f3n. A diferencia del p\u00fablico adolescente, los ni\u00f1os son extrovertidos y espont\u00e1neos ante lo cual las expresiones de risas o comentarios no tardan en aparecer y el comedor se convierte en una fiesta.<br \/>\nEl actor y titiritero Eugenio Deosefe conlleva con \u201cLupa\u201d m\u00e1s de cuatrocientas funciones en diversos pa\u00edses desde su creaci\u00f3n: Argentina, Brasil, Chile, Ecuador, Per\u00fa, Colombia, Guatemala, El Salvador, Cuba y M\u00e9xico y ha cosechado numerosos premios y distinciones. Este espect\u00e1culo es una invitaci\u00f3n a ver las cosas en detalle, a prestar atenci\u00f3n a las peque\u00f1as cosas que olvidamos en el curso de nuestra vida diaria, y para obtener la maravilla de estos preciosos momentos.<br \/>\nLupa presenta una variedad de personajes que invitan al p\u00fablico a penetrar en su mundo muy singular. Y durante este instante tan fugaz como un destello, estas criaturas se reunir\u00e1n el p\u00fablico en espacios po\u00e9ticos con la risa, la emoci\u00f3n, la alegr\u00eda, el amor, la acci\u00f3n y la locura. Es un momento hipn\u00f3tico para ser disfrutado a cualquier edad de la vida. Ha sido creado a partir de una larga investigaci\u00f3n que explora la construcci\u00f3n y manipulaci\u00f3n de t\u00edteres y marionetas; y la b\u00fasqueda de la potencia metaf\u00f3rica que estos objetos pueden ofrecer. Es un verdadero viaje m\u00e1gico para los ni\u00f1os y los adultos.<\/p>\n<p>Al finalizar la funci\u00f3n, se retiraron los alumnos de la primaria y continuamos el \u201cdesmontaje\u201d con los m\u00e1s grandes, contando experiencias, viajes y an\u00e9cdotas vivenciadas por el talentoso artista, demostrando \u00edntegramente que \u201csi, es posible vivir del teatro\u201d. Sin m\u00e1s que contar\u2026 \u201ctaza\u2026taza\u2026cada cual, a su casa\u201d.<\/p>\n<p><img decoding=\"async\" loading=\"lazy\" class=\"aligncenter wp-image-423 size-large\" src=\"https:\/\/www.arte.unicen.edu.ar\/sustentarte\/wp-content\/uploads\/2018\/10\/20180904_101729-1024x576.jpg\" alt=\"\" width=\"640\" height=\"360\" srcset=\"https:\/\/www.arte.unicen.edu.ar\/sustentarte\/wp-content\/uploads\/2018\/10\/20180904_101729-1024x576.jpg 1024w, https:\/\/www.arte.unicen.edu.ar\/sustentarte\/wp-content\/uploads\/2018\/10\/20180904_101729-300x169.jpg 300w, https:\/\/www.arte.unicen.edu.ar\/sustentarte\/wp-content\/uploads\/2018\/10\/20180904_101729-768x432.jpg 768w, https:\/\/www.arte.unicen.edu.ar\/sustentarte\/wp-content\/uploads\/2018\/10\/20180904_101729.jpg 2048w\" sizes=\"(max-width: 640px) 100vw, 640px\" \/><\/p>\n<p><img decoding=\"async\" loading=\"lazy\" class=\"aligncenter wp-image-424 size-large\" src=\"https:\/\/www.arte.unicen.edu.ar\/sustentarte\/wp-content\/uploads\/2018\/10\/20180904_102943-1024x576.jpg\" alt=\"\" width=\"640\" height=\"360\" srcset=\"https:\/\/www.arte.unicen.edu.ar\/sustentarte\/wp-content\/uploads\/2018\/10\/20180904_102943-1024x576.jpg 1024w, https:\/\/www.arte.unicen.edu.ar\/sustentarte\/wp-content\/uploads\/2018\/10\/20180904_102943-300x169.jpg 300w, https:\/\/www.arte.unicen.edu.ar\/sustentarte\/wp-content\/uploads\/2018\/10\/20180904_102943-768x432.jpg 768w, https:\/\/www.arte.unicen.edu.ar\/sustentarte\/wp-content\/uploads\/2018\/10\/20180904_102943.jpg 2048w\" sizes=\"(max-width: 640px) 100vw, 640px\" \/><\/p>\n<p style=\"text-align: justify;\">\n","protected":false},"excerpt":{"rendered":"<p>Azucena a puro teatro. 4 de agosto de 2018. El proyecto \u201cFormaci\u00f3n de nuevos p\u00fablicos\u201d continuo su gira teatral rural con \u201cLupa, mundos para mirar de cerca\u201d, nuevamente para los [&hellip;]<\/p>\n","protected":false},"author":1,"featured_media":0,"parent":317,"menu_order":0,"comment_status":"closed","ping_status":"closed","template":"","meta":{"_mi_skip_tracking":false,"_exactmetrics_sitenote_active":false,"_exactmetrics_sitenote_note":"","_exactmetrics_sitenote_category":0},"_links":{"self":[{"href":"https:\/\/www.arte.unicen.edu.ar\/sustentarte\/index.php\/wp-json\/wp\/v2\/pages\/777"}],"collection":[{"href":"https:\/\/www.arte.unicen.edu.ar\/sustentarte\/index.php\/wp-json\/wp\/v2\/pages"}],"about":[{"href":"https:\/\/www.arte.unicen.edu.ar\/sustentarte\/index.php\/wp-json\/wp\/v2\/types\/page"}],"author":[{"embeddable":true,"href":"https:\/\/www.arte.unicen.edu.ar\/sustentarte\/index.php\/wp-json\/wp\/v2\/users\/1"}],"replies":[{"embeddable":true,"href":"https:\/\/www.arte.unicen.edu.ar\/sustentarte\/index.php\/wp-json\/wp\/v2\/comments?post=777"}],"version-history":[{"count":1,"href":"https:\/\/www.arte.unicen.edu.ar\/sustentarte\/index.php\/wp-json\/wp\/v2\/pages\/777\/revisions"}],"predecessor-version":[{"id":778,"href":"https:\/\/www.arte.unicen.edu.ar\/sustentarte\/index.php\/wp-json\/wp\/v2\/pages\/777\/revisions\/778"}],"up":[{"embeddable":true,"href":"https:\/\/www.arte.unicen.edu.ar\/sustentarte\/index.php\/wp-json\/wp\/v2\/pages\/317"}],"wp:attachment":[{"href":"https:\/\/www.arte.unicen.edu.ar\/sustentarte\/index.php\/wp-json\/wp\/v2\/media?parent=777"}],"curies":[{"name":"wp","href":"https:\/\/api.w.org\/{rel}","templated":true}]}}