{"id":770,"date":"2018-11-08T12:51:40","date_gmt":"2018-11-08T15:51:40","guid":{"rendered":"https:\/\/www.arte.unicen.edu.ar\/sustentarte\/?page_id=770"},"modified":"2020-08-13T00:23:48","modified_gmt":"2020-08-13T03:23:48","slug":"2017-continuacion","status":"publish","type":"page","link":"https:\/\/www.arte.unicen.edu.ar\/sustentarte\/index.php\/formacion-de-nuevxs-espectadores\/2017-2\/2017-continuacion\/","title":{"rendered":"2017 (2\u00aa Etapa)"},"content":{"rendered":"<p>&nbsp;<\/p>\n<table style=\"height: 41px\" width=\"786\">\n<tbody>\n<tr>\n<td style=\"width: 385px\"><img decoding=\"async\" loading=\"lazy\" class=\"aligncenter wp-image-398\" src=\"https:\/\/www.arte.unicen.edu.ar\/sustentarte\/wp-content\/uploads\/2018\/10\/20170919_111304-300x169.jpg\" alt=\"\" width=\"400\" height=\"225\" srcset=\"https:\/\/www.arte.unicen.edu.ar\/sustentarte\/wp-content\/uploads\/2018\/10\/20170919_111304-300x169.jpg 300w, https:\/\/www.arte.unicen.edu.ar\/sustentarte\/wp-content\/uploads\/2018\/10\/20170919_111304-768x432.jpg 768w, https:\/\/www.arte.unicen.edu.ar\/sustentarte\/wp-content\/uploads\/2018\/10\/20170919_111304-1024x576.jpg 1024w, https:\/\/www.arte.unicen.edu.ar\/sustentarte\/wp-content\/uploads\/2018\/10\/20170919_111304.jpg 2048w\" sizes=\"(max-width: 400px) 100vw, 400px\" \/><\/td>\n<td style=\"width: 385px;vertical-align: top;text-align: justify\"><span style=\"color: #800000;font-size: 14pt\"><strong>Gringo Golondro en Gardey<br \/>\n<\/strong><\/span>El martes 19 de septiembre en la \u201cVieja Escuela\u201d se present\u00f3 la funci\u00f3n de Gringo Golondro (De la Compa\u00f1\u00eda Teatral El Templo), para los alumnos de la Escuela de Ense\u00f1anza Secundaria N\u00ba 4 Jos\u00e9 Hern\u00e1ndez de la localidad de Gardey&#8230;. <strong><a href=\"https:\/\/www.arte.unicen.edu.ar\/sustentarte\/index.php\/actividades\/proyecto-spu\/2017-2\/gringo-golondro-en-gardey\/\" target=\"_blank\" rel=\"noopener\">(m\u00e1s informaci\u00f3n)<\/a><\/strong><\/td>\n<\/tr>\n<\/tbody>\n<\/table>\n<table style=\"height: 41px\" width=\"786\">\n<tbody>\n<tr>\n<td style=\"width: 385px;vertical-align: top\">\n<p style=\"text-align: justify\"><span style=\"color: #800000;font-size: 14pt\"><strong>Teatro para alumnos de Escuelas Rurales<br \/>\n<\/strong><\/span>El elenco teatral &#8220;Proyecto Mondo&#8221; se present\u00f3 el martes 5 de septiembre en la &#8220;Vieja Casona&#8221; de Gardey, con el espect\u00e1culo &#8220;Impromondo. Es la funci\u00f3n n\u00famero 5 del Proyecto \u201cFormaci\u00f3n de nuevos P\u00fablicos&#8221; propuesto&#8230;..\u00a0<a href=\"https:\/\/www.arte.unicen.edu.ar\/sustentarte\/index.php\/actividades\/proyecto-spu\/2017-2\/teatro-para-alumnos-de-escuelas-rurales\/\" target=\"_blank\" rel=\"noopener\"><strong>(m\u00e1s informaci\u00f3n)<\/strong><\/a><\/p>\n<\/td>\n<td style=\"width: 385px\"><img decoding=\"async\" loading=\"lazy\" class=\"aligncenter wp-image-378\" src=\"https:\/\/www.arte.unicen.edu.ar\/sustentarte\/wp-content\/uploads\/2018\/10\/MG_7018-300x200.jpg\" alt=\"\" width=\"400\" height=\"267\" srcset=\"https:\/\/www.arte.unicen.edu.ar\/sustentarte\/wp-content\/uploads\/2018\/10\/MG_7018-300x200.jpg 300w, https:\/\/www.arte.unicen.edu.ar\/sustentarte\/wp-content\/uploads\/2018\/10\/MG_7018-768x512.jpg 768w, https:\/\/www.arte.unicen.edu.ar\/sustentarte\/wp-content\/uploads\/2018\/10\/MG_7018-1024x683.jpg 1024w, https:\/\/www.arte.unicen.edu.ar\/sustentarte\/wp-content\/uploads\/2018\/10\/MG_7018-600x400.jpg 600w\" sizes=\"(max-width: 400px) 100vw, 400px\" \/><\/td>\n<\/tr>\n<\/tbody>\n<\/table>\n<table style=\"height: 41px\" width=\"786\">\n<tbody>\n<tr>\n<td style=\"width: 385px\"><img decoding=\"async\" loading=\"lazy\" class=\"aligncenter wp-image-354\" src=\"https:\/\/www.arte.unicen.edu.ar\/sustentarte\/wp-content\/uploads\/2018\/10\/MG_6900-300x200.jpg\" alt=\"\" width=\"400\" height=\"267\" srcset=\"https:\/\/www.arte.unicen.edu.ar\/sustentarte\/wp-content\/uploads\/2018\/10\/MG_6900-300x200.jpg 300w, https:\/\/www.arte.unicen.edu.ar\/sustentarte\/wp-content\/uploads\/2018\/10\/MG_6900-768x512.jpg 768w, https:\/\/www.arte.unicen.edu.ar\/sustentarte\/wp-content\/uploads\/2018\/10\/MG_6900-1024x683.jpg 1024w, https:\/\/www.arte.unicen.edu.ar\/sustentarte\/wp-content\/uploads\/2018\/10\/MG_6900-600x400.jpg 600w\" sizes=\"(max-width: 400px) 100vw, 400px\" \/><\/td>\n<td style=\"width: 385px;vertical-align: top;text-align: justify\"><span style=\"color: #800000;font-size: 14pt\"><strong>Funci\u00f3n teatral &#8220;El amor es puro cuento&#8221;<br \/>\n<\/strong><\/span>La obra teatral &#8220;El amor es puro cuento&#8221; de Julia Esquibel, fue el espect\u00e1culo presentado el pasado martes 29 de agosto, por la Incubadora SustenArte, bajo el proyecto &#8220;Formaci\u00f3n de nuevos p\u00fablicos&#8221;. En esta ocasi\u00f3n los espectadores fueron los alumnos de la Escuela Secundaria N\u00ba 16&#8230; <strong><a href=\"https:\/\/www.arte.unicen.edu.ar\/sustentarte\/index.php\/actividades\/proyecto-spu\/2017-2\/funcion-teatral-el-amor-es-puro-cuento\/\" target=\"_blank\" rel=\"noopener\">(m\u00e1s informaci\u00f3n)<\/a><\/strong><\/td>\n<\/tr>\n<\/tbody>\n<\/table>\n<div class=\"t_136vh400mc\">\n<div>\n<table style=\"height: 41px\" width=\"786\">\n<tbody>\n<tr>\n<td style=\"width: 385px;vertical-align: top\">\n<p style=\"text-align: justify\"><span style=\"color: #800000;font-size: 14pt\"><strong>Nuevos p\u00fablicos en Villa Gaucho<br \/>\n<\/strong><\/span>Una escuela de Villa Gaucho fue la nueva protagonista del Proyecto \u201cFormaci\u00f3n de nuevos p\u00fablicos\u201d, en esta oportunidad alumnos de la Escuela Secundaria N\u00ba 14 fueron parte de la funci\u00f3n teatral \u201cTu cuna fue un conventillo\u201d presentada por el grupo \u201cValor arte\u201d&#8230;&#8230;\u00a0<a href=\"https:\/\/www.arte.unicen.edu.ar\/sustentarte\/index.php\/actividades\/proyecto-spu\/2017-2\/nuevos-publicos-en-villa-gaucho\/\" target=\"_blank\" rel=\"noopener\"><strong>(m\u00e1s informaci\u00f3n)<\/strong><\/a><\/p>\n<\/td>\n<td style=\"width: 385px\"><img decoding=\"async\" loading=\"lazy\" class=\"aligncenter wp-image-351\" src=\"https:\/\/www.arte.unicen.edu.ar\/sustentarte\/wp-content\/uploads\/2018\/10\/MG_6525-300x200.jpg\" alt=\"\" width=\"400\" height=\"267\" srcset=\"https:\/\/www.arte.unicen.edu.ar\/sustentarte\/wp-content\/uploads\/2018\/10\/MG_6525-300x200.jpg 300w, https:\/\/www.arte.unicen.edu.ar\/sustentarte\/wp-content\/uploads\/2018\/10\/MG_6525-768x512.jpg 768w, https:\/\/www.arte.unicen.edu.ar\/sustentarte\/wp-content\/uploads\/2018\/10\/MG_6525-1024x683.jpg 1024w, https:\/\/www.arte.unicen.edu.ar\/sustentarte\/wp-content\/uploads\/2018\/10\/MG_6525-600x400.jpg 600w\" sizes=\"(max-width: 400px) 100vw, 400px\" \/><\/td>\n<\/tr>\n<\/tbody>\n<\/table>\n<table style=\"height: 41px\" width=\"786\">\n<tbody>\n<tr>\n<td style=\"width: 385px\"><img decoding=\"async\" loading=\"lazy\" class=\"aligncenter wp-image-348\" src=\"https:\/\/www.arte.unicen.edu.ar\/sustentarte\/wp-content\/uploads\/2018\/10\/MG_6025-300x200.jpg\" alt=\"\" width=\"400\" height=\"267\" srcset=\"https:\/\/www.arte.unicen.edu.ar\/sustentarte\/wp-content\/uploads\/2018\/10\/MG_6025-300x200.jpg 300w, https:\/\/www.arte.unicen.edu.ar\/sustentarte\/wp-content\/uploads\/2018\/10\/MG_6025-768x512.jpg 768w, https:\/\/www.arte.unicen.edu.ar\/sustentarte\/wp-content\/uploads\/2018\/10\/MG_6025-1024x683.jpg 1024w, https:\/\/www.arte.unicen.edu.ar\/sustentarte\/wp-content\/uploads\/2018\/10\/MG_6025-600x400.jpg 600w\" sizes=\"(max-width: 400px) 100vw, 400px\" \/><\/td>\n<td style=\"width: 385px;vertical-align: top;text-align: justify\"><span style=\"color: #800000;font-size: 14pt\"><strong>Canciones con manija<br \/>\n<\/strong><\/span>Nueva presentaci\u00f3n de &#8220;Canciones con manija&#8221; en la Escuela N\u00ba 6 de San Antonio (Ruta Provincial N\u00ba 226.Km 132). En esta ocasi\u00f3n 80 ni\u00f1os del nivel primario y Jardin de infantes disfrutaron del espect\u00e1culo teatral que presenta un repertorio de canciones interactivas&#8230; <a href=\"https:\/\/www.arte.unicen.edu.ar\/sustentarte\/index.php\/actividades\/proyecto-spu\/2017-2\/canciones-con-manija\/\" target=\"_blank\" rel=\"noopener\"><strong>(m\u00e1s informaci\u00f3n)<\/strong><\/a><\/td>\n<\/tr>\n<\/tbody>\n<\/table>\n<table style=\"height: 41px\" width=\"786\">\n<tbody>\n<tr>\n<td style=\"width: 385px;vertical-align: top\">\n<p style=\"text-align: justify\"><span style=\"color: #800000;font-size: 14pt\"><strong>Gringo Golondro se present\u00f3 en la Escuela de San Antonio<br \/>\n<\/strong><\/span><span style=\"text-align: justify\">El Proyecto de extensi\u00f3n \u201cFormaci\u00f3n de nuevos p\u00fablicos\u201d sigue en marcha y el viernes 30 de junio se present\u00f3 la segunda funci\u00f3n teatral en la Escuela T\u00e9cnica San Antonio (Ruta Nacional 226, km 132, San Benito. Tandil)\u00a0<\/span>&#8230;&#8230;\u00a0<a href=\"https:\/\/www.arte.unicen.edu.ar\/sustentarte\/index.php\/actividades\/proyecto-spu\/2017-2\/gringo-golondro-se-presento-en-la-escuela-de-san-antonio\/\" target=\"_blank\" rel=\"noopener\"><strong>(m\u00e1s informaci\u00f3n)<\/strong><\/a><\/p>\n<\/td>\n<td style=\"width: 385px\"><img decoding=\"async\" loading=\"lazy\" class=\"aligncenter wp-image-345\" src=\"https:\/\/www.arte.unicen.edu.ar\/sustentarte\/wp-content\/uploads\/2018\/10\/Foto-gringo-en-san-antonio-300x169.jpg\" alt=\"\" width=\"400\" height=\"225\" srcset=\"https:\/\/www.arte.unicen.edu.ar\/sustentarte\/wp-content\/uploads\/2018\/10\/Foto-gringo-en-san-antonio-300x169.jpg 300w, https:\/\/www.arte.unicen.edu.ar\/sustentarte\/wp-content\/uploads\/2018\/10\/Foto-gringo-en-san-antonio-768x432.jpg 768w, https:\/\/www.arte.unicen.edu.ar\/sustentarte\/wp-content\/uploads\/2018\/10\/Foto-gringo-en-san-antonio-1024x576.jpg 1024w\" sizes=\"(max-width: 400px) 100vw, 400px\" \/><\/td>\n<\/tr>\n<\/tbody>\n<\/table>\n<table style=\"height: 41px\" width=\"786\">\n<tbody>\n<tr>\n<td style=\"width: 385px\"><img decoding=\"async\" loading=\"lazy\" class=\"aligncenter wp-image-341\" src=\"https:\/\/www.arte.unicen.edu.ar\/sustentarte\/wp-content\/uploads\/2018\/10\/MG_4808-300x200.jpg\" alt=\"\" width=\"400\" height=\"267\" srcset=\"https:\/\/www.arte.unicen.edu.ar\/sustentarte\/wp-content\/uploads\/2018\/10\/MG_4808-300x200.jpg 300w, https:\/\/www.arte.unicen.edu.ar\/sustentarte\/wp-content\/uploads\/2018\/10\/MG_4808-768x512.jpg 768w, https:\/\/www.arte.unicen.edu.ar\/sustentarte\/wp-content\/uploads\/2018\/10\/MG_4808-1024x683.jpg 1024w, https:\/\/www.arte.unicen.edu.ar\/sustentarte\/wp-content\/uploads\/2018\/10\/MG_4808-600x400.jpg 600w\" sizes=\"(max-width: 400px) 100vw, 400px\" \/><\/td>\n<td style=\"width: 385px;vertical-align: top;text-align: justify\"><span style=\"color: #800000;font-size: 14pt\"><strong>Presentaci\u00f3n de la obra Malas palabras<br \/>\n<\/strong><\/span>El lunes 5 de junio a las 10hs en la Escuela T\u00e9cnica Secundaria de \u201cSan Antonio\u201d (Ruta Nacional 226, km 132, San Benito. Tandil) se present\u00f3 la obra teatral \u201cMalas Palabras\u201dde Perla Szuchmacher, con la actuaci\u00f3n de Clara Giorgetti, la direcci\u00f3n de Marianella Vallaza&#8230; <a href=\"https:\/\/www.arte.unicen.edu.ar\/sustentarte\/index.php\/actividades\/proyecto-spu\/2017-2\/presentacion-de-la-obra-malas-palabras\/\" target=\"_blank\" rel=\"noopener\"><strong>(m\u00e1s informaci\u00f3n)<\/strong><\/a><\/td>\n<\/tr>\n<\/tbody>\n<\/table>\n<\/div>\n<div>\n<div class=\"_6a _5u5j\">\n<div class=\"_6a _5u5j _6b\">\n<div id=\"feed_subtitle_302424163547406;323724121417410;;9\" class=\"_5pcp _5lel _2jyu _232_\" style=\"text-align: justify\"><\/div>\n<\/div>\n<\/div>\n<\/div>\n<\/div>\n","protected":false},"excerpt":{"rendered":"<p>&nbsp; Gringo Golondro en Gardey El martes 19 de septiembre en la \u201cVieja Escuela\u201d se present\u00f3 la funci\u00f3n de Gringo Golondro (De la Compa\u00f1\u00eda Teatral El Templo), para los alumnos [&hellip;]<\/p>\n","protected":false},"author":1,"featured_media":0,"parent":315,"menu_order":0,"comment_status":"closed","ping_status":"closed","template":"","meta":{"_mi_skip_tracking":false,"_exactmetrics_sitenote_active":false,"_exactmetrics_sitenote_note":"","_exactmetrics_sitenote_category":0},"_links":{"self":[{"href":"https:\/\/www.arte.unicen.edu.ar\/sustentarte\/index.php\/wp-json\/wp\/v2\/pages\/770"}],"collection":[{"href":"https:\/\/www.arte.unicen.edu.ar\/sustentarte\/index.php\/wp-json\/wp\/v2\/pages"}],"about":[{"href":"https:\/\/www.arte.unicen.edu.ar\/sustentarte\/index.php\/wp-json\/wp\/v2\/types\/page"}],"author":[{"embeddable":true,"href":"https:\/\/www.arte.unicen.edu.ar\/sustentarte\/index.php\/wp-json\/wp\/v2\/users\/1"}],"replies":[{"embeddable":true,"href":"https:\/\/www.arte.unicen.edu.ar\/sustentarte\/index.php\/wp-json\/wp\/v2\/comments?post=770"}],"version-history":[{"count":2,"href":"https:\/\/www.arte.unicen.edu.ar\/sustentarte\/index.php\/wp-json\/wp\/v2\/pages\/770\/revisions"}],"predecessor-version":[{"id":1773,"href":"https:\/\/www.arte.unicen.edu.ar\/sustentarte\/index.php\/wp-json\/wp\/v2\/pages\/770\/revisions\/1773"}],"up":[{"embeddable":true,"href":"https:\/\/www.arte.unicen.edu.ar\/sustentarte\/index.php\/wp-json\/wp\/v2\/pages\/315"}],"wp:attachment":[{"href":"https:\/\/www.arte.unicen.edu.ar\/sustentarte\/index.php\/wp-json\/wp\/v2\/media?parent=770"}],"curies":[{"name":"wp","href":"https:\/\/api.w.org\/{rel}","templated":true}]}}