{"id":767,"date":"2018-11-08T12:22:03","date_gmt":"2018-11-08T15:22:03","guid":{"rendered":"https:\/\/www.arte.unicen.edu.ar\/sustentarte\/?page_id=767"},"modified":"2018-11-08T12:22:03","modified_gmt":"2018-11-08T15:22:03","slug":"presentacion-de-la-obra-malas-palabras","status":"publish","type":"page","link":"https:\/\/www.arte.unicen.edu.ar\/sustentarte\/index.php\/formacion-de-nuevxs-espectadores\/2017-2\/presentacion-de-la-obra-malas-palabras\/","title":{"rendered":"Presentaci\u00f3n de la obra Malas palabras"},"content":{"rendered":"<p style=\"text-align: justify;\">El lunes 5 de junio a las 10hs en la Escuela T\u00e9cnica Secundaria de \u201cSan Antonio\u201d (Ruta Nacional 226, km 132, San Benito. Tandil) se present\u00f3 la obra teatral \u201cMalas Palabras\u201dde Perla Szuchmacher, con la actuaci\u00f3n de Clara Giorgetti, la direcci\u00f3n de Marianella Vallaza y Gast\u00f3n Dubini, junto a Catalina Landivar integrantes del \u201cProyecto Mondo\u201d. Esta primera presentaci\u00f3n dio inicio al\u00a0Proyecto \u201cFormaci\u00f3n de nuevos p\u00fablicos\u201d generado por la Incubadora SustenArte.<\/p>\n<p>El espect\u00e1culo fue apreciado por alumnos del nivel secundario quienes, posteriormente, compartieron un desmontaje de la obra con la posibilidad de dialogar con los artistas.<\/p>\n<p>Esta funci\u00f3n inaugura una serie de presentaciones teatrales que suceder\u00e1n dentro del proyecto \u201cFormaci\u00f3n de nuevos p\u00fablicos\u201d financiado por la Secretaria de Pol\u00edticas Universitarias (SPU) del Ministerio de Educaci\u00f3n y Deportes de la Naci\u00f3n en su l\u00ednea de convocatoria para la presentaci\u00f3n de proyectos de extensi\u00f3n universitaria \u201cUniversidad, Cultura y Sociedad\u201d. Organizado por la Incubadora SustenArte (CICE) y la Secretar\u00eda de Extensi\u00f3n de la Facultad de Arte.<br \/>\n\u201cFormaci\u00f3n de nuevos p\u00fablicos\u201d surge en base a objetivos de la Incubadora dentro de los cuales se busca fomentar el emprendedorismo en el sector art\u00edstico teatral, por medio de la presentaci\u00f3n de diversas producciones teatrales, estimulando la formaci\u00f3n de p\u00fablicos nuevos.<\/p>\n<p>La propuesta posibilita el acercamiento de creaciones esc\u00e9nicas realizadas por emprendedores de la Facultad de Arte a estudiantes del nivel secundario que asistan a escuelas rurales o semiurbanas de la ciudad de Tandil.<\/p>\n<p>La formaci\u00f3n de espectadores es un proceso continuo que promueve el desarrollo del capital cultural, el incremento de espectadores, de procesos creativos, de oferta\/consumo de creaciones esc\u00e9nicas y el crecimiento de la industria cultural.<\/p>\n<p><img decoding=\"async\" loading=\"lazy\" class=\"aligncenter wp-image-341 size-large\" src=\"https:\/\/www.arte.unicen.edu.ar\/sustentarte\/wp-content\/uploads\/2018\/10\/MG_4808-1024x683.jpg\" alt=\"\" width=\"640\" height=\"427\" srcset=\"https:\/\/www.arte.unicen.edu.ar\/sustentarte\/wp-content\/uploads\/2018\/10\/MG_4808-1024x683.jpg 1024w, https:\/\/www.arte.unicen.edu.ar\/sustentarte\/wp-content\/uploads\/2018\/10\/MG_4808-300x200.jpg 300w, https:\/\/www.arte.unicen.edu.ar\/sustentarte\/wp-content\/uploads\/2018\/10\/MG_4808-768x512.jpg 768w, https:\/\/www.arte.unicen.edu.ar\/sustentarte\/wp-content\/uploads\/2018\/10\/MG_4808-600x400.jpg 600w\" sizes=\"(max-width: 640px) 100vw, 640px\" \/><\/p>\n<p><img decoding=\"async\" loading=\"lazy\" class=\"aligncenter wp-image-342 size-large\" src=\"https:\/\/www.arte.unicen.edu.ar\/sustentarte\/wp-content\/uploads\/2018\/10\/MG_4857-1024x683.jpg\" alt=\"\" width=\"640\" height=\"427\" srcset=\"https:\/\/www.arte.unicen.edu.ar\/sustentarte\/wp-content\/uploads\/2018\/10\/MG_4857-1024x683.jpg 1024w, https:\/\/www.arte.unicen.edu.ar\/sustentarte\/wp-content\/uploads\/2018\/10\/MG_4857-300x200.jpg 300w, https:\/\/www.arte.unicen.edu.ar\/sustentarte\/wp-content\/uploads\/2018\/10\/MG_4857-768x512.jpg 768w, https:\/\/www.arte.unicen.edu.ar\/sustentarte\/wp-content\/uploads\/2018\/10\/MG_4857-600x400.jpg 600w\" sizes=\"(max-width: 640px) 100vw, 640px\" \/><\/p>\n","protected":false},"excerpt":{"rendered":"<p>El lunes 5 de junio a las 10hs en la Escuela T\u00e9cnica Secundaria de \u201cSan Antonio\u201d (Ruta Nacional 226, km 132, San Benito. Tandil) se present\u00f3 la obra teatral \u201cMalas [&hellip;]<\/p>\n","protected":false},"author":1,"featured_media":0,"parent":315,"menu_order":0,"comment_status":"closed","ping_status":"closed","template":"","meta":{"_mi_skip_tracking":false,"_exactmetrics_sitenote_active":false,"_exactmetrics_sitenote_note":"","_exactmetrics_sitenote_category":0},"_links":{"self":[{"href":"https:\/\/www.arte.unicen.edu.ar\/sustentarte\/index.php\/wp-json\/wp\/v2\/pages\/767"}],"collection":[{"href":"https:\/\/www.arte.unicen.edu.ar\/sustentarte\/index.php\/wp-json\/wp\/v2\/pages"}],"about":[{"href":"https:\/\/www.arte.unicen.edu.ar\/sustentarte\/index.php\/wp-json\/wp\/v2\/types\/page"}],"author":[{"embeddable":true,"href":"https:\/\/www.arte.unicen.edu.ar\/sustentarte\/index.php\/wp-json\/wp\/v2\/users\/1"}],"replies":[{"embeddable":true,"href":"https:\/\/www.arte.unicen.edu.ar\/sustentarte\/index.php\/wp-json\/wp\/v2\/comments?post=767"}],"version-history":[{"count":1,"href":"https:\/\/www.arte.unicen.edu.ar\/sustentarte\/index.php\/wp-json\/wp\/v2\/pages\/767\/revisions"}],"predecessor-version":[{"id":768,"href":"https:\/\/www.arte.unicen.edu.ar\/sustentarte\/index.php\/wp-json\/wp\/v2\/pages\/767\/revisions\/768"}],"up":[{"embeddable":true,"href":"https:\/\/www.arte.unicen.edu.ar\/sustentarte\/index.php\/wp-json\/wp\/v2\/pages\/315"}],"wp:attachment":[{"href":"https:\/\/www.arte.unicen.edu.ar\/sustentarte\/index.php\/wp-json\/wp\/v2\/media?parent=767"}],"curies":[{"name":"wp","href":"https:\/\/api.w.org\/{rel}","templated":true}]}}