{"id":758,"date":"2018-11-08T12:08:13","date_gmt":"2018-11-08T15:08:13","guid":{"rendered":"https:\/\/www.arte.unicen.edu.ar\/sustentarte\/?page_id=758"},"modified":"2018-11-08T12:08:13","modified_gmt":"2018-11-08T15:08:13","slug":"nuevos-publicos-en-villa-gaucho","status":"publish","type":"page","link":"https:\/\/www.arte.unicen.edu.ar\/sustentarte\/index.php\/formacion-de-nuevxs-espectadores\/2017-2\/nuevos-publicos-en-villa-gaucho\/","title":{"rendered":"Nuevos p\u00fablicos en Villa Gaucho"},"content":{"rendered":"<p style=\"text-align: justify;\">Una escuela de Villa Gaucho fue la nueva protagonista del Proyecto \u201cFormaci\u00f3n de nuevos p\u00fablicos\u201d, en esta oportunidad alumnos de la Escuela Secundaria N\u00ba 14 fueron parte de la funci\u00f3n teatral \u201cTu cuna fue un conventillo\u201d presentada por el grupo \u201cValor arte\u201d. El martes 22 de agosto los alumnos disfrutaron de esta pieza teatral durante la ma\u00f1ana.<\/p>\n<p>\u201cTu cuna fue un conventillo\u201d es una obra escrita por Alberto Vacarezza y entr\u00f3 en escena con el siguiente elenco: Silvia D\u2019Ascenzi, Cecilia Leguizam\u00f3n, Graciela M\u00e9ndez, Catita Corso, Alicia Molina, Pablo Dami\u00e1n Alonso, Miguel Marchioni, Horacio Risso, H\u00e9ctor Del R\u00edo, Walter Lanestosa, Victoria Del Rio, Alejandra Ravazzoli, Federico Sbarsky, Horacio Rimoldi y Claudio Solana bajo la direcci\u00f3n de Cristina Carone.<\/p>\n<p>La obra le da vida a uno de los sainetes c\u00f3micos m\u00e1s logrados del autor que, en forma din\u00e1mica y brillante, muestra tipos y costumbres del arrabal porte\u00f1o de 1920.<\/p>\n<p>El Proyecto \u201cFormaci\u00f3n de nuevos p\u00fablicos\u201d es impulsado por la Incubadora SustenArte y cuenta con el aval de la Subsecretaria de Cultura del Municipio de Tandil y Jefatura Distrital Tandil.<\/p>\n<p><img decoding=\"async\" loading=\"lazy\" class=\"aligncenter wp-image-351 size-large\" src=\"https:\/\/www.arte.unicen.edu.ar\/sustentarte\/wp-content\/uploads\/2018\/10\/MG_6525-1024x683.jpg\" alt=\"\" width=\"640\" height=\"427\" srcset=\"https:\/\/www.arte.unicen.edu.ar\/sustentarte\/wp-content\/uploads\/2018\/10\/MG_6525-1024x683.jpg 1024w, https:\/\/www.arte.unicen.edu.ar\/sustentarte\/wp-content\/uploads\/2018\/10\/MG_6525-300x200.jpg 300w, https:\/\/www.arte.unicen.edu.ar\/sustentarte\/wp-content\/uploads\/2018\/10\/MG_6525-768x512.jpg 768w, https:\/\/www.arte.unicen.edu.ar\/sustentarte\/wp-content\/uploads\/2018\/10\/MG_6525-600x400.jpg 600w\" sizes=\"(max-width: 640px) 100vw, 640px\" \/><\/p>\n<p><img decoding=\"async\" loading=\"lazy\" class=\"aligncenter wp-image-352 size-large\" src=\"https:\/\/www.arte.unicen.edu.ar\/sustentarte\/wp-content\/uploads\/2018\/10\/MG_6569-1024x683.jpg\" alt=\"\" width=\"640\" height=\"427\" srcset=\"https:\/\/www.arte.unicen.edu.ar\/sustentarte\/wp-content\/uploads\/2018\/10\/MG_6569-1024x683.jpg 1024w, https:\/\/www.arte.unicen.edu.ar\/sustentarte\/wp-content\/uploads\/2018\/10\/MG_6569-300x200.jpg 300w, https:\/\/www.arte.unicen.edu.ar\/sustentarte\/wp-content\/uploads\/2018\/10\/MG_6569-768x512.jpg 768w, https:\/\/www.arte.unicen.edu.ar\/sustentarte\/wp-content\/uploads\/2018\/10\/MG_6569-600x400.jpg 600w\" sizes=\"(max-width: 640px) 100vw, 640px\" \/><\/p>\n","protected":false},"excerpt":{"rendered":"<p>Una escuela de Villa Gaucho fue la nueva protagonista del Proyecto \u201cFormaci\u00f3n de nuevos p\u00fablicos\u201d, en esta oportunidad alumnos de la Escuela Secundaria N\u00ba 14 fueron parte de la funci\u00f3n [&hellip;]<\/p>\n","protected":false},"author":1,"featured_media":0,"parent":315,"menu_order":0,"comment_status":"closed","ping_status":"closed","template":"","meta":{"_mi_skip_tracking":false,"_exactmetrics_sitenote_active":false,"_exactmetrics_sitenote_note":"","_exactmetrics_sitenote_category":0},"_links":{"self":[{"href":"https:\/\/www.arte.unicen.edu.ar\/sustentarte\/index.php\/wp-json\/wp\/v2\/pages\/758"}],"collection":[{"href":"https:\/\/www.arte.unicen.edu.ar\/sustentarte\/index.php\/wp-json\/wp\/v2\/pages"}],"about":[{"href":"https:\/\/www.arte.unicen.edu.ar\/sustentarte\/index.php\/wp-json\/wp\/v2\/types\/page"}],"author":[{"embeddable":true,"href":"https:\/\/www.arte.unicen.edu.ar\/sustentarte\/index.php\/wp-json\/wp\/v2\/users\/1"}],"replies":[{"embeddable":true,"href":"https:\/\/www.arte.unicen.edu.ar\/sustentarte\/index.php\/wp-json\/wp\/v2\/comments?post=758"}],"version-history":[{"count":1,"href":"https:\/\/www.arte.unicen.edu.ar\/sustentarte\/index.php\/wp-json\/wp\/v2\/pages\/758\/revisions"}],"predecessor-version":[{"id":759,"href":"https:\/\/www.arte.unicen.edu.ar\/sustentarte\/index.php\/wp-json\/wp\/v2\/pages\/758\/revisions\/759"}],"up":[{"embeddable":true,"href":"https:\/\/www.arte.unicen.edu.ar\/sustentarte\/index.php\/wp-json\/wp\/v2\/pages\/315"}],"wp:attachment":[{"href":"https:\/\/www.arte.unicen.edu.ar\/sustentarte\/index.php\/wp-json\/wp\/v2\/media?parent=758"}],"curies":[{"name":"wp","href":"https:\/\/api.w.org\/{rel}","templated":true}]}}