{"id":756,"date":"2018-11-08T11:59:22","date_gmt":"2018-11-08T14:59:22","guid":{"rendered":"https:\/\/www.arte.unicen.edu.ar\/sustentarte\/?page_id=756"},"modified":"2018-11-08T12:00:29","modified_gmt":"2018-11-08T15:00:29","slug":"funcion-teatral-el-amor-es-puro-cuento","status":"publish","type":"page","link":"https:\/\/www.arte.unicen.edu.ar\/sustentarte\/index.php\/formacion-de-nuevxs-espectadores\/2017-2\/funcion-teatral-el-amor-es-puro-cuento\/","title":{"rendered":"Funci\u00f3n teatral &#8220;El amor es puro cuento&#8221;"},"content":{"rendered":"<p style=\"text-align: justify;\">La obra teatral &#8220;El amor es puro cuento&#8221; de Julia Esquibel, fue el espect\u00e1culo presentado el pasado martes 29 de agosto, por la Incubadora SustenArte, bajo el proyecto &#8220;Formaci\u00f3n de nuevos p\u00fablicos&#8221;. En esta ocasi\u00f3n los espectadores fueron los alumnos de la Escuela Secundaria N\u00ba 16 de Cerro Leones, que posteriormente a la funci\u00f3n comparten un desmontaje de la obra con la artista.<\/p>\n<p>&#8220;Me gusto mucho porque todas las historias eran de amor&#8221; Alumna de 5\u00ba A\u00f1o. E.E.S.N\u00ba 16.<\/p>\n<p>\u201cEl amor es puro un cuento\u201d es un unipersonal de humor escrito y dirigido por Julia Esquibel. Este espect\u00e1culo de narraci\u00f3n oral propone distintos cuentos entremezclados con lo teatral. Adem\u00e1s busca rescatar la importancia de la narraci\u00f3n y de la imaginaci\u00f3n en el p\u00fablico.<\/p>\n<p><img decoding=\"async\" loading=\"lazy\" class=\"aligncenter wp-image-354 size-large\" src=\"https:\/\/www.arte.unicen.edu.ar\/sustentarte\/wp-content\/uploads\/2018\/10\/MG_6900-1024x683.jpg\" alt=\"\" width=\"640\" height=\"427\" srcset=\"https:\/\/www.arte.unicen.edu.ar\/sustentarte\/wp-content\/uploads\/2018\/10\/MG_6900-1024x683.jpg 1024w, https:\/\/www.arte.unicen.edu.ar\/sustentarte\/wp-content\/uploads\/2018\/10\/MG_6900-300x200.jpg 300w, https:\/\/www.arte.unicen.edu.ar\/sustentarte\/wp-content\/uploads\/2018\/10\/MG_6900-768x512.jpg 768w, https:\/\/www.arte.unicen.edu.ar\/sustentarte\/wp-content\/uploads\/2018\/10\/MG_6900-600x400.jpg 600w\" sizes=\"(max-width: 640px) 100vw, 640px\" \/><\/p>\n<p><img decoding=\"async\" loading=\"lazy\" class=\"aligncenter wp-image-355 size-large\" src=\"https:\/\/www.arte.unicen.edu.ar\/sustentarte\/wp-content\/uploads\/2018\/10\/MG_6901-1024x683.jpg\" alt=\"\" width=\"640\" height=\"427\" srcset=\"https:\/\/www.arte.unicen.edu.ar\/sustentarte\/wp-content\/uploads\/2018\/10\/MG_6901-1024x683.jpg 1024w, https:\/\/www.arte.unicen.edu.ar\/sustentarte\/wp-content\/uploads\/2018\/10\/MG_6901-300x200.jpg 300w, https:\/\/www.arte.unicen.edu.ar\/sustentarte\/wp-content\/uploads\/2018\/10\/MG_6901-768x512.jpg 768w, https:\/\/www.arte.unicen.edu.ar\/sustentarte\/wp-content\/uploads\/2018\/10\/MG_6901-600x400.jpg 600w\" sizes=\"(max-width: 640px) 100vw, 640px\" \/><\/p>\n","protected":false},"excerpt":{"rendered":"<p>La obra teatral &#8220;El amor es puro cuento&#8221; de Julia Esquibel, fue el espect\u00e1culo presentado el pasado martes 29 de agosto, por la Incubadora SustenArte, bajo el proyecto &#8220;Formaci\u00f3n de [&hellip;]<\/p>\n","protected":false},"author":1,"featured_media":0,"parent":315,"menu_order":0,"comment_status":"closed","ping_status":"closed","template":"","meta":{"_mi_skip_tracking":false,"_exactmetrics_sitenote_active":false,"_exactmetrics_sitenote_note":"","_exactmetrics_sitenote_category":0},"_links":{"self":[{"href":"https:\/\/www.arte.unicen.edu.ar\/sustentarte\/index.php\/wp-json\/wp\/v2\/pages\/756"}],"collection":[{"href":"https:\/\/www.arte.unicen.edu.ar\/sustentarte\/index.php\/wp-json\/wp\/v2\/pages"}],"about":[{"href":"https:\/\/www.arte.unicen.edu.ar\/sustentarte\/index.php\/wp-json\/wp\/v2\/types\/page"}],"author":[{"embeddable":true,"href":"https:\/\/www.arte.unicen.edu.ar\/sustentarte\/index.php\/wp-json\/wp\/v2\/users\/1"}],"replies":[{"embeddable":true,"href":"https:\/\/www.arte.unicen.edu.ar\/sustentarte\/index.php\/wp-json\/wp\/v2\/comments?post=756"}],"version-history":[{"count":1,"href":"https:\/\/www.arte.unicen.edu.ar\/sustentarte\/index.php\/wp-json\/wp\/v2\/pages\/756\/revisions"}],"predecessor-version":[{"id":757,"href":"https:\/\/www.arte.unicen.edu.ar\/sustentarte\/index.php\/wp-json\/wp\/v2\/pages\/756\/revisions\/757"}],"up":[{"embeddable":true,"href":"https:\/\/www.arte.unicen.edu.ar\/sustentarte\/index.php\/wp-json\/wp\/v2\/pages\/315"}],"wp:attachment":[{"href":"https:\/\/www.arte.unicen.edu.ar\/sustentarte\/index.php\/wp-json\/wp\/v2\/media?parent=756"}],"curies":[{"name":"wp","href":"https:\/\/api.w.org\/{rel}","templated":true}]}}