{"id":750,"date":"2018-11-08T11:40:18","date_gmt":"2018-11-08T14:40:18","guid":{"rendered":"https:\/\/www.arte.unicen.edu.ar\/sustentarte\/?page_id=750"},"modified":"2018-11-08T11:42:04","modified_gmt":"2018-11-08T14:42:04","slug":"gringo-golondro-en-gardey","status":"publish","type":"page","link":"https:\/\/www.arte.unicen.edu.ar\/sustentarte\/index.php\/formacion-de-nuevxs-espectadores\/2017-2\/gringo-golondro-en-gardey\/","title":{"rendered":"Gringo Golondro en Gardey"},"content":{"rendered":"<p style=\"text-align: justify;\">El martes 19 de septiembre en la \u201cVieja Escuela\u201d se present\u00f3 la funci\u00f3n de Gringo Golondro (De la Compa\u00f1\u00eda Teatral El Templo), para los alumnos de la Escuela de Ense\u00f1anza Secundaria N\u00ba 4 Jos\u00e9 Hern\u00e1ndez de la localidad de Gardey.<br \/>\nEsta presentaci\u00f3n forma parte del \u201cProyecto Formaci\u00f3n de nuevos P\u00fablicos&#8221; propuesto por la Incubadora SustenArte (Facultad de Arte).<br \/>\nYa septiembre y con ganas de Primavera, un d\u00eda soleado comienza con actividad de teatro. Casi 70 alumnos dispuestos a \u201carrancar\u201d desde la escuela hasta el sal\u00f3n de usos m\u00faltiples de Gardey cedido por la delegaci\u00f3n municipal. Javier Lester y Esteban Calvo (el actor y el asistente t\u00e9cnico de la Compa\u00f1\u00eda) armando y esperando a que lleguen sus espectadores. Descolgar cuadros, preparar las pocas sillas y barrer para que los dem\u00e1s usen el piso como butaca. Los profes al fondo no se le animan y quedan de pie. Todo esta listo para que el Gringo salga a escena.<br \/>\nUna obra distinta para chicos que en su mayor\u00eda no ven teatro habitualmente, o lo ven por primera vez. Hablando en italiano, el gringuito comienza su periplo desde su amada Italia a Am\u00e9rica. La inmigraci\u00f3n, entender como fue, pero sobre todo como se sinti\u00f3 en los que llegaron a Argentina \u201ca hacerse la Am\u00e9rica\u201d. Las ilusiones y los fracasos. Lo que pintaba como de oro y no lo era. La cruel realidad y el m\u00fasico que se transforma en lustrabotas; el gringuito empieza a \u201ccocolichear\u201d su idioma. El amor y el no querer volverse porque un hijo le nace en la Argentina.<br \/>\nY como siempre cuando hay teatro, hay talento en escena, y hay magia. La magia se produce. Los alumnos que ya no tienen el idioma como barrera y \u201cven\u201d y \u201csienten\u201d lo que le pasa al personaje. Empat\u00eda, risas y emoci\u00f3n. Todo ideal con el aplauso de cierre. Y las preguntas y comentarios sobre la obra con su protagonista.<br \/>\nY en la encuesta en donde relevamos varios aspectos sobre las obras y de c\u00f3mo se recibe, las sorpresas que conmueven\u2026 \u201c a pesar de estar en italiano, el actor hace que se entienda todo\u201d\u2026 \u201cno siempre la vida es lo que uno piensa pero, al final le dio una familia\u201d\u2026 \u201ctermin\u00f3 feliz\u201d\u2026\u201c seguir los sue\u00f1os donde sea\u201d.<br \/>\nTeatro en un sal\u00f3n que se transform\u00f3, y p\u00fablico que se conmovi\u00f3. Tarea cumplida por el d\u00eda de hoy.<\/p>\n<p><img decoding=\"async\" loading=\"lazy\" class=\"aligncenter wp-image-397 size-large\" src=\"https:\/\/www.arte.unicen.edu.ar\/sustentarte\/wp-content\/uploads\/2018\/10\/20170919_103652-1024x576.jpg\" alt=\"\" width=\"640\" height=\"360\" srcset=\"https:\/\/www.arte.unicen.edu.ar\/sustentarte\/wp-content\/uploads\/2018\/10\/20170919_103652-1024x576.jpg 1024w, https:\/\/www.arte.unicen.edu.ar\/sustentarte\/wp-content\/uploads\/2018\/10\/20170919_103652-300x169.jpg 300w, https:\/\/www.arte.unicen.edu.ar\/sustentarte\/wp-content\/uploads\/2018\/10\/20170919_103652-768x432.jpg 768w, https:\/\/www.arte.unicen.edu.ar\/sustentarte\/wp-content\/uploads\/2018\/10\/20170919_103652.jpg 2048w\" sizes=\"(max-width: 640px) 100vw, 640px\" \/><\/p>\n<p><img decoding=\"async\" loading=\"lazy\" class=\"aligncenter wp-image-398 size-large\" src=\"https:\/\/www.arte.unicen.edu.ar\/sustentarte\/wp-content\/uploads\/2018\/10\/20170919_111304-1024x576.jpg\" alt=\"\" width=\"640\" height=\"360\" srcset=\"https:\/\/www.arte.unicen.edu.ar\/sustentarte\/wp-content\/uploads\/2018\/10\/20170919_111304-1024x576.jpg 1024w, https:\/\/www.arte.unicen.edu.ar\/sustentarte\/wp-content\/uploads\/2018\/10\/20170919_111304-300x169.jpg 300w, https:\/\/www.arte.unicen.edu.ar\/sustentarte\/wp-content\/uploads\/2018\/10\/20170919_111304-768x432.jpg 768w, https:\/\/www.arte.unicen.edu.ar\/sustentarte\/wp-content\/uploads\/2018\/10\/20170919_111304.jpg 2048w\" sizes=\"(max-width: 640px) 100vw, 640px\" \/><\/p>\n","protected":false},"excerpt":{"rendered":"<p>El martes 19 de septiembre en la \u201cVieja Escuela\u201d se present\u00f3 la funci\u00f3n de Gringo Golondro (De la Compa\u00f1\u00eda Teatral El Templo), para los alumnos de la Escuela de Ense\u00f1anza [&hellip;]<\/p>\n","protected":false},"author":1,"featured_media":0,"parent":315,"menu_order":0,"comment_status":"closed","ping_status":"closed","template":"","meta":{"_mi_skip_tracking":false,"_exactmetrics_sitenote_active":false,"_exactmetrics_sitenote_note":"","_exactmetrics_sitenote_category":0},"_links":{"self":[{"href":"https:\/\/www.arte.unicen.edu.ar\/sustentarte\/index.php\/wp-json\/wp\/v2\/pages\/750"}],"collection":[{"href":"https:\/\/www.arte.unicen.edu.ar\/sustentarte\/index.php\/wp-json\/wp\/v2\/pages"}],"about":[{"href":"https:\/\/www.arte.unicen.edu.ar\/sustentarte\/index.php\/wp-json\/wp\/v2\/types\/page"}],"author":[{"embeddable":true,"href":"https:\/\/www.arte.unicen.edu.ar\/sustentarte\/index.php\/wp-json\/wp\/v2\/users\/1"}],"replies":[{"embeddable":true,"href":"https:\/\/www.arte.unicen.edu.ar\/sustentarte\/index.php\/wp-json\/wp\/v2\/comments?post=750"}],"version-history":[{"count":1,"href":"https:\/\/www.arte.unicen.edu.ar\/sustentarte\/index.php\/wp-json\/wp\/v2\/pages\/750\/revisions"}],"predecessor-version":[{"id":751,"href":"https:\/\/www.arte.unicen.edu.ar\/sustentarte\/index.php\/wp-json\/wp\/v2\/pages\/750\/revisions\/751"}],"up":[{"embeddable":true,"href":"https:\/\/www.arte.unicen.edu.ar\/sustentarte\/index.php\/wp-json\/wp\/v2\/pages\/315"}],"wp:attachment":[{"href":"https:\/\/www.arte.unicen.edu.ar\/sustentarte\/index.php\/wp-json\/wp\/v2\/media?parent=750"}],"curies":[{"name":"wp","href":"https:\/\/api.w.org\/{rel}","templated":true}]}}