{"id":738,"date":"2018-11-08T10:41:04","date_gmt":"2018-11-08T13:41:04","guid":{"rendered":"https:\/\/www.arte.unicen.edu.ar\/sustentarte\/?page_id=738"},"modified":"2018-11-08T10:45:43","modified_gmt":"2018-11-08T13:45:43","slug":"impromondo-en-cerro-leones","status":"publish","type":"page","link":"https:\/\/www.arte.unicen.edu.ar\/sustentarte\/index.php\/formacion-de-nuevxs-espectadores\/2017-2\/impromondo-en-cerro-leones\/","title":{"rendered":"Impromondo en Cerro Leones"},"content":{"rendered":"<p style=\"text-align: justify;\">El martes 1 de noviembre se present\u00f3 IMPROMONDO, espect\u00e1culo de improvisaci\u00f3n del Grupo PROYECTO MONDO en la Escuela Secundaria 16 de Cerro Leones.<br \/>\nEsta presentaci\u00f3n forma parte del \u201cProyecto Formaci\u00f3n de nuevos P\u00fablicos&#8221; propuesto por la Incubadora SustenArte (Facultad de Arte).<br \/>\nLa escuela no tiene S.U.M., ni sal\u00f3n de actos. Un pasillo ancho act\u00faa de sala y los bancos de ese \u201cpasillo- comedor\u201d de butacas y listo. Se hace. Que cuando hay \u201cqu\u00e9\u201d hacer, se hace. Y es lo que propone este grupo que tiene historia de hacer y por todos lados.<br \/>\nLlovi\u00f3 mucho a la noche, asique hay menos alumnos, pero los que est\u00e1n, ya se acercan para que arranque la funci\u00f3n. Un arranque distinto porque los actores esperan a los espectadores ya en escena. Se los saluda. El p\u00fablico en estos \u201cshows\u201d es el part\u00edcipe necesario, porque eligen palabras para arrancar cada juego- escena, y adem\u00e1s quienes los van a realizar. As\u00ed empezamos.<br \/>\nEl coordinador de los juegos va explicando cada paso y los espectadores alumnos deciden por donde va la cosa. En lo espont\u00e1neo de las improvisaciones, se hacen comentarios desde la platea, y lo que se dice tambi\u00e9n se incorpora a la escena. Risa espont\u00e1nea y ganas de m\u00e1s cuando termina.<br \/>\nOtra vez magia y otra vez charla al final. &#8211; \u00bfHacen obras tambi\u00e9n? Se les cuenta de la actividad del grupo y del trabajo del actor. -\u00bfCobran por lo que hacen? Y se aprovecha para explicar uno de los objetivos fundamentales del \u201cProyecto Formaci\u00f3n de nuevos P\u00fablicos&#8221;, la dignificaci\u00f3n del trabajo art\u00edstico:<br \/>\n&#8211; A veces trabajamos a la gorra<br \/>\n&#8211; \u00bfser\u00eda como una donaci\u00f3n?<br \/>\n&#8211; No\u2026 una retribuci\u00f3n a nuestro trabajo. Porque somos artistas que vivimos de lo que hacemos.<br \/>\nFinal redondo. Funci\u00f3n, fiesta y dignificaci\u00f3n de nuestro trabajo. Esto sigue.<\/p>\n<p><img decoding=\"async\" loading=\"lazy\" class=\"aligncenter wp-image-389 size-large\" src=\"https:\/\/www.arte.unicen.edu.ar\/sustentarte\/wp-content\/uploads\/2018\/10\/MG_7091-1024x683.jpg\" alt=\"\" width=\"640\" height=\"427\" srcset=\"https:\/\/www.arte.unicen.edu.ar\/sustentarte\/wp-content\/uploads\/2018\/10\/MG_7091-1024x683.jpg 1024w, https:\/\/www.arte.unicen.edu.ar\/sustentarte\/wp-content\/uploads\/2018\/10\/MG_7091-300x200.jpg 300w, https:\/\/www.arte.unicen.edu.ar\/sustentarte\/wp-content\/uploads\/2018\/10\/MG_7091-768x512.jpg 768w, https:\/\/www.arte.unicen.edu.ar\/sustentarte\/wp-content\/uploads\/2018\/10\/MG_7091-600x400.jpg 600w\" sizes=\"(max-width: 640px) 100vw, 640px\" \/><\/p>\n<p><img decoding=\"async\" loading=\"lazy\" class=\"aligncenter wp-image-390 size-large\" src=\"https:\/\/www.arte.unicen.edu.ar\/sustentarte\/wp-content\/uploads\/2018\/10\/MG_7119-1024x683.jpg\" alt=\"\" width=\"640\" height=\"427\" srcset=\"https:\/\/www.arte.unicen.edu.ar\/sustentarte\/wp-content\/uploads\/2018\/10\/MG_7119-1024x683.jpg 1024w, https:\/\/www.arte.unicen.edu.ar\/sustentarte\/wp-content\/uploads\/2018\/10\/MG_7119-300x200.jpg 300w, https:\/\/www.arte.unicen.edu.ar\/sustentarte\/wp-content\/uploads\/2018\/10\/MG_7119-768x512.jpg 768w, https:\/\/www.arte.unicen.edu.ar\/sustentarte\/wp-content\/uploads\/2018\/10\/MG_7119-600x400.jpg 600w\" sizes=\"(max-width: 640px) 100vw, 640px\" \/><\/p>\n","protected":false},"excerpt":{"rendered":"<p>El martes 1 de noviembre se present\u00f3 IMPROMONDO, espect\u00e1culo de improvisaci\u00f3n del Grupo PROYECTO MONDO en la Escuela Secundaria 16 de Cerro Leones. Esta presentaci\u00f3n forma parte del \u201cProyecto Formaci\u00f3n [&hellip;]<\/p>\n","protected":false},"author":1,"featured_media":0,"parent":315,"menu_order":0,"comment_status":"closed","ping_status":"closed","template":"","meta":{"_mi_skip_tracking":false,"_exactmetrics_sitenote_active":false,"_exactmetrics_sitenote_note":"","_exactmetrics_sitenote_category":0},"_links":{"self":[{"href":"https:\/\/www.arte.unicen.edu.ar\/sustentarte\/index.php\/wp-json\/wp\/v2\/pages\/738"}],"collection":[{"href":"https:\/\/www.arte.unicen.edu.ar\/sustentarte\/index.php\/wp-json\/wp\/v2\/pages"}],"about":[{"href":"https:\/\/www.arte.unicen.edu.ar\/sustentarte\/index.php\/wp-json\/wp\/v2\/types\/page"}],"author":[{"embeddable":true,"href":"https:\/\/www.arte.unicen.edu.ar\/sustentarte\/index.php\/wp-json\/wp\/v2\/users\/1"}],"replies":[{"embeddable":true,"href":"https:\/\/www.arte.unicen.edu.ar\/sustentarte\/index.php\/wp-json\/wp\/v2\/comments?post=738"}],"version-history":[{"count":1,"href":"https:\/\/www.arte.unicen.edu.ar\/sustentarte\/index.php\/wp-json\/wp\/v2\/pages\/738\/revisions"}],"predecessor-version":[{"id":739,"href":"https:\/\/www.arte.unicen.edu.ar\/sustentarte\/index.php\/wp-json\/wp\/v2\/pages\/738\/revisions\/739"}],"up":[{"embeddable":true,"href":"https:\/\/www.arte.unicen.edu.ar\/sustentarte\/index.php\/wp-json\/wp\/v2\/pages\/315"}],"wp:attachment":[{"href":"https:\/\/www.arte.unicen.edu.ar\/sustentarte\/index.php\/wp-json\/wp\/v2\/media?parent=738"}],"curies":[{"name":"wp","href":"https:\/\/api.w.org\/{rel}","templated":true}]}}