{"id":628,"date":"2018-10-31T12:43:16","date_gmt":"2018-10-31T15:43:16","guid":{"rendered":"https:\/\/www.arte.unicen.edu.ar\/sustentarte\/?page_id=628"},"modified":"2018-12-27T09:50:07","modified_gmt":"2018-12-27T12:50:07","slug":"obras-en-cartel","status":"publish","type":"page","link":"https:\/\/www.arte.unicen.edu.ar\/sustentarte\/index.php\/servicios\/obras-en-cartel\/","title":{"rendered":"Obras en cartel"},"content":{"rendered":"<p>En este espacio podr\u00e1n encontrar los espect\u00e1culos que actualmente est\u00e1n en cartel y son difundidos por la Incubadora SustentArte.<\/p>\n<p>Invitamos a los artistas a publicar sus obras vigentes con el objetivo de fomentar la\u00a0 circulaci\u00f3n y visibilidad del mismo, para lo cual deber\u00e1n completar el siguiente formulario.\u00a0La informaci\u00f3n sera procesada por el equipo de trabajo.<\/p>\n<p><a href=\"https:\/\/www.arte.unicen.edu.ar\/sustentarte\/index.php\/servicios\/formulario-bolsa-de-trabajo\/\"><b>Formulario\u00a0<\/b><\/a><\/p>\n<p><a href=\"https:\/\/www.arte.unicen.edu.ar\/sustentarte\/index.php\/obras-en-cartel\/\" target=\"_blank\" rel=\"noopener\">OBRAS EN CARTEL<\/a><\/p>\n<p><a href=\"https:\/\/www.arte.unicen.edu.ar\/sustentarte\/index.php\/servicios\/obras-en-cartel\/\" target=\"_blank\" rel=\"noopener\">Listado<\/a><\/p>\n","protected":false},"excerpt":{"rendered":"<p>En este espacio podr\u00e1n encontrar los espect\u00e1culos que actualmente est\u00e1n en cartel y son difundidos por la Incubadora SustentArte. Invitamos a los artistas a publicar sus obras vigentes con el [&hellip;]<\/p>\n","protected":false},"author":1,"featured_media":0,"parent":618,"menu_order":0,"comment_status":"closed","ping_status":"closed","template":"","meta":{"_mi_skip_tracking":false,"_exactmetrics_sitenote_active":false,"_exactmetrics_sitenote_note":"","_exactmetrics_sitenote_category":0},"_links":{"self":[{"href":"https:\/\/www.arte.unicen.edu.ar\/sustentarte\/index.php\/wp-json\/wp\/v2\/pages\/628"}],"collection":[{"href":"https:\/\/www.arte.unicen.edu.ar\/sustentarte\/index.php\/wp-json\/wp\/v2\/pages"}],"about":[{"href":"https:\/\/www.arte.unicen.edu.ar\/sustentarte\/index.php\/wp-json\/wp\/v2\/types\/page"}],"author":[{"embeddable":true,"href":"https:\/\/www.arte.unicen.edu.ar\/sustentarte\/index.php\/wp-json\/wp\/v2\/users\/1"}],"replies":[{"embeddable":true,"href":"https:\/\/www.arte.unicen.edu.ar\/sustentarte\/index.php\/wp-json\/wp\/v2\/comments?post=628"}],"version-history":[{"count":3,"href":"https:\/\/www.arte.unicen.edu.ar\/sustentarte\/index.php\/wp-json\/wp\/v2\/pages\/628\/revisions"}],"predecessor-version":[{"id":1087,"href":"https:\/\/www.arte.unicen.edu.ar\/sustentarte\/index.php\/wp-json\/wp\/v2\/pages\/628\/revisions\/1087"}],"up":[{"embeddable":true,"href":"https:\/\/www.arte.unicen.edu.ar\/sustentarte\/index.php\/wp-json\/wp\/v2\/pages\/618"}],"wp:attachment":[{"href":"https:\/\/www.arte.unicen.edu.ar\/sustentarte\/index.php\/wp-json\/wp\/v2\/media?parent=628"}],"curies":[{"name":"wp","href":"https:\/\/api.w.org\/{rel}","templated":true}]}}