{"id":622,"date":"2018-10-31T12:41:53","date_gmt":"2018-10-31T15:41:53","guid":{"rendered":"https:\/\/www.arte.unicen.edu.ar\/sustentarte\/?page_id=622"},"modified":"2018-11-28T11:58:24","modified_gmt":"2018-11-28T14:58:24","slug":"capacitacion","status":"publish","type":"page","link":"https:\/\/www.arte.unicen.edu.ar\/sustentarte\/index.php\/servicios\/capacitacion\/","title":{"rendered":"Capacitaci\u00f3n"},"content":{"rendered":"<p style=\"text-align: justify;\">El programa de Capacitaci\u00f3n tiene como objetivo principal el fortalecimiento de las capacidades de los solicitantes en todos los \u00e1mbitos del servicio requerido, para contribuir a la mejora de la oferta cultural requerida. Tambi\u00e9n se orienta a facilitar el encuentro entre expertos y profesionales con vistas a establecer mecanismos de cooperaci\u00f3n, estrategias regionales y creaci\u00f3n de redes. Tenemos en cuenta el proceso creativo de artistas, a trav\u00e9s de cursos y talleres.<\/p>\n<p style=\"text-align: justify;\">Trabajamos en todos los \u00e1mbitos de la cultura. Los temas y contenidos de cada actividad surgen de procesos de identificaci\u00f3n de necesidades de la regi\u00f3n a lo que va dirigido.\u00a0Le pediremos que complete el siguiente formulario cont\u00e1ndonos lo que busca.<\/p>\n<p><strong><a href=\"https:\/\/www.arte.unicen.edu.ar\/sustentarte\/index.php\/actividades\/inscripcion-de-actividades\/\" target=\"_blank\" rel=\"noopener\">Formulario&lt;&lt;&lt;&lt;&lt;&lt; Haga click aqu\u00ed<\/a><\/strong><\/p>\n<p style=\"text-align: right;\"><strong><a href=\"https:\/\/www.arte.unicen.edu.ar\/sustentarte\/index.php\/servicios\/capacitacion\/capacitaciones\/\" target=\"_blank\" rel=\"noopener\"><img decoding=\"async\" loading=\"lazy\" class=\"alignnone wp-image-943\" src=\"https:\/\/www.arte.unicen.edu.ar\/sustentarte\/wp-content\/uploads\/2018\/11\/barra_animada_1-300x7.gif\" alt=\"\" width=\"257\" height=\"6\" \/><\/a><a href=\"https:\/\/www.arte.unicen.edu.ar\/sustentarte\/index.php\/servicios\/capacitacion\/capacitaciones\/\" target=\"_blank\" rel=\"noopener\"><img decoding=\"async\" loading=\"lazy\" class=\"alignnone wp-image-943\" src=\"https:\/\/www.arte.unicen.edu.ar\/sustentarte\/wp-content\/uploads\/2018\/11\/barra_animada_1-300x7.gif\" alt=\"\" width=\"257\" height=\"6\" \/>Capacitaciones realizadas<\/a><\/strong><\/p>\n","protected":false},"excerpt":{"rendered":"<p>El programa de Capacitaci\u00f3n tiene como objetivo principal el fortalecimiento de las capacidades de los solicitantes en todos los \u00e1mbitos del servicio requerido, para contribuir a la mejora de la [&hellip;]<\/p>\n","protected":false},"author":1,"featured_media":0,"parent":618,"menu_order":0,"comment_status":"closed","ping_status":"closed","template":"","meta":{"_mi_skip_tracking":false,"_exactmetrics_sitenote_active":false,"_exactmetrics_sitenote_note":"","_exactmetrics_sitenote_category":0},"_links":{"self":[{"href":"https:\/\/www.arte.unicen.edu.ar\/sustentarte\/index.php\/wp-json\/wp\/v2\/pages\/622"}],"collection":[{"href":"https:\/\/www.arte.unicen.edu.ar\/sustentarte\/index.php\/wp-json\/wp\/v2\/pages"}],"about":[{"href":"https:\/\/www.arte.unicen.edu.ar\/sustentarte\/index.php\/wp-json\/wp\/v2\/types\/page"}],"author":[{"embeddable":true,"href":"https:\/\/www.arte.unicen.edu.ar\/sustentarte\/index.php\/wp-json\/wp\/v2\/users\/1"}],"replies":[{"embeddable":true,"href":"https:\/\/www.arte.unicen.edu.ar\/sustentarte\/index.php\/wp-json\/wp\/v2\/comments?post=622"}],"version-history":[{"count":4,"href":"https:\/\/www.arte.unicen.edu.ar\/sustentarte\/index.php\/wp-json\/wp\/v2\/pages\/622\/revisions"}],"predecessor-version":[{"id":947,"href":"https:\/\/www.arte.unicen.edu.ar\/sustentarte\/index.php\/wp-json\/wp\/v2\/pages\/622\/revisions\/947"}],"up":[{"embeddable":true,"href":"https:\/\/www.arte.unicen.edu.ar\/sustentarte\/index.php\/wp-json\/wp\/v2\/pages\/618"}],"wp:attachment":[{"href":"https:\/\/www.arte.unicen.edu.ar\/sustentarte\/index.php\/wp-json\/wp\/v2\/media?parent=622"}],"curies":[{"name":"wp","href":"https:\/\/api.w.org\/{rel}","templated":true}]}}