{"id":3937,"date":"2021-06-08T14:03:46","date_gmt":"2021-06-08T17:03:46","guid":{"rendered":"https:\/\/www.arte.unicen.edu.ar\/sustentarte\/?page_id=3937"},"modified":"2023-10-06T11:30:24","modified_gmt":"2023-10-06T14:30:24","slug":"historial","status":"publish","type":"page","link":"https:\/\/www.arte.unicen.edu.ar\/sustentarte\/index.php\/historial\/","title":{"rendered":"Historial"},"content":{"rendered":"<p><img decoding=\"async\" loading=\"lazy\" class=\"alignnone wp-image-1568\" src=\"https:\/\/www.arte.unicen.edu.ar\/sustentarte\/wp-content\/uploads\/2020\/07\/medioliston_otras_disciplinas-300x7.png\" alt=\"\" width=\"814\" height=\"19\" srcset=\"https:\/\/www.arte.unicen.edu.ar\/sustentarte\/wp-content\/uploads\/2020\/07\/medioliston_otras_disciplinas-300x7.png 300w, https:\/\/www.arte.unicen.edu.ar\/sustentarte\/wp-content\/uploads\/2020\/07\/medioliston_otras_disciplinas-768x17.png 768w, https:\/\/www.arte.unicen.edu.ar\/sustentarte\/wp-content\/uploads\/2020\/07\/medioliston_otras_disciplinas.png 1649w\" sizes=\"(max-width: 814px) 100vw, 814px\" \/><\/p>\n<table style=\"height: 22px\" width=\"125\">\n<tbody>\n<tr>\n<td style=\"width: 115px\"><a href=\"https:\/\/www.arte.unicen.edu.ar\/sustentarte\/index.php\/ano-2023\/\">A\u00d1O2023<\/a><\/td>\n<\/tr>\n<tr>\n<td style=\"width: 115px\"><a href=\"https:\/\/www.arte.unicen.edu.ar\/sustentarte\/wp-admin\/post.php?post=7194&amp;action=edit\">A\u00d1O2022<\/a><\/td>\n<\/tr>\n<\/tbody>\n<\/table>\n<table style=\"height: 26px\" width=\"124\">\n<tbody>\n<tr>\n<td style=\"width: 114px\"><a href=\"https:\/\/www.arte.unicen.edu.ar\/sustentarte\/index.php\/ano-2021\/\">A\u00d1O 2021<\/a><\/td>\n<\/tr>\n<\/tbody>\n<\/table>\n<table style=\"height: 22px\" width=\"124\">\n<tbody>\n<tr>\n<td style=\"width: 114px\"><a href=\"https:\/\/www.arte.unicen.edu.ar\/sustentarte\/index.php\/ano-2020\/\">A\u00d1O 2020<\/a><\/td>\n<\/tr>\n<\/tbody>\n<\/table>\n<table style=\"height: 27px\" width=\"121\">\n<tbody>\n<tr>\n<td style=\"width: 111px\"><a href=\"https:\/\/www.arte.unicen.edu.ar\/sustentarte\/index.php\/ano-2019\/\">A\u00d1O 2019 <\/a><\/td>\n<\/tr>\n<\/tbody>\n<\/table>\n","protected":false},"excerpt":{"rendered":"<p>A\u00d1O2023 A\u00d1O2022 A\u00d1O 2021 A\u00d1O 2020 A\u00d1O 2019<\/p>\n","protected":false},"author":2,"featured_media":0,"parent":0,"menu_order":0,"comment_status":"closed","ping_status":"closed","template":"","meta":{"_mi_skip_tracking":false,"_exactmetrics_sitenote_active":false,"_exactmetrics_sitenote_note":"","_exactmetrics_sitenote_category":0},"_links":{"self":[{"href":"https:\/\/www.arte.unicen.edu.ar\/sustentarte\/index.php\/wp-json\/wp\/v2\/pages\/3937"}],"collection":[{"href":"https:\/\/www.arte.unicen.edu.ar\/sustentarte\/index.php\/wp-json\/wp\/v2\/pages"}],"about":[{"href":"https:\/\/www.arte.unicen.edu.ar\/sustentarte\/index.php\/wp-json\/wp\/v2\/types\/page"}],"author":[{"embeddable":true,"href":"https:\/\/www.arte.unicen.edu.ar\/sustentarte\/index.php\/wp-json\/wp\/v2\/users\/2"}],"replies":[{"embeddable":true,"href":"https:\/\/www.arte.unicen.edu.ar\/sustentarte\/index.php\/wp-json\/wp\/v2\/comments?post=3937"}],"version-history":[{"count":1,"href":"https:\/\/www.arte.unicen.edu.ar\/sustentarte\/index.php\/wp-json\/wp\/v2\/pages\/3937\/revisions"}],"predecessor-version":[{"id":8584,"href":"https:\/\/www.arte.unicen.edu.ar\/sustentarte\/index.php\/wp-json\/wp\/v2\/pages\/3937\/revisions\/8584"}],"wp:attachment":[{"href":"https:\/\/www.arte.unicen.edu.ar\/sustentarte\/index.php\/wp-json\/wp\/v2\/media?parent=3937"}],"curies":[{"name":"wp","href":"https:\/\/api.w.org\/{rel}","templated":true}]}}