{"id":315,"date":"2018-10-04T10:45:29","date_gmt":"2018-10-04T13:45:29","guid":{"rendered":"https:\/\/www.arte.unicen.edu.ar\/sustentarte\/?page_id=315"},"modified":"2020-08-13T00:22:39","modified_gmt":"2020-08-13T03:22:39","slug":"2017-2","status":"publish","type":"page","link":"https:\/\/www.arte.unicen.edu.ar\/sustentarte\/index.php\/formacion-de-nuevxs-espectadores\/2017-2\/","title":{"rendered":"2017 (1\u00aa Etapa)"},"content":{"rendered":"<div class=\"v_136vh3__l4 h_136vh3weov clearfix\">\n<div class=\"clearfix s_136vh400mj\">\n<p>&nbsp;<\/p>\n<table style=\"height: 41px\" width=\"786\">\n<tbody>\n<tr>\n<td style=\"width: 385px\"><img decoding=\"async\" loading=\"lazy\" class=\"aligncenter wp-image-406\" src=\"https:\/\/www.arte.unicen.edu.ar\/sustentarte\/wp-content\/uploads\/2018\/10\/MG_0558-300x200.jpg\" alt=\"\" width=\"400\" height=\"267\" srcset=\"https:\/\/www.arte.unicen.edu.ar\/sustentarte\/wp-content\/uploads\/2018\/10\/MG_0558-300x200.jpg 300w, https:\/\/www.arte.unicen.edu.ar\/sustentarte\/wp-content\/uploads\/2018\/10\/MG_0558-768x512.jpg 768w, https:\/\/www.arte.unicen.edu.ar\/sustentarte\/wp-content\/uploads\/2018\/10\/MG_0558-1024x683.jpg 1024w, https:\/\/www.arte.unicen.edu.ar\/sustentarte\/wp-content\/uploads\/2018\/10\/MG_0558-600x400.jpg 600w\" sizes=\"(max-width: 400px) 100vw, 400px\" \/><\/td>\n<td style=\"width: 385px;vertical-align: top;text-align: justify\"><span style=\"color: #800000;font-size: 14pt\"><strong>ANIMAIZ en la sala La F\u00e1brica<br \/>\n<\/strong><\/span>El mi\u00e9rcoles 23 de noviembre el teatro La Fabrica (Pinto 367) fue una fiesta. A las 10 de la ma\u00f1ana el hall era un bullicio de ni\u00f1os del jard\u00edn y la Escuela Primaria N\u00ba 6 de San Antonio, que llegaban para ver el espect\u00e1culo \u201cAnimaiz\u201d, una historia animalada de Edit Rondinone.\u00a0 <strong><a href=\"https:\/\/www.arte.unicen.edu.ar\/sustentarte\/index.php\/actividades\/proyecto-spu\/2017-2\/animaiz-en-la-sala-la-fabrica\/\" target=\"_blank\" rel=\"noopener\">(m\u00e1s informaci\u00f3n)<\/a><\/strong><\/td>\n<\/tr>\n<\/tbody>\n<\/table>\n<div class=\"clearfix _42ef\">\n<table style=\"height: 41px\" width=\"786\">\n<tbody>\n<tr>\n<td style=\"width: 385px;vertical-align: top\">\n<p style=\"text-align: justify\"><span style=\"color: #800000;font-size: 14pt\"><strong>Rojo, azul y amarillo en La F\u00e1brica<br \/>\n<\/strong><\/span>El jueves 16 a las 21 hs vimos \u201cRojo, Azul y Amarilla\u201d del grupo MEDIAS ROJAS, en la sala La F\u00e1brica (Pinto 367). Esta presentaci\u00f3n forma parte del \u201cProyecto Formaci\u00f3n de nuevos P\u00fablicos&#8221; propuesto por la Incubadora SustenArte (Facultad de Arte). Una obra que por sus necesidades&#8230;\u00a0\u00a0<strong><a href=\"https:\/\/www.arte.unicen.edu.ar\/sustentarte\/index.php\/actividades\/proyecto-spu\/2017-2\/rojo-azul-y-amarillo-en-la-fabrica\/\" target=\"_blank\" rel=\"noopener\">(m\u00e1s informaci\u00f3n)<\/a><\/strong><\/p>\n<\/td>\n<td style=\"width: 385px\"><img decoding=\"async\" loading=\"lazy\" class=\"aligncenter wp-image-409\" src=\"https:\/\/www.arte.unicen.edu.ar\/sustentarte\/wp-content\/uploads\/2018\/10\/MG_0299-300x200.jpg\" alt=\"\" width=\"400\" height=\"267\" srcset=\"https:\/\/www.arte.unicen.edu.ar\/sustentarte\/wp-content\/uploads\/2018\/10\/MG_0299-300x200.jpg 300w, https:\/\/www.arte.unicen.edu.ar\/sustentarte\/wp-content\/uploads\/2018\/10\/MG_0299-768x512.jpg 768w, https:\/\/www.arte.unicen.edu.ar\/sustentarte\/wp-content\/uploads\/2018\/10\/MG_0299-1024x683.jpg 1024w, https:\/\/www.arte.unicen.edu.ar\/sustentarte\/wp-content\/uploads\/2018\/10\/MG_0299-600x400.jpg 600w\" sizes=\"(max-width: 400px) 100vw, 400px\" \/><\/td>\n<\/tr>\n<\/tbody>\n<\/table>\n<table style=\"height: 41px\" width=\"786\">\n<tbody>\n<tr>\n<td style=\"width: 385px\"><img decoding=\"async\" loading=\"lazy\" class=\"aligncenter wp-image-403\" src=\"https:\/\/www.arte.unicen.edu.ar\/sustentarte\/wp-content\/uploads\/2018\/10\/MG_9963-300x200.jpg\" alt=\"\" width=\"400\" height=\"267\" srcset=\"https:\/\/www.arte.unicen.edu.ar\/sustentarte\/wp-content\/uploads\/2018\/10\/MG_9963-300x200.jpg 300w, https:\/\/www.arte.unicen.edu.ar\/sustentarte\/wp-content\/uploads\/2018\/10\/MG_9963-768x512.jpg 768w, https:\/\/www.arte.unicen.edu.ar\/sustentarte\/wp-content\/uploads\/2018\/10\/MG_9963-1024x683.jpg 1024w, https:\/\/www.arte.unicen.edu.ar\/sustentarte\/wp-content\/uploads\/2018\/10\/MG_9963-600x400.jpg 600w\" sizes=\"(max-width: 400px) 100vw, 400px\" \/><\/td>\n<td style=\"width: 385px;vertical-align: top;text-align: justify\"><span style=\"color: #800000;font-size: 14pt\"><strong>El Amateur en la Escuela N\u00ba 15 de Villa Laza<br \/>\n<\/strong><\/span>Lunes 6 de noviembre y bien temprano arrancamos para la Escuela N\u00ba 15 de Villa Laza. La funci\u00f3n es a las 10, asi que madrug\u00f3n para armar todo. Se necesita una escalera de 4 metros para colgar el aparejo que hace \u201cvolar\u201d a Pajarito, el h\u00e9roe de la obra que escrita por Mauricio Dayub,&#8230; <strong><a href=\"https:\/\/www.arte.unicen.edu.ar\/sustentarte\/index.php\/actividades\/proyecto-spu\/2017-2\/el-amateur-en-la\u202615-de-villa-laza\/\" target=\"_blank\" rel=\"noopener\">(m\u00e1s informaci\u00f3n)<\/a><\/strong><\/td>\n<\/tr>\n<\/tbody>\n<\/table>\n<table style=\"height: 41px\" width=\"786\">\n<tbody>\n<tr>\n<td style=\"width: 385px;vertical-align: top\">\n<p style=\"text-align: justify\"><span style=\"color: #800000;font-size: 14pt\"><strong>Animaiz en el Barrio Arco Iris<br \/>\n<\/strong><\/span>Es lunes y se estrena. Y para los teatreros un estreno es fiesta. Nervios, pero fiesta, ansiedad, prueba y esperar ver qu\u00e9 pasa con lo que se trabaj\u00f3 durante tanto tiempo de ensayo. El grupo ZIGZAG TEATRO que dirige Edit Rondinone, estrena, y lo hace con su obra \u201cAnimaiz\u201d, y decide hacerlo&#8230;.\u00a0<strong><a href=\"https:\/\/www.arte.unicen.edu.ar\/sustentarte\/index.php\/actividades\/proyecto-spu\/2017-2\/animaiz-en-el-barrio-arco-iris\/ \u200e\" target=\"_blank\" rel=\"noopener\">(m\u00e1s informaci\u00f3n)<\/a><\/strong><\/p>\n<\/td>\n<td style=\"width: 385px\"><img decoding=\"async\" loading=\"lazy\" class=\"aligncenter wp-image-400\" src=\"https:\/\/www.arte.unicen.edu.ar\/sustentarte\/wp-content\/uploads\/2018\/10\/23519006_373136529809502_3361397264271465310_n-300x200.jpg\" alt=\"\" width=\"400\" height=\"267\" srcset=\"https:\/\/www.arte.unicen.edu.ar\/sustentarte\/wp-content\/uploads\/2018\/10\/23519006_373136529809502_3361397264271465310_n-300x200.jpg 300w, https:\/\/www.arte.unicen.edu.ar\/sustentarte\/wp-content\/uploads\/2018\/10\/23519006_373136529809502_3361397264271465310_n-768x512.jpg 768w, https:\/\/www.arte.unicen.edu.ar\/sustentarte\/wp-content\/uploads\/2018\/10\/23519006_373136529809502_3361397264271465310_n-600x400.jpg 600w, https:\/\/www.arte.unicen.edu.ar\/sustentarte\/wp-content\/uploads\/2018\/10\/23519006_373136529809502_3361397264271465310_n.jpg 960w\" sizes=\"(max-width: 400px) 100vw, 400px\" \/><\/td>\n<\/tr>\n<\/tbody>\n<\/table>\n<table style=\"height: 41px\" width=\"786\">\n<tbody>\n<tr>\n<td style=\"width: 385px\"><img decoding=\"async\" loading=\"lazy\" class=\"aligncenter wp-image-394\" src=\"https:\/\/www.arte.unicen.edu.ar\/sustentarte\/wp-content\/uploads\/2018\/10\/MG_7654-300x200.jpg\" alt=\"\" width=\"400\" height=\"267\" srcset=\"https:\/\/www.arte.unicen.edu.ar\/sustentarte\/wp-content\/uploads\/2018\/10\/MG_7654-300x200.jpg 300w, https:\/\/www.arte.unicen.edu.ar\/sustentarte\/wp-content\/uploads\/2018\/10\/MG_7654-768x512.jpg 768w, https:\/\/www.arte.unicen.edu.ar\/sustentarte\/wp-content\/uploads\/2018\/10\/MG_7654-1024x683.jpg 1024w, https:\/\/www.arte.unicen.edu.ar\/sustentarte\/wp-content\/uploads\/2018\/10\/MG_7654-600x400.jpg 600w\" sizes=\"(max-width: 400px) 100vw, 400px\" \/><\/td>\n<td style=\"width: 385px;vertical-align: top;text-align: justify\"><span style=\"color: #800000;font-size: 14pt\"><strong>Mart\u00edn Fierro en el Barrio Arco Iris<br \/>\n<\/strong><\/span>El jueves 2 de noviembre en el S.U.M de la Escuela N\u00ba 7 \u201cRoberto Dabid\u00f3s\u201d del Barrio Arco Iris, se present\u00f3 la funci\u00f3n de \u201cMarf\u00edn Tierro\u201d (una versi\u00f3n infiel) del elenco de a \u00d1ata Roja , para todos los alumnos de secundaria del turno ma\u00f1ana del establecimiento, a los cuales se sumaron, por d\u00eda feo y ganas, los alumnos,&#8230; <strong><a href=\"https:\/\/www.arte.unicen.edu.ar\/sustentarte\/index.php\/actividades\/proyecto-spu\/2017-2\/martin-fierro-en\u2026barrio-arco-iris\/\" target=\"_blank\" rel=\"noopener\">(m\u00e1s informaci\u00f3n)<\/a><\/strong><\/td>\n<\/tr>\n<\/tbody>\n<\/table>\n<table style=\"height: 41px\" width=\"786\">\n<tbody>\n<tr>\n<td style=\"width: 385px;vertical-align: top\">\n<p style=\"text-align: justify\"><span style=\"color: #800000;font-size: 14pt\"><strong>Impromondo en Cerro Leones<br \/>\n<\/strong><\/span>El martes 1 de noviembre se present\u00f3 IMPROMONDO, espect\u00e1culo de improvisaci\u00f3n del Grupo PROYECTO MONDO en la Escuela Secundaria 16 de Cerro Leones. Esta presentaci\u00f3n forma parte del \u201cProyecto Formaci\u00f3n &#8230;..\u00a0<a href=\"https:\/\/www.arte.unicen.edu.ar\/sustentarte\/index.php\/actividades\/proyecto-spu\/2017-2\/impromondo-en-cerro-leones\/\" target=\"_blank\" rel=\"noopener\"><strong>(m\u00e1s informaci\u00f3n)<\/strong><\/a><\/p>\n<\/td>\n<td style=\"width: 385px\"><img decoding=\"async\" loading=\"lazy\" class=\"aligncenter wp-image-390\" src=\"https:\/\/www.arte.unicen.edu.ar\/sustentarte\/wp-content\/uploads\/2018\/10\/MG_7119-300x200.jpg\" alt=\"\" width=\"400\" height=\"267\" srcset=\"https:\/\/www.arte.unicen.edu.ar\/sustentarte\/wp-content\/uploads\/2018\/10\/MG_7119-300x200.jpg 300w, https:\/\/www.arte.unicen.edu.ar\/sustentarte\/wp-content\/uploads\/2018\/10\/MG_7119-768x512.jpg 768w, https:\/\/www.arte.unicen.edu.ar\/sustentarte\/wp-content\/uploads\/2018\/10\/MG_7119-1024x683.jpg 1024w, https:\/\/www.arte.unicen.edu.ar\/sustentarte\/wp-content\/uploads\/2018\/10\/MG_7119-600x400.jpg 600w\" sizes=\"(max-width: 400px) 100vw, 400px\" \/><\/td>\n<\/tr>\n<\/tbody>\n<\/table>\n<table style=\"height: 41px\" width=\"786\">\n<tbody>\n<tr>\n<td style=\"width: 385px\"><img decoding=\"async\" loading=\"lazy\" class=\"aligncenter wp-image-387\" src=\"https:\/\/www.arte.unicen.edu.ar\/sustentarte\/wp-content\/uploads\/2018\/10\/MG_6548-300x200.jpg\" alt=\"\" width=\"400\" height=\"267\" srcset=\"https:\/\/www.arte.unicen.edu.ar\/sustentarte\/wp-content\/uploads\/2018\/10\/MG_6548-300x200.jpg 300w, https:\/\/www.arte.unicen.edu.ar\/sustentarte\/wp-content\/uploads\/2018\/10\/MG_6548-768x512.jpg 768w, https:\/\/www.arte.unicen.edu.ar\/sustentarte\/wp-content\/uploads\/2018\/10\/MG_6548-1024x683.jpg 1024w, https:\/\/www.arte.unicen.edu.ar\/sustentarte\/wp-content\/uploads\/2018\/10\/MG_6548-600x400.jpg 600w\" sizes=\"(max-width: 400px) 100vw, 400px\" \/><\/td>\n<td style=\"width: 385px;vertical-align: top;text-align: justify\"><span style=\"color: #800000;font-size: 14pt\"><strong>Tu cuna fue un Conventillo en el Barrio Arco Iris<br \/>\n<\/strong><\/span>El martes 24 de octubre en el S.U.M. de la Escuela N\u00ba 7 \u201cRoberto Dabid\u00f3s\u201d del Barrio Arco Iris se present\u00f3 la funci\u00f3n de \u201cTu cuna fue un conventillo\u201d (de Alberto Vacarezza) a cargo del elenco Valorarte dirigido por Cristina Carone (graduada de la Facultad de Arte), para todos los alumnos del turno tarde del establecimiento&#8230; <strong><a href=\"https:\/\/www.arte.unicen.edu.ar\/sustentarte\/index.php\/actividades\/proyecto-spu\/2017-2\/tu-cuna-fue-un-conventillo-en-el-barrio-arco-iris\/\" target=\"_blank\" rel=\"noopener\">(m\u00e1s informaci\u00f3n)<\/a><\/strong><\/td>\n<\/tr>\n<\/tbody>\n<\/table>\n<table style=\"height: 41px\" width=\"786\">\n<tbody>\n<tr>\n<td style=\"width: 385px;vertical-align: top\">\n<p style=\"text-align: justify\"><span style=\"color: #800000;font-size: 14pt\"><strong>Marf\u00edn Tierro en Villa Gaucho<br \/>\n<\/strong><\/span>El lunes 25 de septiembre en el gimnasio de la Escuela N\u00ba 14 de Villa Gaucho se present\u00f3 la funci\u00f3n de \u201cMarf\u00edn Tierro\u201d (una versi\u00f3n infiel) del elenco de a \u00d1ata Roja, para todos los alumnos del turno ma\u00f1ana del establecimiento. &#8230;..\u00a0<a href=\"https:\/\/www.arte.unicen.edu.ar\/sustentarte\/index.php\/actividades\/proyecto-spu\/2017-2\/martin-fierro-en-villa-gaucho\/\"><strong>(m\u00e1s informaci\u00f3n)<\/strong><\/a><\/p>\n<\/td>\n<td style=\"width: 385px\"><img decoding=\"async\" loading=\"lazy\" class=\"aligncenter wp-image-384\" src=\"https:\/\/www.arte.unicen.edu.ar\/sustentarte\/wp-content\/uploads\/2018\/10\/MG_7647-300x200.jpg\" alt=\"\" width=\"400\" height=\"267\" srcset=\"https:\/\/www.arte.unicen.edu.ar\/sustentarte\/wp-content\/uploads\/2018\/10\/MG_7647-300x200.jpg 300w, https:\/\/www.arte.unicen.edu.ar\/sustentarte\/wp-content\/uploads\/2018\/10\/MG_7647-768x512.jpg 768w, https:\/\/www.arte.unicen.edu.ar\/sustentarte\/wp-content\/uploads\/2018\/10\/MG_7647-1024x683.jpg 1024w, https:\/\/www.arte.unicen.edu.ar\/sustentarte\/wp-content\/uploads\/2018\/10\/MG_7647-600x400.jpg 600w\" sizes=\"(max-width: 400px) 100vw, 400px\" \/><\/td>\n<\/tr>\n<\/tbody>\n<\/table>\n<p style=\"text-align: right\"><a href=\"https:\/\/www.arte.unicen.edu.ar\/sustentarte\/index.php\/actividades\/proyecto-spu\/2017-2\/2017-continuacion\/\"><em><strong>Continuaci\u00f3n<\/strong><\/em><\/a><\/p>\n<\/div>\n<\/div>\n<\/div>\n","protected":false},"excerpt":{"rendered":"<p>&nbsp; ANIMAIZ en la sala La F\u00e1brica El mi\u00e9rcoles 23 de noviembre el teatro La Fabrica (Pinto 367) fue una fiesta. A las 10 de la ma\u00f1ana el hall era [&hellip;]<\/p>\n","protected":false},"author":1,"featured_media":0,"parent":1376,"menu_order":0,"comment_status":"closed","ping_status":"closed","template":"","meta":{"_mi_skip_tracking":false,"_exactmetrics_sitenote_active":false,"_exactmetrics_sitenote_note":"","_exactmetrics_sitenote_category":0},"_links":{"self":[{"href":"https:\/\/www.arte.unicen.edu.ar\/sustentarte\/index.php\/wp-json\/wp\/v2\/pages\/315"}],"collection":[{"href":"https:\/\/www.arte.unicen.edu.ar\/sustentarte\/index.php\/wp-json\/wp\/v2\/pages"}],"about":[{"href":"https:\/\/www.arte.unicen.edu.ar\/sustentarte\/index.php\/wp-json\/wp\/v2\/types\/page"}],"author":[{"embeddable":true,"href":"https:\/\/www.arte.unicen.edu.ar\/sustentarte\/index.php\/wp-json\/wp\/v2\/users\/1"}],"replies":[{"embeddable":true,"href":"https:\/\/www.arte.unicen.edu.ar\/sustentarte\/index.php\/wp-json\/wp\/v2\/comments?post=315"}],"version-history":[{"count":4,"href":"https:\/\/www.arte.unicen.edu.ar\/sustentarte\/index.php\/wp-json\/wp\/v2\/pages\/315\/revisions"}],"predecessor-version":[{"id":1772,"href":"https:\/\/www.arte.unicen.edu.ar\/sustentarte\/index.php\/wp-json\/wp\/v2\/pages\/315\/revisions\/1772"}],"up":[{"embeddable":true,"href":"https:\/\/www.arte.unicen.edu.ar\/sustentarte\/index.php\/wp-json\/wp\/v2\/pages\/1376"}],"wp:attachment":[{"href":"https:\/\/www.arte.unicen.edu.ar\/sustentarte\/index.php\/wp-json\/wp\/v2\/media?parent=315"}],"curies":[{"name":"wp","href":"https:\/\/api.w.org\/{rel}","templated":true}]}}