{"id":219,"date":"2018-10-01T09:54:22","date_gmt":"2018-10-01T12:54:22","guid":{"rendered":"https:\/\/www.arte.unicen.edu.ar\/sustentarte\/?page_id=219"},"modified":"2018-11-30T11:09:25","modified_gmt":"2018-11-30T14:09:25","slug":"capacitaciones","status":"publish","type":"page","link":"https:\/\/www.arte.unicen.edu.ar\/sustentarte\/index.php\/servicios\/capacitacion\/capacitaciones\/","title":{"rendered":"Capacitaciones realizadas"},"content":{"rendered":"<p>&nbsp;<\/p>\n<table style=\"height: 41px\" width=\"786\">\n<tbody>\n<tr style=\"height: 136px\">\n<td style=\"width: 385px;height: 136px\">\n<p style=\"text-align: justify;background: #FEFEFE;vertical-align: baseline;margin: 0cm 0cm 13.5pt 0cm\"><span style=\"font-size: 12pt\"><strong style=\"font-family: inherit;background-color: #ffffff;color: #800000;text-align: start\"><span style=\"font-size: 14pt\">Participaci\u00f3n de la Incubadora Sustentarte en la JEM<\/span><br \/>\n<\/strong><\/span><strong style=\"font-family: inherit;font-size: inherit;background-color: #ffffff;color: #800000;text-align: start\"><span style=\"font-size: 14pt\"><span style=\"font-size: 10pt\">27\/04\/2018<br \/>\n<\/span><\/span><\/strong><span style=\"font-family: Arial, sans-serif;font-size: 12pt\">Del 25 al 27 de abril se desarrollaron las VI Jornadas de Extensi\u00f3n del Mercosur. La Incubadora Sustentarte presento el proyecto denominado \u201cLa formaci\u00f3n de nuevos espectadores teatrales en la educaci\u00f3n formal\u201d. Autores Edit Rondinone y Rub\u00e9n Maidana. Integrantes de la Facultad de Arte participaron en diversos espacios de discusi\u00f3n y trabajo grupal, en el marco de: Conversatorios, Conferencias y Paneles, Talleres participativo, Foros de discusi\u00f3n, Charlas Debate, Workshops de trabajo, Encuentros \/ Reuniones y Multiespacios.\u00a0<strong><a href=\"https:\/\/www.flickr.com\/photos\/136767831@N03\/sets\/72157690355027410\/\" target=\"_blank\" rel=\"noopener\">(Ver fotos)<\/a><\/strong><\/span><strong style=\"font-family: inherit;font-size: inherit;background-color: #ffffff;color: #800000;text-align: start\"><span style=\"font-size: 14pt\"><span style=\"font-size: 10pt\"><br \/>\n<\/span><\/span><\/strong><\/p>\n<\/td>\n<\/tr>\n<\/tbody>\n<\/table>\n<p>&nbsp;<\/p>\n<table style=\"height: 41px\" width=\"786\">\n<tbody>\n<tr>\n<td style=\"width: 385px\"><span style=\"color: #800000\"><strong><span style=\"font-size: 14pt\">Cl\u00ednica de Clown con Enrique Federman<br \/>\n<span style=\"font-size: 10pt\">26\/11\/2017<\/span><\/span><\/strong><\/span><img decoding=\"async\" loading=\"lazy\" class=\"aligncenter wp-image-507\" src=\"https:\/\/www.arte.unicen.edu.ar\/sustentarte\/wp-content\/uploads\/2018\/10\/Afiche-cl\u00ednica-clown-212x300.jpg\" alt=\"\" width=\"300\" height=\"424\" srcset=\"https:\/\/www.arte.unicen.edu.ar\/sustentarte\/wp-content\/uploads\/2018\/10\/Afiche-cl\u00ednica-clown-212x300.jpg 212w, https:\/\/www.arte.unicen.edu.ar\/sustentarte\/wp-content\/uploads\/2018\/10\/Afiche-cl\u00ednica-clown-768x1086.jpg 768w, https:\/\/www.arte.unicen.edu.ar\/sustentarte\/wp-content\/uploads\/2018\/10\/Afiche-cl\u00ednica-clown-724x1024.jpg 724w, https:\/\/www.arte.unicen.edu.ar\/sustentarte\/wp-content\/uploads\/2018\/10\/Afiche-cl\u00ednica-clown.jpg 794w\" sizes=\"(max-width: 300px) 100vw, 300px\" \/><img decoding=\"async\" loading=\"lazy\" class=\"aligncenter wp-image-508\" src=\"https:\/\/www.arte.unicen.edu.ar\/sustentarte\/wp-content\/uploads\/2018\/10\/Foto-clinica-clown-1-300x300.jpg\" alt=\"\" width=\"300\" height=\"300\" srcset=\"https:\/\/www.arte.unicen.edu.ar\/sustentarte\/wp-content\/uploads\/2018\/10\/Foto-clinica-clown-1-300x300.jpg 300w, https:\/\/www.arte.unicen.edu.ar\/sustentarte\/wp-content\/uploads\/2018\/10\/Foto-clinica-clown-1-150x150.jpg 150w, https:\/\/www.arte.unicen.edu.ar\/sustentarte\/wp-content\/uploads\/2018\/10\/Foto-clinica-clown-1.jpg 500w\" sizes=\"(max-width: 300px) 100vw, 300px\" \/><img decoding=\"async\" loading=\"lazy\" class=\"aligncenter wp-image-509\" src=\"https:\/\/www.arte.unicen.edu.ar\/sustentarte\/wp-content\/uploads\/2018\/10\/Foto-clinica-de-clown-300x300.jpg\" alt=\"\" width=\"300\" height=\"300\" srcset=\"https:\/\/www.arte.unicen.edu.ar\/sustentarte\/wp-content\/uploads\/2018\/10\/Foto-clinica-de-clown-300x300.jpg 300w, https:\/\/www.arte.unicen.edu.ar\/sustentarte\/wp-content\/uploads\/2018\/10\/Foto-clinica-de-clown-150x150.jpg 150w, https:\/\/www.arte.unicen.edu.ar\/sustentarte\/wp-content\/uploads\/2018\/10\/Foto-clinica-de-clown.jpg 500w\" sizes=\"(max-width: 300px) 100vw, 300px\" \/><\/td>\n<td style=\"width: 385px;vertical-align: top;text-align: justify\">\n<p style=\"text-align: justify;background: #FEFEFE;vertical-align: baseline;margin: 0cm 0cm 13.5pt 0cm\"><span lang=\"ES\" style=\"font-size: 12pt;font-family: Arial, sans-serif\"><span style=\"font-family: Arial, sans-serif\">Esta propuesta se desarroll\u00f3 a partir del trabajo compartido entre Proyeto MONDO y la Incubadora SustentArte, contando con la gesti\u00f3n de un subsidio de asistencia t\u00e9cnica que el Instituto Nacional del trabajo otorga a grupos independientes. \u00a0Se llev\u00f3 a cabo los d\u00edas s\u00e1bado 25 y domingo 26 de noviembre en La \u00d1ata Roja (Buz\u00f3n 1057), con una carga total de catorce (14) horas reloj.<br \/>\n<\/span><\/span><span lang=\"ES\" style=\"font-size: 12pt;font-family: Arial, sans-serif\">La \u201cCl\u00ednica de Clown\u201d fue coordinada por\u00a0el actor\u00a0Enrique Federman con el objetivo de \u00a0mostrar n\u00fameros de clown acabados o en proceso para trabajar su potencialidad.\u00a0La convocatoria fue cerrada y estuvo dirigida a quienes ten\u00edan experiencia en la disciplina. Asistieron 20 personas de diferentes instituciones (estudiantes y graduados de la Facultad de Arte y alumnos de la \u00d1ata Roja) y de distintas ciudades de la zona.<br \/>\n<\/span><span lang=\"ES\" style=\"font-size: 12pt;font-family: Arial, sans-serif\">La din\u00e1mica de la Cl\u00ednica apunt\u00f3 a la creaci\u00f3n colectiva, entendida como una instancia de enriquecimiento mutuo, donde cada asistente present\u00f3 su n\u00famero y, una vez finalizado, recibi\u00f3 sugerencias tanto del coordinador como de los dem\u00e1s asistentes.<br \/>\n<\/span><span lang=\"ES\" style=\"font-size: 12pt;font-family: Arial, sans-serif\">Este encuentro fue un primer acercamiento al trabajo de cada participante, con la proyecci\u00f3n de generar una segunda instancia donde presentar los n\u00fameros re-trabajados, a modo de cierre y con el deseo de poder\u00a0compartirlos a p\u00fablico abierto en una Variet\u00e9.<br \/>\n<\/span><span lang=\"ES\" style=\"font-size: 12pt;font-family: Arial, sans-serif\">Agradecemos a Gast\u00f3n Dubini, \u00a0de Proyecto MONDO, \u00a0por la informaci\u00f3n compartida en esta nota y a Constanza Tomasone, de la\u00a0Incubadora SustentArte, por la im\u00e1genes que se ven a continuaci\u00f3n.<\/span><\/p>\n<\/td>\n<\/tr>\n<\/tbody>\n<\/table>\n<p class=\"western\" style=\"text-align: justify;background: #FEFEFE;vertical-align: baseline;margin: 0cm 0cm 13.5pt 0cm\"><span lang=\"ES\" style=\"font-size: 12pt;font-family: Arial, sans-serif\">\u00a0<\/span><\/p>\n<table style=\"height: 41px\" width=\"786\">\n<tbody>\n<tr style=\"height: 136px\">\n<td style=\"width: 385px;height: 136px;text-align: justify\"><span style=\"font-size: 12pt\"><strong style=\"font-family: inherit;background-color: #ffffff;color: #800000;text-align: start\"><span style=\"font-size: 14pt\">CAMPUS CULTURAL TANDIL<br \/>\nCiudad de Tandil &#8211; Del 2 al 5 de julio de 2018<\/span><\/strong><\/span><span style=\"font-family: Arial, sans-serif;font-size: 12pt\"><br \/>\nCampus Cultural Tandil recibi\u00f3 el apoyo y la colaboraci\u00f3n del equipo de la Incubadora Sustentarte adem\u00e1s de capacitarse en las diversas propuestas.\u00a0<\/span><span style=\"font-family: Arial, sans-serif;font-size: 12pt\">Organizado por el Ministerio de Cultura de la Naci\u00f3n en conjunto con el Municipio de la ciudad y la Universidad Nacional del Centro de la Provincia de Buenos Aires, Campus Cultural Tandil funciona como una caja de herramientas para fortalecer el trabajo de artistas, gestores, emprendedores, productores, hacedores, aficionados, estudiantes y agentes culturales de las diversas disciplinas art\u00edsticas y creativas, con el foco puesto en los mercados e industrias creativas. <a href=\"https:\/\/www.arte.unicen.edu.ar\/sustentarte\/wp-content\/uploads\/2018\/10\/PROGRAMA-DIGITAL-CAMPUS-CULTURAL-TANDIL.pdf\" target=\"_blank\" rel=\"noopener\">(Descarga programa digital)<\/a><br \/>\n<\/span><\/td>\n<\/tr>\n<\/tbody>\n<\/table>\n<p>&nbsp;<\/p>\n<table style=\"height: 41px\" width=\"786\">\n<tbody>\n<tr style=\"height: 136px\">\n<td style=\"width: 385px;height: 136px;text-align: justify\"><span style=\"font-size: 12pt\"><strong style=\"font-family: inherit;background-color: #ffffff;color: #800000;text-align: start\"><span style=\"font-size: 14pt\">ARTE EN COM\u00daN. UN ENCUENTRO ENTRE PROYECTOS DE\u00a0EXTENSI\u00d3N<\/span><\/strong><\/span><\/p>\n<p>La Secretar\u00eda de Extensi\u00f3n organiz\u00f3 \u00a0un encuentro para conocer los proyectos de extensi\u00f3n de Arte. Los referentes de cada proyecto presentaron sus recorridos, objetivos, fundamentos, actividades y din\u00e1micas de trabajo, hay proyectos que tienen trabajo previo y otros que se pusieron en marcha este a\u00f1o. A su vez, compartieron la articulaci\u00f3n realizada con diferentes espacios de la comunidad y en articulaci\u00f3n con diversos actores y organizaciones.El objetivo del encuentro fue favorecer el conocimiento de dichos proyectos y, al mismo tiempo, generar un encuentro de intercambio y di\u00e1logo con interesados\/as en la extensi\u00f3n universitaria. Se llev\u00f3 a cabo el\u00a0jueves 3 de mayo a las 18:30 hs. en Aula 2\u00a0de la Facultad de Arte -9 de julio 430-<br \/>\n<span style=\"font-family: Arial, sans-serif;font-size: 12pt\"><br \/>\n<\/span><\/td>\n<\/tr>\n<\/tbody>\n<\/table>\n<p>&nbsp;<\/p>\n<p>&nbsp;<\/p>\n","protected":false},"excerpt":{"rendered":"<p>&nbsp; Participaci\u00f3n de la Incubadora Sustentarte en la JEM 27\/04\/2018 Del 25 al 27 de abril se desarrollaron las VI Jornadas de Extensi\u00f3n del Mercosur. La Incubadora Sustentarte presento el [&hellip;]<\/p>\n","protected":false},"author":1,"featured_media":0,"parent":622,"menu_order":0,"comment_status":"closed","ping_status":"closed","template":"","meta":{"_mi_skip_tracking":false,"_exactmetrics_sitenote_active":false,"_exactmetrics_sitenote_note":"","_exactmetrics_sitenote_category":0},"_links":{"self":[{"href":"https:\/\/www.arte.unicen.edu.ar\/sustentarte\/index.php\/wp-json\/wp\/v2\/pages\/219"}],"collection":[{"href":"https:\/\/www.arte.unicen.edu.ar\/sustentarte\/index.php\/wp-json\/wp\/v2\/pages"}],"about":[{"href":"https:\/\/www.arte.unicen.edu.ar\/sustentarte\/index.php\/wp-json\/wp\/v2\/types\/page"}],"author":[{"embeddable":true,"href":"https:\/\/www.arte.unicen.edu.ar\/sustentarte\/index.php\/wp-json\/wp\/v2\/users\/1"}],"replies":[{"embeddable":true,"href":"https:\/\/www.arte.unicen.edu.ar\/sustentarte\/index.php\/wp-json\/wp\/v2\/comments?post=219"}],"version-history":[{"count":4,"href":"https:\/\/www.arte.unicen.edu.ar\/sustentarte\/index.php\/wp-json\/wp\/v2\/pages\/219\/revisions"}],"predecessor-version":[{"id":964,"href":"https:\/\/www.arte.unicen.edu.ar\/sustentarte\/index.php\/wp-json\/wp\/v2\/pages\/219\/revisions\/964"}],"up":[{"embeddable":true,"href":"https:\/\/www.arte.unicen.edu.ar\/sustentarte\/index.php\/wp-json\/wp\/v2\/pages\/622"}],"wp:attachment":[{"href":"https:\/\/www.arte.unicen.edu.ar\/sustentarte\/index.php\/wp-json\/wp\/v2\/media?parent=219"}],"curies":[{"name":"wp","href":"https:\/\/api.w.org\/{rel}","templated":true}]}}