{"id":213,"date":"2018-10-01T09:52:39","date_gmt":"2018-10-01T12:52:39","guid":{"rendered":"https:\/\/www.arte.unicen.edu.ar\/sustentarte\/?page_id=213"},"modified":"2020-08-13T15:06:43","modified_gmt":"2020-08-13T18:06:43","slug":"laburatorio","status":"publish","type":"page","link":"https:\/\/www.arte.unicen.edu.ar\/sustentarte\/index.php\/actividades\/laburatorio\/","title":{"rendered":"Laburatorios"},"content":{"rendered":"<p><strong>\u00bfQu\u00e9 es el LABURATORIO?<\/strong><\/p>\n<table style=\"height: 54px\" width=\"804\">\n<tbody>\n<tr>\n<td style=\"width: 394px\"><img decoding=\"async\" loading=\"lazy\" class=\"aligncenter wp-image-448\" src=\"https:\/\/www.arte.unicen.edu.ar\/sustentarte\/wp-content\/uploads\/2018\/10\/lab-II-300x202.jpg\" alt=\"\" width=\"400\" height=\"269\" srcset=\"https:\/\/www.arte.unicen.edu.ar\/sustentarte\/wp-content\/uploads\/2018\/10\/lab-II-300x202.jpg 300w, https:\/\/www.arte.unicen.edu.ar\/sustentarte\/wp-content\/uploads\/2018\/10\/lab-II-768x516.jpg 768w, https:\/\/www.arte.unicen.edu.ar\/sustentarte\/wp-content\/uploads\/2018\/10\/lab-II.jpg 960w\" sizes=\"(max-width: 400px) 100vw, 400px\" \/><\/td>\n<td style=\"width: 394px\"><img decoding=\"async\" loading=\"lazy\" class=\"aligncenter wp-image-449\" src=\"https:\/\/www.arte.unicen.edu.ar\/sustentarte\/wp-content\/uploads\/2018\/10\/lab-III-300x200.jpg\" alt=\"\" width=\"400\" height=\"267\" srcset=\"https:\/\/www.arte.unicen.edu.ar\/sustentarte\/wp-content\/uploads\/2018\/10\/lab-III-300x200.jpg 300w, https:\/\/www.arte.unicen.edu.ar\/sustentarte\/wp-content\/uploads\/2018\/10\/lab-III-768x512.jpg 768w, https:\/\/www.arte.unicen.edu.ar\/sustentarte\/wp-content\/uploads\/2018\/10\/lab-III-600x400.jpg 600w, https:\/\/www.arte.unicen.edu.ar\/sustentarte\/wp-content\/uploads\/2018\/10\/lab-III.jpg 960w\" sizes=\"(max-width: 400px) 100vw, 400px\" \/><\/td>\n<\/tr>\n<tr>\n<td style=\"width: 394px\"><img decoding=\"async\" loading=\"lazy\" class=\"aligncenter wp-image-451\" src=\"https:\/\/www.arte.unicen.edu.ar\/sustentarte\/wp-content\/uploads\/2018\/10\/lab-300x200.jpg\" alt=\"\" width=\"400\" height=\"267\" srcset=\"https:\/\/www.arte.unicen.edu.ar\/sustentarte\/wp-content\/uploads\/2018\/10\/lab-300x200.jpg 300w, https:\/\/www.arte.unicen.edu.ar\/sustentarte\/wp-content\/uploads\/2018\/10\/lab-768x512.jpg 768w, https:\/\/www.arte.unicen.edu.ar\/sustentarte\/wp-content\/uploads\/2018\/10\/lab-600x400.jpg 600w, https:\/\/www.arte.unicen.edu.ar\/sustentarte\/wp-content\/uploads\/2018\/10\/lab.jpg 960w\" sizes=\"(max-width: 400px) 100vw, 400px\" \/><\/td>\n<td style=\"width: 394px\"><img decoding=\"async\" loading=\"lazy\" class=\"aligncenter wp-image-450\" src=\"https:\/\/www.arte.unicen.edu.ar\/sustentarte\/wp-content\/uploads\/2018\/10\/lab-IIII-300x200.jpg\" alt=\"\" width=\"400\" height=\"267\" srcset=\"https:\/\/www.arte.unicen.edu.ar\/sustentarte\/wp-content\/uploads\/2018\/10\/lab-IIII-300x200.jpg 300w, https:\/\/www.arte.unicen.edu.ar\/sustentarte\/wp-content\/uploads\/2018\/10\/lab-IIII-768x512.jpg 768w, https:\/\/www.arte.unicen.edu.ar\/sustentarte\/wp-content\/uploads\/2018\/10\/lab-IIII-600x400.jpg 600w, https:\/\/www.arte.unicen.edu.ar\/sustentarte\/wp-content\/uploads\/2018\/10\/lab-IIII.jpg 960w\" sizes=\"(max-width: 400px) 100vw, 400px\" \/><\/td>\n<\/tr>\n<\/tbody>\n<\/table>\n<p style=\"text-align: justify\">Se basa en las dos definiciones, en donde Laboratorio es \u201ccualquier lugar o realidad en la cual se elabora algo o se experimenta\u201d; y Laburo es \u201cTrabajo que realiza una persona y tambi\u00e9n el lugar de trabajo de una persona.<br \/>\nDesde ah\u00ed entonces, la idea del LABURATORIO, es la creaci\u00f3n de un espacio- espect\u00e1culo que nos junte a todos los integrantes de la comunidad de nuestra Facultad, y a los artistas de la ciudad de Tandil que quieran participar.<br \/>\nLa intenci\u00f3n es la de poder conjugar en ese espacio, un \u201claboratorio de laburos\u201d donde se puedan presentar trabajos a\u00fan no terminados; trabajos que merecen ser mostrados; trabajos que quieran ser mostrados; trabajos que quieran trascender el espacio de muestra de una c\u00e1tedra; trabajos que quieran mostrarse a mas p\u00fablico y no solo a nuestros compa\u00f1eros.<br \/>\nUn espacio- espect\u00e1culo que invite a que todos nos veamos y mostremos. Por eso la convocatoria a todos aquellos que quieran. La posibilidad para todos los alumnos, docentes, artistas de diferentes disciplinas (m\u00fasica, teatro, cine, video, danza, canto, artes pl\u00e1sticas, circo); para enfrentar el escenario; para que nos vean; para ver; para tener un lugar de comuni\u00f3n abierto a todo el p\u00fablico.<br \/>\nY que tambi\u00e9n sea espacio-espect\u00e1culo de dignificaci\u00f3n del trabajo art\u00edstico, as\u00ed la entrada ser\u00e1 con sistema a la gorra. Invitando a todos para que nadie quede afuera, pero valorando lo que se hace. Con la premisa: Si no pod\u00e9s poner nada, sos nuestro invitado, pero si pod\u00e9s, valor\u00e1 vos mismo nuestro trabajo.<br \/>\nLa organizaci\u00f3n es de la Secretar\u00eda de Extensi\u00f3n de La Facultad de Arte, la INCUBADORA DE ARTE SUSTENTARTE y la coordinaci\u00f3n general esta a cargo de Pepo Sanzano.<\/p>\n<p><strong><a href=\"https:\/\/www.arte.unicen.edu.ar\/sustentarte\/index.php\/proyectos\/formulario-proyectos\/\">Complete el Formulario&lt;&lt;&lt;&lt;&lt;Haga click aqui<\/a><\/strong><\/p>\n<table style=\"height: 41px\" width=\"786\">\n<tbody>\n<tr>\n<td style=\"width: 385px\"><img decoding=\"async\" loading=\"lazy\" class=\"aligncenter wp-image-812\" src=\"https:\/\/www.arte.unicen.edu.ar\/sustentarte\/wp-content\/uploads\/2018\/11\/IMG_4352-300x200.jpg\" alt=\"\" width=\"400\" height=\"267\" srcset=\"https:\/\/www.arte.unicen.edu.ar\/sustentarte\/wp-content\/uploads\/2018\/11\/IMG_4352-300x200.jpg 300w, https:\/\/www.arte.unicen.edu.ar\/sustentarte\/wp-content\/uploads\/2018\/11\/IMG_4352-768x512.jpg 768w, https:\/\/www.arte.unicen.edu.ar\/sustentarte\/wp-content\/uploads\/2018\/11\/IMG_4352-1024x683.jpg 1024w, https:\/\/www.arte.unicen.edu.ar\/sustentarte\/wp-content\/uploads\/2018\/11\/IMG_4352-600x400.jpg 600w\" sizes=\"(max-width: 400px) 100vw, 400px\" \/><\/td>\n<td style=\"width: 385px;vertical-align: top;text-align: justify\"><span style=\"color: #800000;font-size: 14pt\"><strong>Laburatorio.\u00a0\u00a0<span style=\"font-size: 10pt\">21-06-2018<\/span><br \/>\n<\/strong><\/span>El jueves 21 de junio 20:30hs. en la Sala La F\u00e1brica (Pinto 367), con entrada libre y gratuita, se present\u00f3 \u00a0la primera muestra 2018 \u201cLaburatorio\u201d\u00a0un espacio- espect\u00e1culo para el encuentro y la creaci\u00f3n. Organizado por la Incubadora de Arte de la\u00a0Secretar\u00eda de Extensi\u00f3n &#8230;.\u00a0 <strong><a href=\"https:\/\/www.arte.unicen.edu.ar\/primera-muestra-laburatorio-2018\/\" target=\"_blank\" rel=\"noopener\">(m\u00e1s informaci\u00f3n)<\/a><\/strong><\/td>\n<\/tr>\n<\/tbody>\n<\/table>\n<div class=\"clearfix _42ef\">\n<table style=\"height: 41px\" width=\"786\">\n<tbody>\n<tr>\n<td style=\"width: 385px;vertical-align: top\">\n<p style=\"text-align: justify\"><span style=\"color: #800000;font-size: 14pt\"><strong>Laburatorio. <span style=\"font-size: 10pt\">23-08-2018<\/span><br \/>\n<\/strong><\/span>La sala teatral \u201cLa F\u00e1brica\u201d fue el escenario del segundo \u201cLaburatorio\u201d del a\u00f1o, un espacio de encuentro y creaci\u00f3n art\u00edstica que se celebr\u00f3 el\u00a0jueves 23 de agosto, desde las 20:30hs., con entrada libre y a la gorra.\u00a0Cont\u00f3 con la organizaci\u00f3n de la Incubadora de Arte de la\u00a0Secretar\u00eda de Extensi\u00f3n y est\u00e1 prevista&#8230;\u00a0\u00a0<strong><a href=\"https:\/\/www.arte.unicen.edu.ar\/laburatorio-en-el-mes-de-agosto\/\" target=\"_blank\" rel=\"noopener\">(m\u00e1s informaci\u00f3n)<\/a><\/strong><\/p>\n<\/td>\n<td style=\"width: 385px\"><img decoding=\"async\" loading=\"lazy\" class=\"aligncenter wp-image-813\" src=\"https:\/\/www.arte.unicen.edu.ar\/sustentarte\/wp-content\/uploads\/2018\/11\/LABURATORIOII-20-300x200.jpg\" alt=\"\" width=\"400\" height=\"267\" srcset=\"https:\/\/www.arte.unicen.edu.ar\/sustentarte\/wp-content\/uploads\/2018\/11\/LABURATORIOII-20-300x200.jpg 300w, https:\/\/www.arte.unicen.edu.ar\/sustentarte\/wp-content\/uploads\/2018\/11\/LABURATORIOII-20-768x512.jpg 768w, https:\/\/www.arte.unicen.edu.ar\/sustentarte\/wp-content\/uploads\/2018\/11\/LABURATORIOII-20-1024x683.jpg 1024w, https:\/\/www.arte.unicen.edu.ar\/sustentarte\/wp-content\/uploads\/2018\/11\/LABURATORIOII-20-600x400.jpg 600w\" sizes=\"(max-width: 400px) 100vw, 400px\" \/><\/td>\n<\/tr>\n<\/tbody>\n<\/table>\n<table style=\"height: 41px\" width=\"786\">\n<tbody>\n<tr>\n<td style=\"width: 385px\"><img decoding=\"async\" loading=\"lazy\" class=\"aligncenter wp-image-802\" src=\"https:\/\/www.arte.unicen.edu.ar\/sustentarte\/wp-content\/uploads\/2018\/11\/variete3-300x200.jpg\" alt=\"\" width=\"400\" height=\"267\" srcset=\"https:\/\/www.arte.unicen.edu.ar\/sustentarte\/wp-content\/uploads\/2018\/11\/variete3-300x200.jpg 300w, https:\/\/www.arte.unicen.edu.ar\/sustentarte\/wp-content\/uploads\/2018\/11\/variete3-768x512.jpg 768w, https:\/\/www.arte.unicen.edu.ar\/sustentarte\/wp-content\/uploads\/2018\/11\/variete3-1024x683.jpg 1024w, https:\/\/www.arte.unicen.edu.ar\/sustentarte\/wp-content\/uploads\/2018\/11\/variete3-600x400.jpg 600w, https:\/\/www.arte.unicen.edu.ar\/sustentarte\/wp-content\/uploads\/2018\/11\/variete3.jpg 1800w\" sizes=\"(max-width: 400px) 100vw, 400px\" \/><\/td>\n<td style=\"width: 385px;vertical-align: top;text-align: justify\"><span style=\"color: #800000;font-size: 14pt\"><strong>Laburatorio.\u00a0\u00a0<span style=\"font-size: 10pt\">08-11-2018<\/span><br \/>\n<\/strong><\/span>El tercer y \u00faltimo \u201cLaburatorio\u201d del a\u00f1o se llev\u00f3 el jueves 8 de noviembre a las 20:30hs., en Sala La F\u00e1brica (Pinto 390). Con la organizaci\u00f3n a cargo de la Secretar\u00eda de Extensi\u00f3n de La Facultad de Arte, la Incubadora de Arte SustentArte y &#8230;..\u00a0 <strong><a href=\"https:\/\/www.arte.unicen.edu.ar\/laburatorio-en-la-fabrica\/\" target=\"_blank\" rel=\"noopener\">(m\u00e1s informaci\u00f3n)<\/a><\/strong><\/td>\n<\/tr>\n<\/tbody>\n<\/table>\n<div class=\"clearfix _42ef\"><\/div>\n<\/div>\n<p>&nbsp;<\/p>\n","protected":false},"excerpt":{"rendered":"<p>\u00bfQu\u00e9 es el LABURATORIO? Se basa en las dos definiciones, en donde Laboratorio es \u201ccualquier lugar o realidad en la cual se elabora algo o se experimenta\u201d; y Laburo es [&hellip;]<\/p>\n","protected":false},"author":1,"featured_media":0,"parent":207,"menu_order":0,"comment_status":"closed","ping_status":"closed","template":"","meta":{"_mi_skip_tracking":false,"_exactmetrics_sitenote_active":false,"_exactmetrics_sitenote_note":"","_exactmetrics_sitenote_category":0},"_links":{"self":[{"href":"https:\/\/www.arte.unicen.edu.ar\/sustentarte\/index.php\/wp-json\/wp\/v2\/pages\/213"}],"collection":[{"href":"https:\/\/www.arte.unicen.edu.ar\/sustentarte\/index.php\/wp-json\/wp\/v2\/pages"}],"about":[{"href":"https:\/\/www.arte.unicen.edu.ar\/sustentarte\/index.php\/wp-json\/wp\/v2\/types\/page"}],"author":[{"embeddable":true,"href":"https:\/\/www.arte.unicen.edu.ar\/sustentarte\/index.php\/wp-json\/wp\/v2\/users\/1"}],"replies":[{"embeddable":true,"href":"https:\/\/www.arte.unicen.edu.ar\/sustentarte\/index.php\/wp-json\/wp\/v2\/comments?post=213"}],"version-history":[{"count":4,"href":"https:\/\/www.arte.unicen.edu.ar\/sustentarte\/index.php\/wp-json\/wp\/v2\/pages\/213\/revisions"}],"predecessor-version":[{"id":1802,"href":"https:\/\/www.arte.unicen.edu.ar\/sustentarte\/index.php\/wp-json\/wp\/v2\/pages\/213\/revisions\/1802"}],"up":[{"embeddable":true,"href":"https:\/\/www.arte.unicen.edu.ar\/sustentarte\/index.php\/wp-json\/wp\/v2\/pages\/207"}],"wp:attachment":[{"href":"https:\/\/www.arte.unicen.edu.ar\/sustentarte\/index.php\/wp-json\/wp\/v2\/media?parent=213"}],"curies":[{"name":"wp","href":"https:\/\/api.w.org\/{rel}","templated":true}]}}