{"id":1960,"date":"2020-08-26T06:41:10","date_gmt":"2020-08-26T09:41:10","guid":{"rendered":"https:\/\/www.arte.unicen.edu.ar\/sustentarte\/?page_id=1960"},"modified":"2025-11-10T11:37:23","modified_gmt":"2025-11-10T14:37:23","slug":"concursos","status":"publish","type":"page","link":"https:\/\/www.arte.unicen.edu.ar\/sustentarte\/index.php\/artes-audiovisuales\/concursos\/","title":{"rendered":"Concursos"},"content":{"rendered":"<p><img decoding=\"async\" loading=\"lazy\" src=\"https:\/\/www.arte.unicen.edu.ar\/sustentarte\/wp-content\/uploads\/2020\/07\/medioliston_arte_audiovisuales.png\" alt=\"\" width=\"1649\" height=\"36\" \/><\/p>\n\n\n<figure class=\"wp-block-table aligncenter\"><table><tbody><tr><td class=\"has-text-align-center\" data-align=\"center\"><img decoding=\"async\" style=\"width: 150px;\" src=\"https:\/\/www.arte.unicen.edu.ar\/sustentarte\/wp-content\/uploads\/2025\/11\/competenciaCortometrajes.png\" alt=\"\"><br><strong>COMPETENCIA LATINOAMERICANA DE CORTOMETRAJES ANIMADOS EXPERIMENTALES<\/strong><br><br>El Festival Internacional de Animaci\u00f3n CHILEMONOS celebrar\u00e1 su 15.\u00aa versi\u00f3n, trayendo de regreso una de sus categor\u00edas m\u00e1s innovadoras y creativas, que se enfoca exclusivamente en producciones latinoamericanas, destacando a los talentos de la regi\u00f3n que exploran nuevas propuestas narrativas, visuales y sonoras dentro de la animaci\u00f3n.<br><br>CIERRE: 27 de Febrero 2026.<br><a href=\"https:\/\/chilemonos.cl\/web\/\" data-type=\"URL\" data-id=\"https:\/\/chilemonos.cl\/web\/\">M\u00e1s informaci\u00f3n<\/a><br><\/td><\/tr><\/tbody><\/table><\/figure>\n","protected":false},"excerpt":{"rendered":"<p>COMPETENCIA LATINOAMERICANA DE CORTOMETRAJES ANIMADOS EXPERIMENTALES El Festival Internacional de Animaci\u00f3n CHILEMONOS celebrar\u00e1 su 15.\u00aa versi\u00f3n, trayendo de regreso una de sus categor\u00edas m\u00e1s innovadoras y creativas, que se enfoca [&hellip;]<\/p>\n","protected":false},"author":1,"featured_media":0,"parent":1580,"menu_order":0,"comment_status":"closed","ping_status":"closed","template":"","meta":{"_mi_skip_tracking":false,"_exactmetrics_sitenote_active":false,"_exactmetrics_sitenote_note":"","_exactmetrics_sitenote_category":0},"_links":{"self":[{"href":"https:\/\/www.arte.unicen.edu.ar\/sustentarte\/index.php\/wp-json\/wp\/v2\/pages\/1960"}],"collection":[{"href":"https:\/\/www.arte.unicen.edu.ar\/sustentarte\/index.php\/wp-json\/wp\/v2\/pages"}],"about":[{"href":"https:\/\/www.arte.unicen.edu.ar\/sustentarte\/index.php\/wp-json\/wp\/v2\/types\/page"}],"author":[{"embeddable":true,"href":"https:\/\/www.arte.unicen.edu.ar\/sustentarte\/index.php\/wp-json\/wp\/v2\/users\/1"}],"replies":[{"embeddable":true,"href":"https:\/\/www.arte.unicen.edu.ar\/sustentarte\/index.php\/wp-json\/wp\/v2\/comments?post=1960"}],"version-history":[{"count":1,"href":"https:\/\/www.arte.unicen.edu.ar\/sustentarte\/index.php\/wp-json\/wp\/v2\/pages\/1960\/revisions"}],"predecessor-version":[{"id":11755,"href":"https:\/\/www.arte.unicen.edu.ar\/sustentarte\/index.php\/wp-json\/wp\/v2\/pages\/1960\/revisions\/11755"}],"up":[{"embeddable":true,"href":"https:\/\/www.arte.unicen.edu.ar\/sustentarte\/index.php\/wp-json\/wp\/v2\/pages\/1580"}],"wp:attachment":[{"href":"https:\/\/www.arte.unicen.edu.ar\/sustentarte\/index.php\/wp-json\/wp\/v2\/media?parent=1960"}],"curies":[{"name":"wp","href":"https:\/\/api.w.org\/{rel}","templated":true}]}}