{"id":1780,"date":"2020-08-13T00:49:33","date_gmt":"2020-08-13T03:49:33","guid":{"rendered":"https:\/\/www.arte.unicen.edu.ar\/sustentarte\/?page_id=1780"},"modified":"2020-08-13T00:49:33","modified_gmt":"2020-08-13T03:49:33","slug":"mabelos-good-show","status":"publish","type":"page","link":"https:\/\/www.arte.unicen.edu.ar\/sustentarte\/index.php\/mabelos-good-show\/","title":{"rendered":"MABELOS GOOD SHOW"},"content":{"rendered":"<p style=\"text-align: center\"><span style=\"color: #ff0000;font-size: 14pt\"><strong><u>MABELOS GOOD SHOW<\/u><\/strong><\/span><\/p>\n<p style=\"text-align: justify\">Comenz\u00f3 el proyecto SPU: Formaci\u00f3n de nuevos p\u00fablicos 2019.<br \/>\nLa primer funci\u00f3n del a\u00f1o se dio lugar en la escuela n\u00ba 18, de la ciudad de Tandil. Antes de que lxs artistas lleguen a la escuela, los nuevos espectadores que ser\u00e1n parte de la funci\u00f3n tienen un encuentro previo con docentes de teatro, en el cual establecen las pautas b\u00e1sicas del hacer teatral en s\u00ed. Qui\u00e9nes trabajan, a trav\u00e9s de qu\u00e9 roles vemos dicho trabajo. qu\u00e9 encontramos en lineas generales en una obra de teatro, c\u00f3mo se componen los elencos, qu\u00e9 los atraviesa o motiva, etc. Todo esto, y m\u00e1s, son los conceptos e ideas que manejan lxs alumnxs a la hora de ver teatro. Es suficiente lo agradable que se siente adaptarse al entorno cual camaleones. Nosotrxs llevamos teatro a las escuelas, a todas las que podemos, nos acomodamos, ambientamos de ser necesario o estructural para la obra, y lxs chicxs siempre forman parte de todo esto.<br \/>\nLas ma\u00f1anas que se tornan heladas, moviendo el cuerpo para matar el fr\u00edo, pero ah\u00ed estamos. Nosotrxs, y los primeros alumnxs que perciben nuestra presencia y deambulan chusmeando c\u00f3mo se preparan lxs actores y el equipo.<br \/>\nUna hora de funci\u00f3n, otro buen rato de desmontaje, en la que los chicxs ya rompieron el hielo y se animan a preguntar sin dudarlo. Eso hacemxs, abrir la puerta a las preguntas, al debate, al curioseo constante de c\u00f3mo es estar de ese lado. S\u00ed, del de ser artista y laburar de esto. felices con la primer funci\u00f3n del a\u00f1o, a sabiendas de que pronto estar\u00edamos en Fulton, repitiendo la experiencia, pero renovando caras, ganas, ni\u00f1xs y entusiasmo.<br \/>\nUna ma\u00f1ana de ruta, con el sol que se impon\u00eda y colaboraba a subir los apenas tres grados que hac\u00edan. As\u00ed llegamos a Fulton, y con la misma calidez nos recibieron.<br \/>\nSer\u00e1 que las ma\u00f1anas cargadas de teatro se sienten en el aire, o en el alma. Ser\u00e1 que la expectativa de ver un espect\u00e1culo es tan grande por parte de los chicos, como de la nuestra, que uno apenas llega, ya se siente como en casa. Ser\u00e1 el verde, el pueblo, el cari\u00f1o y la ansiedad, que nos hacen disfrutar plenamente durante toda una ma\u00f1ana.<br \/>\nLxs propixs alumnxs gestionaron la ubicaci\u00f3n de los bancos y colchonetas que iban a usar para ver la obra. Los m\u00e1s chicxs, decidieron jugar a la mancha mientras todo se armaba, y los mabelos no dudaron ni un segundo en sumarse al juego, y hacer la entrada en calor con ellxs.<br \/>\nHoy escuchamos risas y carcajadas de las m\u00e1s genuinas, fuimos parte, todxs nosotrxs de un espect\u00e1culo que no da tregua con la risa, y cr\u00e9anme, le pasa a grandes y a chicxs.<br \/>\nResulta muy loco y extra\u00f1o, a veces, proyectarse en alguien que se est\u00e1 exponiendo ante el p\u00fablico. Se intensifica la presentaci\u00f3n, cuando existe la conexi\u00f3n de la que formamos parte hoy. Se siente la devoluci\u00f3n del publico, se siente el amor. Se nota el rid\u00edculo, y eso nos causa mucha gracia. El teatro nos une, eso se nota, siempre se nota. Nos aglutina en una misma risa, en una misma pregunta, y en el lugar que se genera para la formaci\u00f3n de estos nuevos p\u00fablicos. S\u00ed, lxs alumnxs, lxs que preguntan y analizan, lxs mismxs que r\u00eden much\u00edsimo al ver las acrobacias de los mabelos, o lxs ins\u00f3litos gestos de Nico cuando sostiene el tiempo delante de la gente sin emitir sonido. Los actores nos interpelan, nos hacen formar parte y nos divierten much\u00edsimo.<br \/>\nLos ni\u00f1xs de primaria, que fueron nuestrxs invitadxs a la funci\u00f3n, tomaron la posta absoluta y se hicieron parte tambi\u00e9n de un desmontaje en el que pudimos charlar del c\u00f3mo se proyecta una obra\/espect\u00e1culo, cu\u00e1les son los roles necesarios para pulir y mostrar un show, y dieron cuenta de todas las personas que realmente trabajan en el teatro, y que no son, unicamente, los que vemos en el escenario. Porque esa m\u00edstica teatrera, que quiz\u00e1s nosotros ya conocemos o hemos experimentado, estxs nuevxs espectadores no. Hoy hablamos de clown, de acrobacias, de lo f\u00edsico en el teatro, de las experiencias de lxs actores como tales, de sus viajes, del arte y del amor por lo que hacen. De nuevxs y futurxs proyectos, y de un trabajo constante para siempre sacar lo mejor de cada uno, y que el p\u00fablico pueda ser parte de eso.<br \/>\nMabelos good Show fue un excelente show en la Escuela Tecnica N\u00ba 2 &#8220;Ing. Felipe Senillosa&#8221;, anexo Fulton. Fue risas, muchas risas, tambi\u00e9n fueron preguntas y experiencias de los m\u00e1s chicxs, de lxs que se animarxn sin dudarlx, a hacer algunas acrobacias con Los Mabelos, y a contarnos sus experiencias tambi\u00e9n.<br \/>\nPor esta ma\u00f1ana, por todas las que vienen, y por este nuevo p\u00fablico, que efectivamente estamos formando, que nunca, pero nunca nos falte la risa y el teatro.<\/p>\n<p><img decoding=\"async\" loading=\"lazy\" class=\"alignnone wp-image-1775 aligncenter\" src=\"https:\/\/www.arte.unicen.edu.ar\/sustentarte\/wp-content\/uploads\/2020\/08\/mabelos-300x158.jpg\" alt=\"\" width=\"521\" height=\"274\" srcset=\"https:\/\/www.arte.unicen.edu.ar\/sustentarte\/wp-content\/uploads\/2020\/08\/mabelos-300x158.jpg 300w, https:\/\/www.arte.unicen.edu.ar\/sustentarte\/wp-content\/uploads\/2020\/08\/mabelos-768x405.jpg 768w, https:\/\/www.arte.unicen.edu.ar\/sustentarte\/wp-content\/uploads\/2020\/08\/mabelos-750x395.jpg 750w, https:\/\/www.arte.unicen.edu.ar\/sustentarte\/wp-content\/uploads\/2020\/08\/mabelos.jpg 960w\" sizes=\"(max-width: 521px) 100vw, 521px\" \/><\/p>\n<p><img decoding=\"async\" loading=\"lazy\" class=\" wp-image-1776 aligncenter\" src=\"https:\/\/www.arte.unicen.edu.ar\/sustentarte\/wp-content\/uploads\/2020\/08\/mabelos-1-300x200.jpg\" alt=\"\" width=\"532\" height=\"354\" srcset=\"https:\/\/www.arte.unicen.edu.ar\/sustentarte\/wp-content\/uploads\/2020\/08\/mabelos-1-300x200.jpg 300w, https:\/\/www.arte.unicen.edu.ar\/sustentarte\/wp-content\/uploads\/2020\/08\/mabelos-1-768x512.jpg 768w, https:\/\/www.arte.unicen.edu.ar\/sustentarte\/wp-content\/uploads\/2020\/08\/mabelos-1-750x500.jpg 750w, https:\/\/www.arte.unicen.edu.ar\/sustentarte\/wp-content\/uploads\/2020\/08\/mabelos-1.jpg 960w\" sizes=\"(max-width: 532px) 100vw, 532px\" \/><\/p>\n<p>&nbsp;<\/p>\n<p>&nbsp;<\/p>\n","protected":false},"excerpt":{"rendered":"<p>MABELOS GOOD SHOW Comenz\u00f3 el proyecto SPU: Formaci\u00f3n de nuevos p\u00fablicos 2019. La primer funci\u00f3n del a\u00f1o se dio lugar en la escuela n\u00ba 18, de la ciudad de Tandil. [&hellip;]<\/p>\n","protected":false},"author":2,"featured_media":0,"parent":0,"menu_order":0,"comment_status":"closed","ping_status":"closed","template":"","meta":{"_mi_skip_tracking":false,"_exactmetrics_sitenote_active":false,"_exactmetrics_sitenote_note":"","_exactmetrics_sitenote_category":0},"_links":{"self":[{"href":"https:\/\/www.arte.unicen.edu.ar\/sustentarte\/index.php\/wp-json\/wp\/v2\/pages\/1780"}],"collection":[{"href":"https:\/\/www.arte.unicen.edu.ar\/sustentarte\/index.php\/wp-json\/wp\/v2\/pages"}],"about":[{"href":"https:\/\/www.arte.unicen.edu.ar\/sustentarte\/index.php\/wp-json\/wp\/v2\/types\/page"}],"author":[{"embeddable":true,"href":"https:\/\/www.arte.unicen.edu.ar\/sustentarte\/index.php\/wp-json\/wp\/v2\/users\/2"}],"replies":[{"embeddable":true,"href":"https:\/\/www.arte.unicen.edu.ar\/sustentarte\/index.php\/wp-json\/wp\/v2\/comments?post=1780"}],"version-history":[{"count":1,"href":"https:\/\/www.arte.unicen.edu.ar\/sustentarte\/index.php\/wp-json\/wp\/v2\/pages\/1780\/revisions"}],"predecessor-version":[{"id":1781,"href":"https:\/\/www.arte.unicen.edu.ar\/sustentarte\/index.php\/wp-json\/wp\/v2\/pages\/1780\/revisions\/1781"}],"wp:attachment":[{"href":"https:\/\/www.arte.unicen.edu.ar\/sustentarte\/index.php\/wp-json\/wp\/v2\/media?parent=1780"}],"curies":[{"name":"wp","href":"https:\/\/api.w.org\/{rel}","templated":true}]}}