{"id":1649,"date":"2020-07-20T07:49:51","date_gmt":"2020-07-20T10:49:51","guid":{"rendered":"https:\/\/www.arte.unicen.edu.ar\/sustentarte\/?page_id=1649"},"modified":"2026-02-24T11:35:25","modified_gmt":"2026-02-24T14:35:25","slug":"quienes-somos","status":"publish","type":"page","link":"https:\/\/www.arte.unicen.edu.ar\/sustentarte\/index.php\/quienes-somos\/","title":{"rendered":"Quienes somos"},"content":{"rendered":"<p><b><img decoding=\"async\" loading=\"lazy\" class=\"alignnone wp-image-1554\" src=\"https:\/\/www.arte.unicen.edu.ar\/sustentarte\/wp-content\/uploads\/2020\/07\/liston_teatro-300x13.png\" alt=\"\" width=\"825\" height=\"36\" srcset=\"https:\/\/www.arte.unicen.edu.ar\/sustentarte\/wp-content\/uploads\/2020\/07\/liston_teatro-300x13.png 300w, https:\/\/www.arte.unicen.edu.ar\/sustentarte\/wp-content\/uploads\/2020\/07\/liston_teatro-768x34.png 768w, https:\/\/www.arte.unicen.edu.ar\/sustentarte\/wp-content\/uploads\/2020\/07\/liston_teatro-1024x45.png 1024w, https:\/\/www.arte.unicen.edu.ar\/sustentarte\/wp-content\/uploads\/2020\/07\/liston_teatro-750x33.png 750w, https:\/\/www.arte.unicen.edu.ar\/sustentarte\/wp-content\/uploads\/2020\/07\/liston_teatro.png 1649w\" sizes=\"(max-width: 825px) 100vw, 825px\" \/><\/b><\/p>\n<p style=\"text-align: justify;\"><span style=\"color: #ff0000;\"><b>SUSTENTARTE<\/b><\/span><span style=\"font-weight: 400;\"> es un programa que colabora con la consolidaci\u00f3n de emprendimientos culturales. Pertenece a la Secretar\u00eda de Extensi\u00f3n de la Facultad de Arte de la Universidad Nacional del Centro de la Provincia de Buenos Aires.<\/span><\/p>\n<p style=\"text-align: justify;\"><span style=\"font-weight: 400;\">Nace en el a\u00f1o 2011 con el objetivo de <\/span><i><span style=\"font-weight: 400;\">acompa\u00f1ar el desarrollo de los trabajadores y las trabajadoras del arte y la cultura de la regi\u00f3n, fomentando el esp\u00edritu creativo y brindando asistencias y capacitaciones<\/span><\/i><span style=\"font-weight: 400;\"> tendientes al fortalecimiento y a la sustentabilidad de sus emprendimientos.<\/span><\/p>\n<p style=\"text-align: justify;\"><span style=\"color: #000000;\"><b><i>Palabras claves:<\/i><\/b><\/span><i><span style=\"font-weight: 400;\"> Emprendedores \/ Incubadora \/ Proyectos culturales \/ Sustentabilidad<\/span><\/i><\/p>\n<p><span style=\"color: #ff0000;\"><b><em>Objetivo principal<\/em>:\u00a0<\/b><\/span><span style=\"font-weight: 400;\">Contribuir en la puesta en marcha y consolidaci\u00f3n de proyectos culturales sustentables<\/span><\/p>\n<p><span style=\"color: #ff0000;\"><b>Otros objetivos:<\/b><\/span><\/p>\n<ul>\n<li style=\"font-weight: 400;\"><span style=\"font-weight: 400;\">Establecer un di\u00e1logo constante con el sector de emprendedores culturales<\/span><\/li>\n<li style=\"font-weight: 400;\"><span style=\"font-weight: 400;\">Fomentar un semillero de emprendedores culturales<\/span><\/li>\n<li style=\"font-weight: 400;\"><span style=\"font-weight: 400;\">Generar cursos \/ capacitaciones \/ tutor\u00edas y asistencias al sector<\/span><\/li>\n<li style=\"font-weight: 400;\"><span style=\"font-weight: 400;\">Difundir convocatorias \/ l\u00edneas de subsidios \/festivales y beneficios<\/span><\/li>\n<li style=\"font-weight: 400;\"><span style=\"font-weight: 400;\">Difundir emprendimientos culturales de la regi\u00f3n UNICEN<\/span><\/li>\n<li style=\"font-weight: 400;\"><span style=\"font-weight: 400;\">Promover proyectos de extensi\u00f3n que acompa\u00f1en y potencien al sector de emprendedores culturales<\/span><\/li>\n<\/ul>\n<p><em><b>\u00a0 \u00a0 \u00a0 \u00a0 \u00a0 \u00a0 \u00a0 \u00a0 \u00a0 \u00a0EQUIPO DE TRABAJO:\u00a0<\/b><\/em><\/p>\n<p><span style=\"font-family: georgia, palatino, serif;\"><b>&#8211; Secretar\u00eda de Extensi\u00f3n:\u00a0<\/b>Sof\u00eda Cheves<\/span><\/p>\n<p><span style=\"font-family: georgia, palatino, serif;\"><b>&#8211; Coordinadora de Extensi\u00f3n:\u00a0<\/b>Erika Vidal<\/span><\/p>\n<p><span style=\"font-family: georgia, palatino, serif;\"><b>-SustentArte: <\/b><span style=\"font-weight: 400;\">Edit Rondinone &#8211;\u00a0<\/span><\/span><\/p>\n<p><span style=\"font-family: georgia, palatino, serif;\"><b>-Colaborador: <\/b><span style=\"font-weight: 400;\">Ignacio D\u00edaz Delfino<\/span><\/span><\/p>\n<p><span style=\"color: #ff0000;\"><b>Contacto<\/b><span style=\"font-weight: 400;\">: <\/span><\/span><a href=\"mailto:sustentarte@arte.unicen.edu.ar\"><span style=\"font-weight: 400;\">sustentarte@arte.unicen.edu.ar<\/span><\/a><span style=\"font-weight: 400;\"> | <\/span><a href=\"mailto:extension@arte.unicen.edu.ar\"><span style=\"font-weight: 400;\">extension@arte.unicen.edu.ar<\/span><\/a><span style=\"font-weight: 400;\">\u00a0<\/span><\/p>\n","protected":false},"excerpt":{"rendered":"<p>SUSTENTARTE es un programa que colabora con la consolidaci\u00f3n de emprendimientos culturales. Pertenece a la Secretar\u00eda de Extensi\u00f3n de la Facultad de Arte de la Universidad Nacional del Centro de [&hellip;]<\/p>\n","protected":false},"author":1,"featured_media":0,"parent":0,"menu_order":0,"comment_status":"closed","ping_status":"closed","template":"","meta":{"_mi_skip_tracking":false,"_exactmetrics_sitenote_active":false,"_exactmetrics_sitenote_note":"","_exactmetrics_sitenote_category":0},"_links":{"self":[{"href":"https:\/\/www.arte.unicen.edu.ar\/sustentarte\/index.php\/wp-json\/wp\/v2\/pages\/1649"}],"collection":[{"href":"https:\/\/www.arte.unicen.edu.ar\/sustentarte\/index.php\/wp-json\/wp\/v2\/pages"}],"about":[{"href":"https:\/\/www.arte.unicen.edu.ar\/sustentarte\/index.php\/wp-json\/wp\/v2\/types\/page"}],"author":[{"embeddable":true,"href":"https:\/\/www.arte.unicen.edu.ar\/sustentarte\/index.php\/wp-json\/wp\/v2\/users\/1"}],"replies":[{"embeddable":true,"href":"https:\/\/www.arte.unicen.edu.ar\/sustentarte\/index.php\/wp-json\/wp\/v2\/comments?post=1649"}],"version-history":[{"count":1,"href":"https:\/\/www.arte.unicen.edu.ar\/sustentarte\/index.php\/wp-json\/wp\/v2\/pages\/1649\/revisions"}],"predecessor-version":[{"id":11844,"href":"https:\/\/www.arte.unicen.edu.ar\/sustentarte\/index.php\/wp-json\/wp\/v2\/pages\/1649\/revisions\/11844"}],"wp:attachment":[{"href":"https:\/\/www.arte.unicen.edu.ar\/sustentarte\/index.php\/wp-json\/wp\/v2\/media?parent=1649"}],"curies":[{"name":"wp","href":"https:\/\/api.w.org\/{rel}","templated":true}]}}