{"id":1631,"date":"2020-07-16T07:24:07","date_gmt":"2020-07-16T10:24:07","guid":{"rendered":"https:\/\/www.arte.unicen.edu.ar\/sustentarte\/?page_id=1631"},"modified":"2025-11-17T11:31:11","modified_gmt":"2025-11-17T14:31:11","slug":"convocatorias","status":"publish","type":"page","link":"https:\/\/www.arte.unicen.edu.ar\/sustentarte\/index.php\/teatro\/convocatorias\/","title":{"rendered":"Convocatorias"},"content":{"rendered":"\n<p><\/p>\n\n\n<h5><strong><img decoding=\"async\" loading=\"lazy\" class=\"aligncenter\" src=\"https:\/\/www.arte.unicen.edu.ar\/sustentarte\/wp-content\/uploads\/2020\/07\/medioliston_teatro.png\" alt=\"\" width=\"1649\" height=\"36\" \/><\/strong><\/h5>\n<table style=\"height: 5px;\" width=\"823\">\n<tbody>\n<tr>\n<td style=\"width: 403.5px; text-align: center;\"><img decoding=\"async\" loading=\"lazy\" class=\"alignnone size-medium wp-image-11684\" src=\"https:\/\/www.arte.unicen.edu.ar\/sustentarte\/wp-content\/uploads\/2025\/10\/Captura-27-242x300.png\" alt=\"\" width=\"242\" height=\"300\" srcset=\"https:\/\/www.arte.unicen.edu.ar\/sustentarte\/wp-content\/uploads\/2025\/10\/Captura-27-242x300.png 242w, https:\/\/www.arte.unicen.edu.ar\/sustentarte\/wp-content\/uploads\/2025\/10\/Captura-27.png 431w\" sizes=\"(max-width: 242px) 100vw, 242px\" \/><\/td>\n<td style=\"width: 403.5px; text-align: center;\">\n<p><strong>XXIV CONCURSO DE CR\u00cdTICA TEATRAL CRITIC\u00d3N<\/strong><\/p>\n<p>Se sigue impulsando el di\u00e1logo, la reflexi\u00f3n y el testimonio escrito sobre los proyectos esc\u00e9nicos producidos en Teatro UNAM.<\/p>\n<p>CIERRE: 28 de Noviembre de 2025<\/p>\n<p><a href=\"https:\/\/teatrounam.com.mx\/teatro\/entradasteatro\/xxiv-concurso-de-critica-teatral-criticon\/\" target=\"_blank\" rel=\"noopener\">\ud83d\udcc4 Bases disponibles<\/a><\/p>\n<\/td>\n<\/tr>\n<\/tbody>\n<\/table>\n<table style=\"height: 15px;\" width=\"825\">\n<tbody>\n<tr>\n<td style=\"width: 404.5px; text-align: center;\">\n<p><strong>CONVOCATORIAS ABIERTAS PARA LA CONVENCI\u00d3N CORDOBESA DE CIRCO<\/strong><\/p>\n<p>Se abren las convocatorias para la 2da edici\u00f3n de la Convenci\u00f3n Cordobesa de Circo, a realizarse en Cosquin, Cordoba, en marzo 2026.<\/p>\n<p>CIERRE: 30 de Noviembre de 2025<\/p>\n<p><a href=\"https:\/\/docs.google.com\/forms\/d\/e\/1FAIpQLSeZEzu2BmWx2SwhjbeGeJB_zId-MFbOB75eU5jl2gAu_DV4jQ\/viewform\" target=\"_blank\" rel=\"noopener\">Inscripci\u00f3n y m\u00e1s informaci\u00f3n<\/a><\/p>\n<\/td>\n<td style=\"width: 404.5px; text-align: center;\"><img decoding=\"async\" loading=\"lazy\" class=\"alignnone size-medium wp-image-11732\" src=\"https:\/\/www.arte.unicen.edu.ar\/sustentarte\/wp-content\/uploads\/2025\/11\/Captura-7-260x300.jpg\" alt=\"\" width=\"260\" height=\"300\" srcset=\"https:\/\/www.arte.unicen.edu.ar\/sustentarte\/wp-content\/uploads\/2025\/11\/Captura-7-260x300.jpg 260w, https:\/\/www.arte.unicen.edu.ar\/sustentarte\/wp-content\/uploads\/2025\/11\/Captura-7.jpg 476w\" sizes=\"(max-width: 260px) 100vw, 260px\" \/><\/td>\n<\/tr>\n<\/tbody>\n<\/table>\n<table style=\"height: 5px; width: 824.3px;\">\n<tbody>\n<tr style=\"height: 351.675px;\">\n<td style=\"width: 405px; text-align: center; height: 351.675px;\">\n<p><img decoding=\"async\" loading=\"lazy\" class=\"alignnone size-medium wp-image-11646\" src=\"https:\/\/www.arte.unicen.edu.ar\/sustentarte\/wp-content\/uploads\/2025\/10\/Captura-21-253x300.png\" alt=\"\" width=\"253\" height=\"300\" srcset=\"https:\/\/www.arte.unicen.edu.ar\/sustentarte\/wp-content\/uploads\/2025\/10\/Captura-21-253x300.png 253w, https:\/\/www.arte.unicen.edu.ar\/sustentarte\/wp-content\/uploads\/2025\/10\/Captura-21.png 506w\" sizes=\"(max-width: 253px) 100vw, 253px\" \/><\/p>\n<\/td>\n<td style=\"width: 402.3px; text-align: center; height: 351.675px;\">\n<p><strong>CONVOCATORIA ABIERTA PARA EL FESTIVAL DE TEATRO LATENTE<\/strong><\/p>\n<p>Una fiesta del teatro para disfrutar durante el verano y que sea el semillero de todo lo que est\u00e1 por venir. Un festival que represente la cultura que se est\u00e1 gestando, que brota, crece y late.<\/p>\n<p>CIERRE: 5 de Diciembre de 2025<\/p>\n<p><a href=\"https:\/\/www.instagram.com\/p\/DQC5nXrEutd\/?igsh=MWJnbTZibHNkOXcxMA%3D%3D\" target=\"_blank\" rel=\"noopener\">M\u00e1s informaci\u00f3n<\/a><\/p>\n<\/td>\n<\/tr>\n<\/tbody>\n<\/table>\n<table style=\"height: 269px;\" width=\"822\">\n<tbody>\n<tr>\n<td style=\"width: 403px; text-align: center;\">\n<p><strong>XXI FESTIVAL INTERNACIONAL DE ARTES ESC\u00c9NICAS BAHIA TEATRO<br \/><\/strong><\/p>\n<p>Bahia Teatro abre su convocatoria para propuestas de artes esc\u00e9nicas, pueden participar espect\u00e1culos de todo el mundo.<\/p>\n<p>CIERRE: 16 de Diciembre 2025.<\/p>\n<p><a href=\"https:\/\/www.instagram.com\/p\/DRIFan2EbXi\/\">M\u00e1s informaci\u00f3n<\/a><\/p>\n<\/td>\n<td style=\"width: 403px;\"><img decoding=\"async\" loading=\"lazy\" class=\"size-medium wp-image-11776 aligncenter\" src=\"https:\/\/www.arte.unicen.edu.ar\/sustentarte\/wp-content\/uploads\/2025\/11\/teatroBahia-300x300.png\" alt=\"\" width=\"300\" height=\"300\" srcset=\"https:\/\/www.arte.unicen.edu.ar\/sustentarte\/wp-content\/uploads\/2025\/11\/teatroBahia-300x300.png 300w, https:\/\/www.arte.unicen.edu.ar\/sustentarte\/wp-content\/uploads\/2025\/11\/teatroBahia-150x150.png 150w, https:\/\/www.arte.unicen.edu.ar\/sustentarte\/wp-content\/uploads\/2025\/11\/teatroBahia.png 594w\" sizes=\"(max-width: 300px) 100vw, 300px\" \/><\/td>\n<\/tr>\n<\/tbody>\n<\/table>\n<table style=\"height: 273px;\" width=\"823\">\n<tbody>\n<tr>\n<td style=\"width: 404.7px;\"><img decoding=\"async\" loading=\"lazy\" class=\"wp-image-11665 size-medium aligncenter\" src=\"https:\/\/www.arte.unicen.edu.ar\/sustentarte\/wp-content\/uploads\/2025\/10\/atina-e1761598722278-300x296.png\" alt=\"\" width=\"300\" height=\"296\" srcset=\"https:\/\/www.arte.unicen.edu.ar\/sustentarte\/wp-content\/uploads\/2025\/10\/atina-e1761598722278-300x296.png 300w, https:\/\/www.arte.unicen.edu.ar\/sustentarte\/wp-content\/uploads\/2025\/10\/atina-e1761598722278.png 740w\" sizes=\"(max-width: 300px) 100vw, 300px\" \/><\/td>\n<td style=\"width: 404.7px;\">\n<p style=\"text-align: center;\"><strong>PREMIOS ATINA<\/strong><\/p>\n<p style=\"text-align: center;\">ATINA invita a las compa\u00f1\u00edas teatrales de todo el pa\u00eds dedicadas a las Artes Esc\u00e9nicas para las infancias y juventudes (teatro, t\u00edteres, circo, danza, m\u00fasica) a participar en la XXI Edici\u00f3n de los Premios ATINA a la temporada 2025. <br \/>Con la posibilidad de presentar uno o m\u00e1s espect\u00e1culos de cualquier g\u00e9nero<\/p>\n<p style=\"text-align: center;\">CIERRE: 15 de Diciembre 2025<\/p>\n<p style=\"text-align: center;\"><a href=\"https:\/\/docs.google.com\/forms\/d\/e\/1FAIpQLSc2Ino21FQQqYATQUFbfY3xrExLe2HAaUFHNhGEDkEbDqHoSA\/viewform\">M\u00e1s informaci\u00f3n<\/a><\/p>\n<\/td>\n<\/tr>\n<\/tbody>\n<\/table>\n<table style=\"height: 5px; width: 824.787px;\">\n<tbody>\n<tr>\n<td style=\"width: 403px; text-align: center;\">\n<p><strong>CONVOCATORIA CULTURA<\/strong><\/p>\n<p>Las becas Ibsen son subvenciones bienales destinadas a proyectos innovadores en el \u00e1mbito del drama y las artes esc\u00e9nicas. Se otorgan en el marco del Ibsen Scope Festival 2026 de Noruega.<br \/>Est\u00e1n destinadas a proyectos basados en la obra de Henrik Ibsen o inspirados en su legado.<\/p>\n<p>CIERRE: 17 de Diciembre de 2025<\/p>\n<p><a href=\"https:\/\/ibsenscope.com\/grants\/apply-for-a-ibsen-scope-grant-2026\/?fbclid=PAZXh0bgNhZW0CMTEAAaejPDZKnuUhSE2VHBZerAGR1TzpzGhfXyKoXprqNzO7YdqoiRyJBx1VlPiYHw_aem_fIhcO2xI64-UZzB-ducuQg\" target=\"_blank\" rel=\"noopener\">M\u00e1s informaci\u00f3n<\/a><\/p>\n<\/td>\n<td style=\"width: 405.787px; text-align: center;\">\n<p><img decoding=\"async\" loading=\"lazy\" class=\"alignnone size-medium wp-image-11649\" src=\"https:\/\/www.arte.unicen.edu.ar\/sustentarte\/wp-content\/uploads\/2025\/10\/Captura-22-236x300.png\" alt=\"\" width=\"236\" height=\"300\" srcset=\"https:\/\/www.arte.unicen.edu.ar\/sustentarte\/wp-content\/uploads\/2025\/10\/Captura-22-236x300.png 236w, https:\/\/www.arte.unicen.edu.ar\/sustentarte\/wp-content\/uploads\/2025\/10\/Captura-22.png 468w\" sizes=\"(max-width: 236px) 100vw, 236px\" \/><\/p>\n<\/td>\n<\/tr>\n<\/tbody>\n<\/table>\n<table style=\"height: 5px;\" width=\"824\">\n<tbody>\n<tr>\n<td style=\"width: 404px; text-align: center;\"><img decoding=\"async\" loading=\"lazy\" class=\"alignnone size-medium wp-image-11685\" src=\"https:\/\/www.arte.unicen.edu.ar\/sustentarte\/wp-content\/uploads\/2025\/10\/Captura-28-254x300.png\" alt=\"\" width=\"254\" height=\"300\" srcset=\"https:\/\/www.arte.unicen.edu.ar\/sustentarte\/wp-content\/uploads\/2025\/10\/Captura-28-254x300.png 254w, https:\/\/www.arte.unicen.edu.ar\/sustentarte\/wp-content\/uploads\/2025\/10\/Captura-28.png 426w\" sizes=\"(max-width: 254px) 100vw, 254px\" \/><\/td>\n<td style=\"width: 404px; text-align: center;\">\n<p><strong>CONVOCATORIA PROYECTOS<\/strong><\/p>\n<p>Convocamos a grupos, directorxs y productorxs a presentar sus proyectos de artes esc\u00e9nicas para la temporada de verano 2026<\/p>\n<p>Enviar propuesta a payroteatro@gmail.com incluyendo:<\/p>\n<p>\u27a1\ufe0e Descripci\u00f3n del proyecto<\/p>\n<p>\u27a1\ufe0e Ficha t\u00e9cnica completa<\/p>\n<p>\u27a1\ufe0e Texto (En caso de haber)<\/p>\n<p>\u27a1\ufe0e Descripci\u00f3n de la puesta en escena\u00a0<\/p>\n<p>\u27a1\ufe0e Info que consideren importante<\/p>\n<p>CIERRE: 31 de Diciembre de 2025<\/p>\n<\/td>\n<\/tr>\n<\/tbody>\n<\/table>\n<table style=\"height: 20px;\" width=\"825\">\n<tbody>\n<tr>\n<td style=\"width: 405.057px;\">\n<div>\u00a0<\/div>\n<div class=\"xdj266r x11i5rnm xat24cr x1mh8g0r x1vvkbs x126k92a\">\n<div class=\"xdj266r x11i5rnm xat24cr x1mh8g0r x1vvkbs x126k92a\">\n<div dir=\"auto\" style=\"text-align: center;\">\u00a0<\/div>\n<\/div>\n<div class=\"x11i5rnm xat24cr x1mh8g0r x1vvkbs xtlvy1s x126k92a\">\n<div dir=\"auto\"><img decoding=\"async\" loading=\"lazy\" class=\"size-medium wp-image-11138 aligncenter\" src=\"https:\/\/www.arte.unicen.edu.ar\/sustentarte\/wp-content\/uploads\/2025\/07\/443696835_976252344499868_4706008981013553239_n-750x499-1-300x200.jpg\" alt=\"\" width=\"300\" height=\"200\" srcset=\"https:\/\/www.arte.unicen.edu.ar\/sustentarte\/wp-content\/uploads\/2025\/07\/443696835_976252344499868_4706008981013553239_n-750x499-1-300x200.jpg 300w, https:\/\/www.arte.unicen.edu.ar\/sustentarte\/wp-content\/uploads\/2025\/07\/443696835_976252344499868_4706008981013553239_n-750x499-1.jpg 750w\" sizes=\"(max-width: 300px) 100vw, 300px\" \/><\/div>\n<\/div>\n<\/div>\n<div class=\"x11i5rnm xat24cr x1mh8g0r x1vvkbs xtlvy1s x126k92a\">\n<div dir=\"auto\">\u00a0<\/div>\n<\/div>\n<\/td>\n<td style=\"width: 405.057px;\">\n<div class=\"xdj266r x11i5rnm xat24cr x1mh8g0r x1vvkbs x126k92a\">\n<div class=\"xdj266r x11i5rnm xat24cr x1mh8g0r x1vvkbs x126k92a\">\n<div class=\"xdj266r x11i5rnm xat24cr x1mh8g0r x1vvkbs x126k92a\">\n<div dir=\"auto\" style=\"text-align: center;\">Se encuentra abierta la inscripci\u00f3n para formar parte de la Red Federal de Teatros<\/div>\n<\/div>\n<div class=\"x11i5rnm xat24cr x1mh8g0r x1vvkbs xtlvy1s x126k92a\" style=\"text-align: center;\">\n<div dir=\"auto\">La convocatoria de la Secretar\u00eda de Cultura de la Naci\u00f3n es para que los teatros argentinos de gesti\u00f3n provincial, municipal, universitaria y de colectividades formen parte de la misma.<\/div>\n<\/div>\n<div class=\"x11i5rnm xat24cr x1mh8g0r x1vvkbs xtlvy1s x126k92a\">\n<div dir=\"auto\" style=\"text-align: center;\">La inscripci\u00f3n se realiza a trav\u00e9s del Registro Federal de Cultura<\/div>\n<div dir=\"auto\" style=\"text-align: center;\">ABIERTA DURANTE TODO EL A\u00d1O 2025<\/div>\n<div dir=\"auto\" style=\"text-align: center;\"><a href=\"https:\/\/inteatro.ar\/novedades\/red-federal-teatros-2024\/?fbclid=IwZXh0bgNhZW0CMTAAAR0eesHvIf-AxUK-7MoDmHFs_n0-eztk8qGP8Dd1nRm5EnnaPCqgwUA0tc8_aem_AcYAzXbbuc5YH2QKzX2Ps3zcVluzbM7JDvsNaqZMN7TD83FPGucN7OvuUIh3a5ZbCZC9gRL55kJtnpzrFAWcaKqP\">Mas informaci\u00f3n<\/a><\/div>\n<\/div>\n<\/div>\n<div class=\"x11i5rnm xat24cr x1mh8g0r x1vvkbs xtlvy1s x126k92a\">\n<div dir=\"auto\">\u00a0<\/div>\n<\/div>\n<\/div>\n<div class=\"x11i5rnm xat24cr x1mh8g0r x1vvkbs xtlvy1s x126k92a\">\n<div dir=\"auto\">\u00a0<\/div>\n<\/div>\n<\/td>\n<\/tr>\n<\/tbody>\n<\/table>\n<table style=\"height: 23px;\" width=\"821\">\n<tbody>\n<tr>\n<td style=\"width: 403.054px; text-align: center;\"><strong>Convocatoria SUSTENTARTE<\/strong> para difusi\u00f3n de talleres, capacitaciones, charlas y seminarios del \u00e1rea teatral o audiovisual.<br \/>La Incubadora Sustentarte colaborara con la difusi\u00f3n de actividades propuestas a trav\u00e9s de sus redes sociales y web.<br \/>Los interesados deber\u00e1n enviar la informaci\u00f3n a sustentarte@arte.unicen.edu.ar\u00a0 \u00a0 \u00a0 \u00a0 \u00a0 \u00a0 \u00a0 \u00a0 \u00a0 \u00a0 \u00a0 \u00a0 \u00a0Abierta durante todo el a\u00f1o 2025<\/td>\n<td style=\"width: 403.054px;\"><img decoding=\"async\" loading=\"lazy\" class=\" wp-image-9451 aligncenter\" src=\"https:\/\/www.arte.unicen.edu.ar\/sustentarte\/wp-content\/uploads\/2024\/03\/sustentarte-1-300x300.jpeg\" alt=\"\" width=\"262\" height=\"262\" srcset=\"https:\/\/www.arte.unicen.edu.ar\/sustentarte\/wp-content\/uploads\/2024\/03\/sustentarte-1-300x300.jpeg 300w, https:\/\/www.arte.unicen.edu.ar\/sustentarte\/wp-content\/uploads\/2024\/03\/sustentarte-1-1024x1024.jpeg 1024w, https:\/\/www.arte.unicen.edu.ar\/sustentarte\/wp-content\/uploads\/2024\/03\/sustentarte-1-150x150.jpeg 150w, https:\/\/www.arte.unicen.edu.ar\/sustentarte\/wp-content\/uploads\/2024\/03\/sustentarte-1-768x768.jpeg 768w, https:\/\/www.arte.unicen.edu.ar\/sustentarte\/wp-content\/uploads\/2024\/03\/sustentarte-1-750x750.jpeg 750w, https:\/\/www.arte.unicen.edu.ar\/sustentarte\/wp-content\/uploads\/2024\/03\/sustentarte-1.jpeg 1081w\" sizes=\"(max-width: 262px) 100vw, 262px\" \/><\/td>\n<\/tr>\n<\/tbody>\n<\/table>\n<table style=\"height: 30px; width: 822px;\">\n<tbody>\n<tr>\n<td style=\"width: 400.388px;\"><img decoding=\"async\" loading=\"lazy\" class=\"size-full wp-image-9473 aligncenter\" src=\"https:\/\/www.arte.unicen.edu.ar\/sustentarte\/wp-content\/uploads\/2024\/03\/en_todas_icono_todofondoverde.png\" alt=\"\" width=\"300\" height=\"107\" \/><\/td>\n<td style=\"width: 401.612px; text-align: center;\">\n<p><strong>CONVOCATORIA AGENDA EN TODAS<\/strong><\/p>\n<p>Es una agenda de eventos culturales con informaci\u00f3n sobre actividades, espect\u00e1culos teatrales y proyecciones audiovisuales que pod\u00e9s disfrutar en nuestra ciudad.<\/p>\n<div class=\"x11i5rnm xat24cr x1mh8g0r x1vvkbs xtlvy1s x126k92a\">\n<div dir=\"auto\">Es un canal abierto para los\/as artistas que desean difundir eventos, actividades o proyecci\u00f3n audiovisual.<\/div>\n<div dir=\"auto\">Pod\u00e9s enviar el material a sustyentarte@arte.unicen.edu.ar<\/div>\n<div dir=\"auto\">\u00a0<\/div>\n<div dir=\"auto\"><a href=\"https:\/\/www.arte.unicen.edu.ar\/entodas\/\">Link a ENTODAS<\/a><\/div>\n<\/div>\n<\/td>\n<\/tr>\n<\/tbody>\n<\/table>\n<table style=\"height: 13px; width: 824.3px;\">\n<tbody>\n<tr>\n<td style=\"width: 398px;\">\n<div class=\"xdj266r x11i5rnm xat24cr x1mh8g0r x1vvkbs x126k92a\" style=\"text-align: center;\"><strong>CONVOCATORIA ESTUDIANTES <\/strong><\/div>\n<div class=\"xdj266r x11i5rnm xat24cr x1mh8g0r x1vvkbs x126k92a\" style=\"text-align: center;\"><strong>(Facultad de Arte)\u00a0<\/strong><\/div>\n<div>\u00a0<\/div>\n<div class=\"x11i5rnm xat24cr x1mh8g0r x1vvkbs xtlvy1s x126k92a\">\n<div dir=\"auto\" style=\"text-align: center;\"><span style=\"font-size: 12pt;\">La Secretar\u00eda de Extensi\u00f3n convoca a estudiantes de la Facultad de Arte a sumarse como voluntarixs a las promociones de carreras a trav\u00e9s de compartir cortos o escenas que se hayan realizado en el marco de trabajos de c\u00e1tedras. <\/span>Abierta todo el a\u00f1o 2025.\n<p>\u00a0<\/p>\n<p style=\"text-align: center;\">\u00a0<\/p>\n<div class=\"x11i5rnm xat24cr x1mh8g0r x1vvkbs xtlvy1s x126k92a\" style=\"text-align: center;\">\n<div dir=\"auto\"><span style=\"font-size: 12pt;\">Consultas: extension@arte.unicen.edu.ar<\/span><\/div>\n<div dir=\"auto\"><span style=\"font-size: 12pt;\">(ASUNTO: Promociones)<\/span><\/div>\n<\/div>\n<div class=\"x11i5rnm xat24cr x1mh8g0r x1vvkbs xtlvy1s x126k92a\">\n<div dir=\"auto\" style=\"text-align: center;\"><span style=\"font-size: 12pt;\">@cefaunicen.\u00a0 \u00a0 \u00a0 \u00a0 \u00a0 \u00a0 \u00a0 \u00a0 \u00a0 \u00a0<\/span> \u00a0 \u00a0 \u00a0 \u00a0 \u00a0 \u00a0 \u00a0 \u00a0 \u00a0 \u00a0 \u00a0 \u00a0 \u00a0 \u00a0 \u00a0 \u00a0 \u00a0 \u00a0 \u00a0 \u00a0 \u00a0<a href=\"https:\/\/docs.google.com\/forms\/d\/e\/1FAIpQLSduEztzi4y69uT_UlP6umsQLxCeu_70sWNHA7vwsg__xV7l_w\/viewform\">Formulario de inscripci\u00f3n<\/a><\/div>\n<\/div>\n<\/div>\n<\/div>\n<\/td>\n<td style=\"width: 409.3px;\"><img decoding=\"async\" loading=\"lazy\" class=\"size-medium wp-image-8419 aligncenter\" src=\"https:\/\/www.arte.unicen.edu.ar\/sustentarte\/wp-content\/uploads\/2023\/08\/363381107_772572658205887_481016840177812885_n-300x300.jpg\" alt=\"\" width=\"300\" height=\"300\" srcset=\"https:\/\/www.arte.unicen.edu.ar\/sustentarte\/wp-content\/uploads\/2023\/08\/363381107_772572658205887_481016840177812885_n-300x300.jpg 300w, https:\/\/www.arte.unicen.edu.ar\/sustentarte\/wp-content\/uploads\/2023\/08\/363381107_772572658205887_481016840177812885_n-150x150.jpg 150w, https:\/\/www.arte.unicen.edu.ar\/sustentarte\/wp-content\/uploads\/2023\/08\/363381107_772572658205887_481016840177812885_n.jpg 526w\" sizes=\"(max-width: 300px) 100vw, 300px\" \/><\/td>\n<\/tr>\n<\/tbody>\n<\/table>\n<table style=\"height: 5px; width: 824.3px;\">\n<tbody>\n<tr>\n<td style=\"width: 400px;\"><img decoding=\"async\" loading=\"lazy\" class=\" wp-image-7832 aligncenter\" src=\"https:\/\/www.arte.unicen.edu.ar\/sustentarte\/wp-content\/uploads\/2023\/04\/WhatsApp-Image-2023-04-19-at-10.26.06-AM-300x206.jpeg\" alt=\"\" width=\"399\" height=\"274\" srcset=\"https:\/\/www.arte.unicen.edu.ar\/sustentarte\/wp-content\/uploads\/2023\/04\/WhatsApp-Image-2023-04-19-at-10.26.06-AM-300x206.jpeg 300w, https:\/\/www.arte.unicen.edu.ar\/sustentarte\/wp-content\/uploads\/2023\/04\/WhatsApp-Image-2023-04-19-at-10.26.06-AM.jpeg 720w\" sizes=\"(max-width: 399px) 100vw, 399px\" \/><\/td>\n<td style=\"width: 407.3px;\">\n<p style=\"text-align: center;\"><strong>Registro Federal de Cultura\u00a0<\/strong><\/p>\n<p style=\"text-align: center;\"><span style=\"font-size: 10pt;\">Se encuentra abierta la convocatoria para formar parte del Registro Federal de Cultura que permite\u00a0el acceso a todas las personas, organizaciones y empresas que lo deseen aplicar a las convocatorias que lanza cada a\u00f1o el Ministerio de Cultura de la Naci\u00f3n.\u00a0<\/span><span style=\"font-size: 10pt;\">Tambi\u00e9n permite generar informaci\u00f3n a nivel federal sobre los diversos actores culturales, las caracter\u00edsticas de los trabajos y las actividades que se desarrollan, y los modos de participaci\u00f3n y gesti\u00f3n.\u00a0<\/span><\/p>\n<p style=\"text-align: center;\">Convocatoria abierta todo el a\u00f1o 2025.<\/p>\n<p style=\"text-align: center;\"><a href=\"https:\/\/somos.cultura.gob.ar\/\">Mas informaci\u00f3n<\/a><\/p>\n<\/td>\n<\/tr>\n<\/tbody>\n<\/table>\n<table style=\"height: 35px; width: 823.8px;\">\n<tbody>\n<tr style=\"height: 94.0156px;\">\n<td style=\"width: 404px; height: 94.0156px;\">\n<div dir=\"auto\" style=\"text-align: center;\">La Incubadora Sustentarte, invita a la comunidad art\u00edstica en general, a participar de una base datos que estar\u00e1 disponible a partir del 2025 para cualquier tipo de b\u00fasqueda laboral que se requiera.<\/div>\n<div dir=\"auto\" style=\"text-align: center;\">\u00a0<\/div>\n<div dir=\"auto\" style=\"text-align: center;\"><a href=\"https:\/\/forms.gle\/NFJxCTMPdvec27Rq5\"><span style=\"color: #000000;\">Formulario de inscripci\u00f3n<\/span><\/a><\/div>\n<\/td>\n<td style=\"width: 403.8px; height: 94.0156px;\">\n<div dir=\"auto\"><img decoding=\"async\" loading=\"lazy\" class=\"wp-image-2003 aligncenter\" src=\"https:\/\/www.arte.unicen.edu.ar\/sustentarte\/wp-content\/uploads\/2020\/08\/WhatsApp-Image-2020-08-11-at-2.40.49-PM-300x300.jpeg\" alt=\"\" width=\"196\" height=\"196\" srcset=\"https:\/\/www.arte.unicen.edu.ar\/sustentarte\/wp-content\/uploads\/2020\/08\/WhatsApp-Image-2020-08-11-at-2.40.49-PM-300x300.jpeg 300w, https:\/\/www.arte.unicen.edu.ar\/sustentarte\/wp-content\/uploads\/2020\/08\/WhatsApp-Image-2020-08-11-at-2.40.49-PM-150x150.jpeg 150w, https:\/\/www.arte.unicen.edu.ar\/sustentarte\/wp-content\/uploads\/2020\/08\/WhatsApp-Image-2020-08-11-at-2.40.49-PM-768x768.jpeg 768w, https:\/\/www.arte.unicen.edu.ar\/sustentarte\/wp-content\/uploads\/2020\/08\/WhatsApp-Image-2020-08-11-at-2.40.49-PM-1024x1024.jpeg 1024w, https:\/\/www.arte.unicen.edu.ar\/sustentarte\/wp-content\/uploads\/2020\/08\/WhatsApp-Image-2020-08-11-at-2.40.49-PM-750x750.jpeg 750w, https:\/\/www.arte.unicen.edu.ar\/sustentarte\/wp-content\/uploads\/2020\/08\/WhatsApp-Image-2020-08-11-at-2.40.49-PM.jpeg 1080w\" sizes=\"(max-width: 196px) 100vw, 196px\" \/><\/div>\n<\/td>\n<\/tr>\n<\/tbody>\n<\/table>\n<table style=\"height: 151px;\" width=\"822\">\n<tbody>\n<tr style=\"height: 210.312px;\">\n<td style=\"width: 403px; height: 210.312px;\"><img decoding=\"async\" loading=\"lazy\" class=\" wp-image-11701 aligncenter\" src=\"https:\/\/www.arte.unicen.edu.ar\/sustentarte\/wp-content\/uploads\/2025\/11\/congresoArte-240x300.jpeg\" alt=\"\" width=\"276\" height=\"345\" srcset=\"https:\/\/www.arte.unicen.edu.ar\/sustentarte\/wp-content\/uploads\/2025\/11\/congresoArte-240x300.jpeg 240w, https:\/\/www.arte.unicen.edu.ar\/sustentarte\/wp-content\/uploads\/2025\/11\/congresoArte-819x1024.jpeg 819w, https:\/\/www.arte.unicen.edu.ar\/sustentarte\/wp-content\/uploads\/2025\/11\/congresoArte-768x960.jpeg 768w, https:\/\/www.arte.unicen.edu.ar\/sustentarte\/wp-content\/uploads\/2025\/11\/congresoArte-750x937.jpeg 750w, https:\/\/www.arte.unicen.edu.ar\/sustentarte\/wp-content\/uploads\/2025\/11\/congresoArte.jpeg 1229w\" sizes=\"(max-width: 276px) 100vw, 276px\" \/><\/td>\n<td style=\"width: 403px; height: 210.312px; text-align: center;\">\n<p><strong>II CONGRESO INTERNACIONAL EN ARTES<\/strong><\/p>\n<p>Procesos creativos, pr\u00e1cticas expandidas y territorialidades.<br \/>Un espacio de encuentro, reflexi\u00f3n e intercambio para seguir tejiendo redes y potenciando la investigaci\u00f3n en artes.<br \/>Se aceptan trabajos en tres formatos.<br \/>\u2022 Ponencia<br \/>\u2022 Ponencia perform\u00e1tica<br \/>\u2022 Video ensayo po\u00e9tico<\/p>\n<p>CIERRE: 27 de Febrero 2026.<br \/><a href=\"https:\/\/www.arte.unicen.edu.ar\/ii-congreso-internacional-en-artes\/\">M\u00e1s informaci\u00f3n<\/a><\/p>\n<\/td>\n<\/tr>\n<\/tbody>\n<\/table>\n\n\n<p><\/p>\n","protected":false},"excerpt":{"rendered":"<p>XXIV CONCURSO DE CR\u00cdTICA TEATRAL CRITIC\u00d3N Se sigue impulsando el di\u00e1logo, la reflexi\u00f3n y el testimonio escrito sobre los proyectos esc\u00e9nicos producidos en Teatro UNAM. CIERRE: 28 de Noviembre de [&hellip;]<\/p>\n","protected":false},"author":1,"featured_media":0,"parent":1582,"menu_order":0,"comment_status":"closed","ping_status":"closed","template":"","meta":{"_mi_skip_tracking":false,"_exactmetrics_sitenote_active":false,"_exactmetrics_sitenote_note":"","_exactmetrics_sitenote_category":0},"_links":{"self":[{"href":"https:\/\/www.arte.unicen.edu.ar\/sustentarte\/index.php\/wp-json\/wp\/v2\/pages\/1631"}],"collection":[{"href":"https:\/\/www.arte.unicen.edu.ar\/sustentarte\/index.php\/wp-json\/wp\/v2\/pages"}],"about":[{"href":"https:\/\/www.arte.unicen.edu.ar\/sustentarte\/index.php\/wp-json\/wp\/v2\/types\/page"}],"author":[{"embeddable":true,"href":"https:\/\/www.arte.unicen.edu.ar\/sustentarte\/index.php\/wp-json\/wp\/v2\/users\/1"}],"replies":[{"embeddable":true,"href":"https:\/\/www.arte.unicen.edu.ar\/sustentarte\/index.php\/wp-json\/wp\/v2\/comments?post=1631"}],"version-history":[{"count":1,"href":"https:\/\/www.arte.unicen.edu.ar\/sustentarte\/index.php\/wp-json\/wp\/v2\/pages\/1631\/revisions"}],"predecessor-version":[{"id":11777,"href":"https:\/\/www.arte.unicen.edu.ar\/sustentarte\/index.php\/wp-json\/wp\/v2\/pages\/1631\/revisions\/11777"}],"up":[{"embeddable":true,"href":"https:\/\/www.arte.unicen.edu.ar\/sustentarte\/index.php\/wp-json\/wp\/v2\/pages\/1582"}],"wp:attachment":[{"href":"https:\/\/www.arte.unicen.edu.ar\/sustentarte\/index.php\/wp-json\/wp\/v2\/media?parent=1631"}],"curies":[{"name":"wp","href":"https:\/\/api.w.org\/{rel}","templated":true}]}}