{"id":1616,"date":"2020-07-15T08:15:22","date_gmt":"2020-07-15T11:15:22","guid":{"rendered":"https:\/\/www.arte.unicen.edu.ar\/sustentarte\/?page_id=1616"},"modified":"2025-08-28T11:31:22","modified_gmt":"2025-08-28T14:31:22","slug":"otras-novedades","status":"publish","type":"page","link":"https:\/\/www.arte.unicen.edu.ar\/sustentarte\/index.php\/otras-disciplinas\/otras-novedades\/","title":{"rendered":"Otras novedades"},"content":{"rendered":"\n<p><\/p>\n\n\n<p><img decoding=\"async\" loading=\"lazy\" src=\"https:\/\/www.arte.unicen.edu.ar\/sustentarte\/wp-content\/uploads\/2020\/07\/medioliston_otras_disciplinas.png\" alt=\"\" width=\"1649\" height=\"36\" \/><\/p>\n<table style=\"height: 5px;\" width=\"833\">\n<tbody>\n<tr>\n<td style=\"width: 408.5px; text-align: center;\">\n<p><strong><span class=\"html-span xexx8yu xyri2b x18d9i69 x1c1uobl x1hl2dhg x16tdsg8 x1vvkbs x3nfvp2 x1j61x8r x1fcty0u xdj266r xat24cr xm2jcoa x1mpyi22 xxymvpz xlup9mm x1kky2od\"><img decoding=\"async\" loading=\"lazy\" class=\"xz74otr x15mokao x1ga7v0g x16uus16 xbiv7yw\" src=\"https:\/\/static.xx.fbcdn.net\/images\/emoji.php\/v9\/t49\/1\/16\/1f4da.png\" alt=\"\ud83d\udcda\" width=\"16\" height=\"16\" \/><\/span><span class=\"html-span xexx8yu xyri2b x18d9i69 x1c1uobl x1hl2dhg x16tdsg8 x1vvkbs x3nfvp2 x1j61x8r x1fcty0u xdj266r xat24cr xm2jcoa x1mpyi22 xxymvpz xlup9mm x1kky2od\"><img decoding=\"async\" loading=\"lazy\" class=\"xz74otr x15mokao x1ga7v0g x16uus16 xbiv7yw\" src=\"https:\/\/static.xx.fbcdn.net\/images\/emoji.php\/v9\/tf4\/1\/16\/2728.png\" alt=\"\u2728\" width=\"16\" height=\"16\" \/><\/span> REGISTRO DE LIBRER\u00cdAS BONAERENSES<\/strong><\/p>\n<div class=\"x14z9mp xat24cr x1lziwak x1vvkbs xtlvy1s x126k92a\">\n<div dir=\"auto\">\u00bfTen\u00e9s o sos parte de una librer\u00eda en la Provincia de Buenos Aires?<\/div>\n<div dir=\"auto\">\u00a0<\/div>\n<\/div>\n<div class=\"x14z9mp xat24cr x1lziwak x1vvkbs xtlvy1s x126k92a\">\n<div dir=\"auto\">Estamos actualizando la base de datos de las librer\u00edas bonaerenses y queremos conocer su situaci\u00f3n, sus actividades y necesidades para seguir construyendo futuras acciones colectivas y dise\u00f1ar nuevas pol\u00edticas p\u00fablicas para el sector.<\/div>\n<div dir=\"auto\">\u00a0<\/div>\n<\/div>\n<div class=\"x14z9mp xat24cr x1lziwak x1vvkbs xtlvy1s x126k92a\">\n<div dir=\"auto\">Te invitamos a completar el registro y a difundirlo entre las librer\u00edas de tu municipio y de tu barrio.<\/div>\n<div dir=\"auto\">\u00a0<\/div>\n<\/div>\n<div dir=\"auto\"><a href=\"https:\/\/institutocultural.gba.gob.ar\/articulo-noticia\/noticias\/abrio-la-inscripcion-para-el-registro-de-librerias-bonaerenses\" target=\"_blank\" rel=\"noopener\">M\u00e1s informaci\u00f3n<\/a><\/div>\n<\/td>\n<td style=\"width: 408.5px; text-align: center;\"><img decoding=\"async\" loading=\"lazy\" class=\"alignnone size-medium wp-image-11368\" src=\"https:\/\/www.arte.unicen.edu.ar\/sustentarte\/wp-content\/uploads\/2025\/08\/540498026_1209059997929752_1810781108216022002_n-240x300.jpg\" alt=\"\" width=\"240\" height=\"300\" srcset=\"https:\/\/www.arte.unicen.edu.ar\/sustentarte\/wp-content\/uploads\/2025\/08\/540498026_1209059997929752_1810781108216022002_n-240x300.jpg 240w, https:\/\/www.arte.unicen.edu.ar\/sustentarte\/wp-content\/uploads\/2025\/08\/540498026_1209059997929752_1810781108216022002_n.jpg 512w\" sizes=\"(max-width: 240px) 100vw, 240px\" \/><\/td>\n<\/tr>\n<\/tbody>\n<\/table>\n<table style=\"height: 5px;\" width=\"835\">\n<tbody>\n<tr>\n<td style=\"width: 409.5px; text-align: center;\"><img decoding=\"async\" loading=\"lazy\" class=\"alignnone size-medium wp-image-11261\" src=\"https:\/\/www.arte.unicen.edu.ar\/sustentarte\/wp-content\/uploads\/2025\/08\/Captura7-300x139.jpg\" alt=\"\" width=\"300\" height=\"139\" srcset=\"https:\/\/www.arte.unicen.edu.ar\/sustentarte\/wp-content\/uploads\/2025\/08\/Captura7-300x139.jpg 300w, https:\/\/www.arte.unicen.edu.ar\/sustentarte\/wp-content\/uploads\/2025\/08\/Captura7.jpg 699w\" sizes=\"(max-width: 300px) 100vw, 300px\" \/><\/td>\n<td style=\"width: 409.5px; text-align: center;\">\n<p><strong>FONDO NACIONAL DE LAS ARTES: L\u00cdNEA DE PR\u00c9STAMOS PARA PROYECTOS CULTURALES<\/strong><\/p>\n<p>Orientada a financiar cualquier etapa del proceso creativo y de la realizaci\u00f3n de un proyecto art\u00edstico cultural, ya sea el inicio o el desarrollo de actividades espec\u00edficas tales como viajes para participar en festivales, ferias, bienales, de estudio o perfeccionamiento, ediciones, montaje de obras, etc.<\/p>\n<p>CIERRE: 31 de Diciembre de 2025<\/p>\n<p><a href=\"https:\/\/www.argentina.gob.ar\/noticias\/proyectos-culturales-2024\" target=\"_blank\" rel=\"noopener\">M\u00e1s informaci\u00f3n<\/a><\/p>\n<\/td>\n<\/tr>\n<\/tbody>\n<\/table>\n<table style=\"height: 26px;\" width=\"836\">\n<tbody>\n<tr>\n<td style=\"width: 410px;\">\n<p style=\"text-align: center;\"><em><strong>CELCIT PUBLICACIONES<\/strong><\/em><\/p>\n<p>Colecci\u00f3n TEATRO: TEORIA Y PRACTICA. M\u00e1s de 50 libros que abordan aspectos de la teor\u00eda o la pr\u00e1ctica esc\u00e9nica y distintos aspectos del quehacer teatral, su metodolog\u00eda, sus procedimientos, sus medios expresivos, etc.<\/p>\n<p><a href=\"https:\/\/www.celcit.org.ar\/publicaciones\/teatro-teoria-y-practica\/\">Descargar<\/a><\/p>\n<\/td>\n<td style=\"width: 410px;\"><img decoding=\"async\" loading=\"lazy\" class=\"alignnone size-medium wp-image-10517 aligncenter\" src=\"https:\/\/www.arte.unicen.edu.ar\/sustentarte\/wp-content\/uploads\/2024\/11\/465565343_1012815124212158_7190482328611277387_n-212x300.jpg\" alt=\"\" width=\"212\" height=\"300\" srcset=\"https:\/\/www.arte.unicen.edu.ar\/sustentarte\/wp-content\/uploads\/2024\/11\/465565343_1012815124212158_7190482328611277387_n-212x300.jpg 212w, https:\/\/www.arte.unicen.edu.ar\/sustentarte\/wp-content\/uploads\/2024\/11\/465565343_1012815124212158_7190482328611277387_n.jpg 509w\" sizes=\"(max-width: 212px) 100vw, 212px\" \/><\/td>\n<\/tr>\n<\/tbody>\n<\/table>\n<table style=\"height: 32px;\" width=\"836\">\n<tbody>\n<tr>\n<td style=\"width: 410px;\"><img decoding=\"async\" loading=\"lazy\" class=\"alignnone size-medium wp-image-10226 aligncenter\" src=\"https:\/\/www.arte.unicen.edu.ar\/sustentarte\/wp-content\/uploads\/2024\/09\/descarga-1-300x300.jpg\" alt=\"\" width=\"300\" height=\"300\" srcset=\"https:\/\/www.arte.unicen.edu.ar\/sustentarte\/wp-content\/uploads\/2024\/09\/descarga-1-300x300.jpg 300w, https:\/\/www.arte.unicen.edu.ar\/sustentarte\/wp-content\/uploads\/2024\/09\/descarga-1-150x150.jpg 150w, https:\/\/www.arte.unicen.edu.ar\/sustentarte\/wp-content\/uploads\/2024\/09\/descarga-1.jpg 600w\" sizes=\"(max-width: 300px) 100vw, 300px\" \/><\/td>\n<td style=\"width: 410px; text-align: center;\">\n<p><strong><em>SISTEMA DE INFORMACION CUALTURAL DE LA PROVINCIA DE BUENOS AIRES<\/em><\/strong><\/p>\n<div class=\"xdj266r x11i5rnm xat24cr x1mh8g0r x1vvkbs x126k92a\">\n<div dir=\"auto\" style=\"text-align: justify;\">Desde el Instituto Cultural presentamos BASIC, el Sistema de Informaci\u00f3n Cultural de la Provincia de Buenos Aires.<\/div>\n<\/div>\n<div class=\"x11i5rnm xat24cr x1mh8g0r x1vvkbs xtlvy1s x126k92a\" style=\"text-align: justify;\">\n<div dir=\"auto\">Este sistema permite acceder a m\u00e1s de 60.000 datos, indicadores y estad\u00edsticas como agentes de la cultura, industrias y espacios culturales, formaci\u00f3n cultural y proyectos comunitarios. La iniciativa cont\u00f3 con la colaboraci\u00f3n del Ministerio de Econom\u00eda y con el apoyo de la UNESCO.<\/div>\n<\/div>\n<div class=\"x11i5rnm xat24cr x1mh8g0r x1vvkbs xtlvy1s x126k92a\">\n<div dir=\"auto\" style=\"text-align: justify;\">Quienes lo utilicen podr\u00e1n acceder, por municipio o secci\u00f3n, a n\u00fameros por dimensiones o sectores. Tambi\u00e9n est\u00e1 habilitada la b\u00fasqueda por rubros.<\/div>\n<div dir=\"auto\" style=\"text-align: left;\"><a href=\"https:\/\/basic.gba.gob.ar\/?fbclid=IwY2xjawFOlDZleHRuA2FlbQIxMAABHcbNzwCMzMUGIrLj999Kg077ofI-BzwkxUdAw9YOQa8TCYkM1gi3Tke30Q_aem_UOIoupVZktvuTVgbmXpceA\">M\u00e1s informaci\u00f3n<\/a><\/div>\n<\/div>\n<\/td>\n<\/tr>\n<\/tbody>\n<\/table>\n<table style=\"height: 28px; width: 839px;\">\n<tbody>\n<tr>\n<td style=\"width: 440px; text-align: justify;\"><strong>\u00a1Conoc\u00e9 el portal de datos del Ministerio de Cultura!<\/strong><br \/>Ya est\u00e1 disponible en nuestra web el sitio \u201cCultura en datos\u201d, un espacio creado para facilitar el acceso de la comunidad a la informaci\u00f3n . Una herramienta con mapas interactivos, gu\u00edas metodol\u00f3gicas, informes de gesti\u00f3n, reportes de inversi\u00f3n e informaci\u00f3n sobre convocatorias, programas y p\u00fablicos.\u00a0 <a href=\"https:\/\/www.argentina.gob.ar\/cultura\/cultura-en-datos\">Mas informaci\u00f3n<\/a><\/td>\n<td style=\"width: 382px;\"><img decoding=\"async\" loading=\"lazy\" src=\"https:\/\/www.arte.unicen.edu.ar\/sustentarte\/wp-content\/uploads\/2023\/11\/399689553_850475573744213_7700537847865440353_n-1-300x169.jpg\" alt=\"\" width=\"320\" height=\"180\" \/><\/td>\n<\/tr>\n<\/tbody>\n<\/table>\n<table style=\"height: 30px;\" width=\"840\">\n<tbody>\n<tr>\n<td style=\"width: 412px;\"><img decoding=\"async\" loading=\"lazy\" src=\"https:\/\/www.arte.unicen.edu.ar\/sustentarte\/wp-content\/uploads\/2023\/10\/386504147_822319153226522_7200724525115655488_n-300x300.jpg\" alt=\"\" width=\"351\" height=\"351\" \/><\/td>\n<td style=\"width: 412px;\"><strong>Plataforma digital para bibliotecas populares.<\/strong><br \/>Para ver online o descargar, acced\u00e9 a libros, audiolibros, materiales literarios, gu\u00edas, capacitaciones, herramientas, rese\u00f1as, conferencias, clubes de lectura e intercambios de experiencias y cat\u00e1logos con la red de m\u00e1s de 450 bibliotecas.<br \/>Ingres\u00e1 desde la plataforma de las Comunidades de Lecturas Juana Manso de la CONABIP.<br \/><a href=\"https:\/\/www.argentina.gob.ar\/noticias\/conoce-la-nueva-plataforma-digital-de-las-comunidades-de-lecturas-juana-manso?fbclid=IwAR0xB9vvlbIP-swmaBInhIxNy6Ce4lJsThqibrUEdIJ0J1P_vEL_jix4-wk\">Mas informaci\u00f3n<\/a><\/td>\n<\/tr>\n<\/tbody>\n<\/table>\n<table style=\"height: 217px;\" width=\"836\">\n<tbody>\n<tr>\n<td style=\"width: 410px;\"><img decoding=\"async\" loading=\"lazy\" src=\"https:\/\/www.arte.unicen.edu.ar\/sustentarte\/wp-content\/uploads\/2021\/09\/5P6BpEoVo2T0-207x300.jpg\" alt=\"\" width=\"137\" height=\"198\" \/><\/td>\n<td style=\"width: 410px;\"><strong>Manual Iberoamericano de Derechos Intelectuales en la M\u00fasica<\/strong><br \/>El manual desarrolla conceptos imprescindibles para la actividad art\u00edstica musical y un estado de situaci\u00f3n referido a los derechos intelectuales de la m\u00fasica en un nivel general. El INAMU, junto a la Secretar\u00eda de Gesti\u00f3n Cultural del Ministerio de Cultura de la Naci\u00f3n.<br \/><a href=\"https:\/\/formar.cultura.gob.ar\/biblioteca\/\">Mas informaci\u00f3n<\/a><\/td>\n<\/tr>\n<\/tbody>\n<\/table>\n<table style=\"height: 333px;\" width=\"831\">\n<tbody>\n<tr>\n<td style=\"width: 407.5px;\"><strong>Territorio de Saberes | Encuentros<\/strong><br \/>La propuesta tiene como <strong>objetivo fortalecer las redes de construcci\u00f3n de conocimiento entre organizaciones y colectivos, hacia adentro de ellos y con sus territorios.<\/strong> Est\u00e1 orientado a formadores\/as culturales que integren colectivos y organizaciones de la cultura comunitaria de todo el pa\u00eds, a referentes sindicales de \u00e1reas de cultura o afines, y personas que trabajan en proyectos de extensi\u00f3n o \u00e1reas similares de universidades nacionales, generando un espacio de intercambio horizontal para la construcci\u00f3n colectiva de conocimientos.<br \/><a href=\"https:\/\/www.youtube.com\/results?search_query=territorio+de+saberes+y+encuentros\">Encontra las charlas aqu\u00ed<\/a><\/td>\n<td style=\"width: 407.5px;\"><img decoding=\"async\" loading=\"lazy\" src=\"https:\/\/www.arte.unicen.edu.ar\/sustentarte\/wp-content\/uploads\/2021\/09\/maxresdefault-300x169.jpg\" alt=\"\" width=\"389\" height=\"219\" \/><\/td>\n<\/tr>\n<\/tbody>\n<\/table>\n<table style=\"height: 5px;\" width=\"814\">\n<tbody>\n<tr>\n<td style=\"width: 399px; text-align: justify;\">El Ministerio de Cultura de la Naci\u00f3n te invita a ser parte del <strong>Mercado de Industrias Culturales Argentinas (MICA)<\/strong>, sumando tu propuesta de bienes y servicios culturales por medio de la creaci\u00f3n de perfiles y carga de portafolios en la <a href=\"https:\/\/www.cultura.gob.ar\/media\/uploads\/mica_2021_guia-para-empezar.pdf\">PlataformaDigitalMICA.<\/a><br \/>Conoc\u00e9 m\u00e1s sobre la Plataforma Digital MICA.:\u00a0<a role=\"link\" href=\"https:\/\/bit.ly\/3kN86M1?fbclid=IwAR1fpr7VrtRXoL4gU7erSfw7pVX3y2W2FzWe6547EokrRaIjgDXIqJZm_Vk\" target=\"_blank\" rel=\"nofollow noopener\">https:\/\/bit.ly\/3kN86M1<\/a><\/td>\n<td style=\"width: 399px;\"><img decoding=\"async\" loading=\"lazy\" src=\"https:\/\/www.arte.unicen.edu.ar\/sustentarte\/wp-content\/uploads\/2021\/09\/191775824_4521896101165795_6820804546684501264_n-300x300.jpg\" alt=\"\" width=\"246\" height=\"246\" \/><\/td>\n<\/tr>\n<\/tbody>\n<\/table>\n<table style=\"height: 18px;\" width=\"814\">\n<tbody>\n<tr>\n<td style=\"width: 399px;\"><img decoding=\"async\" loading=\"lazy\" src=\"https:\/\/www.arte.unicen.edu.ar\/sustentarte\/wp-content\/uploads\/2021\/03\/descarga-3-300x140.jpg\" alt=\"\" width=\"379\" height=\"177\" \/><\/td>\n<td style=\"width: 399px;\">El Instituto Nacional de la M\u00fasica presenta el <strong>Banco de M\u00fasica Nacional e Independiente.<\/strong><br \/>Este Banco es de acceso gratuito, federal y fomenta la inclusi\u00f3n de todos los estilos musicales.<br \/><a href=\"https:\/\/l.facebook.com\/l.php?u=http%3A%2F%2Fwww.inamu.musica.ar%2Fbancodemusica%3Ffbclid%3DIwAR3aXVt9DBWIg3kq2xta22F-xRk68j5qgKW0uxKqIz-r8wTsRKxcyJEFnVw&amp;h=AT0-K3D50y3MBXMS6F77E9hd_yFvLpmLQb4lg0feSnIaQYgLAvR-T4YILRtB3Fa8wgvVg2ggx4W3pfCVPoQ5Vih-XS7WWhGeuwtIlf3rOSUcUUFzmk67aqlchS_Ldd1m&amp;__tn__=-UK-R&amp;c[0]=AT2R57HLHsnVD45X0ttwPZtpiimUFxi5pOoCU0IktfxnZfARTdmN2Ix_-LBYA_GtZFvM8jCNfDai_nXXPyXkrwokUb-x95YP-aAfGOp3yqLQq69y2phSUN9yOOW06JydkxfVDKiwEohfNe7n3bmcBM_SVGRbvFiqlPJpU4T-5kHN_3HreNk\">Mas informaci\u00f3n<\/a><\/td>\n<\/tr>\n<\/tbody>\n<\/table>\n<table style=\"height: 17px;\" width=\"818\">\n<tbody>\n<tr>\n<td style=\"width: 401px;\">En <strong>Formar Cultura<\/strong> encontrar\u00e1n <strong>m\u00e1s de 40 cursos, clases, entrevistas y herramientas de formaci\u00f3n cultural.<\/strong> Adem\u00e1s de una<strong> biblioteca digital abierta<\/strong> y de libre descarga y un radar de carreras para conocer la oferta acad\u00e9mica formal.<br \/>Una<strong> plataforma de aprendizaje<\/strong> que brinda herramientas y recursos digitales para hacedores culturales:Cursos y charlas, comunidad virtual, biblioteca digital.<br \/><strong>Sin fecha de cierre<\/strong><br \/><a href=\"https:\/\/formar.cultura.gob.ar\/\">Suscribite aqu\u00ed<\/a><\/td>\n<td style=\"width: 401px;\"><img decoding=\"async\" loading=\"lazy\" src=\"https:\/\/www.arte.unicen.edu.ar\/sustentarte\/wp-content\/uploads\/2020\/09\/unnamed-300x94.jpg\" alt=\"\" width=\"402\" height=\"126\" \/><\/td>\n<\/tr>\n<\/tbody>\n<\/table>\n<p>\/*! elementor &#8211; v3.13.3 &#8211; 28-05-2023 *\/<br \/>.elementor-widget-image{text-align:center}.elementor-widget-image a{display:inline-block}.elementor-widget-image a img[src$=&#8221;.svg&#8221;]{width:48px}.elementor-widget-image img{vertical-align:middle;display:inline-block} <img decoding=\"async\" loading=\"lazy\" src=\"https:\/\/www.arte.unicen.edu.ar\/sustentarte\/wp-content\/uploads\/2023\/12\/impulsocultura-1024x576.jpg\" alt=\"\" width=\"1024\" height=\"576\" \/><\/p>\n<p style=\"text-align: justify;\"><strong>Impulso digital<\/strong> es el programa <strong>gratuito<\/strong> de profesionalizaci\u00f3n dirigido a hacedores culturales de todo el pa\u00eds. A trav\u00e9s de su plataforma, pone a disposici\u00f3n m\u00f3dulos con herramientas digitales para llevar adelante proyectos culturales.<br \/>Tiene m\u00faltiples secciones como: Teatro, Audiovisuales, Danza, Videojuegos, M\u00fasica, Derechos de autor, Impulso Pitching, entre muchas otras m\u00e1s!<br \/><a href=\"https:\/\/impulsodigital.vivamoscultura.com\/\">M\u00e1s informaci\u00f3n<\/a><\/p>","protected":false},"excerpt":{"rendered":"<p>REGISTRO DE LIBRER\u00cdAS BONAERENSES \u00bfTen\u00e9s o sos parte de una librer\u00eda en la Provincia de Buenos Aires? \u00a0 Estamos actualizando la base de datos de las librer\u00edas bonaerenses y queremos [&hellip;]<\/p>\n","protected":false},"author":1,"featured_media":0,"parent":1367,"menu_order":0,"comment_status":"closed","ping_status":"closed","template":"","meta":{"_mi_skip_tracking":false,"_exactmetrics_sitenote_active":false,"_exactmetrics_sitenote_note":"","_exactmetrics_sitenote_category":0},"_links":{"self":[{"href":"https:\/\/www.arte.unicen.edu.ar\/sustentarte\/index.php\/wp-json\/wp\/v2\/pages\/1616"}],"collection":[{"href":"https:\/\/www.arte.unicen.edu.ar\/sustentarte\/index.php\/wp-json\/wp\/v2\/pages"}],"about":[{"href":"https:\/\/www.arte.unicen.edu.ar\/sustentarte\/index.php\/wp-json\/wp\/v2\/types\/page"}],"author":[{"embeddable":true,"href":"https:\/\/www.arte.unicen.edu.ar\/sustentarte\/index.php\/wp-json\/wp\/v2\/users\/1"}],"replies":[{"embeddable":true,"href":"https:\/\/www.arte.unicen.edu.ar\/sustentarte\/index.php\/wp-json\/wp\/v2\/comments?post=1616"}],"version-history":[{"count":1,"href":"https:\/\/www.arte.unicen.edu.ar\/sustentarte\/index.php\/wp-json\/wp\/v2\/pages\/1616\/revisions"}],"predecessor-version":[{"id":11376,"href":"https:\/\/www.arte.unicen.edu.ar\/sustentarte\/index.php\/wp-json\/wp\/v2\/pages\/1616\/revisions\/11376"}],"up":[{"embeddable":true,"href":"https:\/\/www.arte.unicen.edu.ar\/sustentarte\/index.php\/wp-json\/wp\/v2\/pages\/1367"}],"wp:attachment":[{"href":"https:\/\/www.arte.unicen.edu.ar\/sustentarte\/index.php\/wp-json\/wp\/v2\/media?parent=1616"}],"curies":[{"name":"wp","href":"https:\/\/api.w.org\/{rel}","templated":true}]}}