{"id":1609,"date":"2020-07-15T08:12:31","date_gmt":"2020-07-15T11:12:31","guid":{"rendered":"https:\/\/www.arte.unicen.edu.ar\/sustentarte\/?page_id=1609"},"modified":"2025-12-01T10:13:21","modified_gmt":"2025-12-01T13:13:21","slug":"festivales","status":"publish","type":"page","link":"https:\/\/www.arte.unicen.edu.ar\/sustentarte\/index.php\/teatro\/festivales\/","title":{"rendered":"Festivales"},"content":{"rendered":"<h5><img decoding=\"async\" loading=\"lazy\" class=\"\" src=\"https:\/\/www.arte.unicen.edu.ar\/sustentarte\/wp-content\/uploads\/2020\/07\/medioliston_teatro.png\" alt=\"\" width=\"1649\" height=\"36\" \/><\/h5>\n<table style=\"height: 40px;\" width=\"839\">\n<tbody>\n<tr>\n<td style=\"width: 411.5px; text-align: center;\"><img decoding=\"async\" loading=\"lazy\" class=\"alignnone size-medium wp-image-11199\" src=\"https:\/\/www.arte.unicen.edu.ar\/sustentarte\/wp-content\/uploads\/2025\/07\/515297160_1472300650429317_5604700026335756070_n-300x159.jpg\" alt=\"\" width=\"300\" height=\"159\" srcset=\"https:\/\/www.arte.unicen.edu.ar\/sustentarte\/wp-content\/uploads\/2025\/07\/515297160_1472300650429317_5604700026335756070_n-300x159.jpg 300w, https:\/\/www.arte.unicen.edu.ar\/sustentarte\/wp-content\/uploads\/2025\/07\/515297160_1472300650429317_5604700026335756070_n.jpg 526w\" sizes=\"(max-width: 300px) 100vw, 300px\" \/><\/td>\n<td style=\"width: 411.5px; text-align: center;\"><strong><br \/>\nFESTIVAL SHAKESPEARE<\/strong><\/p>\n<p>Los invitamos a participar del XV Festival Shakespeare Buenos Aires que se realizar\u00e1 durante el mes de abril de 2026. Durante el mes de enero de 2026 se seleccionar\u00e1n proyectos.<\/p>\n<p>CIERRE: 14 de Diciembre de 2025<\/p>\n<p>\u00a1No te lo pierdas!<\/p>\n<p><a href=\"https:\/\/festivalshakespeare.org\/convocatoria-2026\" target=\"_blank\" rel=\"noopener\">M\u00e1s informaci\u00f3n<\/a><\/td>\n<\/tr>\n<\/tbody>\n<\/table>\n<table style=\"height: 5px;\" width=\"838\">\n<tbody>\n<tr>\n<td style=\"width: 411px; text-align: center;\"><strong><br \/>\n13\u00b0 FESTIVAL INTERNACIONAL DE TEATRO BREVE<\/strong><\/p>\n<p>Invitamos a creadores y compa\u00f1\u00edas de C\u00f3rdoba, Argentina y del extranjero a presentar obras de 15 minutos. Buscamos propuestas que se atrevan a explorar y ocupar espacios no convencionales.<\/p>\n<p>\ud83d\udcc5 Fechas importantes:<br \/>\n\u2022 Cierre de convocatoria: 15 de diciembre de 2025<br \/>\n\u2022 Fechas del festival: Mayo de 2026<\/p>\n<p>\ud83d\udcdd C\u00f3mo participar:<br \/>\nInscripciones a trav\u00e9s del\u00a0<a href=\"https:\/\/docs.google.com\/forms\/d\/1JiaDDM37IGTm_KYgmdraNVyHJNPkzg2s-laHlWwuDSM\/viewform?fbclid=PAb21jcANd2BdleHRuA2FlbQIxMQABp8Ti3UbHdCaGCYyffeGLO8P64Tfh051kT_s-sHl_3RYGNcg_XQwyDCynohWz_aem_w_VIEFX2JMoq4TFt0Ohg2w&amp;edit_requested=true&amp;pli=1\" target=\"_blank\" rel=\"noopener\">formulario<\/a> y consultas a teatrobreveinternacional@gmail.com<\/td>\n<td style=\"width: 411px; text-align: center;\"><img decoding=\"async\" loading=\"lazy\" class=\"alignnone size-medium wp-image-11610\" src=\"https:\/\/www.arte.unicen.edu.ar\/sustentarte\/wp-content\/uploads\/2025\/10\/Captura-8-277x300.png\" alt=\"\" width=\"277\" height=\"300\" srcset=\"https:\/\/www.arte.unicen.edu.ar\/sustentarte\/wp-content\/uploads\/2025\/10\/Captura-8-277x300.png 277w, https:\/\/www.arte.unicen.edu.ar\/sustentarte\/wp-content\/uploads\/2025\/10\/Captura-8.png 476w\" sizes=\"(max-width: 277px) 100vw, 277px\" \/><\/td>\n<\/tr>\n<\/tbody>\n<\/table>\n","protected":false},"excerpt":{"rendered":"<p>FESTIVAL SHAKESPEARE Los invitamos a participar del XV Festival Shakespeare Buenos Aires que se realizar\u00e1 durante el mes de abril de 2026. Durante el mes de enero de 2026 se [&hellip;]<\/p>\n","protected":false},"author":1,"featured_media":0,"parent":1582,"menu_order":0,"comment_status":"closed","ping_status":"closed","template":"","meta":{"_mi_skip_tracking":false,"_exactmetrics_sitenote_active":false,"_exactmetrics_sitenote_note":"","_exactmetrics_sitenote_category":0},"_links":{"self":[{"href":"https:\/\/www.arte.unicen.edu.ar\/sustentarte\/index.php\/wp-json\/wp\/v2\/pages\/1609"}],"collection":[{"href":"https:\/\/www.arte.unicen.edu.ar\/sustentarte\/index.php\/wp-json\/wp\/v2\/pages"}],"about":[{"href":"https:\/\/www.arte.unicen.edu.ar\/sustentarte\/index.php\/wp-json\/wp\/v2\/types\/page"}],"author":[{"embeddable":true,"href":"https:\/\/www.arte.unicen.edu.ar\/sustentarte\/index.php\/wp-json\/wp\/v2\/users\/1"}],"replies":[{"embeddable":true,"href":"https:\/\/www.arte.unicen.edu.ar\/sustentarte\/index.php\/wp-json\/wp\/v2\/comments?post=1609"}],"version-history":[{"count":2,"href":"https:\/\/www.arte.unicen.edu.ar\/sustentarte\/index.php\/wp-json\/wp\/v2\/pages\/1609\/revisions"}],"predecessor-version":[{"id":11786,"href":"https:\/\/www.arte.unicen.edu.ar\/sustentarte\/index.php\/wp-json\/wp\/v2\/pages\/1609\/revisions\/11786"}],"up":[{"embeddable":true,"href":"https:\/\/www.arte.unicen.edu.ar\/sustentarte\/index.php\/wp-json\/wp\/v2\/pages\/1582"}],"wp:attachment":[{"href":"https:\/\/www.arte.unicen.edu.ar\/sustentarte\/index.php\/wp-json\/wp\/v2\/media?parent=1609"}],"curies":[{"name":"wp","href":"https:\/\/api.w.org\/{rel}","templated":true}]}}