{"id":1603,"date":"2020-07-15T08:05:18","date_gmt":"2020-07-15T11:05:18","guid":{"rendered":"https:\/\/www.arte.unicen.edu.ar\/sustentarte\/?page_id=1603"},"modified":"2025-09-25T11:37:13","modified_gmt":"2025-09-25T14:37:13","slug":"capacitaciones","status":"publish","type":"page","link":"https:\/\/www.arte.unicen.edu.ar\/sustentarte\/index.php\/artes-audiovisuales\/capacitaciones\/","title":{"rendered":"Capacitaciones"},"content":{"rendered":"<p><img decoding=\"async\" loading=\"lazy\" src=\"https:\/\/www.arte.unicen.edu.ar\/sustentarte\/wp-content\/uploads\/2020\/07\/medioliston_arte_audiovisuales.png\" alt=\"\" width=\"1649\" height=\"36\" \/><\/p>\n<table style=\"height: 5px;\" width=\"836\">\n<tbody>\n<tr>\n<td style=\"width: 826px; text-align: center;\"><strong>SEMINARIO CINE DE TERROR<\/strong><\/p>\n<p>\ud83d\udc80 Curso de apreciaci\u00f3n y an\u00e1lisis de cine de Terror.<br \/>\n\ud83d\udc7d 5 clases con modalidad virtual por zoom.<br \/>\n\ud83d\udc7b Tambi\u00e9n lo podes hacer asincr\u00f3nico, las clases se graban.<br \/>\n\ud83c\udf83 Material descargable (textos, im\u00e1genes y videos).<br \/>\n\ud83e\udddf\u200d\u2642\ufe0f 100 PELICULAS, excelente calidad, idioma original y subtituladas.<\/p>\n<p><a href=\"https:\/\/www.instagram.com\/nicolasrapisarda\/\" target=\"_blank\" rel=\"noopener\">M\u00e1s informaci\u00f3n e inscripci\u00f3n<\/a><\/p>\n<p><img decoding=\"async\" loading=\"lazy\" class=\"alignnone size-medium wp-image-11514\" src=\"https:\/\/www.arte.unicen.edu.ar\/sustentarte\/wp-content\/uploads\/2025\/09\/Captura-17-300x300.png\" alt=\"\" width=\"300\" height=\"300\" srcset=\"https:\/\/www.arte.unicen.edu.ar\/sustentarte\/wp-content\/uploads\/2025\/09\/Captura-17-300x300.png 300w, https:\/\/www.arte.unicen.edu.ar\/sustentarte\/wp-content\/uploads\/2025\/09\/Captura-17-150x150.png 150w, https:\/\/www.arte.unicen.edu.ar\/sustentarte\/wp-content\/uploads\/2025\/09\/Captura-17.png 597w\" sizes=\"(max-width: 300px) 100vw, 300px\" \/><\/td>\n<\/tr>\n<\/tbody>\n<\/table>\n<table style=\"height: 24px;\" width=\"836\">\n<tbody>\n<tr>\n<td style=\"width: 826px; text-align: center;\"><b style=\"font-size: revert; font-family: inherit; color: initial;\">Taller\u00a0 \u201cCARTOGRAF\u00cdAS SENSIBLES\u201d LABORATORIO AUDIOVISUAL PARA PENSAR, MIRAR Y HABITAR EL PRESENTE.<\/b><\/p>\n<p>Es un taller audiovisual dirigido a j\u00f3venes de 16 a 25 a\u00f1os, que propone un espacio de exploraci\u00f3n art\u00edstica, reflexi\u00f3n y creaci\u00f3n colectiva. A partir de herramientas accesibles (celular, cuerpo, voz, apps gratuitas) se trabajar\u00e1 con lenguaje audiovisual y sonoro desde una mirada sensible, cr\u00edtica y po\u00e9tica del presente. El proceso incluir\u00e1 pr\u00e1cticas de observaci\u00f3n, registro, edici\u00f3n, puesta en com\u00fan y muestra final abierta. Se fomentar\u00e1 la expresi\u00f3n subjetiva, el pensamiento colectivo y el arte como red de contenci\u00f3n y transformaci\u00f3n.<\/p>\n<p>\ud83d\udcc5Inicia: S\u00e1bado 9 de Agosto.<\/p>\n<p>\u200b\u2757 Abierto a la comunidad.<\/p>\n<p>\ud83d\udc49\u200b\u200bCosto: $15.000. Duraci\u00f3n: Agosto a noviembre.<\/p>\n<p>Inscripci\u00f3n por formulario online:\u00a0<a href=\"https:\/\/forms.gle\/MsafsBgnczDbhkrN9\" target=\"_blank\" rel=\"noopener\">https:\/\/forms.gle\/MsafsBgnczDbhkrN9<\/a><\/p>\n<p><img decoding=\"async\" loading=\"lazy\" class=\"alignnone size-medium wp-image-11246\" src=\"https:\/\/www.arte.unicen.edu.ar\/sustentarte\/wp-content\/uploads\/2025\/08\/cartografias-240x300.jpeg\" alt=\"\" width=\"240\" height=\"300\" srcset=\"https:\/\/www.arte.unicen.edu.ar\/sustentarte\/wp-content\/uploads\/2025\/08\/cartografias-240x300.jpeg 240w, https:\/\/www.arte.unicen.edu.ar\/sustentarte\/wp-content\/uploads\/2025\/08\/cartografias-819x1024.jpeg 819w, https:\/\/www.arte.unicen.edu.ar\/sustentarte\/wp-content\/uploads\/2025\/08\/cartografias-768x960.jpeg 768w, https:\/\/www.arte.unicen.edu.ar\/sustentarte\/wp-content\/uploads\/2025\/08\/cartografias-750x937.jpeg 750w, https:\/\/www.arte.unicen.edu.ar\/sustentarte\/wp-content\/uploads\/2025\/08\/cartografias.jpeg 1081w\" sizes=\"(max-width: 240px) 100vw, 240px\" \/><\/td>\n<\/tr>\n<\/tbody>\n<\/table>\n<p><strong>PUERTAS ADENTRO<\/strong> <strong>casa de artista,<\/strong> contin\u00faa su<strong> Programa de Residencias Mar Adentro<\/strong> bajo un concepto h\u00edbrido que combina acompa\u00f1amientos virtuales de los grupos seleccionados y el desarrollo de una muestra presencial en Uruguay.<\/p>\n<p>El programa brinda la posibilidad de formar una comunidad art\u00edstica internacional que\u00a0supere las fronteras nacionales, enriquezca a los participantes con las diferencias\u00a0culturales y aporte una experiencia significativa en la carrera de los artistas participantes\u00a0al estar en contacto con diferentes lenguajes visuales y est\u00e9ticos.<\/p>\n<p><a href=\"https:\/\/linktr.ee\/puertas.adentro?lt_utm_source=lt_share_link#359077164\">Bases y condiciones<\/a><\/p>\n<style>\/*! elementor - v3.13.3 - 28-05-2023 *\/<br \/>\n.elementor-widget-image{text-align:center}.elementor-widget-image a{display:inline-block}.elementor-widget-image a img[src$=\".svg\"]{width:48px}.elementor-widget-image img{vertical-align:middle;display:inline-block}<\/style>\n<p><img decoding=\"async\" loading=\"lazy\" src=\"https:\/\/www.arte.unicen.edu.ar\/sustentarte\/wp-content\/uploads\/2024\/03\/Convocatoria-702x595-1.png\" sizes=\"(max-width: 702px) 100vw, 702px\" srcset=\"https:\/\/www.arte.unicen.edu.ar\/sustentarte\/wp-content\/uploads\/2024\/03\/Convocatoria-702x595-1.png 702w, https:\/\/www.arte.unicen.edu.ar\/sustentarte\/wp-content\/uploads\/2024\/03\/Convocatoria-702x595-1-300x254.png 300w\" alt=\"\" width=\"702\" height=\"595\" \/><\/p>\n","protected":false},"excerpt":{"rendered":"<p>SEMINARIO CINE DE TERROR \ud83d\udc80 Curso de apreciaci\u00f3n y an\u00e1lisis de cine de Terror. \ud83d\udc7d 5 clases con modalidad virtual por zoom. \ud83d\udc7b Tambi\u00e9n lo podes hacer asincr\u00f3nico, las clases [&hellip;]<\/p>\n","protected":false},"author":1,"featured_media":0,"parent":1580,"menu_order":0,"comment_status":"closed","ping_status":"closed","template":"","meta":{"_mi_skip_tracking":false,"_exactmetrics_sitenote_active":false,"_exactmetrics_sitenote_note":"","_exactmetrics_sitenote_category":0},"_links":{"self":[{"href":"https:\/\/www.arte.unicen.edu.ar\/sustentarte\/index.php\/wp-json\/wp\/v2\/pages\/1603"}],"collection":[{"href":"https:\/\/www.arte.unicen.edu.ar\/sustentarte\/index.php\/wp-json\/wp\/v2\/pages"}],"about":[{"href":"https:\/\/www.arte.unicen.edu.ar\/sustentarte\/index.php\/wp-json\/wp\/v2\/types\/page"}],"author":[{"embeddable":true,"href":"https:\/\/www.arte.unicen.edu.ar\/sustentarte\/index.php\/wp-json\/wp\/v2\/users\/1"}],"replies":[{"embeddable":true,"href":"https:\/\/www.arte.unicen.edu.ar\/sustentarte\/index.php\/wp-json\/wp\/v2\/comments?post=1603"}],"version-history":[{"count":1,"href":"https:\/\/www.arte.unicen.edu.ar\/sustentarte\/index.php\/wp-json\/wp\/v2\/pages\/1603\/revisions"}],"predecessor-version":[{"id":11515,"href":"https:\/\/www.arte.unicen.edu.ar\/sustentarte\/index.php\/wp-json\/wp\/v2\/pages\/1603\/revisions\/11515"}],"up":[{"embeddable":true,"href":"https:\/\/www.arte.unicen.edu.ar\/sustentarte\/index.php\/wp-json\/wp\/v2\/pages\/1580"}],"wp:attachment":[{"href":"https:\/\/www.arte.unicen.edu.ar\/sustentarte\/index.php\/wp-json\/wp\/v2\/media?parent=1603"}],"curies":[{"name":"wp","href":"https:\/\/api.w.org\/{rel}","templated":true}]}}