{"id":1599,"date":"2020-07-15T08:04:05","date_gmt":"2020-07-15T11:04:05","guid":{"rendered":"https:\/\/www.arte.unicen.edu.ar\/sustentarte\/?page_id=1599"},"modified":"2025-02-17T10:46:43","modified_gmt":"2025-02-17T13:46:43","slug":"lineas-de-fomento","status":"publish","type":"page","link":"https:\/\/www.arte.unicen.edu.ar\/sustentarte\/index.php\/artes-audiovisuales\/lineas-de-fomento\/","title":{"rendered":"Lineas de fomento"},"content":{"rendered":"<p><img decoding=\"async\" loading=\"lazy\" src=\"https:\/\/www.arte.unicen.edu.ar\/sustentarte\/wp-content\/uploads\/2020\/07\/medioliston_arte_audiovisuales.png\" alt=\"\" width=\"1649\" height=\"36\" \/><\/p>\n<table style=\"height: 5px; width: 820px;\">\n<tbody>\n<tr>\n<td style=\"width: 415px;\"><strong>Animaci\u00f3n y nuevas tecnolog\u00edas<\/strong><br \/>\nEl Instituto Nacional de Cine y Artes Audiovisuales (INCAA), observa con atenci\u00f3n la necesidad de acompa\u00f1ar el desarrollo y crecimiento del sector de la animaci\u00f3n, para ello la primer medida es la creaci\u00f3n del \u00e1rea de Animaci\u00f3n y Nuevas Tecnolog\u00edas en la estructura del INCAA.<br \/>\nEnt\u00e9rate de todo, ac\u00e1 \u25ba <a role=\"link\" href=\"https:\/\/bit.ly\/3iGuI11?fbclid=IwAR1c7-XgdqdP8XZj6mIpY7o4x2S2m17cp6kzcbh1LYNTS3XcUIlUu0wLiWU\" target=\"_blank\" rel=\"nofollow noopener\">bit.ly\/3iGuI11<\/a><\/td>\n<td style=\"width: 389px;\"><img decoding=\"async\" loading=\"lazy\" src=\"https:\/\/www.arte.unicen.edu.ar\/sustentarte\/wp-content\/uploads\/2021\/06\/REDESx5-VIRGEN_Web-INCAA-300x143.png\" alt=\"\" width=\"300\" height=\"143\" \/><\/td>\n<\/tr>\n<\/tbody>\n<\/table>\n<table style=\"height: 5px; width: 824px;\">\n<tbody>\n<tr>\n<td style=\"width: 419px;\"><img decoding=\"async\" loading=\"lazy\" src=\"https:\/\/www.arte.unicen.edu.ar\/sustentarte\/wp-content\/uploads\/2021\/04\/Captura-de-pantalla-2021-04-12-104733-300x196.jpg\" alt=\"\" width=\"300\" height=\"196\" \/><\/td>\n<td style=\"width: 389px; text-align: justify;\"><strong>First Flights<\/strong> existe para aprovechar y ayudar a los cineastas emergentes a crear largometrajes audaces y ambiciosos para una audiencia global.<br \/>\n<strong>El fondo de cortometrajes<\/strong> permite a los nuevos talentos poner a prueba sus ideas antes de embarcarse en un largometraje. Se encuentran disponibles subvenciones de hasta \u00a3 7,000 para cubrir los costos de producci\u00f3n de contenido de cortometrajes documentales y con gui\u00f3n.<br \/>\n<a href=\"https:\/\/www.first-flights.com\/\">M\u00e1s info<\/a><\/td>\n<\/tr>\n<\/tbody>\n<\/table>\n<table style=\"height: 13px; width: 823px;\">\n<tbody>\n<tr>\n<td style=\"width: 419px;\"><img decoding=\"async\" loading=\"lazy\" src=\"https:\/\/www.arte.unicen.edu.ar\/sustentarte\/wp-content\/uploads\/2020\/08\/incaaa-creditos-300x300.jpg\" alt=\"\" width=\"220\" height=\"220\" \/><\/td>\n<td style=\"width: 388px; text-align: justify;\">El Instituto Nacional de Cine y Artes Audiovisuales (<strong>INCAA<\/strong>) tiene entre sus funciones principales la promoci\u00f3n y el fomento de la cinematograf\u00eda nacional.<br \/>\n<a href=\"https:\/\/www.incaa.gob.ar\/financiamiento\/creditos\/\">CR\u00c9DITOS<\/a><br \/>\n<a href=\"https:\/\/www.incaa.gob.ar\/financiamiento\/subsidios\/\">SUBSIDIOS<\/a><\/td>\n<\/tr>\n<\/tbody>\n<\/table>\n","protected":false},"excerpt":{"rendered":"<p>Animaci\u00f3n y nuevas tecnolog\u00edas El Instituto Nacional de Cine y Artes Audiovisuales (INCAA), observa con atenci\u00f3n la necesidad de acompa\u00f1ar el desarrollo y crecimiento del sector de la animaci\u00f3n, para [&hellip;]<\/p>\n","protected":false},"author":1,"featured_media":0,"parent":1580,"menu_order":0,"comment_status":"closed","ping_status":"closed","template":"","meta":{"_mi_skip_tracking":false,"_exactmetrics_sitenote_active":false,"_exactmetrics_sitenote_note":"","_exactmetrics_sitenote_category":0},"_links":{"self":[{"href":"https:\/\/www.arte.unicen.edu.ar\/sustentarte\/index.php\/wp-json\/wp\/v2\/pages\/1599"}],"collection":[{"href":"https:\/\/www.arte.unicen.edu.ar\/sustentarte\/index.php\/wp-json\/wp\/v2\/pages"}],"about":[{"href":"https:\/\/www.arte.unicen.edu.ar\/sustentarte\/index.php\/wp-json\/wp\/v2\/types\/page"}],"author":[{"embeddable":true,"href":"https:\/\/www.arte.unicen.edu.ar\/sustentarte\/index.php\/wp-json\/wp\/v2\/users\/1"}],"replies":[{"embeddable":true,"href":"https:\/\/www.arte.unicen.edu.ar\/sustentarte\/index.php\/wp-json\/wp\/v2\/comments?post=1599"}],"version-history":[{"count":1,"href":"https:\/\/www.arte.unicen.edu.ar\/sustentarte\/index.php\/wp-json\/wp\/v2\/pages\/1599\/revisions"}],"predecessor-version":[{"id":10891,"href":"https:\/\/www.arte.unicen.edu.ar\/sustentarte\/index.php\/wp-json\/wp\/v2\/pages\/1599\/revisions\/10891"}],"up":[{"embeddable":true,"href":"https:\/\/www.arte.unicen.edu.ar\/sustentarte\/index.php\/wp-json\/wp\/v2\/pages\/1580"}],"wp:attachment":[{"href":"https:\/\/www.arte.unicen.edu.ar\/sustentarte\/index.php\/wp-json\/wp\/v2\/media?parent=1599"}],"curies":[{"name":"wp","href":"https:\/\/api.w.org\/{rel}","templated":true}]}}