{"id":1034,"date":"2018-12-07T11:39:05","date_gmt":"2018-12-07T14:39:05","guid":{"rendered":"https:\/\/www.arte.unicen.edu.ar\/sustentarte\/?page_id=1034"},"modified":"2018-12-10T10:15:15","modified_gmt":"2018-12-10T13:15:15","slug":"mas-informacion-2","status":"publish","type":"page","link":"https:\/\/www.arte.unicen.edu.ar\/sustentarte\/index.php\/mas-informacion-2\/","title":{"rendered":"Mas informaci\u00f3n"},"content":{"rendered":"<p style=\"text-align: center\"><span style=\"font-size: 14pt\"><strong><u>&#8220;ANIMAIZ UNA HISTORIA ANIMALADA&#8221;\u00a0<\/u><\/strong><\/span><\/p>\n<p><strong><u>Autor<\/u><\/strong>: Edit Rondinone<\/p>\n<p><strong><u>S\u00edntesis de la obra: <\/u><\/strong><\/p>\n<p>\u201cAnimaiz, una historia animalada\u201d, transcurre en una plantaci\u00f3n de ma\u00edz, donde su due\u00f1o, ESPANTAP\u00c1JAROS, no deja que nadie se acerque a sus tan amados maizales.<\/p>\n<p>RAM\u00d3N, un rat\u00f3n que ha perdido su hogar\u00a0 llega en busca de comida. Antes de poder morder un ma\u00edz, es perseguido\u00a0 por el espantap\u00e1jaros, el cual se divierte mucho asustando cualquier animal que se acerque a comer.<\/p>\n<p>PEPE, un loro mexicano que volaba por el lugar, desciende para desayunar. Al llegar se encuentra con Ram\u00f3n y juntos resuelven enfrentar al amo de las plantas. La acci\u00f3n se desarrolla mediante enfrentamientos, juegos, canciones y gags con un final sorpresivo.<\/p>\n<p>Presenta un vocabulario cotidiano, en donde se mezclan diferentes culturas de Am\u00e9rica Latina. El argumento es entretenido y did\u00e1ctico, donde se observan valores como la amistad, la generosidad, el compa\u00f1erismo y de que todo es posible a trav\u00e9s de las buenas acciones y la uni\u00f3n. Una aventura donde los malos no son tan malos, nada es imposible y cualquier sue\u00f1o puede convertirse en realidad.<\/p>\n<p><strong><u>Duraci\u00f3n <\/u><\/strong>45 minutos.<\/p>\n<p><strong><u>Publico: <\/u><\/strong>Infantil \u2013 Familiar<\/p>\n<p><strong><u>Elenco: 4 integrantes.<\/u><\/strong><\/p>\n<p>Fernando Lazarte &#8211; Paulina Rago. Fernanda Dell Acqua y Edit Rondinone<\/p>\n<p><strong><u>Equipo T\u00e9cnico<\/u><\/strong>: el elenco cuenta con t\u00e9cnico de sonido e iluminaci\u00f3n.<\/p>\n<p><strong><u>Equipamiento t\u00e9cnico<\/u><\/strong>: el elenco cuenta con micr\u00f3fonos inal\u00e1mbricos (de vincha), equipo de sonido. Las luces son prescindibles. El espect\u00e1culo puede realizarse en cualquier espacio no convencional (cerrado)<\/p>\n<p><strong><u>G\u00e9nero:<\/u><\/strong> Infantil<\/p>\n<p><strong><u>Gira<\/u><\/strong><u>:<\/u> Si<\/p>\n<p><strong><u>Condicion ante el IVA<\/u><\/strong>: Monotributo.<\/p>\n<p style=\"text-align: center\"><strong>Responsable : EDIT RONDINONE\u00a0 \/ TE: 249-154 681001 <\/strong><\/p>\n<p style=\"text-align: center\"><strong><u>Email:<\/u><\/strong> <a href=\"mailto:editrondinone@gmail.com\"><strong>editrondinone@gmail.com<\/strong><\/a><strong> \u00a0\u00a0\u00a0\u00a0\u00a0&#8211; \u00a0<\/strong><strong>Facebook: Zigzag Teatro<\/strong><\/p>\n<table style=\"height: 50px\" width=\"720\">\n<tbody>\n<tr>\n<td style=\"width: 352px\">\u00a0 \u00a0 \u00a0\u00a0<img decoding=\"async\" loading=\"lazy\" class=\"alignnone size-medium wp-image-1039\" src=\"https:\/\/www.arte.unicen.edu.ar\/sustentarte\/wp-content\/uploads\/2018\/12\/5-300x200.jpg\" alt=\"\" width=\"300\" height=\"200\" srcset=\"https:\/\/www.arte.unicen.edu.ar\/sustentarte\/wp-content\/uploads\/2018\/12\/5-300x200.jpg 300w, https:\/\/www.arte.unicen.edu.ar\/sustentarte\/wp-content\/uploads\/2018\/12\/5-768x512.jpg 768w, https:\/\/www.arte.unicen.edu.ar\/sustentarte\/wp-content\/uploads\/2018\/12\/5-1024x683.jpg 1024w, https:\/\/www.arte.unicen.edu.ar\/sustentarte\/wp-content\/uploads\/2018\/12\/5-750x500.jpg 750w\" sizes=\"(max-width: 300px) 100vw, 300px\" \/><\/td>\n<td style=\"width: 352px\"><img decoding=\"async\" loading=\"lazy\" class=\"size-medium wp-image-1040 aligncenter\" src=\"https:\/\/www.arte.unicen.edu.ar\/sustentarte\/wp-content\/uploads\/2018\/12\/4-300x200.jpg\" alt=\"\" width=\"300\" height=\"200\" srcset=\"https:\/\/www.arte.unicen.edu.ar\/sustentarte\/wp-content\/uploads\/2018\/12\/4-300x200.jpg 300w, https:\/\/www.arte.unicen.edu.ar\/sustentarte\/wp-content\/uploads\/2018\/12\/4-768x512.jpg 768w, https:\/\/www.arte.unicen.edu.ar\/sustentarte\/wp-content\/uploads\/2018\/12\/4-1024x683.jpg 1024w, https:\/\/www.arte.unicen.edu.ar\/sustentarte\/wp-content\/uploads\/2018\/12\/4-750x500.jpg 750w\" sizes=\"(max-width: 300px) 100vw, 300px\" \/><\/td>\n<\/tr>\n<\/tbody>\n<\/table>\n<p style=\"text-align: justify\"><strong>\u00a0<\/strong><\/p>\n","protected":false},"excerpt":{"rendered":"<p>&#8220;ANIMAIZ UNA HISTORIA ANIMALADA&#8221;\u00a0 Autor: Edit Rondinone S\u00edntesis de la obra: \u201cAnimaiz, una historia animalada\u201d, transcurre en una plantaci\u00f3n de ma\u00edz, donde su due\u00f1o, ESPANTAP\u00c1JAROS, no deja que nadie se [&hellip;]<\/p>\n","protected":false},"author":2,"featured_media":0,"parent":0,"menu_order":0,"comment_status":"closed","ping_status":"closed","template":"","meta":{"_mi_skip_tracking":false,"_exactmetrics_sitenote_active":false,"_exactmetrics_sitenote_note":"","_exactmetrics_sitenote_category":0},"_links":{"self":[{"href":"https:\/\/www.arte.unicen.edu.ar\/sustentarte\/index.php\/wp-json\/wp\/v2\/pages\/1034"}],"collection":[{"href":"https:\/\/www.arte.unicen.edu.ar\/sustentarte\/index.php\/wp-json\/wp\/v2\/pages"}],"about":[{"href":"https:\/\/www.arte.unicen.edu.ar\/sustentarte\/index.php\/wp-json\/wp\/v2\/types\/page"}],"author":[{"embeddable":true,"href":"https:\/\/www.arte.unicen.edu.ar\/sustentarte\/index.php\/wp-json\/wp\/v2\/users\/2"}],"replies":[{"embeddable":true,"href":"https:\/\/www.arte.unicen.edu.ar\/sustentarte\/index.php\/wp-json\/wp\/v2\/comments?post=1034"}],"version-history":[{"count":3,"href":"https:\/\/www.arte.unicen.edu.ar\/sustentarte\/index.php\/wp-json\/wp\/v2\/pages\/1034\/revisions"}],"predecessor-version":[{"id":1052,"href":"https:\/\/www.arte.unicen.edu.ar\/sustentarte\/index.php\/wp-json\/wp\/v2\/pages\/1034\/revisions\/1052"}],"wp:attachment":[{"href":"https:\/\/www.arte.unicen.edu.ar\/sustentarte\/index.php\/wp-json\/wp\/v2\/media?parent=1034"}],"curies":[{"name":"wp","href":"https:\/\/api.w.org\/{rel}","templated":true}]}}