{"id":2212,"date":"2026-04-29T11:25:37","date_gmt":"2026-04-29T14:25:37","guid":{"rendered":"https:\/\/www.arte.unicen.edu.ar\/investigacionyposgrado\/?page_id=2212"},"modified":"2026-04-29T11:44:41","modified_gmt":"2026-04-29T14:44:41","slug":"diplomatura-en-arte-y-tecnologia","status":"publish","type":"page","link":"https:\/\/www.arte.unicen.edu.ar\/investigacionyposgrado\/diplomatura-en-arte-y-tecnologia\/","title":{"rendered":"Diplomatura en Arte y Tecnolog\u00eda"},"content":{"rendered":"<div id=\"pl-2212\"  class=\"panel-layout\" ><div id=\"pg-2212-0\"  class=\"panel-grid panel-no-style\" ><div id=\"pgc-2212-0-0\"  class=\"panel-grid-cell\" ><div id=\"panel-2212-0-0-0\" class=\"so-panel widget widget_sow-image panel-first-child panel-last-child\" data-index=\"0\" ><div\n\t\t\t\n\t\t\tclass=\"so-widget-sow-image so-widget-sow-image-default-8b5b6f678277-2212\"\n\t\t\t\n\t\t>\n<div class=\"sow-image-container\">\n\t\t<img \n\tsrc=\"https:\/\/www.arte.unicen.edu.ar\/investigacionyposgrado\/wp-content\/uploads\/2026\/04\/DIPLOM-ARTE-Y-TECNOLOGIA.jpg\" width=\"784\" height=\"1024\" srcset=\"https:\/\/www.arte.unicen.edu.ar\/investigacionyposgrado\/wp-content\/uploads\/2026\/04\/DIPLOM-ARTE-Y-TECNOLOGIA.jpg 784w, https:\/\/www.arte.unicen.edu.ar\/investigacionyposgrado\/wp-content\/uploads\/2026\/04\/DIPLOM-ARTE-Y-TECNOLOGIA-230x300.jpg 230w, https:\/\/www.arte.unicen.edu.ar\/investigacionyposgrado\/wp-content\/uploads\/2026\/04\/DIPLOM-ARTE-Y-TECNOLOGIA-768x1003.jpg 768w, https:\/\/www.arte.unicen.edu.ar\/investigacionyposgrado\/wp-content\/uploads\/2026\/04\/DIPLOM-ARTE-Y-TECNOLOGIA-421x550.jpg 421w, https:\/\/www.arte.unicen.edu.ar\/investigacionyposgrado\/wp-content\/uploads\/2026\/04\/DIPLOM-ARTE-Y-TECNOLOGIA-383x500.jpg 383w\" sizes=\"(max-width: 784px) 100vw, 784px\" title=\"DIPLOM-ARTE-Y-TECNOLOG\u00cdA\" alt=\"\" \t\tclass=\"so-widget-image\"\/>\n\t<\/div>\n\n<\/div><\/div><\/div><div id=\"pgc-2212-0-1\"  class=\"panel-grid-cell\" ><div id=\"panel-2212-0-1-0\" class=\"so-panel widget widget_sow-editor panel-first-child panel-last-child\" data-index=\"1\" ><div\n\t\t\t\n\t\t\tclass=\"so-widget-sow-editor so-widget-sow-editor-base\"\n\t\t\t\n\t\t>\n<div class=\"siteorigin-widget-tinymce textwidget\">\n\t<h2 style=\"color: #7f3364;\" data-path-to-node=\"1\"><b data-path-to-node=\"1\" data-index-in-node=\"0\">FUNDAMENTACI\u00d3N<\/b><\/h2>\n<p id=\"p-rc_62c77699630f45d3-18\" data-path-to-node=\"2\"><span class=\"citation-25 citation-end-25\">La consolidaci\u00f3n de nuevas plataformas de circulaci\u00f3n de contenidos digitales reclama repensar las formas de la narraci\u00f3n, haciendo necesaria la capacitaci\u00f3n en su dise\u00f1o, producci\u00f3n y gesti\u00f3<\/span>n.<\/p>\n<p data-path-to-node=\"3\">Proyectos transmedia, experiencias inmersivas o narrativas interactivas que proponen universos no-lineales para ser recorridos lejos de la idea de un \u00fanico tiempo y un \u00fanico espacio, atravesando m\u00faltiples medios y plataformas.<\/p>\n<p data-path-to-node=\"4\">Universos que se extienden a trav\u00e9s de las pantallas del cine, la televisi\u00f3n y la web; experiencias <span class=\"math-inline\" data-math=\"360^{\\circ}\" data-index-in-node=\"100\">360\u00ba<\/span> de realidad virtual y sistemas de realidad aumentada; intervenciones de videomapping en museos o en las calles y la transdisciplina t\u00e9cnico-art\u00edstica como forma de pensamiento.<\/p>\n<p data-path-to-node=\"5\">Reuniendo los universos de conocimiento de la Facultad de Arte, la Facultad de Ciencia Exactas y el \u00c1rea de Medios de la Universidad Nacional del Centro de la Provincia de Buenos Aires, la <b data-path-to-node=\"5\" data-index-in-node=\"189\"><i data-path-to-node=\"5\" data-index-in-node=\"189\">Diplomatura en Arte y Tecnolog\u00eda<\/i><\/b> (Diplomatura en Narrativas Transmedia y Tecnolog\u00edas de la Interactividad por Resoluci\u00f3n de Consejo Superior N\u00ba 6929\/2017) nace para dar una respuesta a estas necesidades.<\/p>\n<\/div>\n<\/div><\/div><\/div><\/div><div id=\"pg-2212-1\"  class=\"panel-grid panel-no-style\" ><div id=\"pgc-2212-1-0\"  class=\"panel-grid-cell\" ><div id=\"panel-2212-1-0-0\" class=\"so-panel widget widget_sow-editor panel-first-child panel-last-child\" data-index=\"2\" ><div\n\t\t\t\n\t\t\tclass=\"so-widget-sow-editor so-widget-sow-editor-base\"\n\t\t\t\n\t\t>\n<div class=\"siteorigin-widget-tinymce textwidget\">\n\t<h2 style=\"color: #7f3364;\" data-path-to-node=\"2\"><b data-path-to-node=\"2\" data-index-in-node=\"0\">PROYECTO INTEGRADOR<\/b><\/h2>\n<p data-path-to-node=\"3\">Se propone el desarrollo <span class=\"citation-197 citation-198 citation-199 citation-200 citation-201 citation-end-201\">de un proyecto integrador de car\u00e1cter transmedia y sobre la base de un caso de estudio real (de origen p\u00fablico o privado sin fines de lucro, as\u00ed como proyectos de extensi\u00f3n, investigaci\u00f3n o vinculaci\u00f3n<\/span><span class=\"citation-197 citation-198 citation-199 citation-200 citation-end-200\"> y transferencia universitaria). Este proyecto demandar\u00e1 al grupo de estudiant<\/span><span class=\"citation-197 citation-198 citation-199 citation-end-199\">es la puesta en pr\u00e1ctica de los contenidos, habilidades y t\u00e9cnicas trab<\/span><span class=\"citation-197 citation-198 citation-end-198\">ajadas en los diferentes seminario<\/span><span class=\"citation-197 citation-end-197\">s.<\/span><\/p>\n<\/div>\n<\/div><\/div><\/div><div id=\"pgc-2212-1-1\"  class=\"panel-grid-cell\" ><div id=\"panel-2212-1-1-0\" class=\"so-panel widget widget_sow-editor panel-first-child panel-last-child\" data-index=\"3\" ><div\n\t\t\t\n\t\t\tclass=\"so-widget-sow-editor so-widget-sow-editor-base\"\n\t\t\t\n\t\t>\n<div class=\"siteorigin-widget-tinymce textwidget\">\n\t<h2 style=\"color: #7f3364;\" data-path-to-node=\"4\"><b data-path-to-node=\"4\" data-index-in-node=\"0\"><span class=\"citation-196 citation-end-196\">E<\/span>XPERIENCIA 2020<\/b><\/h2>\n<p data-path-to-node=\"5\">Durante el 2020 nos propusimos dise\u00f1ar experiencias digitales que pudieran integrarse a un Proyecto Transmedia en torno al Universo Patrimonial de un Museo.<br \/>\nEstas son algunas de las experiencias que desarrollamos en torno al <b data-path-to-node=\"6\" data-index-in-node=\"68\"><i data-path-to-node=\"6\" data-index-in-node=\"68\">Museo Hist\u00f3rico Fuerte Independencia de Tandil<\/i><\/b>: \u2018Historias, relatos y experiencias sobre el bicentenario de Tandil en torno a los objetos que integran las colecciones del MUHFIT\u2019.<\/p>\n<\/div>\n<\/div><\/div><\/div><\/div><div id=\"pg-2212-2\"  class=\"panel-grid panel-no-style\" ><div id=\"pgc-2212-2-0\"  class=\"panel-grid-cell\" ><div id=\"panel-2212-2-0-0\" class=\"so-panel widget widget_media_video panel-first-child panel-last-child\" data-index=\"4\" ><div style=\"width:100%;\" class=\"wp-video\"><video class=\"wp-video-shortcode\" id=\"video-2212-1\" preload=\"metadata\" controls=\"controls\"><source type=\"video\/youtube\" src=\"https:\/\/www.youtube.com\/watch?v=cDvNlZjZQG4&#038;_=1\" \/><a href=\"https:\/\/www.youtube.com\/watch?v=cDvNlZjZQG4\">https:\/\/www.youtube.com\/watch?v=cDvNlZjZQG4<\/a><\/video><\/div><\/div><\/div><div id=\"pgc-2212-2-1\"  class=\"panel-grid-cell\" ><div id=\"panel-2212-2-1-0\" class=\"so-panel widget widget_media_video panel-first-child panel-last-child\" data-index=\"5\" ><div style=\"width:100%;\" class=\"wp-video\"><video class=\"wp-video-shortcode\" id=\"video-2212-2\" preload=\"metadata\" controls=\"controls\"><source type=\"video\/youtube\" src=\"https:\/\/www.youtube.com\/watch?v=hISCq0pKaj8&#038;_=2\" \/><a href=\"https:\/\/www.youtube.com\/watch?v=hISCq0pKaj8\">https:\/\/www.youtube.com\/watch?v=hISCq0pKaj8<\/a><\/video><\/div><\/div><\/div><div id=\"pgc-2212-2-2\"  class=\"panel-grid-cell\" ><div id=\"panel-2212-2-2-0\" class=\"so-panel widget widget_media_video panel-first-child panel-last-child\" data-index=\"6\" ><div style=\"width:100%;\" class=\"wp-video\"><video class=\"wp-video-shortcode\" id=\"video-2212-3\" preload=\"metadata\" controls=\"controls\"><source type=\"video\/youtube\" src=\"https:\/\/youtu.be\/eH_8YY4yXOo?_=3\" \/><a href=\"https:\/\/youtu.be\/eH_8YY4yXOo\">https:\/\/youtu.be\/eH_8YY4yXOo<\/a><\/video><\/div><\/div><\/div><\/div><div id=\"pg-2212-3\"  class=\"panel-grid panel-no-style\" ><div id=\"pgc-2212-3-0\"  class=\"panel-grid-cell panel-grid-cell-empty\" ><\/div><div id=\"pgc-2212-3-1\"  class=\"panel-grid-cell panel-grid-cell-mobile-last\" ><div id=\"panel-2212-3-1-0\" class=\"so-panel widget widget_sow-image panel-first-child panel-last-child\" data-index=\"7\" ><div\n\t\t\t\n\t\t\tclass=\"so-widget-sow-image so-widget-sow-image-default-8b5b6f678277-2212\"\n\t\t\t\n\t\t>\n<div class=\"sow-image-container\">\n\t\t<img \n\tsrc=\"https:\/\/www.arte.unicen.edu.ar\/investigacionyposgrado\/wp-content\/uploads\/2026\/04\/Web-Page-04.png\" width=\"2000\" height=\"1800\" srcset=\"https:\/\/www.arte.unicen.edu.ar\/investigacionyposgrado\/wp-content\/uploads\/2026\/04\/Web-Page-04.png 2000w, https:\/\/www.arte.unicen.edu.ar\/investigacionyposgrado\/wp-content\/uploads\/2026\/04\/Web-Page-04-300x270.png 300w, https:\/\/www.arte.unicen.edu.ar\/investigacionyposgrado\/wp-content\/uploads\/2026\/04\/Web-Page-04-1024x922.png 1024w, https:\/\/www.arte.unicen.edu.ar\/investigacionyposgrado\/wp-content\/uploads\/2026\/04\/Web-Page-04-768x691.png 768w, https:\/\/www.arte.unicen.edu.ar\/investigacionyposgrado\/wp-content\/uploads\/2026\/04\/Web-Page-04-1536x1382.png 1536w, https:\/\/www.arte.unicen.edu.ar\/investigacionyposgrado\/wp-content\/uploads\/2026\/04\/Web-Page-04-465x419.png 465w, https:\/\/www.arte.unicen.edu.ar\/investigacionyposgrado\/wp-content\/uploads\/2026\/04\/Web-Page-04-556x500.png 556w\" sizes=\"(max-width: 2000px) 100vw, 2000px\" alt=\"\" \t\tclass=\"so-widget-image\"\/>\n\t<\/div>\n\n<\/div><\/div><\/div><div id=\"pgc-2212-3-2\"  class=\"panel-grid-cell panel-grid-cell-empty\" ><\/div><\/div><div id=\"pg-2212-4\"  class=\"panel-grid panel-no-style\" ><div id=\"pgc-2212-4-0\"  class=\"panel-grid-cell\" ><div id=\"panel-2212-4-0-0\" class=\"so-panel widget widget_sow-editor panel-first-child panel-last-child\" data-index=\"8\" ><div\n\t\t\t\n\t\t\tclass=\"so-widget-sow-editor so-widget-sow-editor-base\"\n\t\t\t\n\t\t>\n<div class=\"siteorigin-widget-tinymce textwidget\">\n\t<p style=\"text-align: justify;\"><strong>Requisitos de admisi\u00f3n<\/strong><\/p>\n<ul>\n<li style=\"text-align: justify;\">T\u00edtulo secundario<\/li>\n<li style=\"text-align: justify;\">Acreditar experiencia, antecedentes profesionales y\/o acad\u00e9micos<\/li>\n<\/ul>\n<p style=\"text-align: justify;\">La <strong>DATe<\/strong> otorga 3,5 puntos de puntaje docente en una gran cantidad de niveles\/modalidades y \u00e1reas de la Provincia de Buenos Aires (ID oficial: 9871).<\/p>\n<p style=\"text-align: justify;\">La gesti\u00f3n general de la<strong> Diplomatura<\/strong> est\u00e1 a cargo de un Comit\u00e9 de Gesti\u00f3n y Admisi\u00f3n. Dicho Comit\u00e9 evaluar\u00e1 las postulaciones y\u00a0resolver\u00e1 sobre las admisiones de los inscriptos, pudiendo solicitar la realizaci\u00f3n de entrevistas personales con los postulantes.<\/p>\n<ul>\n<li><a href=\"http:\/\/www.arte.unicen.edu.ar\/wp-content\/uploads\/2021\/02\/DATe-2021_M\u00f3dulos-y-Seminarios.pdf\" target=\"_blank\" rel=\"noopener noreferrer\">M\u00f3dulos y Seminarios<\/a><\/li>\n<li><a href=\"http:\/\/www.arte.unicen.edu.ar\/wp-content\/uploads\/2021\/02\/DATe-2021_Objetivos-y-Perfil-del-Diplomado.pdf\" target=\"_blank\" rel=\"noopener noreferrer\">Objetivos y perfil del diplomado<\/a><\/li>\n<li><a href=\"http:\/\/www.arte.unicen.edu.ar\/?page_id=14871\">Preguntas Frecuentes<\/a><\/li>\n<\/ul>\n<p>Para consultas o mayor informaci\u00f3n: diplomaturas@arte.unicen.edu.ar<\/p>\n<\/div>\n<\/div><\/div><\/div><\/div><\/div>","protected":false},"excerpt":{"rendered":"<p>FUNDAMENTACI\u00d3N La consolidaci\u00f3n de nuevas plataformas de circulaci\u00f3n de contenidos digitales reclama repensar las formas<span class=\"more-link\"><a href=\"https:\/\/www.arte.unicen.edu.ar\/investigacionyposgrado\/diplomatura-en-arte-y-tecnologia\/\">M\u00e1s informaci\u00f3n<\/a><\/span><\/p>\n","protected":false},"author":2,"featured_media":0,"parent":0,"menu_order":0,"comment_status":"closed","ping_status":"closed","template":"","meta":{"footnotes":""},"class_list":["entry","author-cdelgado","post-2212","page","type-page","status-publish"],"_links":{"self":[{"href":"https:\/\/www.arte.unicen.edu.ar\/investigacionyposgrado\/wp-json\/wp\/v2\/pages\/2212","targetHints":{"allow":["GET"]}}],"collection":[{"href":"https:\/\/www.arte.unicen.edu.ar\/investigacionyposgrado\/wp-json\/wp\/v2\/pages"}],"about":[{"href":"https:\/\/www.arte.unicen.edu.ar\/investigacionyposgrado\/wp-json\/wp\/v2\/types\/page"}],"author":[{"embeddable":true,"href":"https:\/\/www.arte.unicen.edu.ar\/investigacionyposgrado\/wp-json\/wp\/v2\/users\/2"}],"replies":[{"embeddable":true,"href":"https:\/\/www.arte.unicen.edu.ar\/investigacionyposgrado\/wp-json\/wp\/v2\/comments?post=2212"}],"version-history":[{"count":2,"href":"https:\/\/www.arte.unicen.edu.ar\/investigacionyposgrado\/wp-json\/wp\/v2\/pages\/2212\/revisions"}],"predecessor-version":[{"id":2216,"href":"https:\/\/www.arte.unicen.edu.ar\/investigacionyposgrado\/wp-json\/wp\/v2\/pages\/2212\/revisions\/2216"}],"wp:attachment":[{"href":"https:\/\/www.arte.unicen.edu.ar\/investigacionyposgrado\/wp-json\/wp\/v2\/media?parent=2212"}],"curies":[{"name":"wp","href":"https:\/\/api.w.org\/{rel}","templated":true}]}}