{"id":1980,"date":"2025-12-26T08:14:03","date_gmt":"2025-12-26T11:14:03","guid":{"rendered":"https:\/\/www.arte.unicen.edu.ar\/investigacionyposgrado\/?page_id=1980"},"modified":"2025-12-26T08:50:29","modified_gmt":"2025-12-26T11:50:29","slug":"grupo-de-investigacion-a-traves-de-la-practica-artistica-g-i-a-p-a","status":"publish","type":"page","link":"https:\/\/www.arte.unicen.edu.ar\/investigacionyposgrado\/grupo-de-investigacion-a-traves-de-la-practica-artistica-g-i-a-p-a\/","title":{"rendered":"Grupo de Investigaci\u00f3n a trav\u00e9s de la Pr\u00e1ctica Art\u00edstica (G.I.A.P.A.)"},"content":{"rendered":"<div id=\"pl-1980\"  class=\"panel-layout\" ><div id=\"pg-1980-0\"  class=\"panel-grid panel-no-style\" ><div id=\"pgc-1980-0-0\"  class=\"panel-grid-cell panel-grid-cell-empty\" ><\/div><div id=\"pgc-1980-0-1\"  class=\"panel-grid-cell panel-grid-cell-mobile-last\" ><div id=\"panel-1980-0-1-0\" class=\"so-panel widget widget_sow-image panel-first-child panel-last-child\" data-index=\"0\" ><div\n\t\t\t\n\t\t\tclass=\"so-widget-sow-image so-widget-sow-image-default-c67d20f9f743-1980\"\n\t\t\t\n\t\t>\n<div class=\"sow-image-container\">\n\t\t<img \n\tsrc=\"https:\/\/www.arte.unicen.edu.ar\/investigacionyposgrado\/wp-content\/uploads\/2025\/12\/Logo-GIAPA.jpg\" width=\"1722\" height=\"1670\" srcset=\"https:\/\/www.arte.unicen.edu.ar\/investigacionyposgrado\/wp-content\/uploads\/2025\/12\/Logo-GIAPA.jpg 1722w, https:\/\/www.arte.unicen.edu.ar\/investigacionyposgrado\/wp-content\/uploads\/2025\/12\/Logo-GIAPA-300x291.jpg 300w, https:\/\/www.arte.unicen.edu.ar\/investigacionyposgrado\/wp-content\/uploads\/2025\/12\/Logo-GIAPA-1024x993.jpg 1024w, https:\/\/www.arte.unicen.edu.ar\/investigacionyposgrado\/wp-content\/uploads\/2025\/12\/Logo-GIAPA-768x745.jpg 768w, https:\/\/www.arte.unicen.edu.ar\/investigacionyposgrado\/wp-content\/uploads\/2025\/12\/Logo-GIAPA-1536x1490.jpg 1536w, https:\/\/www.arte.unicen.edu.ar\/investigacionyposgrado\/wp-content\/uploads\/2025\/12\/Logo-GIAPA-465x451.jpg 465w, https:\/\/www.arte.unicen.edu.ar\/investigacionyposgrado\/wp-content\/uploads\/2025\/12\/Logo-GIAPA-516x500.jpg 516w\" sizes=\"(max-width: 1722px) 100vw, 1722px\" alt=\"\" \t\tclass=\"so-widget-image\"\/>\n\t<\/div>\n\n<\/div><\/div><\/div><div id=\"pgc-1980-0-2\"  class=\"panel-grid-cell panel-grid-cell-empty\" ><\/div><\/div><div id=\"pg-1980-1\"  class=\"panel-grid panel-no-style\" ><div id=\"pgc-1980-1-0\"  class=\"panel-grid-cell\" ><div id=\"panel-1980-1-0-0\" class=\"so-panel widget widget_sow-editor panel-first-child panel-last-child\" data-index=\"1\" ><div\n\t\t\t\n\t\t\tclass=\"so-widget-sow-editor so-widget-sow-editor-base\"\n\t\t\t\n\t\t>\n<div class=\"siteorigin-widget-tinymce textwidget\">\n\t<p>G.I.A.P.A. Grupo de Investigaci\u00f3n a trav\u00e9s de la Pr\u00e1ctica Art\u00edstica, bajo la direcci\u00f3n de Mg. Bel\u00e9n Errendasoro y la Co direcci\u00f3n de la Mg. Paula Fern\u00e1ndez.<\/p>\n<p>El Grupo de investigaci\u00f3n a trav\u00e9s de la pr\u00e1ctica art\u00edstica (GIAPA) se propone investigar a trav\u00e9s del quehacer art\u00edstico, poniendo en valor el Saber propio de quienes conocen el mundo a trav\u00e9s de una pr\u00e1ctica art\u00edstica. Pretendemos sistematizar, profundizar y compartir aquellas nuevas perspectivas que son vislumbradas a partir de las demandas de la pr\u00e1ctica y l\u00f3gicas de lo art\u00edstico, ampliando el sentido de estas en el transvasar de disciplinas, artes y discursos.<\/p>\n<p>Las \u00e1reas tem\u00e1ticas actuales se han conformado de acuerdo a las incumbencias epist\u00e9micas prioritarias de los integrantes del grupo, siendo ellas:<\/p>\n<p><em>Pr\u00e1ctica corporal<\/em><br \/>\n<strong>Pr\u00e1cticas corporales art\u00edsticas como territorio de exploraci\u00f3n de nociones de riesgo y de cuidado, aplicando protocolo metodol\u00f3gico Creative Articulation Process (CAP).<\/strong><br \/>\nDirectora: Gabriela Gonz\u00e1lez<\/p>\n<p><em>Direcci\u00f3n teatral<\/em><br \/>\n<strong>Deriva Creadora: el ensayo teatral como desestabilizaci\u00f3n de la subjetividad y articulaci\u00f3n de pensamientos art\u00edsticos.<\/strong><br \/>\nDirectora: Paula Fern\u00e1ndez<\/p>\n<p><em>Experiencia r\u00edtmica<\/em><br \/>\n<strong>R\u00edtmica en la Actuaci\u00f3n.<\/strong><br \/>\nDirectora: Bel\u00e9n Errendasoro<\/p>\n<p><span style=\"text-decoration: underline;\">Directora:<\/span> Mg. Bel\u00e9n Errendasoro.<br \/>\n<span style=\"text-decoration: underline;\">Co-Directora:<\/span> Mg. Paula Fern\u00e1ndez<\/p>\n<p><span style=\"text-decoration: underline;\">Integrantes:<\/span><br \/>\nGabriela Gonz\u00e1lez, Paula Fern\u00e1ndez, Bel\u00e9n Errendasoro, Valeria Guasone, Roc\u00edo Ferreyro, Josefina Villama\u00f1e, Jer\u00f3nimo Ruiz, Lara Serra, Christian Roig, Marcela Lagos.<br \/>\n<span style=\"text-decoration: underline;\">Colaboradores:<\/span><br \/>\nAnal\u00eda R\u00edos, Juan Pablo Santilli, Denisse Ramirez y Sergio Sansosti.<\/p>\n<\/div>\n<\/div><\/div><\/div><\/div><div id=\"pg-1980-2\"  class=\"panel-grid panel-no-style\" ><div id=\"pgc-1980-2-0\"  class=\"panel-grid-cell\" ><div id=\"panel-1980-2-0-0\" class=\"so-panel widget widget_sow-button panel-first-child panel-last-child\" data-index=\"2\" ><div\n\t\t\t\n\t\t\tclass=\"so-widget-sow-button so-widget-sow-button-atom-064113e263ff-1980\"\n\t\t\t\n\t\t><div class=\"ow-button-base ow-button-align-center\"\n>\n\t\t\t<a\n\t\t\t\t\thref=\"https:\/\/www.arte.unicen.edu.ar\/tecc\/\"\n\t\t\t\t\tclass=\"sowb-button ow-icon-placement-left ow-button-hover\" target=\"_blank\" rel=\"noopener noreferrer\" \t>\n\t\t<span>\n\t\t\t\n\t\t\tT.E.C.C.\t\t<\/span>\n\t\t\t<\/a>\n\t<\/div>\n<\/div><\/div><\/div><div id=\"pgc-1980-2-1\"  class=\"panel-grid-cell\" ><div id=\"panel-1980-2-1-0\" class=\"so-panel widget widget_sow-button panel-first-child panel-last-child\" data-index=\"3\" ><div\n\t\t\t\n\t\t\tclass=\"so-widget-sow-button so-widget-sow-button-atom-064113e263ff-1980\"\n\t\t\t\n\t\t><div class=\"ow-button-base ow-button-align-center\"\n>\n\t\t\t<a\n\t\t\t\t\thref=\"https:\/\/www.arte.unicen.edu.ar\/investigacionyposgrado\/centro-de-investigaciones-dramaticas-c-i-d\"\n\t\t\t\t\tclass=\"sowb-button ow-icon-placement-left ow-button-hover\" \t>\n\t\t<span>\n\t\t\t\n\t\t\tC.I.D.\t\t<\/span>\n\t\t\t<\/a>\n\t<\/div>\n<\/div><\/div><\/div><div id=\"pgc-1980-2-2\"  class=\"panel-grid-cell\" ><div id=\"panel-1980-2-2-0\" class=\"so-panel widget widget_sow-button panel-first-child panel-last-child\" data-index=\"4\" ><div\n\t\t\t\n\t\t\tclass=\"so-widget-sow-button so-widget-sow-button-atom-064113e263ff-1980\"\n\t\t\t\n\t\t><div class=\"ow-button-base ow-button-align-center\"\n>\n\t\t\t<a\n\t\t\t\t\thref=\"https:\/\/www.arte.unicen.edu.ar\/investigacionyposgrado\/grupo-de-investigacion-a-traves-de-la-practica-artistica-g-i-a-p-a\"\n\t\t\t\t\tclass=\"sowb-button ow-icon-placement-left ow-button-hover\" \t>\n\t\t<span>\n\t\t\t\n\t\t\tG.I.A.P.A.\t\t<\/span>\n\t\t\t<\/a>\n\t<\/div>\n<\/div><\/div><\/div><\/div><\/div>","protected":false},"excerpt":{"rendered":"<p>G.I.A.P.A. Grupo de Investigaci\u00f3n a trav\u00e9s de la Pr\u00e1ctica Art\u00edstica, bajo la direcci\u00f3n de Mg.<span class=\"more-link\"><a href=\"https:\/\/www.arte.unicen.edu.ar\/investigacionyposgrado\/grupo-de-investigacion-a-traves-de-la-practica-artistica-g-i-a-p-a\/\">M\u00e1s informaci\u00f3n<\/a><\/span><\/p>\n","protected":false},"author":2,"featured_media":0,"parent":0,"menu_order":0,"comment_status":"closed","ping_status":"closed","template":"","meta":{"footnotes":""},"class_list":["entry","author-cdelgado","post-1980","page","type-page","status-publish"],"_links":{"self":[{"href":"https:\/\/www.arte.unicen.edu.ar\/investigacionyposgrado\/wp-json\/wp\/v2\/pages\/1980","targetHints":{"allow":["GET"]}}],"collection":[{"href":"https:\/\/www.arte.unicen.edu.ar\/investigacionyposgrado\/wp-json\/wp\/v2\/pages"}],"about":[{"href":"https:\/\/www.arte.unicen.edu.ar\/investigacionyposgrado\/wp-json\/wp\/v2\/types\/page"}],"author":[{"embeddable":true,"href":"https:\/\/www.arte.unicen.edu.ar\/investigacionyposgrado\/wp-json\/wp\/v2\/users\/2"}],"replies":[{"embeddable":true,"href":"https:\/\/www.arte.unicen.edu.ar\/investigacionyposgrado\/wp-json\/wp\/v2\/comments?post=1980"}],"version-history":[{"count":3,"href":"https:\/\/www.arte.unicen.edu.ar\/investigacionyposgrado\/wp-json\/wp\/v2\/pages\/1980\/revisions"}],"predecessor-version":[{"id":1994,"href":"https:\/\/www.arte.unicen.edu.ar\/investigacionyposgrado\/wp-json\/wp\/v2\/pages\/1980\/revisions\/1994"}],"wp:attachment":[{"href":"https:\/\/www.arte.unicen.edu.ar\/investigacionyposgrado\/wp-json\/wp\/v2\/media?parent=1980"}],"curies":[{"name":"wp","href":"https:\/\/api.w.org\/{rel}","templated":true}]}}