{"id":1952,"date":"2025-12-23T12:49:19","date_gmt":"2025-12-23T15:49:19","guid":{"rendered":"https:\/\/www.arte.unicen.edu.ar\/investigacionyposgrado\/?page_id=1952"},"modified":"2026-04-30T09:35:19","modified_gmt":"2026-04-30T12:35:19","slug":"diplomaturas-universitarias","status":"publish","type":"page","link":"https:\/\/www.arte.unicen.edu.ar\/investigacionyposgrado\/diplomaturas-universitarias\/","title":{"rendered":"Diplomaturas Universitarias"},"content":{"rendered":"<div id=\"pl-1952\"  class=\"panel-layout\" ><div id=\"pg-1952-0\"  class=\"panel-grid panel-no-style\" ><div id=\"pgc-1952-0-0\"  class=\"panel-grid-cell\" ><div id=\"panel-1952-0-0-0\" class=\"so-panel widget widget_sow-editor panel-first-child panel-last-child\" data-index=\"0\" ><div\n\t\t\t\n\t\t\tclass=\"so-widget-sow-editor so-widget-sow-editor-base\"\n\t\t\t\n\t\t>\n<div class=\"siteorigin-widget-tinymce textwidget\">\n\t<p>Programas de educaci\u00f3n continua en la sec retaria de Investigaci\u00f3n\u00a0 Posgrado, m\u00e1s cortos que una carrera universitaria, dise\u00f1ados para la actualizaci\u00f3n, especializaci\u00f3n o perfeccionamiento en un \u00e1rea espec\u00edfica, combinando varios cursos para una formaci\u00f3n pr\u00e1ctica y profunda.<\/p>\n<\/div>\n<\/div><\/div><\/div><\/div><div id=\"pg-1952-1\"  class=\"panel-grid panel-no-style\" ><div id=\"pgc-1952-1-0\"  class=\"panel-grid-cell\" ><div id=\"panel-1952-1-0-0\" class=\"so-panel widget widget_sow-button panel-first-child panel-last-child\" data-index=\"1\" ><div\n\t\t\t\n\t\t\tclass=\"so-widget-sow-button so-widget-sow-button-atom-064113e263ff-1952\"\n\t\t\t\n\t\t><div class=\"ow-button-base ow-button-align-center\"\n>\n\t\t\t<a\n\t\t\t\t\thref=\"https:\/\/www.arte.unicen.edu.ar\/investigacionyposgrado\/diplomatura-en-arte-y-tecnologia\/\"\n\t\t\t\t\tclass=\"sowb-button ow-icon-placement-left ow-button-hover\" \t>\n\t\t<span>\n\t\t\t\n\t\t\tD. U. en Arte y Tecnolog\u00eda\t\t<\/span>\n\t\t\t<\/a>\n\t<\/div>\n<\/div><\/div><\/div><div id=\"pgc-1952-1-1\"  class=\"panel-grid-cell\" ><div id=\"panel-1952-1-1-0\" class=\"so-panel widget widget_sow-button panel-first-child panel-last-child\" data-index=\"2\" ><div\n\t\t\t\n\t\t\tclass=\"so-widget-sow-button so-widget-sow-button-atom-064113e263ff-1952\"\n\t\t\t\n\t\t><div class=\"ow-button-base ow-button-align-center\"\n>\n\t\t\t<a\n\t\t\t\t\thref=\"https:\/\/www.arte.unicen.edu.ar\/investigacionyposgrado\/diplomatura-en-esteticas-contemporaneas\/\"\n\t\t\t\t\tclass=\"sowb-button ow-icon-placement-left ow-button-hover\" \t>\n\t\t<span>\n\t\t\t\n\t\t\tD. U. en Est\u00e9ticas Contempor\u00e1neas\t\t<\/span>\n\t\t\t<\/a>\n\t<\/div>\n<\/div><\/div><\/div><div id=\"pgc-1952-1-2\"  class=\"panel-grid-cell\" ><div id=\"panel-1952-1-2-0\" class=\"so-panel widget widget_sow-button panel-first-child panel-last-child\" data-index=\"3\" ><div\n\t\t\t\n\t\t\tclass=\"so-widget-sow-button so-widget-sow-button-atom-064113e263ff-1952\"\n\t\t\t\n\t\t><div class=\"ow-button-base ow-button-align-center\"\n>\n\t\t\t<a\n\t\t\t\t\thref=\"https:\/\/www.arte.unicen.edu.ar\/investigacionyposgrado\/diplomatura-en-tecnicas-y-proyectos-de-animacion-3d\/\"\n\t\t\t\t\tclass=\"sowb-button ow-icon-placement-left ow-button-hover\" \t>\n\t\t<span>\n\t\t\t\n\t\t\tD. U. en T\u00e9cnicas y Proy. de Animaci\u00f3n 3D\t\t<\/span>\n\t\t\t<\/a>\n\t<\/div>\n<\/div><\/div><\/div><div id=\"pgc-1952-1-3\"  class=\"panel-grid-cell\" ><div id=\"panel-1952-1-3-0\" class=\"so-panel widget widget_sow-button panel-first-child panel-last-child\" data-index=\"4\" ><div\n\t\t\t\n\t\t\tclass=\"so-widget-sow-button so-widget-sow-button-atom-064113e263ff-1952\"\n\t\t\t\n\t\t><div class=\"ow-button-base ow-button-align-center\"\n>\n\t\t\t<a\n\t\t\t\tclass=\"sowb-button ow-icon-placement-left ow-button-hover\" \t>\n\t\t<span>\n\t\t\t\n\t\t\tD. U. en Arte para la Transformaci\u00f3n Social\t\t<\/span>\n\t\t\t<\/a>\n\t<\/div>\n<\/div><\/div><\/div><\/div><\/div>","protected":false},"excerpt":{"rendered":"<p>Programas de educaci\u00f3n continua en la sec retaria de Investigaci\u00f3n\u00a0 Posgrado, m\u00e1s cortos que una<span class=\"more-link\"><a href=\"https:\/\/www.arte.unicen.edu.ar\/investigacionyposgrado\/diplomaturas-universitarias\/\">M\u00e1s informaci\u00f3n<\/a><\/span><\/p>\n","protected":false},"author":2,"featured_media":0,"parent":0,"menu_order":0,"comment_status":"closed","ping_status":"closed","template":"","meta":{"footnotes":""},"class_list":["entry","author-cdelgado","post-1952","page","type-page","status-publish"],"_links":{"self":[{"href":"https:\/\/www.arte.unicen.edu.ar\/investigacionyposgrado\/wp-json\/wp\/v2\/pages\/1952","targetHints":{"allow":["GET"]}}],"collection":[{"href":"https:\/\/www.arte.unicen.edu.ar\/investigacionyposgrado\/wp-json\/wp\/v2\/pages"}],"about":[{"href":"https:\/\/www.arte.unicen.edu.ar\/investigacionyposgrado\/wp-json\/wp\/v2\/types\/page"}],"author":[{"embeddable":true,"href":"https:\/\/www.arte.unicen.edu.ar\/investigacionyposgrado\/wp-json\/wp\/v2\/users\/2"}],"replies":[{"embeddable":true,"href":"https:\/\/www.arte.unicen.edu.ar\/investigacionyposgrado\/wp-json\/wp\/v2\/comments?post=1952"}],"version-history":[{"count":2,"href":"https:\/\/www.arte.unicen.edu.ar\/investigacionyposgrado\/wp-json\/wp\/v2\/pages\/1952\/revisions"}],"predecessor-version":[{"id":2260,"href":"https:\/\/www.arte.unicen.edu.ar\/investigacionyposgrado\/wp-json\/wp\/v2\/pages\/1952\/revisions\/2260"}],"wp:attachment":[{"href":"https:\/\/www.arte.unicen.edu.ar\/investigacionyposgrado\/wp-json\/wp\/v2\/media?parent=1952"}],"curies":[{"name":"wp","href":"https:\/\/api.w.org\/{rel}","templated":true}]}}