{"id":910,"date":"2017-11-08T12:21:22","date_gmt":"2017-11-08T15:21:22","guid":{"rendered":"https:\/\/www.arte.unicen.edu.ar\/indees\/?page_id=910"},"modified":"2017-11-08T12:21:22","modified_gmt":"2017-11-08T15:21:22","slug":"primer-congreso-internacional-de-escenografia","status":"publish","type":"page","link":"https:\/\/www.arte.unicen.edu.ar\/indees\/institucional\/primer-congreso-internacional-de-escenografia\/","title":{"rendered":"I Congreso Internacional de Escenograf\u00eda"},"content":{"rendered":"<p><img decoding=\"async\" class=\"congresologointbig\" title=\"Primer Congreso Internacional de Escenograf\u00eda\" src=\"\/wp-content\/themes\/indees\/images\/space.gif\" alt=\"Primer Congreso Internacional de Escenograf\u00eda\" \/>El <strong>Primer Congreso Internacional de Escenograf\u00eda<\/strong>, una apuesta importante del <strong>Instituto de Estudios Escenogr\u00e1ficos en Artes Esc\u00e9nicas y Audiovisuales<\/strong>, tendr\u00e1 lugar del <strong>18 al 21 de mayo de 2016<\/strong> en<strong> Tandil<\/strong>, Buenos Aires, Argentina, y contar\u00e1 con la presencia de profesionales del \u00e1rea provenientes de Espa\u00f1a, M\u00e9xico, Brasil, Chile y Uruguay.<\/p>\n<p style=\"text-align: justify;\">La realizaci\u00f3n del <strong>Primer Congreso Internacional de Escenograf\u00eda<\/strong> pretende ser el iniciador de un proceso de intercambio y di\u00e1logo entre los diferentes profesionales que se acercan al \u00e1rea de la escenograf\u00eda en diferentes pa\u00edses.<\/p>\n<p style=\"text-align: justify;\">La intenci\u00f3n del <strong>Congreso Internacional<\/strong> sera la difusi\u00f3n de los adelantos te\u00f3ricos-art\u00edsticos en materia de escenograf\u00eda, direcci\u00f3n de arte y dise\u00f1o esc\u00e9nico para las artes esc\u00e9nicas y audiovisuales, con una participaci\u00f3n activa de los asistentes en forma de conferencias, ponencias, entrevistas abiertas, mesas redondas, exposiciones, entre otras.<\/p>\n<p style=\"text-align: justify;\">De esta manera, generar un espacio de discusi\u00f3n, debate, difusi\u00f3n de diferentes trabajos que se est\u00e9n realizando en relaci\u00f3n al objeto que nos re\u00fane: el dise\u00f1o esc\u00e9nico en las artes esc\u00e9nicas y audiovisuales.<\/p>\n<p>&nbsp;<\/p>\n<ul style=\"list-style-type: circle;\">\n<li><strong>Presentaci\u00f3n de Res\u00famenes<\/strong> hasta el <strong>VIERNES 25 de MARZO de 2016<\/strong><br \/>\nLos res\u00famenes se recibir\u00e1n mediante inscripci\u00f3n en <a href=\"http:\/\/goo.gl\/forms\/lYdUTBhgJo\" target=\"_blank\" rel=\"noopener noreferrer\"><img decoding=\"async\" class=\"wwwicon\" title=\"Formulario de Inscripci\u00f3n 2016\" src=\"\/wp-content\/themes\/indees\/images\/space.gif\" class=\"fancybox\" title=\"I Congreso Internacional de Escenograf\u00eda\"> Formulario de inscripci\u00f3n<\/a>.<br \/>\n\u2022 Res\u00famenes hasta <strong>350 palabras<\/strong>. Se aceptaran hasta 3 (tres) autores por trabajo.<\/li>\n<li><strong>Ejes tem\u00e1ticos propuestos<\/strong><br \/>\n\u2022 Perspectivas te\u00f3ricas e hist\u00f3ricas del dise\u00f1o esc\u00e9nico (artes esc\u00e9nicas, visuales y audiovisuales)<br \/>\n\u2022 Formaci\u00f3n acad\u00e9mica y problem\u00e1ticas de desarrollo profesional en dise\u00f1o esc\u00e9nico y direcci\u00f3n de arte.<br \/>\n\u2022 Escenograf\u00eda y Artes esc\u00e9nicas: puestas en escena y escenograf\u00eda, realizaci\u00f3n escenogr\u00e1fica, producci\u00f3n teatral y escenograf\u00eda, cr\u00edtica teatral y escenograf\u00eda, nuevas tecnolog\u00edas.<br \/>\n\u2022 Direcci\u00f3n de Arte y medios audiovisuales: principios hist\u00f3ricos, te\u00f3ricos y cuestiones actuales del desarrollo de la direcci\u00f3n de Arte en cine, video y televisi\u00f3n.<br \/>\n\u2022 Dise\u00f1o esc\u00e9nico y Artes visuales: tendencias arquitect\u00f3nicas y pict\u00f3ricas en los dise\u00f1os escenogr\u00e1ficos.<br \/>\n\u2022 Vestuario, iluminaci\u00f3n, utiler\u00eda y dem\u00e1s componentes de la constituci\u00f3n de una propuesta escenogr\u00e1fica.<\/li>\n<li><strong>Cronograma<\/strong><br \/>\n<strong>Inscripci\u00f3n asistentes<\/strong>: desde el lunes <strong>22 de septiembre de 2015.<\/strong><br \/>\n<strong>Recepci\u00f3n de res\u00famenes<\/strong>: hasta el viernes <strong>25 de marzo de 2016.<\/strong><br \/>\n<strong>Presentaci\u00f3n de trabajos completos<\/strong>: hasta el <strong>20 de mayo de 2016.<\/strong><\/li>\n<li><strong>Costos<\/strong><br \/>\n<strong>&#8211; Expositores<\/strong> Universidades\/Instituciones Nacionales:<strong> $300<\/strong><br \/>\n<strong>&#8211; Expositores<\/strong> Universidades\/Instituciones Internacionales: <strong>$500<\/strong><br \/>\n<strong>&#8211; Asistentes<\/strong> Universidades\/Instituciones Nacionales: <strong>$150<\/strong><br \/>\n<strong>&#8211; Asistentes<\/strong> Universidades\/Instituciones Internacionales: <strong>$250<\/strong><br \/>\n<strong>&#8211; Estudiantes de grado<\/strong> asistentes de Universidades\/Instituciones Nacionales: <strong>sin costo<\/strong><br \/>\n<strong>&#8211; Estudiantes y docentes<\/strong> de la <strong>Facultad de Arte<\/strong>,<strong> UNICEN<\/strong>: <strong>sin costo<\/strong><\/li>\n<li><strong>Circular<\/strong>: <a href=\"https:\/\/www.arte.unicen.edu.ar\/indees\/wp-content\/uploads\/2015\/09\/Congreso-Internacional-de-Escenograf\u00eda-Argentina-Primera-Circular.pdf\"><img decoding=\"async\" class=\"pdficon\" title=\"Congreso Internacional de Escenograf\u00eda - Argentina - Primera Circular\" src=\"\/wp-content\/themes\/indees\/images\/space.gif\" class=\"fancybox\" title=\"I Congreso Internacional de Escenograf\u00eda\"> Congreso Internacional de Escenograf\u00eda &#8211; Argentina &#8211; Primera Circular<\/a><a href=\"https:\/\/www.arte.unicen.edu.ar\/indees\/wp-content\/uploads\/2015\/09\/Primera-circular-Congreso-Internacional-de-Escenograf\u00eda.pdf\">Primera circular &#8211; Congreso Internacional de Escenograf\u00eda<\/a><\/li>\n<li><strong>Normas de presentaci\u00f3n de ponencias<\/strong>: <a href=\"http:\/\/www.indees.com.ar\/wp-content\/uploads\/2015\/09\/Normas-presentacion-2016.pdf\"><img decoding=\"async\" class=\"pdficon\" title=\"Normas de presentaci\u00f3n ponencias 2016\" src=\"\/wp-content\/themes\/indees\/images\/space.gif\" class=\"fancybox\" title=\"I Congreso Internacional de Escenograf\u00eda\"> Normas de presentaci\u00f3n 2016<\/a><\/li>\n<\/ul>\n","protected":false},"excerpt":{"rendered":"<p>El Primer Congreso Internacional de Escenograf\u00eda, una apuesta importante del Instituto de Estudios Escenogr\u00e1ficos en Artes Esc\u00e9nicas y Audiovisuales, tendr\u00e1 lugar del 18 al 21 de mayo de 2016&#8230; <\/p>\n<div align=\"right\"><a href=\"https:\/\/www.arte.unicen.edu.ar\/indees\/institucional\/primer-congreso-internacional-de-escenografia\/\" class=\"read-more\"><span class=\"fa fa-hand-o-right\"><\/span> Leer m\u00e1s&#8230;<\/a><\/div>\n","protected":false},"author":1,"featured_media":0,"parent":129,"menu_order":0,"comment_status":"closed","ping_status":"closed","template":"","meta":{"footnotes":""},"_links":{"self":[{"href":"https:\/\/www.arte.unicen.edu.ar\/indees\/wp-json\/wp\/v2\/pages\/910"}],"collection":[{"href":"https:\/\/www.arte.unicen.edu.ar\/indees\/wp-json\/wp\/v2\/pages"}],"about":[{"href":"https:\/\/www.arte.unicen.edu.ar\/indees\/wp-json\/wp\/v2\/types\/page"}],"author":[{"embeddable":true,"href":"https:\/\/www.arte.unicen.edu.ar\/indees\/wp-json\/wp\/v2\/users\/1"}],"replies":[{"embeddable":true,"href":"https:\/\/www.arte.unicen.edu.ar\/indees\/wp-json\/wp\/v2\/comments?post=910"}],"version-history":[{"count":0,"href":"https:\/\/www.arte.unicen.edu.ar\/indees\/wp-json\/wp\/v2\/pages\/910\/revisions"}],"up":[{"embeddable":true,"href":"https:\/\/www.arte.unicen.edu.ar\/indees\/wp-json\/wp\/v2\/pages\/129"}],"wp:attachment":[{"href":"https:\/\/www.arte.unicen.edu.ar\/indees\/wp-json\/wp\/v2\/media?parent=910"}],"curies":[{"name":"wp","href":"https:\/\/api.w.org\/{rel}","templated":true}]}}