{"id":7,"date":"2015-04-26T23:47:28","date_gmt":"2015-04-27T02:47:28","guid":{"rendered":"https:\/\/www.arte.unicen.edu.ar\/indees\/?page_id=7"},"modified":"2021-10-01T18:39:39","modified_gmt":"2021-10-01T21:39:39","slug":"staff","status":"publish","type":"page","link":"https:\/\/www.arte.unicen.edu.ar\/indees\/institucional\/staff\/","title":{"rendered":"Staff"},"content":{"rendered":"<h3>Dr. Marcelo Jaureguiberry<\/h3>\n<p><b>Director<\/b><br \/>\nDoctor en Filolog\u00eda\u00a0Espa\u00f1ola (Lengua, Teatro y Literatura) por el Departamento de Filolog\u00eda Espa\u00f1ola de la Universidad de Valencia, donde se doctor\u00f3 con la tesis titulada <em>\u201cIm\u00e1genes del fracaso: particularidades escenogr\u00e1ficas en los grotescos de Armando Disc\u00e9polo\u201d<\/em>. Arquitecto por la Universidad Nacional de La Plata. Licenciado en Teatro por la Universidad Nacional del Centro de la Provincia de Buenos Aires.\u00a0Escen\u00f3grafo. Director Teatral. Productor. Actualmente se desempe\u00f1a como profesor titular en las c\u00e1tedras Escenograf\u00eda y Pr\u00e1ctica Integrada de Teatro III (producci\u00f3n y direcci\u00f3n teatral) de la Facultad de Arte de la Universidad Nacional del Centro de la Provincia de Buenos Aires. Docente y coordinador de la Maestr\u00eda en Teatro, menci\u00f3n Dise\u00f1o Esc\u00e9nico,\u00a0en la misma universidad. Es director del Instituto de Estudios Escenogr\u00e1ficos en Artes Esc\u00e9nicas y Audiovisuales (INDEES) de la misma universidad.\u00a0Dirige la compa\u00f1\u00eda <a href=\"http:\/\/www.cerogrupoteatro.com.ar\" target=\"_blank\" rel=\"noopener noreferrer\">Cero Grupo Teatro<\/a> desde su creaci\u00f3n en 1994. Director de <a href=\"http:\/\/www.escenauno.org\" target=\"_blank\" rel=\"noopener noreferrer\">EscenaUno<\/a>, publicaci\u00f3n electr\u00f3nica especializada en el espacio esc\u00e9nico, la escenograf\u00eda, la direcci\u00f3n de arte y la puesta en escena.\u00a0Se ha desempe\u00f1ado como asesor de la comisi\u00f3n de investigaci\u00f3n en Filolog\u00eda, Ling\u00fc\u00edstica y Literatura del CONICET (Comisi\u00f3n Nacional de Investigaciones Cient\u00edficas y Tecnol\u00f3gicas), Ministerio de Educaci\u00f3n Ciencia y Tecnolog\u00eda de la Rep\u00fablica Argentina.<\/p>\n<hr \/>\n<h3>Mgt. Mar\u00eda Guadalupe Suasn\u00e1bar<\/h3>\n<p><b>Co-Directora &#8211; Becaria Doctoral CONICET<\/b><br \/>\nMagister en Historia del Arte Argentino y Latinoamericano por la Universidad Nacional de San Mart\u00edn. Profesora de Historia por la Universidad Nacional del Centro de la Provincia de Buenos Aires. Becaria Doctoral por el CONICET. Docente de la c\u00e1tedra Historia del Arte, en la carrera\u00a0Realizaci\u00f3n Integral en Artes Audiovisuales y de la c\u00e1tedra Metodolog\u00eda de Investigaci\u00f3n de la Licenciatura en Teatro de la\u00a0Facultad de Arte, UNICEN. Coordinadora del Centro de Documentaci\u00f3n y Archivo Audiovisual del INDEES. Actualmente, realizando el Doctorado en Historia (especializaci\u00f3n en Historia del Arte) por la Universidad Nacional de San Mart\u00edn.<\/p>\n<hr \/>\n<h3>Lic. Lucrecia Etchecoin<\/h3>\n<p><strong>Editora Revista Escena Uno &#8211; Becaria Doctoral CONICET<\/strong><br \/>\nLic. en Comunicaci\u00f3n Social en Orientaci\u00f3n Institucional, por la Facultad de Ciencias Sociales, de la Universidad Nacional del Centro de la Provincia de Buenos Aires (UNICEN). Docente de la c\u00e1tedra Filosof\u00eda y Sociolog\u00eda de la T\u00e9cnica en la Facultad de Ciencias Sociales. Tesista de la Maestr\u00eda en Teatro con menci\u00f3n en dise\u00f1o esc\u00e9nico, en la Facultad de Arte de\u00a0la UNICEN. Editora de <a href=\"http:\/\/www.escenauno.org\" target=\"_blank\" rel=\"noopener noreferrer\">EscenaUno<\/a>, publicaci\u00f3n electr\u00f3nica especializada en el espacio esc\u00e9nico, la escenograf\u00eda, la direcci\u00f3n de arte y la puesta en escena.<\/p>\n<hr \/>\n<h3>RIAA Yanina Jensen<\/h3>\n<p><strong>Secretaria<\/strong><br \/>\nRealizadora Integral en Artes Audiovisuales por la Facultad de Arte de la Universidad Nacional del Centro de la Provincia de Buenos Aires. Becaria por el Fondo Nacional de las Artes. Adscripta en la C\u00e1tedra Escenograf\u00eda de la Licenciatura en Teatro de esa Facultad. Tesista de\u00a0la Maestr\u00eda en Teatro (menci\u00f3n Dise\u00f1o Esc\u00e9nico), Facultad de Arte, UNICEN. Co-coordinadora del Centro de Documentaci\u00f3n\u00a0y Archivo audiovisual del INDEES. Se ha desempe\u00f1ado como ayudante de producci\u00f3n y asistente de arte en diversidad de producciones audiovisuales. Realiza investigaciones sobre Direcci\u00f3n de Arte en la historia del cine argentino.<\/p>\n<hr \/>\n<h3>Arq. Carlos Di Pasquo<\/h3>\n<p><strong>Investigador<\/strong><br \/>\nArquitecto y escen\u00f3grafo. Ha trabajado en el dise\u00f1o de escenograf\u00edas y vestuarios en Venezuela, Argentina, Chile, Espa\u00f1a, Cuba; para los directores Juan Carlos Gen\u00e9, Lorenzo Quinteros, Tanzim Townsend, Carlos Ianni, Manuel Gonz\u00e1lez Gil, Javier Margulis, Julio Baccaro, Ricardo Lombardi, H\u00e9ctor Rodr\u00edguez Manrique, Ver\u00f3nica Odd\u00f3, Francisco Javier, Carlos de Urquiza, entre otros. Ha sido profesor de Historia de la Arquitectura en la Universidad Central de Venezuela. En la actualidad es profesor de Escenograf\u00eda para cine y televisi\u00f3n y de Escenograf\u00eda y Vestuario en la Universidad de Palermo. Ha recibido por sus escenograf\u00edas los premios &#8220;Trinidad Guevara&#8221;, &#8220;Mar\u00eda Guerrero\u201d, &#8220;Premio de Cultura&#8221;, &#8220;Florencio S\u00e1nchez&#8221;, &#8220;Teatro XXI&#8221; y nominado para \u201cEstrella de mar\u201d y \u201cACE\u201d en varias oportunidades. Tambi\u00e9n se ha desempe\u00f1ado como Jurado del premio Trinidad Guevara que otorga la Secretaria de Cultura de la Ciudad de Buenos Aires.<\/p>\n<hr \/>\n<h3>Arq. Gabriela Luna<\/h3>\n<p><strong>Investigadora<\/strong><br \/>\nArquitecta venezolana radicada en Buenos Aires, Argentina. Egresada en el a\u00f1o 2003 de la Universidad Rafael Urdaneta, Maracaibo, Venezuela. Entre 2011 y 2013 desarroll\u00f3 estudios especializados en la carrera de Escenograf\u00eda en la Universidad de Palermo (Buenos Aires, Argentina). En Maracaibo (Venezuela), se desempe\u00f1\u00f3 como arquitecta en la Alcald\u00eda de San Francisco en el departamento de catastro y en La Extrema Estudio en el desarrollo de proyectos, supervisi\u00f3n y documentaci\u00f3n t\u00e9cnica de obras civiles. A su vez realiz\u00f3 colaboraciones relacionadas con el arte y la cultura. Durante cinco a\u00f1os fue conductora y productora del programa radial \u201cRockea en Espa\u00f1ol\u201d a trav\u00e9s de La Mega 99.7 Fm (Maracaibo, Venezuela). En Buenos Aires (Argentina) ha trabajado como arquitecta en el desarrollo de proyectos y documentaci\u00f3n t\u00e9cnica de obras civiles y como escen\u00f3grafa y realizadora de escenograf\u00eda; en el desarrollo de proyectos y documentaci\u00f3n t\u00e9cnica de artes esc\u00e9nicas. Junto al arquitecto Carlos Zabala es directora y fundadora de Ra\u00edz; un taller multidisciplinar dedicado a la arquitectura, investigaci\u00f3n, escenograf\u00eda, dise\u00f1o y fabricaci\u00f3n de objetos. Actualmente se encuentra realizando diversos tipos de trabajo sobre investigaci\u00f3n de Arquitectura Moderna Argentina.<\/p>\n<hr \/>\n<h3>Esc. Sandra Othar<\/h3>\n<p><strong>Investigadora<\/strong><br \/>\nEscen\u00f3grafa egresada de la Escuela Municipal de Teatro de La Plata. Directora de la Escuela Municipal de Arte Dram\u00e1tico de Mar del Plata. Co-fundadora del grupo teatral \u201cCaminito\u201d de la ciudad de Rauch. Escen\u00f3grafa de la Comedia Municipal de la ciudad de Las Flores y de la Compa\u00f1\u00eda de Danza Teatro de la Universidad Nacional de Mar del Plata. Jurado de los premios Estrella de Mar, Jos\u00e9 Mar\u00eda Vilches, Lobo de Mar, entre otros. Ha recibido el Premio Alfonsina en el rubro Teatro y el premio Lobo de Mar a la trayectoria escenogr\u00e1fica.<\/p>\n<hr \/>\n<h3>Prof. Valeria Arias<\/h3>\n<p><strong>Investigadora<\/strong><br \/>\nProfesora en Letras. Se desempe\u00f1a como profesora en la c\u00e1tedra Literatura Universal de la Facultad de Arte de la Universidad Nacional del Centro de la Provincia de Buenos Aires. Tesista de\u00a0la Maestr\u00eda en Teatro (Menci\u00f3n Dise\u00f1o Esc\u00e9nico) en dicha facultad.<\/p>\n<hr \/>\n","protected":false},"excerpt":{"rendered":"<p>Dr. Marcelo Jaureguiberry Director Doctor en Filolog\u00eda\u00a0Espa\u00f1ola (Lengua, Teatro y Literatura) por el Departamento de Filolog\u00eda Espa\u00f1ola de la Universidad de Valencia, donde se doctor\u00f3 con la tesis titulada&#8230; <\/p>\n<div align=\"right\"><a href=\"https:\/\/www.arte.unicen.edu.ar\/indees\/institucional\/staff\/\" class=\"read-more\"><span class=\"fa fa-hand-o-right\"><\/span> Leer m\u00e1s&#8230;<\/a><\/div>\n","protected":false},"author":1,"featured_media":0,"parent":129,"menu_order":0,"comment_status":"closed","ping_status":"closed","template":"","meta":{"footnotes":""},"_links":{"self":[{"href":"https:\/\/www.arte.unicen.edu.ar\/indees\/wp-json\/wp\/v2\/pages\/7"}],"collection":[{"href":"https:\/\/www.arte.unicen.edu.ar\/indees\/wp-json\/wp\/v2\/pages"}],"about":[{"href":"https:\/\/www.arte.unicen.edu.ar\/indees\/wp-json\/wp\/v2\/types\/page"}],"author":[{"embeddable":true,"href":"https:\/\/www.arte.unicen.edu.ar\/indees\/wp-json\/wp\/v2\/users\/1"}],"replies":[{"embeddable":true,"href":"https:\/\/www.arte.unicen.edu.ar\/indees\/wp-json\/wp\/v2\/comments?post=7"}],"version-history":[{"count":3,"href":"https:\/\/www.arte.unicen.edu.ar\/indees\/wp-json\/wp\/v2\/pages\/7\/revisions"}],"predecessor-version":[{"id":1170,"href":"https:\/\/www.arte.unicen.edu.ar\/indees\/wp-json\/wp\/v2\/pages\/7\/revisions\/1170"}],"up":[{"embeddable":true,"href":"https:\/\/www.arte.unicen.edu.ar\/indees\/wp-json\/wp\/v2\/pages\/129"}],"wp:attachment":[{"href":"https:\/\/www.arte.unicen.edu.ar\/indees\/wp-json\/wp\/v2\/media?parent=7"}],"curies":[{"name":"wp","href":"https:\/\/api.w.org\/{rel}","templated":true}]}}