{"id":43,"date":"2015-04-26T23:59:35","date_gmt":"2015-04-27T02:59:35","guid":{"rendered":"https:\/\/www.arte.unicen.edu.ar\/indees\/?page_id=43"},"modified":"2025-05-20T12:05:25","modified_gmt":"2025-05-20T15:05:25","slug":"contacto","status":"publish","type":"page","link":"https:\/\/www.arte.unicen.edu.ar\/indees\/contacto\/","title":{"rendered":"Contacto"},"content":{"rendered":"<p>Utilice el siguiente formulario de contacto para comunicarse con el <a href=\"https:\/\/www.arte.unicen.edu.ar\/indees\/staff\">Staff<\/a>\u00a0del <strong>Instituto de Estudios Escenogr\u00e1ficos en Artes Esc\u00e9nicas y Audiovisuales (INDEES)<\/strong>. Recibir\u00e1 una respuesta\u00a0a la brevedad.<\/p>\n<div align=\"center\"><div role=\"form\" class=\"wpcf7\" id=\"wpcf7-f1060-o1\" lang=\"es-AR\" dir=\"ltr\">\n<div class=\"screen-reader-response\"><p role=\"status\" aria-live=\"polite\" aria-atomic=\"true\"><\/p> <ul><\/ul><\/div>\n<form action=\"\/indees\/wp-json\/wp\/v2\/pages\/43#wpcf7-f1060-o1\" method=\"post\" class=\"wpcf7-form init\" novalidate=\"novalidate\" data-status=\"init\">\n<div style=\"display: none;\">\n<input type=\"hidden\" name=\"_wpcf7\" value=\"1060\" \/>\n<input type=\"hidden\" name=\"_wpcf7_version\" value=\"5.5.6.1\" \/>\n<input type=\"hidden\" name=\"_wpcf7_locale\" value=\"es_AR\" \/>\n<input type=\"hidden\" name=\"_wpcf7_unit_tag\" value=\"wpcf7-f1060-o1\" \/>\n<input type=\"hidden\" name=\"_wpcf7_container_post\" value=\"0\" \/>\n<input type=\"hidden\" name=\"_wpcf7_posted_data_hash\" value=\"\" \/>\n<input type=\"hidden\" name=\"_wpcf7_recaptcha_response\" value=\"\" \/>\n<\/div>\n<p>Nombre:<br \/>\n<span class=\"wpcf7-form-control-wrap contactf-name\"><input type=\"text\" name=\"contactf-name\" value=\"\" size=\"40\" class=\"wpcf7-form-control wpcf7-text wpcf7-validates-as-required cf-name\" aria-required=\"true\" aria-invalid=\"false\" placeholder=\"Nombre\" \/><\/span><\/p>\n<p>Correo electr\u00f3nico:<br \/>\n<span class=\"wpcf7-form-control-wrap contactf-email\"><input type=\"email\" name=\"contactf-email\" value=\"\" size=\"40\" class=\"wpcf7-form-control wpcf7-text wpcf7-email wpcf7-validates-as-required wpcf7-validates-as-email cf-email\" aria-required=\"true\" aria-invalid=\"false\" placeholder=\"Correo electr\u00f3nico\" \/><\/span><\/p>\n<p>Sitio web:<br \/>\n<span class=\"wpcf7-form-control-wrap contactf-url\"><input type=\"url\" name=\"contactf-url\" value=\"\" size=\"40\" class=\"wpcf7-form-control wpcf7-text wpcf7-url wpcf7-validates-as-url cf-url\" aria-invalid=\"false\" placeholder=\"Sitio web\" \/><\/span><\/p>\n<p>Asunto:<br \/>\n<span class=\"wpcf7-form-control-wrap contactf-subject\"><input type=\"text\" name=\"contactf-subject\" value=\"\" size=\"40\" class=\"wpcf7-form-control wpcf7-text wpcf7-validates-as-required cf-subject\" aria-required=\"true\" aria-invalid=\"false\" placeholder=\"Asunto\" \/><\/span><\/p>\n<p>Mensaje:<br \/>\n<span class=\"wpcf7-form-control-wrap contactf-message\"><textarea name=\"contactf-message\" cols=\"40\" rows=\"10\" class=\"wpcf7-form-control wpcf7-textarea wpcf7-validates-as-required cf-message\" aria-required=\"true\" aria-invalid=\"false\" placeholder=\"Escriba su mensaje...\"><\/textarea><\/span><\/p>\n<p><span class=\"wpcf7-form-control-wrap cf-accept\"><span class=\"wpcf7-form-control wpcf7-acceptance\"><span class=\"wpcf7-list-item\"><input type=\"checkbox\" name=\"cf-accept\" value=\"1\" aria-invalid=\"false\" class=\"cf-accept\" \/><\/span><\/span><\/span> <strong>Al enviar este mensaje Ud. declara conocer y estar de acuerdo con nuestra Pol\u00edtica de Privacidad y T\u00e9rminos de Uso.<\/strong><\/p>\n<p><input type=\"submit\" value=\"Enviar\" class=\"wpcf7-form-control has-spinner wpcf7-submit\" id=\"cf-submit\" \/><\/p>\n<div class=\"wpcf7-response-output\" aria-hidden=\"true\"><\/div><\/form><\/div><\/div>\n<hr \/>\n<p>Tambi\u00e9n puede comunicarse con nosotros a:<\/p>\n<div align=\"center\">\n<h3 class=\"subtitulo\"><strong>Instituto de Estudios Escenogr\u00e1ficos en Artes Esc\u00e9nicas y Audiovisuales (INDEES)<\/strong><\/h3>\n<p><strong>Facultad de Arte, Universidad Nacional del Centro de la Provincia de Buenos Aires (UNICEN)<\/strong><br \/>\n<strong>Pinto 399 3er Piso, Tel. (0249) 438 5800<\/strong><br \/>\n<strong>Tandil (B7000AQH), provincia de Buenos Aires, Rep\u00fablica Argentina.<\/strong><\/p>\n<\/div>\n","protected":false},"excerpt":{"rendered":"<p>Utilice el siguiente formulario de contacto para comunicarse con el Staff\u00a0del Instituto de Estudios Escenogr\u00e1ficos en Artes Esc\u00e9nicas y Audiovisuales (INDEES). Recibir\u00e1 una respuesta\u00a0a la brevedad. Tambi\u00e9n puede comunicarse&#8230; <\/p>\n<div align=\"right\"><a href=\"https:\/\/www.arte.unicen.edu.ar\/indees\/contacto\/\" class=\"read-more\"><span class=\"fa fa-hand-o-right\"><\/span> Leer m\u00e1s&#8230;<\/a><\/div>\n","protected":false},"author":1,"featured_media":0,"parent":0,"menu_order":0,"comment_status":"closed","ping_status":"closed","template":"","meta":{"footnotes":""},"_links":{"self":[{"href":"https:\/\/www.arte.unicen.edu.ar\/indees\/wp-json\/wp\/v2\/pages\/43"}],"collection":[{"href":"https:\/\/www.arte.unicen.edu.ar\/indees\/wp-json\/wp\/v2\/pages"}],"about":[{"href":"https:\/\/www.arte.unicen.edu.ar\/indees\/wp-json\/wp\/v2\/types\/page"}],"author":[{"embeddable":true,"href":"https:\/\/www.arte.unicen.edu.ar\/indees\/wp-json\/wp\/v2\/users\/1"}],"replies":[{"embeddable":true,"href":"https:\/\/www.arte.unicen.edu.ar\/indees\/wp-json\/wp\/v2\/comments?post=43"}],"version-history":[{"count":2,"href":"https:\/\/www.arte.unicen.edu.ar\/indees\/wp-json\/wp\/v2\/pages\/43\/revisions"}],"predecessor-version":[{"id":1331,"href":"https:\/\/www.arte.unicen.edu.ar\/indees\/wp-json\/wp\/v2\/pages\/43\/revisions\/1331"}],"wp:attachment":[{"href":"https:\/\/www.arte.unicen.edu.ar\/indees\/wp-json\/wp\/v2\/media?parent=43"}],"curies":[{"name":"wp","href":"https:\/\/api.w.org\/{rel}","templated":true}]}}