{"id":41,"date":"2015-04-26T23:59:17","date_gmt":"2015-04-27T02:59:17","guid":{"rendered":"https:\/\/www.arte.unicen.edu.ar\/indees\/?page_id=41"},"modified":"2015-04-26T23:59:17","modified_gmt":"2015-04-27T02:59:17","slug":"links","status":"publish","type":"page","link":"https:\/\/www.arte.unicen.edu.ar\/indees\/links\/","title":{"rendered":"Links"},"content":{"rendered":"<p>Le brindamos un listado de enlaces a otras instituciones, organismos y publicaciones relacionados con la\u00a0escenograf\u00eda, la direcci\u00f3n de arte y puesta en escena.<\/p>\n<h3 class=\"subtitulo\">Instituciones y organismos<\/h3>\n<ol>\n<li>Instituto Nacional de Cine y Artes Audiovisuales (INCAA):\u00a0<a href=\"http:\/\/www.incaa.gov.ar\" target=\"_blank\" rel=\"noopener noreferrer\">www.incaa.gov.ar<\/a><\/li>\n<li>Instituto Nacional del Teatro (INT):\u00a0<a href=\"http:\/\/www.inteatro.gov.ar\" target=\"_blank\" rel=\"noopener noreferrer\">www.inteatro.gov.ar<\/a><\/li>\n<li>Fondo Nacional de las Artes: <a href=\"http:\/\/fnartes.gob.ar\">www.fnartes.gob.ar<\/a><\/li>\n<li>Asociaci\u00f3n de Dise\u00f1adores Esc\u00e9nicos de Argentina:\u00a0<a href=\"https:\/\/es-la.facebook.com\/adeaorg\/\">https:\/\/es-la.facebook.com\/adeaorg<\/a><\/li>\n<li>\u00a0Asociaci\u00f3n de Directores de Arte: <a href=\"http:\/\/aadarte.com.ar\/\">www.aadarte.com.ar<\/a><\/li>\n<\/ol>\n<h3 class=\"subtitulo\">Instituciones educativas y de formaci\u00f3n<\/h3>\n<ol>\n<li>Centro de Formaci\u00f3n Profesional del SICA (CFP-SICA): <a href=\"http:\/\/www.cfpsica.org.ar\" target=\"_blank\" rel=\"noopener noreferrer\">www.cfpsica.org.ar<\/a><\/li>\n<li>Escuela de Artes Visuales Mart\u00edn A. Malharro: <a href=\"http:\/\/www.avmartinmalharro.edu.ar\" target=\"_blank\" rel=\"noopener noreferrer\">www.avmartinmalharro.edu.ar<\/a><\/li>\n<li>Escuela Metropolitana de Arte Dram\u00e1tico (EMAD): <a href=\"http:\/\/www.laemad.com.ar\" target=\"_blank\" rel=\"noopener noreferrer\">www.laemad.com.ar<\/a><\/li>\n<li>Escuela Nacional de Experimentaci\u00f3n y Realizaci\u00f3n Cinematogr\u00e1fica (ENERC): <a href=\"http:\/\/www.enerc.gov.ar\" target=\"_blank\" rel=\"noopener noreferrer\">www.enerc.gov.ar<\/a><\/li>\n<li>Facultad de Arte (UNICEN): <a href=\"http:\/\/arte.unicen.edu.ar\" target=\"_blank\" rel=\"noopener noreferrer\">arte.unicen.edu.ar<\/a><\/li>\n<li>Universidad de Palermo (UP): <a href=\"http:\/\/www.palermo.edu\" target=\"_blank\" rel=\"noopener noreferrer\">www.palermo.edu<\/a><\/li>\n<li>Universidad del Salvador (USAL): <a href=\"http:\/\/www.usal.edu.ar\" target=\"_blank\" rel=\"noopener noreferrer\">www.usal.edu.ar<\/a><\/li>\n<li>Universidad Nacional de Cuyo (UNCUYO): <a href=\"http:\/\/www.uncu.edu.ar\" target=\"_blank\" rel=\"noopener noreferrer\">www.uncu.edu.ar<\/a><\/li>\n<li>Universidad Nacional de La Plata (UNLP): <a href=\"http:\/\/www.unlp.edu.ar\" target=\"_blank\" rel=\"noopener noreferrer\">www.unlp.edu.ar<\/a><\/li>\n<li>Universidad Nacional de las Artes (UNA): <a href=\"http:\/\/www.una.edu.ar\" target=\"_blank\" rel=\"noopener noreferrer\">www.una.edu.ar<\/a><\/li>\n<li>Universidad Nacional del Centro de la Provincia de Buenos Aires (UNICEN): <a href=\"http:\/\/www.unicen.edu.ar\" target=\"_blank\" rel=\"noopener noreferrer\">www.unicen.edu.ar<\/a><\/li>\n<\/ol>\n<h3 class=\"subtitulo\">Sitios de inter\u00e9s<\/h3>\n<ol>\n<li>Alternativa Teatral: <a href=\"http:\/\/www.alternativateatral.com\" target=\"_blank\" rel=\"noopener noreferrer\">www.alternativateatral.com<\/a><\/li>\n<li>Cine Nacional: <a href=\"http:\/\/www.cinenacional.com\" target=\"_blank\" rel=\"noopener noreferrer\">www.cinenacional.com<\/a><\/li>\n<li>Sindicato de la Industria Cinematogr\u00e1fica Argentina (SICA):\u00a0<a href=\"http:\/\/www.sicacine.org.ar\" target=\"_blank\" rel=\"noopener noreferrer\">www.sicacine.org.ar<\/a><\/li>\n<li>Organizaci\u00f3n Internacional de Escenogr\u00e1fos, T\u00e9cnicos y Arquitectos de Teatro: <a href=\"http:\/\/www.oistat.org\/\">www.oistat.org<\/a><\/li>\n<\/ol>\n<p>Ud. puede enviarnos\u00a0links a un sitio que considere de inter\u00e9s para incluirlo en nuestra lista de enlaces, mediante nuestro <a href=\"http:\/\/www.indees.com.ar\/contacto\">formulario de contacto<\/a>.<\/p>\n","protected":false},"excerpt":{"rendered":"<p>Le brindamos un listado de enlaces a otras instituciones, organismos y publicaciones relacionados con la\u00a0escenograf\u00eda, la direcci\u00f3n de arte y puesta en escena. Instituciones y organismos Instituto Nacional de&#8230; <\/p>\n<div align=\"right\"><a href=\"https:\/\/www.arte.unicen.edu.ar\/indees\/links\/\" class=\"read-more\"><span class=\"fa fa-hand-o-right\"><\/span> Leer m\u00e1s&#8230;<\/a><\/div>\n","protected":false},"author":1,"featured_media":0,"parent":0,"menu_order":0,"comment_status":"closed","ping_status":"closed","template":"","meta":{"footnotes":""},"_links":{"self":[{"href":"https:\/\/www.arte.unicen.edu.ar\/indees\/wp-json\/wp\/v2\/pages\/41"}],"collection":[{"href":"https:\/\/www.arte.unicen.edu.ar\/indees\/wp-json\/wp\/v2\/pages"}],"about":[{"href":"https:\/\/www.arte.unicen.edu.ar\/indees\/wp-json\/wp\/v2\/types\/page"}],"author":[{"embeddable":true,"href":"https:\/\/www.arte.unicen.edu.ar\/indees\/wp-json\/wp\/v2\/users\/1"}],"replies":[{"embeddable":true,"href":"https:\/\/www.arte.unicen.edu.ar\/indees\/wp-json\/wp\/v2\/comments?post=41"}],"version-history":[{"count":0,"href":"https:\/\/www.arte.unicen.edu.ar\/indees\/wp-json\/wp\/v2\/pages\/41\/revisions"}],"wp:attachment":[{"href":"https:\/\/www.arte.unicen.edu.ar\/indees\/wp-json\/wp\/v2\/media?parent=41"}],"curies":[{"name":"wp","href":"https:\/\/api.w.org\/{rel}","templated":true}]}}