{"id":39,"date":"2015-04-26T23:58:58","date_gmt":"2015-04-27T02:58:58","guid":{"rendered":"https:\/\/www.arte.unicen.edu.ar\/indees\/?page_id=39"},"modified":"2025-05-20T12:07:21","modified_gmt":"2025-05-20T15:07:21","slug":"exposiciones","status":"publish","type":"page","link":"https:\/\/www.arte.unicen.edu.ar\/indees\/exposiciones\/","title":{"rendered":"Exposiciones"},"content":{"rendered":"\n<p>El INDEES tiene el agrado de presentar, en el marco de sus actividades de Extensi\u00f3n y Transferencia, las exposiciones&nbsp;<b>GUILLERMO DE LA TORRE<\/b>, <b>GERMEN GELPI ESCEN\u00d3GRAFO (1909-1982)<\/b>, <b>EL ESPACIO ESC\u00c9NICO SEG\u00daN GEN\u00c9-DI PASQUO<\/b>.<\/p>\n<p>Con el apoyo&nbsp;del <i>Instituto Nacional del Teatro<\/i> (INT) y de la Facultad de Arte (Universidad Nacional del Centro de la Provincia de Buenos Aires), las exposiciones corresponden al trabajo de recopilaci\u00f3n, clasificaci\u00f3n y digitalizaci\u00f3n de documentos (fotograf\u00edas, bocetos, dise\u00f1os) pertenecientes al archivo personal de los escen\u00f3grafos. Curadur\u00eda a cargo del Director del Instituto, Dr. Marcelo Jaureguiberry.<\/p>\n<p>Fiel a su objetivo de fomentar, promover y divulgar la obra de los escen\u00f3grafos latinoamericanos, el <b>INDEES<\/b> deja a disposici\u00f3n de Museos, Galer\u00edas, Teatros y otras entidades culturales las exposiciones&nbsp;presentadas. Cabe destacar que las mismas ser\u00e1n acompa\u00f1adas por charlas, conferencias y preparaci\u00f3n de gu\u00edas a cargo de los investigadores del equipo.&nbsp;Para una mayor informaci\u00f3n los invitamos a descargar los dossiers de las mismas.<\/p>\n<p><span style=\"text-decoration: underline;\"><strong>Contacto:<\/strong><\/span> <a href=\"mailto:indees @ arte.unicen.edu.ar?Subject=Exposiciones INDEES\">indees@arte.unicen.edu.ar<\/a><\/p>\n<table class=\"aligncenter\" style=\"width: 100%;\" border=\"0\" cellspacing=\"25\" cellpadding=\"0\">\n<tbody>\n<tr>\n<td><a href=\"https:\/\/www.arte.unicen.edu.ar\/indees\/wp-content\/uploads\/2015\/04\/dossier-gelpi-1.pdf\" target=\"_blank\" rel=\"noopener noreferrer\"><img decoding=\"async\" class=\"aligncenter size-medium wp-image-332\" title=\"Dossier Germen Gelpi\" src=\"\/indees\/wp-content\/uploads\/2015\/04\/dossiergelpi-212x300.jpg\" class=\"fancybox\" title=\"Exposiciones\"><\/a><\/td>\n<td><a href=\"https:\/\/www.arte.unicen.edu.ar\/indees\/wp-content\/uploads\/2015\/04\/dossier-gene-dipasquo-1.pdf\" target=\"_blank\" rel=\"noopener noreferrer\"><img decoding=\"async\" class=\"aligncenter size-medium wp-image-333\" title=\"Dossier Gen\u00e9 - Di Pasquo\" src=\"\/indees\/wp-content\/uploads\/2015\/04\/dossiergenedipasquo-212x300.jpg\" class=\"fancybox\" title=\"Exposiciones\"><\/a><\/td>\n<td><a href=\"https:\/\/www.arte.unicen.edu.ar\/indees\/wp-content\/uploads\/2015\/04\/dossier-delatorre-1.pdf\" target=\"_blank\" rel=\"noopener noreferrer\"><img decoding=\"async\" class=\"aligncenter size-medium wp-image-333\" title=\"Dossier Guillermo de la Torre\" src=\"\/indees\/wp-content\/uploads\/2015\/04\/dossierdelatorre.jpg\" class=\"fancybox\" title=\"Exposiciones\"><\/a><\/td>\n<\/tr>\n<\/tbody>\n<\/table>\n","protected":false},"excerpt":{"rendered":"<p>El INDEES tiene el agrado de presentar, en el marco de sus actividades de Extensi\u00f3n y Transferencia, las exposiciones&nbsp;GUILLERMO DE LA TORRE, GERMEN GELPI ESCEN\u00d3GRAFO (1909-1982), EL ESPACIO ESC\u00c9NICO&#8230; <\/p>\n<div align=\"right\"><a href=\"https:\/\/www.arte.unicen.edu.ar\/indees\/exposiciones\/\" class=\"read-more\"><span class=\"fa fa-hand-o-right\"><\/span> Leer m\u00e1s&#8230;<\/a><\/div>\n","protected":false},"author":1,"featured_media":0,"parent":0,"menu_order":0,"comment_status":"closed","ping_status":"closed","template":"","meta":{"footnotes":""},"_links":{"self":[{"href":"https:\/\/www.arte.unicen.edu.ar\/indees\/wp-json\/wp\/v2\/pages\/39"}],"collection":[{"href":"https:\/\/www.arte.unicen.edu.ar\/indees\/wp-json\/wp\/v2\/pages"}],"about":[{"href":"https:\/\/www.arte.unicen.edu.ar\/indees\/wp-json\/wp\/v2\/types\/page"}],"author":[{"embeddable":true,"href":"https:\/\/www.arte.unicen.edu.ar\/indees\/wp-json\/wp\/v2\/users\/1"}],"replies":[{"embeddable":true,"href":"https:\/\/www.arte.unicen.edu.ar\/indees\/wp-json\/wp\/v2\/comments?post=39"}],"version-history":[{"count":3,"href":"https:\/\/www.arte.unicen.edu.ar\/indees\/wp-json\/wp\/v2\/pages\/39\/revisions"}],"predecessor-version":[{"id":1334,"href":"https:\/\/www.arte.unicen.edu.ar\/indees\/wp-json\/wp\/v2\/pages\/39\/revisions\/1334"}],"wp:attachment":[{"href":"https:\/\/www.arte.unicen.edu.ar\/indees\/wp-json\/wp\/v2\/media?parent=39"}],"curies":[{"name":"wp","href":"https:\/\/api.w.org\/{rel}","templated":true}]}}