{"id":51,"date":"2023-11-03T11:02:24","date_gmt":"2023-11-03T14:02:24","guid":{"rendered":"https:\/\/www.arte.unicen.edu.ar\/congreso_artes\/?page_id=51"},"modified":"2024-04-05T09:23:35","modified_gmt":"2024-04-05T12:23:35","slug":"home-2","status":"publish","type":"page","link":"https:\/\/www.arte.unicen.edu.ar\/congreso_artes2025\/","title":{"rendered":"Congreso"},"content":{"rendered":"\t\t<div data-elementor-type=\"wp-page\" data-elementor-id=\"51\" class=\"elementor elementor-51\">\n\t\t\t\t\t\t\t\t\t<section class=\"elementor-section elementor-top-section elementor-element elementor-element-563642d elementor-section-full_width elementor-section-stretched elementor-section-height-default elementor-section-height-default\" data-id=\"563642d\" data-element_type=\"section\" data-settings=\"{&quot;stretch_section&quot;:&quot;section-stretched&quot;}\">\n\t\t\t\t\t\t<div class=\"elementor-container elementor-column-gap-default\">\n\t\t\t\t\t<div class=\"elementor-column elementor-col-100 elementor-top-column elementor-element elementor-element-964b0c4\" data-id=\"964b0c4\" data-element_type=\"column\">\n\t\t\t<div class=\"elementor-widget-wrap elementor-element-populated\">\n\t\t\t\t\t\t\t\t<div class=\"elementor-element elementor-element-3f80f3f elementor-widget elementor-widget-image\" data-id=\"3f80f3f\" data-element_type=\"widget\" data-widget_type=\"image.default\">\n\t\t\t\t<div class=\"elementor-widget-container\">\n\t\t\t<style>\/*! elementor - v3.17.0 - 01-11-2023 *\/\n.elementor-widget-image{text-align:center}.elementor-widget-image a{display:inline-block}.elementor-widget-image a img[src$=\".svg\"]{width:48px}.elementor-widget-image img{vertical-align:middle;display:inline-block}<\/style>\t\t\t\t\t\t\t\t\t\t\t\t<img decoding=\"async\" width=\"3500\" height=\"712\" src=\"https:\/\/www.arte.unicen.edu.ar\/congreso_artes2025\/wp-content\/uploads\/2023\/11\/banner3-Congreso-Internacional-en-Artes.logo-final.png\" class=\"attachment-full size-full wp-image-22\" alt=\"\" loading=\"lazy\" srcset=\"https:\/\/www.arte.unicen.edu.ar\/congreso_artes2025\/wp-content\/uploads\/2023\/11\/banner3-Congreso-Internacional-en-Artes.logo-final.png 3500w, https:\/\/www.arte.unicen.edu.ar\/congreso_artes2025\/wp-content\/uploads\/2023\/11\/banner3-Congreso-Internacional-en-Artes.logo-final-300x61.png 300w, https:\/\/www.arte.unicen.edu.ar\/congreso_artes2025\/wp-content\/uploads\/2023\/11\/banner3-Congreso-Internacional-en-Artes.logo-final-1024x208.png 1024w, https:\/\/www.arte.unicen.edu.ar\/congreso_artes2025\/wp-content\/uploads\/2023\/11\/banner3-Congreso-Internacional-en-Artes.logo-final-768x156.png 768w, https:\/\/www.arte.unicen.edu.ar\/congreso_artes2025\/wp-content\/uploads\/2023\/11\/banner3-Congreso-Internacional-en-Artes.logo-final-1536x312.png 1536w, https:\/\/www.arte.unicen.edu.ar\/congreso_artes2025\/wp-content\/uploads\/2023\/11\/banner3-Congreso-Internacional-en-Artes.logo-final-2048x417.png 2048w\" sizes=\"(max-width: 3500px) 100vw, 3500px\" \/>\t\t\t\t\t\t\t\t\t\t\t\t\t\t\t<\/div>\n\t\t\t\t<\/div>\n\t\t\t\t\t<\/div>\n\t\t<\/div>\n\t\t\t\t\t\t\t<\/div>\n\t\t<\/section>\n\t\t\t\t<section class=\"elementor-section elementor-top-section elementor-element elementor-element-7c42a1cc elementor-section-boxed elementor-section-height-default elementor-section-height-default\" data-id=\"7c42a1cc\" data-element_type=\"section\">\n\t\t\t\t\t\t<div class=\"elementor-container elementor-column-gap-default\">\n\t\t\t\t\t<div class=\"elementor-column elementor-col-100 elementor-top-column elementor-element elementor-element-4ef38d6\" data-id=\"4ef38d6\" data-element_type=\"column\">\n\t\t\t<div class=\"elementor-widget-wrap elementor-element-populated\">\n\t\t\t\t\t\t\t\t<div class=\"elementor-element elementor-element-8044a86 elementor-widget elementor-widget-text-editor\" data-id=\"8044a86\" data-element_type=\"widget\" data-widget_type=\"text-editor.default\">\n\t\t\t\t<div class=\"elementor-widget-container\">\n\t\t\t<style>\/*! elementor - v3.17.0 - 01-11-2023 *\/\n.elementor-widget-text-editor.elementor-drop-cap-view-stacked .elementor-drop-cap{background-color:#69727d;color:#fff}.elementor-widget-text-editor.elementor-drop-cap-view-framed .elementor-drop-cap{color:#69727d;border:3px solid;background-color:transparent}.elementor-widget-text-editor:not(.elementor-drop-cap-view-default) .elementor-drop-cap{margin-top:8px}.elementor-widget-text-editor:not(.elementor-drop-cap-view-default) .elementor-drop-cap-letter{width:1em;height:1em}.elementor-widget-text-editor .elementor-drop-cap{float:left;text-align:center;line-height:1;font-size:50px}.elementor-widget-text-editor .elementor-drop-cap-letter{display:inline-block}<\/style>\t\t\t\t<p>La\u00a0<strong>Facultad de Arte<\/strong>\u00a0de la Universidad Nacional del Centro de la Provincia de Buenos Aires organiza el\u00a0<strong>I Congreso Internacional en Artes<\/strong>, que tiene antecedentes en diversas iniciativas acad\u00e9micas-art\u00edsticas entre las que se destacan el \u201cCongreso Internacional de Educaci\u00f3n Art\u00edstica\u201d (Departamento de Educaci\u00f3n Art\u00edstica, 2001), el \u201cCongreso Internacional sobre la Corporeidad en la escena contempor\u00e1nea\u201d (GITCE, del 2010 al 2014), las \u201cJornadas Internacionales de Historia, Arte y Pol\u00edtica\u201d (Departamento de Historia y Teor\u00eda del Arte, desde 2009 y contin\u00faa), el \u201cCongreso Internacional de Escenograf\u00eda\u201d (INDEES, desde 2013 y contin\u00faa), el \u201cCongreso Internacional de Artes Esc\u00e9nicas\u201d (IPROCAE, 2017), el &#8220;I Simposio sobre cine y audiovisual&#8221; (Organizado por el Departamento de Historia y Teor\u00eda del Arte, Facultad de Arte-UNICEN, y el \u00c1rea de medios, UNICEN, 2017), el &#8220;II Simposio Internacional sobre Cine y Audiovisual&#8221; (organizado por el Grupo de Investigaci\u00f3n y Realizaci\u00f3n Audiovisual de Tandil -GIRAT- y el Departamento de Historia y Teor\u00eda del Arte de la Facultad de Arte, 2018) y el III Simposio Internacional sobre Cine y Audiovisual (SCA) en articulaci\u00f3n con las I Jornadas de Realizaci\u00f3n y Experimentaci\u00f3n Audiovisual (JIREA) (Organizado por el Grupo de Investigaci\u00f3n y Realizaci\u00f3n Audiovisual Tandil, Departamento de historia, Teor\u00eda del Arte y Departamento de Artes Audiovisuales, FA-UNICEN, 2019), las \u201cJornadas Internacionales de Investigaci\u00f3n a trav\u00e9s de la Pr\u00e1ctica Art\u00edstica\u201d (GIAPA, 2017 y 2019) y las \u201cJornadas de Ense\u00f1anza de la Escenograf\u00eda\u201d (INDEES, 2017 y 2021).<\/p><p>En vista de estas trayectorias, la Facultad de Arte, a trav\u00e9s de la Secretar\u00eda de Investigaci\u00f3n y Posgrado, organiza en conjunto con los n\u00facleos y grupos de investigaci\u00f3n, el<strong>\u00a0I Congreso Internacional en Artes<\/strong>, con el objetivo de seguir construyendo espacios de di\u00e1logo e intercambio de saberes y experiencias en torno a la investigaci\u00f3n en artes. As\u00ed, este evento se presenta como un \u00e1mbito que apuesta al desarrollo de los estudios de procesos creativos en artes, fomentando el an\u00e1lisis te\u00f3rico-pr\u00e1ctico de los conocimientos de creaci\u00f3n y producci\u00f3n, y favoreciendo el di\u00e1logo y la interacci\u00f3n entre creadores y estudiosos de los hechos art\u00edsticos.<\/p><p>El\u00a0<strong>Congreso Internacional en Artes<\/strong>\u00a0busca inaugurar una territorialidad com\u00fan entre quienes nos acercamos a la investigaci\u00f3n en artes, desde la producci\u00f3n art\u00edstica y\/o acad\u00e9mica situada en la diversidad de contextos geolocalizados. Este encuentro pretende facilitar el espacio para desarrollar un proceso de intercambio, reflexi\u00f3n y trabajo colectivo entre investigadores, artistas, docentes, estudiantes y profesionales de las artes, apostando a la difusi\u00f3n de las diversas producciones.<\/p><p><a href=\"https:\/\/www.arte.unicen.edu.ar\/congreso_artes\/wp-content\/uploads\/2023\/11\/Primera-Circular-CIA2024.pdf\" target=\"_blank\" rel=\"noopener\">Primera circular<\/a><\/p><p><a href=\"https:\/\/www.arte.unicen.edu.ar\/congreso_artes\/wp-content\/uploads\/2023\/11\/2da_circular_congreso_en-_artes_2024.pdf\" target=\"_blank\" rel=\"noopener\">Segunda circular<\/a><\/p><p>El Congreso Internacional en Artes propone el trabajo en <span style=\"color: #f21f5f;\">GRUPOS<\/span> que tendr\u00e1n autonom\u00eda en la din\u00e1mica de funcionamiento:<\/p><p><span style=\"color: #f21f5f;\">&#8211;<a style=\"color: #f21f5f;\" href=\"https:\/\/www.arte.unicen.edu.ar\/congreso_artes\/index.php\/grupo-1\/\" target=\"_blank\" rel=\"noopener\">GT 1: <span style=\"color: #808080;\">An\u00e1lisis de los procesos creativos<\/span><\/a><\/span><\/p><p><span style=\"color: #808080;\"><span style=\"color: #f21f5f;\">&#8211;<\/span><a style=\"color: #808080;\" href=\"https:\/\/www.arte.unicen.edu.ar\/congreso_artes\/index.php\/grupo-2\/\" target=\"_blank\" rel=\"noopener\"><span style=\"color: #f21f5f;\">GT 2:<\/span> Dramaturgias contempor\u00e1neas<\/a><\/span><\/p><p><span style=\"color: #808080;\"><a style=\"color: #808080;\" href=\"https:\/\/www.arte.unicen.edu.ar\/congreso_artes\/index.php\/grupo-3\/\" target=\"_blank\" rel=\"noopener\"><span style=\"color: #f21f5f;\">-GT 3:<\/span> Arte en c\u00e1rceles. La producci\u00f3n y los aprendizajes art\u00edsticos en contextos de encierro punitivo<\/a><\/span><\/p><p><a href=\"https:\/\/www.arte.unicen.edu.ar\/congreso_artes\/index.php\/grupo-4\/\" target=\"_blank\" rel=\"noopener\"><span style=\"color: #f21f5f;\">-GT 4: <\/span><span style=\"color: #808080;\">Investigaci\u00f3n a trav\u00e9s de la propia pr\u00e1ctica art\u00edstica<\/span><\/a><\/p><p><span style=\"color: #808080;\"><a style=\"color: #808080;\" href=\"https:\/\/www.arte.unicen.edu.ar\/congreso_artes\/index.php\/grupo-5\/\" target=\"_blank\" rel=\"noopener\"><span style=\"color: #f21f5f;\">-GT 5:<\/span> La escena en cuerp(e)s<\/a><\/span><\/p><p><a href=\"https:\/\/www.arte.unicen.edu.ar\/congreso_artes\/index.php\/grupo-6\/\" target=\"_blank\" rel=\"noopener\"><span style=\"color: #f21f5f;\">-GT 6:<\/span> <span style=\"color: #808080;\">Solidaridades territoriales en la producci\u00f3n art\u00edstica<\/span><\/a><\/p><p><a href=\"https:\/\/www.arte.unicen.edu.ar\/congreso_artes\/index.php\/grupo-7\/\" target=\"_blank\" rel=\"noopener\"><span style=\"color: #f21f5f;\">-GT 7:<\/span> <span style=\"color: #808080;\">Po\u00e9ticas en territorio. Pr\u00e1cticas situadas y artes expandidas<\/span><\/a><\/p><p><a href=\"https:\/\/www.arte.unicen.edu.ar\/congreso_artes\/index.php\/grupo-8\/\" target=\"_blank\" rel=\"noopener\"><span style=\"color: #808080;\"><span style=\"color: #f21f5f;\">-GT 8:<\/span> El arte de la animaci\u00f3n. Inspirando realidades fant\u00e1sticas: camino a la animaci\u00f3n h\u00edbrida<\/span><\/a><\/p><p><span style=\"color: #808080;\"><a style=\"color: #808080;\" href=\"https:\/\/www.arte.unicen.edu.ar\/congreso_artes\/index.php\/grupo-9\/\" target=\"_blank\" rel=\"noopener\"><span style=\"color: #f21f5f;\">-GT 9:<\/span> Artes tecnol\u00f3gicas. Pr\u00e1cticas Pr\u00e1cticas art\u00edsticas contempor\u00e1neas y nuevas tecnolog\u00edas<\/a><\/span><\/p><p><a href=\"https:\/\/www.arte.unicen.edu.ar\/congreso_artes\/index.php\/grupo-10\/\" target=\"_blank\" rel=\"noopener\"><span style=\"color: #808080;\"><span style=\"color: #f21f5f;\">-GT 10:<\/span> Campo Sonoro y universos dram\u00e1ticos<\/span><\/a><\/p><p><span style=\"color: #9e8583;\">&#8212;&#8212;&#8212;&#8212;&#8212;&#8212;&#8212;&#8212;&#8212;<\/span><\/p><p><span style=\"color: #f21f5f;\">Facultad de Arte<\/span>, Universidad Nacional del Centro de la Provincia de Buenos Aires &#8211; 9 de Julio n\u00b0 430 (7000) \u2013Tandil, Buenos Aires, Argentina.<\/p>\t\t\t\t\t\t<\/div>\n\t\t\t\t<\/div>\n\t\t\t\t<div class=\"elementor-element elementor-element-1cea79b0 elementor-widget elementor-widget-text-editor\" data-id=\"1cea79b0\" data-element_type=\"widget\" data-widget_type=\"text-editor.default\">\n\t\t\t\t<div class=\"elementor-widget-container\">\n\t\t\t\t\t\t\t\t\t\t\t\t\t<\/div>\n\t\t\t\t<\/div>\n\t\t\t\t\t<\/div>\n\t\t<\/div>\n\t\t\t\t\t\t\t<\/div>\n\t\t<\/section>\n\t\t\t\t<section class=\"elementor-section elementor-top-section elementor-element elementor-element-5c36fff elementor-section-boxed elementor-section-height-default elementor-section-height-default\" data-id=\"5c36fff\" data-element_type=\"section\">\n\t\t\t\t\t\t<div class=\"elementor-container elementor-column-gap-default\">\n\t\t\t\t\t<div class=\"elementor-column elementor-col-33 elementor-top-column elementor-element elementor-element-dec6280\" data-id=\"dec6280\" data-element_type=\"column\">\n\t\t\t<div class=\"elementor-widget-wrap\">\n\t\t\t\t\t\t\t\t\t<\/div>\n\t\t<\/div>\n\t\t\t\t<div class=\"elementor-column elementor-col-33 elementor-top-column elementor-element elementor-element-ec2fbfe\" data-id=\"ec2fbfe\" data-element_type=\"column\">\n\t\t\t<div class=\"elementor-widget-wrap elementor-element-populated\">\n\t\t\t\t\t\t\t\t<div class=\"elementor-element elementor-element-9cbe481 elementor-widget elementor-widget-image\" data-id=\"9cbe481\" data-element_type=\"widget\" data-widget_type=\"image.default\">\n\t\t\t\t<div class=\"elementor-widget-container\">\n\t\t\t\t\t\t\t\t\t\t\t\t\t\t\t\t<a href=\"https:\/\/www.arte.unicen.edu.ar\/\" target=\"_blank\">\n\t\t\t\t\t\t\t<img decoding=\"async\" width=\"1024\" height=\"286\" src=\"https:\/\/www.arte.unicen.edu.ar\/congreso_artes2025\/wp-content\/uploads\/2024\/04\/LOGO-FACULTAD-boceto-2024-final_abril-1024x286.png\" class=\"attachment-large size-large wp-image-629\" alt=\"\" loading=\"lazy\" srcset=\"https:\/\/www.arte.unicen.edu.ar\/congreso_artes2025\/wp-content\/uploads\/2024\/04\/LOGO-FACULTAD-boceto-2024-final_abril-1024x286.png 1024w, https:\/\/www.arte.unicen.edu.ar\/congreso_artes2025\/wp-content\/uploads\/2024\/04\/LOGO-FACULTAD-boceto-2024-final_abril-300x84.png 300w, https:\/\/www.arte.unicen.edu.ar\/congreso_artes2025\/wp-content\/uploads\/2024\/04\/LOGO-FACULTAD-boceto-2024-final_abril-768x214.png 768w, https:\/\/www.arte.unicen.edu.ar\/congreso_artes2025\/wp-content\/uploads\/2024\/04\/LOGO-FACULTAD-boceto-2024-final_abril-1536x429.png 1536w, https:\/\/www.arte.unicen.edu.ar\/congreso_artes2025\/wp-content\/uploads\/2024\/04\/LOGO-FACULTAD-boceto-2024-final_abril-2048x572.png 2048w\" sizes=\"(max-width: 1024px) 100vw, 1024px\" \/>\t\t\t\t\t\t\t\t<\/a>\n\t\t\t\t\t\t\t\t\t\t\t\t\t\t\t<\/div>\n\t\t\t\t<\/div>\n\t\t\t\t\t<\/div>\n\t\t<\/div>\n\t\t\t\t<div class=\"elementor-column elementor-col-33 elementor-top-column elementor-element elementor-element-b01f013\" data-id=\"b01f013\" data-element_type=\"column\">\n\t\t\t<div class=\"elementor-widget-wrap\">\n\t\t\t\t\t\t\t\t\t<\/div>\n\t\t<\/div>\n\t\t\t\t\t\t\t<\/div>\n\t\t<\/section>\n\t\t\t\t\t\t\t<\/div>\n\t\t","protected":false},"excerpt":{"rendered":"<p>La\u00a0Facultad de Arte\u00a0de la Universidad Nacional del Centro de la Provincia de Buenos Aires organiza el\u00a0I Congreso Internacional en Artes, que tiene antecedentes en diversas iniciativas acad\u00e9micas-art\u00edsticas entre las que se destacan el \u201cCongreso Internacional de Educaci\u00f3n Art\u00edstica\u201d (Departamento de Educaci\u00f3n Art\u00edstica, 2001), el \u201cCongreso Internacional sobre la Corporeidad en la escena contempor\u00e1nea\u201d (GITCE, del&hellip;&nbsp;<a href=\"https:\/\/www.arte.unicen.edu.ar\/congreso_artes2025\/\" class=\"\" rel=\"bookmark\">Read More &raquo;<span class=\"screen-reader-text\">Congreso<\/span><\/a><\/p>\n","protected":false},"author":1,"featured_media":0,"parent":0,"menu_order":0,"comment_status":"closed","ping_status":"closed","template":"","meta":{"neve_meta_sidebar":"","neve_meta_container":"","neve_meta_enable_content_width":"on","neve_meta_content_width":100,"neve_meta_title_alignment":"","neve_meta_author_avatar":"","neve_post_elements_order":"","neve_meta_disable_header":"","neve_meta_disable_footer":"","neve_meta_disable_title":"on"},"_links":{"self":[{"href":"https:\/\/www.arte.unicen.edu.ar\/congreso_artes2025\/index.php\/wp-json\/wp\/v2\/pages\/51"}],"collection":[{"href":"https:\/\/www.arte.unicen.edu.ar\/congreso_artes2025\/index.php\/wp-json\/wp\/v2\/pages"}],"about":[{"href":"https:\/\/www.arte.unicen.edu.ar\/congreso_artes2025\/index.php\/wp-json\/wp\/v2\/types\/page"}],"author":[{"embeddable":true,"href":"https:\/\/www.arte.unicen.edu.ar\/congreso_artes2025\/index.php\/wp-json\/wp\/v2\/users\/1"}],"replies":[{"embeddable":true,"href":"https:\/\/www.arte.unicen.edu.ar\/congreso_artes2025\/index.php\/wp-json\/wp\/v2\/comments?post=51"}],"version-history":[{"count":2,"href":"https:\/\/www.arte.unicen.edu.ar\/congreso_artes2025\/index.php\/wp-json\/wp\/v2\/pages\/51\/revisions"}],"predecessor-version":[{"id":638,"href":"https:\/\/www.arte.unicen.edu.ar\/congreso_artes2025\/index.php\/wp-json\/wp\/v2\/pages\/51\/revisions\/638"}],"wp:attachment":[{"href":"https:\/\/www.arte.unicen.edu.ar\/congreso_artes2025\/index.php\/wp-json\/wp\/v2\/media?parent=51"}],"curies":[{"name":"wp","href":"https:\/\/api.w.org\/{rel}","templated":true}]}}