{"id":206,"date":"2023-11-10T11:23:46","date_gmt":"2023-11-10T14:23:46","guid":{"rendered":"https:\/\/www.arte.unicen.edu.ar\/congreso_artes\/?page_id=206"},"modified":"2024-04-05T09:28:16","modified_gmt":"2024-04-05T12:28:16","slug":"grupo-9","status":"publish","type":"page","link":"https:\/\/www.arte.unicen.edu.ar\/congreso_artes2025\/index.php\/grupo-9\/","title":{"rendered":"GT 9: Artes tecnol\u00f3gicas. Pr\u00e1cticas art\u00edsticas contempor\u00e1neas y nuevas tecnolog\u00edas"},"content":{"rendered":"\t\t<div data-elementor-type=\"wp-page\" data-elementor-id=\"206\" class=\"elementor elementor-206\">\n\t\t\t\t\t\t\t\t\t<section class=\"elementor-section elementor-top-section elementor-element elementor-element-563642d elementor-section-full_width elementor-section-stretched elementor-section-height-default elementor-section-height-default\" data-id=\"563642d\" data-element_type=\"section\" data-settings=\"{&quot;stretch_section&quot;:&quot;section-stretched&quot;}\">\n\t\t\t\t\t\t<div class=\"elementor-container elementor-column-gap-default\">\n\t\t\t\t\t<div class=\"elementor-column elementor-col-100 elementor-top-column elementor-element elementor-element-964b0c4\" data-id=\"964b0c4\" data-element_type=\"column\">\n\t\t\t<div class=\"elementor-widget-wrap elementor-element-populated\">\n\t\t\t\t\t\t\t\t<div class=\"elementor-element elementor-element-3f80f3f elementor-widget elementor-widget-image\" data-id=\"3f80f3f\" data-element_type=\"widget\" data-widget_type=\"image.default\">\n\t\t\t\t<div class=\"elementor-widget-container\">\n\t\t\t<style>\/*! elementor - v3.17.0 - 01-11-2023 *\/\n.elementor-widget-image{text-align:center}.elementor-widget-image a{display:inline-block}.elementor-widget-image a img[src$=\".svg\"]{width:48px}.elementor-widget-image img{vertical-align:middle;display:inline-block}<\/style>\t\t\t\t\t\t\t\t\t\t\t\t<img decoding=\"async\" width=\"3500\" height=\"712\" src=\"https:\/\/www.arte.unicen.edu.ar\/congreso_artes2025\/wp-content\/uploads\/2023\/11\/banner3-Congreso-Internacional-en-Artes.logo-final.png\" class=\"attachment-full size-full wp-image-22\" alt=\"\" loading=\"lazy\" srcset=\"https:\/\/www.arte.unicen.edu.ar\/congreso_artes2025\/wp-content\/uploads\/2023\/11\/banner3-Congreso-Internacional-en-Artes.logo-final.png 3500w, https:\/\/www.arte.unicen.edu.ar\/congreso_artes2025\/wp-content\/uploads\/2023\/11\/banner3-Congreso-Internacional-en-Artes.logo-final-300x61.png 300w, https:\/\/www.arte.unicen.edu.ar\/congreso_artes2025\/wp-content\/uploads\/2023\/11\/banner3-Congreso-Internacional-en-Artes.logo-final-1024x208.png 1024w, https:\/\/www.arte.unicen.edu.ar\/congreso_artes2025\/wp-content\/uploads\/2023\/11\/banner3-Congreso-Internacional-en-Artes.logo-final-768x156.png 768w, https:\/\/www.arte.unicen.edu.ar\/congreso_artes2025\/wp-content\/uploads\/2023\/11\/banner3-Congreso-Internacional-en-Artes.logo-final-1536x312.png 1536w, https:\/\/www.arte.unicen.edu.ar\/congreso_artes2025\/wp-content\/uploads\/2023\/11\/banner3-Congreso-Internacional-en-Artes.logo-final-2048x417.png 2048w\" sizes=\"(max-width: 3500px) 100vw, 3500px\" \/>\t\t\t\t\t\t\t\t\t\t\t\t\t\t\t<\/div>\n\t\t\t\t<\/div>\n\t\t\t\t\t<\/div>\n\t\t<\/div>\n\t\t\t\t\t\t\t<\/div>\n\t\t<\/section>\n\t\t\t\t<section class=\"elementor-section elementor-top-section elementor-element elementor-element-7c42a1cc elementor-section-boxed elementor-section-height-default elementor-section-height-default\" data-id=\"7c42a1cc\" data-element_type=\"section\">\n\t\t\t\t\t\t<div class=\"elementor-container elementor-column-gap-default\">\n\t\t\t\t\t<div class=\"elementor-column elementor-col-100 elementor-top-column elementor-element elementor-element-4ef38d6\" data-id=\"4ef38d6\" data-element_type=\"column\">\n\t\t\t<div class=\"elementor-widget-wrap elementor-element-populated\">\n\t\t\t\t\t\t\t\t<div class=\"elementor-element elementor-element-8044a86 elementor-widget elementor-widget-text-editor\" data-id=\"8044a86\" data-element_type=\"widget\" data-widget_type=\"text-editor.default\">\n\t\t\t\t<div class=\"elementor-widget-container\">\n\t\t\t<style>\/*! elementor - v3.17.0 - 01-11-2023 *\/\n.elementor-widget-text-editor.elementor-drop-cap-view-stacked .elementor-drop-cap{background-color:#69727d;color:#fff}.elementor-widget-text-editor.elementor-drop-cap-view-framed .elementor-drop-cap{color:#69727d;border:3px solid;background-color:transparent}.elementor-widget-text-editor:not(.elementor-drop-cap-view-default) .elementor-drop-cap{margin-top:8px}.elementor-widget-text-editor:not(.elementor-drop-cap-view-default) .elementor-drop-cap-letter{width:1em;height:1em}.elementor-widget-text-editor .elementor-drop-cap{float:left;text-align:center;line-height:1;font-size:50px}.elementor-widget-text-editor .elementor-drop-cap-letter{display:inline-block}<\/style>\t\t\t\t<p><b><span style=\"color: #d4115f;\">GT N\u00b0 9:<\/span> ARTES TECNOL\u00d3GICAS. PR\u00c1CTICAS ART\u00cdSTICAS CONTEMPOR\u00c1NEAS Y NUEVAS TECNOLOG\u00cdAS<\/b><\/p><p><b>Modalidad h\u00edbrida<\/b><\/p><p><b>Coordinadorxs: <\/b><span style=\"font-weight: 400;\">Cecilia Christensen, Guillermo Dillon, Luz Hojsgaard, Margarita Rocha, Camila Rodr\u00edguez, Alexis Trigo.<\/span><\/p><p><b>E-mail<\/b><span style=\"font-weight: 400;\">: <\/span><span style=\"font-weight: 400;\">luzgestion@gmail.com<\/span><\/p><p><span style=\"font-weight: 400;\">Este grupo propone convocar a investigadores, artistas, docentes, estudiantes y personas interesadas en la tem\u00e1tica para contribuir con an\u00e1lisis y reflexiones te\u00f3rico-cr\u00edticos sobre las pr\u00e1cticas art\u00edsticas contempor\u00e1neas en relaci\u00f3n y desarrollo con los medios tecnol\u00f3gicos.\u00a0<\/span><span style=\"font-weight: 400;\">Seg\u00fan el avance de las tecnolog\u00edas se han ido desarrollando nuevos modos de expresi\u00f3n, nuevas puestas en escena, nuevos lenguajes art\u00edsticos emergentes, as\u00ed como tambi\u00e9n se han ido modificando los paradigmas art\u00edsticos sobre la obra de arte como un objeto acabado, como un estado en permanente proceso, como una posible desmaterializaci\u00f3n para su difusi\u00f3n, circulaci\u00f3n y consumo.\u00a0<\/span><span style=\"font-weight: 400;\">El arte contempor\u00e1neo se caracteriza por su inespecificidad, su anacronismo, s desdefinici\u00f3n, su multiplicidad, entre otras. Se propone este espacio para reflexionar sobre c\u00f3mo se desarrollan las pr\u00e1cticas art\u00edsticas contempor\u00e1neas. La desdefinici\u00f3n es acompa\u00f1ada de los deslindes, de la incorporaci\u00f3n de nuevas tecnolog\u00edas en escena, la transdisciplinariedad, entre otras caracter\u00edsticas que se destacan en las pr\u00e1cticas art\u00edsticas contempor\u00e1neas.<\/span><\/p><p><span style=\"font-weight: 400;\">\u00bfCu\u00e1les son los procedimientos de estas condiciones liminales, del arte relacional, de las textualidades rotas, de las nuevas formas, de la Forma como un Encuentro Nuevo (Bourriaud)? Ante la era del fin del sujeto como autor, el fin del arte como singularidad en una cultura de masas de concepci\u00f3n de un arte de la difusi\u00f3n; el fin del tiempo como singularidad desequilibrando el aqu\u00ed y ahora tradicional, el fin de la obra como singularidad y el enfoque hacia la percepci\u00f3n de derechos de autor\u00eda, el artista como generador de contenido para su difusi\u00f3n parece ser la ruta del siglo XXI.<\/span><\/p><p><b>Formato de publicaci\u00f3n\/presentaci\u00f3n: <\/b><i><span style=\"font-weight: 400;\">escrita, audiovisual, perform\u00e1tica. Tiempo sugerido m\u00e1ximo 15 minutos.<\/span><\/i><\/p><p><b>Requerimientos t\u00e9cnicos:\u00a0<\/b><span style=\"font-weight: 400;\">si los hubiera<\/span><\/p><p><br style=\"font-weight: 400;\" \/><br style=\"font-weight: 400;\" \/><\/p>\t\t\t\t\t\t<\/div>\n\t\t\t\t<\/div>\n\t\t\t\t<div class=\"elementor-element elementor-element-1cea79b0 elementor-widget elementor-widget-text-editor\" data-id=\"1cea79b0\" data-element_type=\"widget\" data-widget_type=\"text-editor.default\">\n\t\t\t\t<div class=\"elementor-widget-container\">\n\t\t\t\t\t\t\t\t\t\t\t\t\t<\/div>\n\t\t\t\t<\/div>\n\t\t\t\t\t<\/div>\n\t\t<\/div>\n\t\t\t\t\t\t\t<\/div>\n\t\t<\/section>\n\t\t\t\t<section class=\"elementor-section elementor-top-section elementor-element elementor-element-5c36fff elementor-section-boxed elementor-section-height-default elementor-section-height-default\" data-id=\"5c36fff\" data-element_type=\"section\">\n\t\t\t\t\t\t<div class=\"elementor-container elementor-column-gap-default\">\n\t\t\t\t\t<div class=\"elementor-column elementor-col-33 elementor-top-column elementor-element elementor-element-dec6280\" data-id=\"dec6280\" data-element_type=\"column\">\n\t\t\t<div class=\"elementor-widget-wrap\">\n\t\t\t\t\t\t\t\t\t<\/div>\n\t\t<\/div>\n\t\t\t\t<div class=\"elementor-column elementor-col-33 elementor-top-column elementor-element elementor-element-ec2fbfe\" data-id=\"ec2fbfe\" data-element_type=\"column\">\n\t\t\t<div class=\"elementor-widget-wrap elementor-element-populated\">\n\t\t\t\t\t\t\t\t<div class=\"elementor-element elementor-element-9cbe481 elementor-widget elementor-widget-image\" data-id=\"9cbe481\" data-element_type=\"widget\" data-widget_type=\"image.default\">\n\t\t\t\t<div class=\"elementor-widget-container\">\n\t\t\t\t\t\t\t\t\t\t\t\t\t\t\t<img decoding=\"async\" width=\"1024\" height=\"286\" src=\"https:\/\/www.arte.unicen.edu.ar\/congreso_artes2025\/wp-content\/uploads\/2024\/04\/LOGO-FACULTAD-boceto-2024-final_abril-1024x286.png\" class=\"attachment-large size-large wp-image-629\" alt=\"\" loading=\"lazy\" srcset=\"https:\/\/www.arte.unicen.edu.ar\/congreso_artes2025\/wp-content\/uploads\/2024\/04\/LOGO-FACULTAD-boceto-2024-final_abril-1024x286.png 1024w, https:\/\/www.arte.unicen.edu.ar\/congreso_artes2025\/wp-content\/uploads\/2024\/04\/LOGO-FACULTAD-boceto-2024-final_abril-300x84.png 300w, https:\/\/www.arte.unicen.edu.ar\/congreso_artes2025\/wp-content\/uploads\/2024\/04\/LOGO-FACULTAD-boceto-2024-final_abril-768x214.png 768w, https:\/\/www.arte.unicen.edu.ar\/congreso_artes2025\/wp-content\/uploads\/2024\/04\/LOGO-FACULTAD-boceto-2024-final_abril-1536x429.png 1536w, https:\/\/www.arte.unicen.edu.ar\/congreso_artes2025\/wp-content\/uploads\/2024\/04\/LOGO-FACULTAD-boceto-2024-final_abril-2048x572.png 2048w\" sizes=\"(max-width: 1024px) 100vw, 1024px\" \/>\t\t\t\t\t\t\t\t\t\t\t\t\t\t\t<\/div>\n\t\t\t\t<\/div>\n\t\t\t\t\t<\/div>\n\t\t<\/div>\n\t\t\t\t<div class=\"elementor-column elementor-col-33 elementor-top-column elementor-element elementor-element-b01f013\" data-id=\"b01f013\" data-element_type=\"column\">\n\t\t\t<div class=\"elementor-widget-wrap\">\n\t\t\t\t\t\t\t\t\t<\/div>\n\t\t<\/div>\n\t\t\t\t\t\t\t<\/div>\n\t\t<\/section>\n\t\t\t\t\t\t\t<\/div>\n\t\t","protected":false},"excerpt":{"rendered":"<p>GT N\u00b0 9: ARTES TECNOL\u00d3GICAS. PR\u00c1CTICAS ART\u00cdSTICAS CONTEMPOR\u00c1NEAS Y NUEVAS TECNOLOG\u00cdAS Modalidad h\u00edbrida Coordinadorxs: Cecilia Christensen, Guillermo Dillon, Luz Hojsgaard, Margarita Rocha, Camila Rodr\u00edguez, Alexis Trigo. E-mail: luzgestion@gmail.com Este grupo propone convocar a investigadores, artistas, docentes, estudiantes y personas interesadas en la tem\u00e1tica para contribuir con an\u00e1lisis y reflexiones te\u00f3rico-cr\u00edticos sobre las pr\u00e1cticas art\u00edsticas contempor\u00e1neas&hellip;&nbsp;<a href=\"https:\/\/www.arte.unicen.edu.ar\/congreso_artes2025\/index.php\/grupo-9\/\" class=\"\" rel=\"bookmark\">Read More &raquo;<span class=\"screen-reader-text\">GT 9: Artes tecnol\u00f3gicas. Pr\u00e1cticas art\u00edsticas contempor\u00e1neas y nuevas tecnolog\u00edas<\/span><\/a><\/p>\n","protected":false},"author":1,"featured_media":0,"parent":0,"menu_order":0,"comment_status":"closed","ping_status":"closed","template":"","meta":{"neve_meta_sidebar":"","neve_meta_container":"","neve_meta_enable_content_width":"on","neve_meta_content_width":100,"neve_meta_title_alignment":"","neve_meta_author_avatar":"","neve_post_elements_order":"","neve_meta_disable_header":"","neve_meta_disable_footer":"","neve_meta_disable_title":"on"},"_links":{"self":[{"href":"https:\/\/www.arte.unicen.edu.ar\/congreso_artes2025\/index.php\/wp-json\/wp\/v2\/pages\/206"}],"collection":[{"href":"https:\/\/www.arte.unicen.edu.ar\/congreso_artes2025\/index.php\/wp-json\/wp\/v2\/pages"}],"about":[{"href":"https:\/\/www.arte.unicen.edu.ar\/congreso_artes2025\/index.php\/wp-json\/wp\/v2\/types\/page"}],"author":[{"embeddable":true,"href":"https:\/\/www.arte.unicen.edu.ar\/congreso_artes2025\/index.php\/wp-json\/wp\/v2\/users\/1"}],"replies":[{"embeddable":true,"href":"https:\/\/www.arte.unicen.edu.ar\/congreso_artes2025\/index.php\/wp-json\/wp\/v2\/comments?post=206"}],"version-history":[{"count":2,"href":"https:\/\/www.arte.unicen.edu.ar\/congreso_artes2025\/index.php\/wp-json\/wp\/v2\/pages\/206\/revisions"}],"predecessor-version":[{"id":680,"href":"https:\/\/www.arte.unicen.edu.ar\/congreso_artes2025\/index.php\/wp-json\/wp\/v2\/pages\/206\/revisions\/680"}],"wp:attachment":[{"href":"https:\/\/www.arte.unicen.edu.ar\/congreso_artes2025\/index.php\/wp-json\/wp\/v2\/media?parent=206"}],"curies":[{"name":"wp","href":"https:\/\/api.w.org\/{rel}","templated":true}]}}