{"id":167,"date":"2023-11-10T10:57:29","date_gmt":"2023-11-10T13:57:29","guid":{"rendered":"https:\/\/www.arte.unicen.edu.ar\/congreso_artes\/?page_id=167"},"modified":"2024-04-05T09:24:00","modified_gmt":"2024-04-05T12:24:00","slug":"cronograma","status":"publish","type":"page","link":"https:\/\/www.arte.unicen.edu.ar\/congreso_artes2025\/index.php\/cronograma\/","title":{"rendered":"Cronograma"},"content":{"rendered":"\t\t<div data-elementor-type=\"wp-page\" data-elementor-id=\"167\" class=\"elementor elementor-167\">\n\t\t\t\t\t\t\t\t\t<section class=\"elementor-section elementor-top-section elementor-element elementor-element-563642d elementor-section-full_width elementor-section-stretched elementor-section-height-default elementor-section-height-default\" data-id=\"563642d\" data-element_type=\"section\" data-settings=\"{&quot;stretch_section&quot;:&quot;section-stretched&quot;}\">\n\t\t\t\t\t\t<div class=\"elementor-container elementor-column-gap-default\">\n\t\t\t\t\t<div class=\"elementor-column elementor-col-100 elementor-top-column elementor-element elementor-element-964b0c4\" data-id=\"964b0c4\" data-element_type=\"column\">\n\t\t\t<div class=\"elementor-widget-wrap elementor-element-populated\">\n\t\t\t\t\t\t\t\t<div class=\"elementor-element elementor-element-3f80f3f elementor-widget elementor-widget-image\" data-id=\"3f80f3f\" data-element_type=\"widget\" data-widget_type=\"image.default\">\n\t\t\t\t<div class=\"elementor-widget-container\">\n\t\t\t<style>\/*! elementor - v3.17.0 - 01-11-2023 *\/\n.elementor-widget-image{text-align:center}.elementor-widget-image a{display:inline-block}.elementor-widget-image a img[src$=\".svg\"]{width:48px}.elementor-widget-image img{vertical-align:middle;display:inline-block}<\/style>\t\t\t\t\t\t\t\t\t\t\t\t<img decoding=\"async\" width=\"3500\" height=\"712\" src=\"https:\/\/www.arte.unicen.edu.ar\/congreso_artes2025\/wp-content\/uploads\/2023\/11\/banner3-Congreso-Internacional-en-Artes.logo-final.png\" class=\"attachment-full size-full wp-image-22\" alt=\"\" loading=\"lazy\" srcset=\"https:\/\/www.arte.unicen.edu.ar\/congreso_artes2025\/wp-content\/uploads\/2023\/11\/banner3-Congreso-Internacional-en-Artes.logo-final.png 3500w, https:\/\/www.arte.unicen.edu.ar\/congreso_artes2025\/wp-content\/uploads\/2023\/11\/banner3-Congreso-Internacional-en-Artes.logo-final-300x61.png 300w, https:\/\/www.arte.unicen.edu.ar\/congreso_artes2025\/wp-content\/uploads\/2023\/11\/banner3-Congreso-Internacional-en-Artes.logo-final-1024x208.png 1024w, https:\/\/www.arte.unicen.edu.ar\/congreso_artes2025\/wp-content\/uploads\/2023\/11\/banner3-Congreso-Internacional-en-Artes.logo-final-768x156.png 768w, https:\/\/www.arte.unicen.edu.ar\/congreso_artes2025\/wp-content\/uploads\/2023\/11\/banner3-Congreso-Internacional-en-Artes.logo-final-1536x312.png 1536w, https:\/\/www.arte.unicen.edu.ar\/congreso_artes2025\/wp-content\/uploads\/2023\/11\/banner3-Congreso-Internacional-en-Artes.logo-final-2048x417.png 2048w\" sizes=\"(max-width: 3500px) 100vw, 3500px\" \/>\t\t\t\t\t\t\t\t\t\t\t\t\t\t\t<\/div>\n\t\t\t\t<\/div>\n\t\t\t\t\t<\/div>\n\t\t<\/div>\n\t\t\t\t\t\t\t<\/div>\n\t\t<\/section>\n\t\t\t\t<section class=\"elementor-section elementor-top-section elementor-element elementor-element-7c42a1cc elementor-section-boxed elementor-section-height-default elementor-section-height-default\" data-id=\"7c42a1cc\" data-element_type=\"section\">\n\t\t\t\t\t\t<div class=\"elementor-container elementor-column-gap-default\">\n\t\t\t\t\t<div class=\"elementor-column elementor-col-100 elementor-top-column elementor-element elementor-element-4ef38d6\" data-id=\"4ef38d6\" data-element_type=\"column\">\n\t\t\t<div class=\"elementor-widget-wrap elementor-element-populated\">\n\t\t\t\t\t\t\t\t<div class=\"elementor-element elementor-element-8044a86 elementor-widget elementor-widget-text-editor\" data-id=\"8044a86\" data-element_type=\"widget\" data-widget_type=\"text-editor.default\">\n\t\t\t\t<div class=\"elementor-widget-container\">\n\t\t\t<style>\/*! elementor - v3.17.0 - 01-11-2023 *\/\n.elementor-widget-text-editor.elementor-drop-cap-view-stacked .elementor-drop-cap{background-color:#69727d;color:#fff}.elementor-widget-text-editor.elementor-drop-cap-view-framed .elementor-drop-cap{color:#69727d;border:3px solid;background-color:transparent}.elementor-widget-text-editor:not(.elementor-drop-cap-view-default) .elementor-drop-cap{margin-top:8px}.elementor-widget-text-editor:not(.elementor-drop-cap-view-default) .elementor-drop-cap-letter{width:1em;height:1em}.elementor-widget-text-editor .elementor-drop-cap{float:left;text-align:center;line-height:1;font-size:50px}.elementor-widget-text-editor .elementor-drop-cap-letter{display:inline-block}<\/style>\t\t\t\t<p><span style=\"color: #e61c62;\"><strong>PR\u00d3RROGA<\/strong><\/span><\/p><h3>Se prorroga la convocatoria al jueves <span style=\"color: #e61c62;\"><strong>29\/02<\/strong><\/span><\/h3><p><strong>Presentaci\u00f3n de res\u00famenes: <\/strong>hasta el 29 de febrero de 2024<\/p><p><strong>Comunicaci\u00f3n aceptaci\u00f3n res\u00famenes:<\/strong> hasta el 14 de marzo de 2024<\/p><p><strong>Inscripciones asistentes:<\/strong> si aun no te inscribiste completando el formulario podes acreditarte el mismo 11 de abril al momento de inicio del Congreso.\u00a0<\/p><p><strong>Presentaci\u00f3n de trabajos completos:<\/strong> 24 de mayo de 2024 -solo en caso de publicar en actas &#8211;\u00a0<\/p><p><strong>Primera Circular:<\/strong> <a href=\"https:\/\/www.arte.unicen.edu.ar\/congreso_artes\/wp-content\/uploads\/2023\/11\/Primera-Circular-CIA2024.pdf\" target=\"_blank\" rel=\"noopener\"><span style=\"color: #f5114e;\">descarga en PDF<\/span><\/a><\/p><p><strong>Segunda circular:<\/strong><a href=\"https:\/\/www.arte.unicen.edu.ar\/congreso_artes\/wp-content\/uploads\/2023\/11\/2da_circular_congreso_en-_artes_2024.pdf\" target=\"_blank\" rel=\"noopener\"> descarga en PDF<\/a><\/p>\t\t\t\t\t\t<\/div>\n\t\t\t\t<\/div>\n\t\t\t\t<div class=\"elementor-element elementor-element-1cea79b0 elementor-widget elementor-widget-text-editor\" data-id=\"1cea79b0\" data-element_type=\"widget\" data-widget_type=\"text-editor.default\">\n\t\t\t\t<div class=\"elementor-widget-container\">\n\t\t\t\t\t\t\t\t\t\t\t\t\t<\/div>\n\t\t\t\t<\/div>\n\t\t\t\t\t<\/div>\n\t\t<\/div>\n\t\t\t\t\t\t\t<\/div>\n\t\t<\/section>\n\t\t\t\t<section class=\"elementor-section elementor-top-section elementor-element elementor-element-5c36fff elementor-section-boxed elementor-section-height-default elementor-section-height-default\" data-id=\"5c36fff\" data-element_type=\"section\">\n\t\t\t\t\t\t<div class=\"elementor-container elementor-column-gap-default\">\n\t\t\t\t\t<div class=\"elementor-column elementor-col-33 elementor-top-column elementor-element elementor-element-dec6280\" data-id=\"dec6280\" data-element_type=\"column\">\n\t\t\t<div class=\"elementor-widget-wrap\">\n\t\t\t\t\t\t\t\t\t<\/div>\n\t\t<\/div>\n\t\t\t\t<div class=\"elementor-column elementor-col-33 elementor-top-column elementor-element elementor-element-ec2fbfe\" data-id=\"ec2fbfe\" data-element_type=\"column\">\n\t\t\t<div class=\"elementor-widget-wrap elementor-element-populated\">\n\t\t\t\t\t\t\t\t<div class=\"elementor-element elementor-element-9cbe481 elementor-widget elementor-widget-image\" data-id=\"9cbe481\" data-element_type=\"widget\" data-widget_type=\"image.default\">\n\t\t\t\t<div class=\"elementor-widget-container\">\n\t\t\t\t\t\t\t\t\t\t\t\t\t\t\t\t<a href=\"https:\/\/www.arte.unicen.edu.ar\/\" target=\"_blank\">\n\t\t\t\t\t\t\t<img decoding=\"async\" width=\"1024\" height=\"286\" src=\"https:\/\/www.arte.unicen.edu.ar\/congreso_artes2025\/wp-content\/uploads\/2024\/04\/LOGO-FACULTAD-boceto-2024-final_abril-1024x286.png\" class=\"attachment-large size-large wp-image-629\" alt=\"\" loading=\"lazy\" srcset=\"https:\/\/www.arte.unicen.edu.ar\/congreso_artes2025\/wp-content\/uploads\/2024\/04\/LOGO-FACULTAD-boceto-2024-final_abril-1024x286.png 1024w, https:\/\/www.arte.unicen.edu.ar\/congreso_artes2025\/wp-content\/uploads\/2024\/04\/LOGO-FACULTAD-boceto-2024-final_abril-300x84.png 300w, https:\/\/www.arte.unicen.edu.ar\/congreso_artes2025\/wp-content\/uploads\/2024\/04\/LOGO-FACULTAD-boceto-2024-final_abril-768x214.png 768w, https:\/\/www.arte.unicen.edu.ar\/congreso_artes2025\/wp-content\/uploads\/2024\/04\/LOGO-FACULTAD-boceto-2024-final_abril-1536x429.png 1536w, https:\/\/www.arte.unicen.edu.ar\/congreso_artes2025\/wp-content\/uploads\/2024\/04\/LOGO-FACULTAD-boceto-2024-final_abril-2048x572.png 2048w\" sizes=\"(max-width: 1024px) 100vw, 1024px\" \/>\t\t\t\t\t\t\t\t<\/a>\n\t\t\t\t\t\t\t\t\t\t\t\t\t\t\t<\/div>\n\t\t\t\t<\/div>\n\t\t\t\t\t<\/div>\n\t\t<\/div>\n\t\t\t\t<div class=\"elementor-column elementor-col-33 elementor-top-column elementor-element elementor-element-b01f013\" data-id=\"b01f013\" data-element_type=\"column\">\n\t\t\t<div class=\"elementor-widget-wrap\">\n\t\t\t\t\t\t\t\t\t<\/div>\n\t\t<\/div>\n\t\t\t\t\t\t\t<\/div>\n\t\t<\/section>\n\t\t\t\t\t\t\t<\/div>\n\t\t","protected":false},"excerpt":{"rendered":"<p>PR\u00d3RROGA Se prorroga la convocatoria al jueves 29\/02 Presentaci\u00f3n de res\u00famenes: hasta el 29 de febrero de 2024 Comunicaci\u00f3n aceptaci\u00f3n res\u00famenes: hasta el 14 de marzo de 2024 Inscripciones asistentes: si aun no te inscribiste completando el formulario podes acreditarte el mismo 11 de abril al momento de inicio del Congreso.\u00a0 Presentaci\u00f3n de trabajos completos:&hellip;&nbsp;<a href=\"https:\/\/www.arte.unicen.edu.ar\/congreso_artes2025\/index.php\/cronograma\/\" class=\"\" rel=\"bookmark\">Read More &raquo;<span class=\"screen-reader-text\">Cronograma<\/span><\/a><\/p>\n","protected":false},"author":1,"featured_media":0,"parent":0,"menu_order":0,"comment_status":"closed","ping_status":"closed","template":"","meta":{"neve_meta_sidebar":"","neve_meta_container":"","neve_meta_enable_content_width":"on","neve_meta_content_width":100,"neve_meta_title_alignment":"","neve_meta_author_avatar":"","neve_post_elements_order":"","neve_meta_disable_header":"","neve_meta_disable_footer":"","neve_meta_disable_title":"on"},"_links":{"self":[{"href":"https:\/\/www.arte.unicen.edu.ar\/congreso_artes2025\/index.php\/wp-json\/wp\/v2\/pages\/167"}],"collection":[{"href":"https:\/\/www.arte.unicen.edu.ar\/congreso_artes2025\/index.php\/wp-json\/wp\/v2\/pages"}],"about":[{"href":"https:\/\/www.arte.unicen.edu.ar\/congreso_artes2025\/index.php\/wp-json\/wp\/v2\/types\/page"}],"author":[{"embeddable":true,"href":"https:\/\/www.arte.unicen.edu.ar\/congreso_artes2025\/index.php\/wp-json\/wp\/v2\/users\/1"}],"replies":[{"embeddable":true,"href":"https:\/\/www.arte.unicen.edu.ar\/congreso_artes2025\/index.php\/wp-json\/wp\/v2\/comments?post=167"}],"version-history":[{"count":2,"href":"https:\/\/www.arte.unicen.edu.ar\/congreso_artes2025\/index.php\/wp-json\/wp\/v2\/pages\/167\/revisions"}],"predecessor-version":[{"id":644,"href":"https:\/\/www.arte.unicen.edu.ar\/congreso_artes2025\/index.php\/wp-json\/wp\/v2\/pages\/167\/revisions\/644"}],"wp:attachment":[{"href":"https:\/\/www.arte.unicen.edu.ar\/congreso_artes2025\/index.php\/wp-json\/wp\/v2\/media?parent=167"}],"curies":[{"name":"wp","href":"https:\/\/api.w.org\/{rel}","templated":true}]}}