{"id":155,"date":"2023-11-10T10:52:03","date_gmt":"2023-11-10T13:52:03","guid":{"rendered":"https:\/\/www.arte.unicen.edu.ar\/congreso_artes\/?page_id=155"},"modified":"2024-04-05T09:25:46","modified_gmt":"2024-04-05T12:25:46","slug":"grupo-1","status":"publish","type":"page","link":"https:\/\/www.arte.unicen.edu.ar\/congreso_artes2025\/index.php\/grupo-1\/","title":{"rendered":"GT 1: An\u00e1lisis de procesos creativos"},"content":{"rendered":"\t\t<div data-elementor-type=\"wp-page\" data-elementor-id=\"155\" class=\"elementor elementor-155\">\n\t\t\t\t\t\t\t\t\t<section class=\"elementor-section elementor-top-section elementor-element elementor-element-563642d elementor-section-full_width elementor-section-stretched elementor-section-height-default elementor-section-height-default\" data-id=\"563642d\" data-element_type=\"section\" data-settings=\"{&quot;stretch_section&quot;:&quot;section-stretched&quot;}\">\n\t\t\t\t\t\t<div class=\"elementor-container elementor-column-gap-default\">\n\t\t\t\t\t<div class=\"elementor-column elementor-col-100 elementor-top-column elementor-element elementor-element-964b0c4\" data-id=\"964b0c4\" data-element_type=\"column\">\n\t\t\t<div class=\"elementor-widget-wrap elementor-element-populated\">\n\t\t\t\t\t\t\t\t<div class=\"elementor-element elementor-element-3f80f3f elementor-widget elementor-widget-image\" data-id=\"3f80f3f\" data-element_type=\"widget\" data-widget_type=\"image.default\">\n\t\t\t\t<div class=\"elementor-widget-container\">\n\t\t\t<style>\/*! elementor - v3.17.0 - 01-11-2023 *\/\n.elementor-widget-image{text-align:center}.elementor-widget-image a{display:inline-block}.elementor-widget-image a img[src$=\".svg\"]{width:48px}.elementor-widget-image img{vertical-align:middle;display:inline-block}<\/style>\t\t\t\t\t\t\t\t\t\t\t\t<img decoding=\"async\" width=\"3500\" height=\"712\" src=\"https:\/\/www.arte.unicen.edu.ar\/congreso_artes2025\/wp-content\/uploads\/2023\/11\/banner3-Congreso-Internacional-en-Artes.logo-final.png\" class=\"attachment-full size-full wp-image-22\" alt=\"\" loading=\"lazy\" srcset=\"https:\/\/www.arte.unicen.edu.ar\/congreso_artes2025\/wp-content\/uploads\/2023\/11\/banner3-Congreso-Internacional-en-Artes.logo-final.png 3500w, https:\/\/www.arte.unicen.edu.ar\/congreso_artes2025\/wp-content\/uploads\/2023\/11\/banner3-Congreso-Internacional-en-Artes.logo-final-300x61.png 300w, https:\/\/www.arte.unicen.edu.ar\/congreso_artes2025\/wp-content\/uploads\/2023\/11\/banner3-Congreso-Internacional-en-Artes.logo-final-1024x208.png 1024w, https:\/\/www.arte.unicen.edu.ar\/congreso_artes2025\/wp-content\/uploads\/2023\/11\/banner3-Congreso-Internacional-en-Artes.logo-final-768x156.png 768w, https:\/\/www.arte.unicen.edu.ar\/congreso_artes2025\/wp-content\/uploads\/2023\/11\/banner3-Congreso-Internacional-en-Artes.logo-final-1536x312.png 1536w, https:\/\/www.arte.unicen.edu.ar\/congreso_artes2025\/wp-content\/uploads\/2023\/11\/banner3-Congreso-Internacional-en-Artes.logo-final-2048x417.png 2048w\" sizes=\"(max-width: 3500px) 100vw, 3500px\" \/>\t\t\t\t\t\t\t\t\t\t\t\t\t\t\t<\/div>\n\t\t\t\t<\/div>\n\t\t\t\t\t<\/div>\n\t\t<\/div>\n\t\t\t\t\t\t\t<\/div>\n\t\t<\/section>\n\t\t\t\t<section class=\"elementor-section elementor-top-section elementor-element elementor-element-7c42a1cc elementor-section-boxed elementor-section-height-default elementor-section-height-default\" data-id=\"7c42a1cc\" data-element_type=\"section\">\n\t\t\t\t\t\t<div class=\"elementor-container elementor-column-gap-default\">\n\t\t\t\t\t<div class=\"elementor-column elementor-col-100 elementor-top-column elementor-element elementor-element-4ef38d6\" data-id=\"4ef38d6\" data-element_type=\"column\">\n\t\t\t<div class=\"elementor-widget-wrap elementor-element-populated\">\n\t\t\t\t\t\t\t\t<div class=\"elementor-element elementor-element-8044a86 elementor-widget elementor-widget-text-editor\" data-id=\"8044a86\" data-element_type=\"widget\" data-widget_type=\"text-editor.default\">\n\t\t\t\t<div class=\"elementor-widget-container\">\n\t\t\t<style>\/*! elementor - v3.17.0 - 01-11-2023 *\/\n.elementor-widget-text-editor.elementor-drop-cap-view-stacked .elementor-drop-cap{background-color:#69727d;color:#fff}.elementor-widget-text-editor.elementor-drop-cap-view-framed .elementor-drop-cap{color:#69727d;border:3px solid;background-color:transparent}.elementor-widget-text-editor:not(.elementor-drop-cap-view-default) .elementor-drop-cap{margin-top:8px}.elementor-widget-text-editor:not(.elementor-drop-cap-view-default) .elementor-drop-cap-letter{width:1em;height:1em}.elementor-widget-text-editor .elementor-drop-cap{float:left;text-align:center;line-height:1;font-size:50px}.elementor-widget-text-editor .elementor-drop-cap-letter{display:inline-block}<\/style>\t\t\t\t<p><span style=\"color: #de1846;\">GT N\u00b0 1:<\/span> AN\u00c1LISIS DE PROCESOS CREATIVOS<\/p><p><strong>Modalidad presencial<\/strong><\/p><p><strong>Coordinadores:<\/strong> Mart\u00edn Rosso y Juan Urraco<\/p><p><strong>Email:<\/strong> martinmiguelrosso@gmail.com y juanurracocrespo@gmail.com<\/p><p>Este Grupo de Trabajo propone convocar a investigadores interesados en el an\u00e1lisis de procesos creativos, generados en la experimentaci\u00f3n e indagaci\u00f3n de procedimientos contempor\u00e1neos. La producci\u00f3n en las artes desde la perspectiva de su proceso, analizada desde los diferentes roles del hecho de las artes, a trav\u00e9s de la investigaci\u00f3n experimental y\/o estudio anal\u00edtico-cr\u00edtico, utilizando referencias te\u00f3ricas de diferentes \u00e1reas del conocimiento.<\/p><p>Debemos contextualizar las creaciones contempor\u00e1neas en una \u00e9poca atravesada por la experiencia de la globalizaci\u00f3n, la fractura de los discursos totalizadores, el multiculturalismo y la descentralizaci\u00f3n y transformaci\u00f3n digital. Este momento muestra a las artes performativas en un intenso movimiento de incorporaci\u00f3n de lo para-art\u00edstico, donde se incluyen experiencias de trabajo con materiales \u201cno art\u00edsticos\u201d y sujetos \u201cno artistas\u201d, el desplazamiento del uso del texto para estructuras hipertextuales e intertextuales, la incorporaci\u00f3n de espacios y pr\u00e1cticas no convencionales, de experiencias que escapan a la idea de \u201crepresentaci\u00f3n\u201d, generando rupturas, desv\u00edos y confluencias. Se observa un estado permanente de cuestionamiento y deconstrucci\u00f3n de las formas espectaculares convencionales y de los discursos sociales establecidos<\/p><p>Tomando como punto de referencia los aportes realizados por Ana Barbosa, pedagoga brasile\u00f1a, podemos referirnos a los procesos creativos desde una concepci\u00f3n de INTERRITORIALIDAD del conocimiento, donde aparece de forma impl\u00edcita negativa a dividir el conocimiento en disciplinas. La s\u00edntesis cultural es m\u00e1s amplia y abarcativa cuando mapeamos territorios, desobedeciendo los l\u00edmites sin siquiera tener que restablecerlos m\u00e1s tarde.<\/p><p>Hay saberes que escapan a ese acercamiento disciplinar, por lo que resulta necesario pensar por fuera de las prescripciones de lo pensable que establecen las disciplinas e ir hacia un pensamiento IN-DISCIPLINARIO, que desnude el estado de solapada inestabilidad en que se encuentran esos territorios de saber.<\/p><p>En este sentido se presentan como herramientas de comprensi\u00f3n de estos procesos creativos h\u00edbridos las propuestas que permiten un examen m\u00faltiple de la creaci\u00f3n de un espect\u00e1culo atendiendo diferentes v\u00edas de acceso, tales como: medio, soporte, lenguaje, g\u00e9nero, materialidad y sensorialidad. Se configuran, tambi\u00e9n, nuevas relaciones con el empleo del software en los proceso de creaci\u00f3n o entre el ciberespacio y el espacio f\u00edsico -tanto en el proceso de creaci\u00f3n como en su puesta- para lo que se ha acu\u00f1ado el t\u00e9rmino \u201cCybrid\u201d[1] aludiendo a objetos h\u00edbridos que participan igualmente del ciberespacio y del espacio f\u00edsico. Por ejemplo: diversas formas de trabajo en colaboraci\u00f3n online, as\u00ed como la complementariedad entre fragmentos de espect\u00e1culo convivial y desarrollos en espacios virtuales (previos, posteriores o simult\u00e1neos).<\/p><p>Estos aspectos configuran el panorama complejo que intentamos despejar en nuestro Grupo de Trabajo (GT), que busca articular modalidades de conocimiento art\u00edstico y cient\u00edfico en el estudio de los procesos creativos emergentes.<\/p><p><strong>Formato de publicaci\u00f3n\/presentaci\u00f3n:\u00a0<\/strong><em>Priorizar la reconstrucci\u00f3n de los procesos creativos, con archivos, documentos, restos de los procesos de creaci\u00f3n que se quieren compartir. Evitar el trabajo de ponencia escrita, para pensar formatos expositivos m\u00e1s perform\u00e1ticos. La huella, los residuos de un trabajo, la b\u00fasqueda de referentes, los procesos de investigaci\u00f3n, el trabajo de campo, los bocetos, las reuniones y ensayos, el trabajo de producci\u00f3n y gesti\u00f3n), las ideas que no llegaron a puerto\u2026En fin, nos interesan todos esos documentos y materiales que se generan durante la creaci\u00f3n de una obra art\u00edstica y que, generalmente, quedan ocultos y guardados en alg\u00fan caj\u00f3n, drive o carpeta.\u00a0En este sentido, mostrar todo lo que rodea el proceso de una creaci\u00f3n, la trastienda de la creaci\u00f3n puede convertirse en una apertura para compartir metodolog\u00edas y realidades de trabajo entre artistas, investigadores y la audiencia, estableciendo as\u00ed redes colaborativas y comunidades de aprendizaje.<\/em><\/p><p>Sugerimos un m\u00e1ximo de 15 minutos para la exposici\u00f3n<br \/>Establecer requerimientos t\u00e9cnicos (si los hubiera)<\/p>\t\t\t\t\t\t<\/div>\n\t\t\t\t<\/div>\n\t\t\t\t<div class=\"elementor-element elementor-element-1cea79b0 elementor-widget elementor-widget-text-editor\" data-id=\"1cea79b0\" data-element_type=\"widget\" data-widget_type=\"text-editor.default\">\n\t\t\t\t<div class=\"elementor-widget-container\">\n\t\t\t\t\t\t\t\t\t\t\t\t\t<\/div>\n\t\t\t\t<\/div>\n\t\t\t\t\t<\/div>\n\t\t<\/div>\n\t\t\t\t\t\t\t<\/div>\n\t\t<\/section>\n\t\t\t\t<section class=\"elementor-section elementor-top-section elementor-element elementor-element-5c36fff elementor-section-boxed elementor-section-height-default elementor-section-height-default\" data-id=\"5c36fff\" data-element_type=\"section\">\n\t\t\t\t\t\t<div class=\"elementor-container elementor-column-gap-default\">\n\t\t\t\t\t<div class=\"elementor-column elementor-col-33 elementor-top-column elementor-element elementor-element-dec6280\" data-id=\"dec6280\" data-element_type=\"column\">\n\t\t\t<div class=\"elementor-widget-wrap\">\n\t\t\t\t\t\t\t\t\t<\/div>\n\t\t<\/div>\n\t\t\t\t<div class=\"elementor-column elementor-col-33 elementor-top-column elementor-element elementor-element-ec2fbfe\" data-id=\"ec2fbfe\" data-element_type=\"column\">\n\t\t\t<div class=\"elementor-widget-wrap elementor-element-populated\">\n\t\t\t\t\t\t\t\t<div class=\"elementor-element elementor-element-9cbe481 elementor-widget elementor-widget-image\" data-id=\"9cbe481\" data-element_type=\"widget\" data-widget_type=\"image.default\">\n\t\t\t\t<div class=\"elementor-widget-container\">\n\t\t\t\t\t\t\t\t\t\t\t\t\t\t\t\t<a href=\"https:\/\/www.arte.unicen.edu.ar\/\" target=\"_blank\">\n\t\t\t\t\t\t\t<img decoding=\"async\" width=\"1024\" height=\"286\" src=\"https:\/\/www.arte.unicen.edu.ar\/congreso_artes2025\/wp-content\/uploads\/2024\/04\/LOGO-FACULTAD-boceto-2024-final_abril-1024x286.png\" class=\"attachment-large size-large wp-image-629\" alt=\"\" loading=\"lazy\" srcset=\"https:\/\/www.arte.unicen.edu.ar\/congreso_artes2025\/wp-content\/uploads\/2024\/04\/LOGO-FACULTAD-boceto-2024-final_abril-1024x286.png 1024w, https:\/\/www.arte.unicen.edu.ar\/congreso_artes2025\/wp-content\/uploads\/2024\/04\/LOGO-FACULTAD-boceto-2024-final_abril-300x84.png 300w, https:\/\/www.arte.unicen.edu.ar\/congreso_artes2025\/wp-content\/uploads\/2024\/04\/LOGO-FACULTAD-boceto-2024-final_abril-768x214.png 768w, https:\/\/www.arte.unicen.edu.ar\/congreso_artes2025\/wp-content\/uploads\/2024\/04\/LOGO-FACULTAD-boceto-2024-final_abril-1536x429.png 1536w, https:\/\/www.arte.unicen.edu.ar\/congreso_artes2025\/wp-content\/uploads\/2024\/04\/LOGO-FACULTAD-boceto-2024-final_abril-2048x572.png 2048w\" sizes=\"(max-width: 1024px) 100vw, 1024px\" \/>\t\t\t\t\t\t\t\t<\/a>\n\t\t\t\t\t\t\t\t\t\t\t\t\t\t\t<\/div>\n\t\t\t\t<\/div>\n\t\t\t\t\t<\/div>\n\t\t<\/div>\n\t\t\t\t<div class=\"elementor-column elementor-col-33 elementor-top-column elementor-element elementor-element-b01f013\" data-id=\"b01f013\" data-element_type=\"column\">\n\t\t\t<div class=\"elementor-widget-wrap\">\n\t\t\t\t\t\t\t\t\t<\/div>\n\t\t<\/div>\n\t\t\t\t\t\t\t<\/div>\n\t\t<\/section>\n\t\t\t\t\t\t\t<\/div>\n\t\t","protected":false},"excerpt":{"rendered":"<p>GT N\u00b0 1: AN\u00c1LISIS DE PROCESOS CREATIVOS Modalidad presencial Coordinadores: Mart\u00edn Rosso y Juan Urraco Email: martinmiguelrosso@gmail.com y juanurracocrespo@gmail.com Este Grupo de Trabajo propone convocar a investigadores interesados en el an\u00e1lisis de procesos creativos, generados en la experimentaci\u00f3n e indagaci\u00f3n de procedimientos contempor\u00e1neos. La producci\u00f3n en las artes desde la perspectiva de su proceso, analizada&hellip;&nbsp;<a href=\"https:\/\/www.arte.unicen.edu.ar\/congreso_artes2025\/index.php\/grupo-1\/\" class=\"\" rel=\"bookmark\">Read More &raquo;<span class=\"screen-reader-text\">GT 1: An\u00e1lisis de procesos creativos<\/span><\/a><\/p>\n","protected":false},"author":1,"featured_media":0,"parent":0,"menu_order":0,"comment_status":"closed","ping_status":"closed","template":"","meta":{"neve_meta_sidebar":"","neve_meta_container":"","neve_meta_enable_content_width":"on","neve_meta_content_width":100,"neve_meta_title_alignment":"","neve_meta_author_avatar":"","neve_post_elements_order":"","neve_meta_disable_header":"","neve_meta_disable_footer":"","neve_meta_disable_title":"on"},"_links":{"self":[{"href":"https:\/\/www.arte.unicen.edu.ar\/congreso_artes2025\/index.php\/wp-json\/wp\/v2\/pages\/155"}],"collection":[{"href":"https:\/\/www.arte.unicen.edu.ar\/congreso_artes2025\/index.php\/wp-json\/wp\/v2\/pages"}],"about":[{"href":"https:\/\/www.arte.unicen.edu.ar\/congreso_artes2025\/index.php\/wp-json\/wp\/v2\/types\/page"}],"author":[{"embeddable":true,"href":"https:\/\/www.arte.unicen.edu.ar\/congreso_artes2025\/index.php\/wp-json\/wp\/v2\/users\/1"}],"replies":[{"embeddable":true,"href":"https:\/\/www.arte.unicen.edu.ar\/congreso_artes2025\/index.php\/wp-json\/wp\/v2\/comments?post=155"}],"version-history":[{"count":2,"href":"https:\/\/www.arte.unicen.edu.ar\/congreso_artes2025\/index.php\/wp-json\/wp\/v2\/pages\/155\/revisions"}],"predecessor-version":[{"id":653,"href":"https:\/\/www.arte.unicen.edu.ar\/congreso_artes2025\/index.php\/wp-json\/wp\/v2\/pages\/155\/revisions\/653"}],"wp:attachment":[{"href":"https:\/\/www.arte.unicen.edu.ar\/congreso_artes2025\/index.php\/wp-json\/wp\/v2\/media?parent=155"}],"curies":[{"name":"wp","href":"https:\/\/api.w.org\/{rel}","templated":true}]}}