{"id":136,"date":"2023-11-10T10:37:37","date_gmt":"2023-11-10T13:37:37","guid":{"rendered":"https:\/\/www.arte.unicen.edu.ar\/congreso_artes\/?page_id=136"},"modified":"2024-05-24T14:43:23","modified_gmt":"2024-05-24T17:43:23","slug":"ponencias","status":"publish","type":"page","link":"https:\/\/www.arte.unicen.edu.ar\/congreso_artes2025\/index.php\/ponencias\/","title":{"rendered":"Ponencias"},"content":{"rendered":"\t\t<div data-elementor-type=\"wp-page\" data-elementor-id=\"136\" class=\"elementor elementor-136\">\n\t\t\t\t\t\t\t\t\t<section class=\"elementor-section elementor-top-section elementor-element elementor-element-563642d elementor-section-full_width elementor-section-stretched elementor-section-height-default elementor-section-height-default\" data-id=\"563642d\" data-element_type=\"section\" data-settings=\"{&quot;stretch_section&quot;:&quot;section-stretched&quot;}\">\n\t\t\t\t\t\t<div class=\"elementor-container elementor-column-gap-default\">\n\t\t\t\t\t<div class=\"elementor-column elementor-col-100 elementor-top-column elementor-element elementor-element-964b0c4\" data-id=\"964b0c4\" data-element_type=\"column\">\n\t\t\t<div class=\"elementor-widget-wrap elementor-element-populated\">\n\t\t\t\t\t\t\t\t<div class=\"elementor-element elementor-element-3f80f3f elementor-widget elementor-widget-image\" data-id=\"3f80f3f\" data-element_type=\"widget\" data-widget_type=\"image.default\">\n\t\t\t\t<div class=\"elementor-widget-container\">\n\t\t\t<style>\/*! elementor - v3.17.0 - 01-11-2023 *\/\n.elementor-widget-image{text-align:center}.elementor-widget-image a{display:inline-block}.elementor-widget-image a img[src$=\".svg\"]{width:48px}.elementor-widget-image img{vertical-align:middle;display:inline-block}<\/style>\t\t\t\t\t\t\t\t\t\t\t\t<img decoding=\"async\" width=\"3500\" height=\"712\" src=\"https:\/\/www.arte.unicen.edu.ar\/congreso_artes2025\/wp-content\/uploads\/2023\/11\/banner3-Congreso-Internacional-en-Artes.logo-final.png\" class=\"attachment-full size-full wp-image-22\" alt=\"\" loading=\"lazy\" srcset=\"https:\/\/www.arte.unicen.edu.ar\/congreso_artes2025\/wp-content\/uploads\/2023\/11\/banner3-Congreso-Internacional-en-Artes.logo-final.png 3500w, https:\/\/www.arte.unicen.edu.ar\/congreso_artes2025\/wp-content\/uploads\/2023\/11\/banner3-Congreso-Internacional-en-Artes.logo-final-300x61.png 300w, https:\/\/www.arte.unicen.edu.ar\/congreso_artes2025\/wp-content\/uploads\/2023\/11\/banner3-Congreso-Internacional-en-Artes.logo-final-1024x208.png 1024w, https:\/\/www.arte.unicen.edu.ar\/congreso_artes2025\/wp-content\/uploads\/2023\/11\/banner3-Congreso-Internacional-en-Artes.logo-final-768x156.png 768w, https:\/\/www.arte.unicen.edu.ar\/congreso_artes2025\/wp-content\/uploads\/2023\/11\/banner3-Congreso-Internacional-en-Artes.logo-final-1536x312.png 1536w, https:\/\/www.arte.unicen.edu.ar\/congreso_artes2025\/wp-content\/uploads\/2023\/11\/banner3-Congreso-Internacional-en-Artes.logo-final-2048x417.png 2048w\" sizes=\"(max-width: 3500px) 100vw, 3500px\" \/>\t\t\t\t\t\t\t\t\t\t\t\t\t\t\t<\/div>\n\t\t\t\t<\/div>\n\t\t\t\t\t<\/div>\n\t\t<\/div>\n\t\t\t\t\t\t\t<\/div>\n\t\t<\/section>\n\t\t\t\t<section class=\"elementor-section elementor-top-section elementor-element elementor-element-7c42a1cc elementor-section-boxed elementor-section-height-default elementor-section-height-default\" data-id=\"7c42a1cc\" data-element_type=\"section\">\n\t\t\t\t\t\t<div class=\"elementor-container elementor-column-gap-default\">\n\t\t\t\t\t<div class=\"elementor-column elementor-col-100 elementor-top-column elementor-element elementor-element-4ef38d6\" data-id=\"4ef38d6\" data-element_type=\"column\">\n\t\t\t<div class=\"elementor-widget-wrap elementor-element-populated\">\n\t\t\t\t\t\t\t\t<div class=\"elementor-element elementor-element-8044a86 elementor-widget elementor-widget-text-editor\" data-id=\"8044a86\" data-element_type=\"widget\" data-widget_type=\"text-editor.default\">\n\t\t\t\t<div class=\"elementor-widget-container\">\n\t\t\t<style>\/*! elementor - v3.17.0 - 01-11-2023 *\/\n.elementor-widget-text-editor.elementor-drop-cap-view-stacked .elementor-drop-cap{background-color:#69727d;color:#fff}.elementor-widget-text-editor.elementor-drop-cap-view-framed .elementor-drop-cap{color:#69727d;border:3px solid;background-color:transparent}.elementor-widget-text-editor:not(.elementor-drop-cap-view-default) .elementor-drop-cap{margin-top:8px}.elementor-widget-text-editor:not(.elementor-drop-cap-view-default) .elementor-drop-cap-letter{width:1em;height:1em}.elementor-widget-text-editor .elementor-drop-cap{float:left;text-align:center;line-height:1;font-size:50px}.elementor-widget-text-editor .elementor-drop-cap-letter{display:inline-block}<\/style>\t\t\t\t<p><b style=\"color: var( --e-global-color-text ); font-family: var( --e-global-typography-text-font-family ), Sans-serif; background-color: var(--nv-site-bg); font-size: var(--bodyfontsize); letter-spacing: var(--bodyletterspacing); text-transform: var(--bodytexttransform);\">Estructura del evento:<br \/><\/b><span style=\"color: var( --e-global-color-text ); font-family: var( --e-global-typography-text-font-family ), Sans-serif; font-weight: var( --e-global-typography-text-font-weight ); font-size: var(--bodyfontsize); letter-spacing: var(--bodyletterspacing); text-transform: var(--bodytexttransform); background-color: var(--nv-site-bg);\">El<\/span><strong style=\"color: var( --e-global-color-text ); font-family: var( --e-global-typography-text-font-family ), Sans-serif; font-size: var(--bodyfontsize); letter-spacing: var(--bodyletterspacing); text-transform: var(--bodytexttransform); background-color: var(--nv-site-bg);\">\u00a0Congreso Internacional en Artes<\/strong><span style=\"color: var( --e-global-color-text ); font-family: var( --e-global-typography-text-font-family ), Sans-serif; font-weight: var( --e-global-typography-text-font-weight ); font-size: var(--bodyfontsize); letter-spacing: var(--bodyletterspacing); text-transform: var(--bodytexttransform); background-color: var(--nv-site-bg);\">\u00a0propone el trabajo en\u00a0<\/span><strong style=\"color: var( --e-global-color-text ); font-family: var( --e-global-typography-text-font-family ), Sans-serif; font-size: var(--bodyfontsize); letter-spacing: var(--bodyletterspacing); text-transform: var(--bodytexttransform); background-color: var(--nv-site-bg);\">GRUPOS<\/strong><span style=\"color: var( --e-global-color-text ); font-family: var( --e-global-typography-text-font-family ), Sans-serif; font-weight: var( --e-global-typography-text-font-weight ); font-size: var(--bodyfontsize); letter-spacing: var(--bodyletterspacing); text-transform: var(--bodytexttransform); background-color: var(--nv-site-bg);\">\u00a0que tendr\u00e1n autonom\u00eda en la din\u00e1mica de funcionamiento. Seg\u00fan el criterio de cada Grupo de Trabajo (GT), se aceptar\u00e1n contribuciones en\u00a0<\/span><strong style=\"color: var( --e-global-color-text ); font-family: var( --e-global-typography-text-font-family ), Sans-serif; font-size: var(--bodyfontsize); letter-spacing: var(--bodyletterspacing); text-transform: var(--bodytexttransform); background-color: var(--nv-site-bg);\">diferentes formatos de exposici\u00f3n: ponencias \/ ponencias perform\u00e1ticas \/ an\u00e1lisis de experiencias<\/strong><span style=\"color: var( --e-global-color-text ); font-family: var( --e-global-typography-text-font-family ), Sans-serif; font-weight: var( --e-global-typography-text-font-weight ); font-size: var(--bodyfontsize); letter-spacing: var(--bodyletterspacing); text-transform: var(--bodytexttransform); background-color: var(--nv-site-bg);\">. Asimismo, el evento contar\u00e1 actividades complementarias como conferencias, mesas redondas, espect\u00e1culos, intervenciones art\u00edsticas y conversatorios.<\/span><\/p><p><b>Presentaci\u00f3n de contribuciones:<br \/><\/b><span style=\"color: var( --e-global-color-text ); font-family: var( --e-global-typography-text-font-family ), Sans-serif; font-weight: var( --e-global-typography-text-font-weight ); background-color: var(--nv-site-bg); font-size: var(--bodyfontsize); letter-spacing: var(--bodyletterspacing); text-transform: var(--bodytexttransform);\">Las y los interesados en participar como\u00a0<\/span><strong style=\"color: var( --e-global-color-text ); font-family: var( --e-global-typography-text-font-family ), Sans-serif; background-color: var(--nv-site-bg); font-size: var(--bodyfontsize); letter-spacing: var(--bodyletterspacing); text-transform: var(--bodytexttransform);\">PONENTES\u00a0<\/strong><span style=\"color: var( --e-global-color-text ); font-family: var( --e-global-typography-text-font-family ), Sans-serif; font-weight: var( --e-global-typography-text-font-weight ); background-color: var(--nv-site-bg); font-size: var(--bodyfontsize); letter-spacing: var(--bodyletterspacing); text-transform: var(--bodytexttransform);\">podr\u00e1n enviar sus contribuciones a\u00a0<\/span><span style=\"background-color: var(--nv-site-bg);\"><b><a href=\"mailto:congresoartes@virtual.arte.unicen.edu.ar\"><span style=\"color: #f5185e;\">congresoartes@virtual.arte.unicen.edu.ar<\/span><\/a>.<\/b><\/span><span style=\"color: var( --e-global-color-text ); font-family: var( --e-global-typography-text-font-family ), Sans-serif; font-size: var(--bodyfontsize); letter-spacing: var(--bodyletterspacing); text-transform: var(--bodytexttransform); background-color: var(--nv-site-bg);\">\u00a0Cada GT especifica la metodolog\u00eda de presentaci\u00f3n: virtual, presencial, h\u00edbrida. Se aceptar\u00e1n hasta 4 (cuatro) autores\/as por contribuci\u00f3n. Se recibir\u00e1n trabajos en espa\u00f1ol, portugu\u00e9s, franc\u00e9s e ingl\u00e9s.<\/span><\/p><p><strong>Presentaci\u00f3n de res\u00famenes: hasta el 29 de febrero de 2024<\/strong><\/p><p><strong>Comunicaci\u00f3n aceptaci\u00f3n res\u00famenes: hasta el 14 de marzo de 2024<\/strong><\/p><ul><li><strong>Pautas de presentaci\u00f3n:<\/strong>\u00a0Archivo en formato WORD, T\u00edtulo del archivo: apellido primer autor\/a e indicaci\u00f3n del GT que postula. Se aceptar\u00e1n res\u00famenes\u00a0<strong>hasta\u00a0<\/strong><strong>250 palabras<\/strong>, en letra Times New Roman, cuerpo 12 y formato de interlineado 1,5, sin espacios entre p\u00e1rrafos. El resumen deber\u00e1 estar acompa\u00f1ado de tres palabras claves en castellano y el idioma original del trabajo. A continuaci\u00f3n, deber\u00e1n constar los datos de autor\/a\/es: Nombre y apellido, pertenencia institucional (con sus respectivas siglas) y correo electr\u00f3nico.<\/li><\/ul><p>Se deber\u00e1 definir la forma de exposici\u00f3n elegida (<em>ponencias\/ponencias perform\u00e1ticas\/an\u00e1lisis de experiencias<\/em>). Al finalizar el resumen, se recomienda aclarar los requisitos t\u00e9cnicos para la presentaci\u00f3n.<\/p><p><strong>Env\u00edo de res\u00famenes<\/strong>: en formato WORD, nombre del archivo: APELLIDO_RES_GTX (Ejemplo: ALVAREZ_RES_GT5)<\/p><ul><li><strong>Presentaci\u00f3n Trabajo completo al 24 de mayo de 2024 &#8211; <\/strong>solo en caso de publicar en actas &#8211;<strong>. <span style=\"color: #f52552;\">ATENCI\u00d3N:<\/span> Se extiende el plazo para el env\u00edo de los trabajos completos al <span style=\"color: #f52552;\">31 de mayo inclusive!!!<\/span><\/strong><\/li><\/ul><div><b>Pautas de publicaci\u00f3n en actas (Click para abrir el pdf):<\/b><\/div><div>\u00a0<\/div><div><strong><a href=\"https:\/\/www.arte.unicen.edu.ar\/congreso_artes\/wp-content\/uploads\/2024\/03\/FORMATO-PONENCIA-Publicacion-1\u00b0-Cong.-Internacional-en-Artes.-2024-.docx.pdf\" target=\"_blank\" rel=\"noopener\">&#8211; FORMATO PONENCIA [P]<\/a><\/strong><\/div><div>\u00a0<\/div><div><strong><a href=\"https:\/\/www.arte.unicen.edu.ar\/congreso_artes\/wp-content\/uploads\/2024\/03\/FORMATO-PONENCIA-PERFORMATICA-Publicacion-1\u00b0-Cong.-Internacional-en-Artes.-2024.pdf\" target=\"_blank\" rel=\"noopener\">&#8211; FORMATO PONENCIA PERFORMATICA [PP]<\/a><\/strong><\/div><div>\u00a0<\/div><div><strong><a href=\"https:\/\/www.arte.unicen.edu.ar\/congreso_artes\/wp-content\/uploads\/2024\/03\/FORMATO-VIDEO-ENSAYO-POETICO-Publicacion-1\u00b0-Cong.-Internacional-en-Artes.-2024.pdf\" target=\"_blank\" rel=\"noopener\">&#8211; FORMATO VIDEO ENSAYO POETICO [VEP]<\/a><\/strong><\/div><div>\u00a0<\/div>\t\t\t\t\t\t<\/div>\n\t\t\t\t<\/div>\n\t\t\t\t<div class=\"elementor-element elementor-element-1cea79b0 elementor-widget elementor-widget-text-editor\" data-id=\"1cea79b0\" data-element_type=\"widget\" data-widget_type=\"text-editor.default\">\n\t\t\t\t<div class=\"elementor-widget-container\">\n\t\t\t\t\t\t\t<p><strong>Aranceles:<br \/><\/strong><strong style=\"color: var( --e-global-color-text ); font-family: var( --e-global-typography-text-font-family ), Sans-serif; background-color: var(--nv-site-bg); font-size: var(--bodyfontsize); letter-spacing: var(--bodyletterspacing); text-transform: var(--bodytexttransform);\">Los aranceles se abonan hasta el d\u00eda 01 de abril para expositores argentinos\/as y hasta el d\u00eda 11 de abril para expositores extranjeros\/as. <\/strong><strong style=\"color: var( --e-global-color-text ); font-family: var( --e-global-typography-text-font-family ), Sans-serif; background-color: var(--nv-site-bg); font-size: var(--bodyfontsize); letter-spacing: var(--bodyletterspacing); text-transform: var(--bodytexttransform);\">El pago de arancel es por autor\/a.<\/strong><\/p><ul style=\"padding-left: var(--listpad,0); list-style: var(--liststyle,none);\"><li>Expositores Universidades\/Instituciones Nacionales: $7000<\/li><li>Expositores Universidades\/Instituciones Internacionales: u$s 50<\/li><li>Asistentes Universidades\/Instituciones Nacionales: sin costo<\/li><li>Asistentes Universidades\/Instituciones Internacionales: sin costo<\/li><li>Estudiantes de grado de Universidades\/Instituciones Nacionales: sin costo<\/li><li>Estudiantes de grado y posgrado, y docentes de la Facultad de Arte, UNICEN: sin costo<\/li><\/ul><p><strong>Informaci\u00f3n sobre pago de aranceles\u00a0<\/strong><\/p><p>Para expositores y expositoras <strong><span style=\"color: #e82771;\">NACIONALES<\/span><\/strong>, recordamos que el pago del arancel es por EXPOSITOR\/A a trav\u00e9s de dep\u00f3sito o transferencia bancaria, a la siguiente cuenta:<\/p><p>Universidad Nacional del Centro<br \/>Banco Credicoop Coop. Ltdo.<br \/>Cuenta: 191-136-011365\/4<br \/>CBU: 1910136355013601136546<\/p><p>Para las\/los expositoras\/es <strong><span style=\"color: #e82771;\">EXTRANJERAS\/OS<\/span> <\/strong>que asistan de forma presencial podr\u00e1n pagar la inscripci\u00f3n en efectivo en moneda local al momento de la acreditaci\u00f3n al cambio oficial del d\u00eda. De no contar con pesos se les indicar\u00e1 una casa de cambio para que puedan hacerse de pesos argentinos. Deber\u00e1n informar si optan por esta modalidad; sino deber\u00e1n realizar un dep\u00f3sito o transferencia desde su Banco local a la cuenta que se menciona hasta el 1\u00b0 de abril inclusive.<\/p><p>Para quienes <span style=\"color: #000000;\"><strong>participen de manera remota en el evento, sean NACIONALES o EXTRANJEROS,<\/strong><\/span> deber\u00e1n abonar a trav\u00e9s de dep\u00f3sito o transferencia bancaria con fecha l\u00edmite 1\u00b0 de abril de 2024.<\/p><p>En todos los casos, se debe enviar el comprobante de pago al correo del GT en cual se ha inscripto. En el Asunto debe constar su APELLIDO y es importante que envien en el cuerpo del correo la informaci\u00f3n para realizar la Factura si la solicitan.<\/p><div>\u00a0<\/div>\t\t\t\t\t\t<\/div>\n\t\t\t\t<\/div>\n\t\t\t\t\t<\/div>\n\t\t<\/div>\n\t\t\t\t\t\t\t<\/div>\n\t\t<\/section>\n\t\t\t\t<section class=\"elementor-section elementor-top-section elementor-element elementor-element-0962c61 elementor-section-boxed elementor-section-height-default elementor-section-height-default\" data-id=\"0962c61\" data-element_type=\"section\">\n\t\t\t\t\t\t<div class=\"elementor-container elementor-column-gap-default\">\n\t\t\t\t\t<div class=\"elementor-column elementor-col-100 elementor-top-column elementor-element elementor-element-975b3e1\" data-id=\"975b3e1\" data-element_type=\"column\">\n\t\t\t<div class=\"elementor-widget-wrap elementor-element-populated\">\n\t\t\t\t\t\t\t\t<div class=\"elementor-element elementor-element-ea2ecd4 elementor-widget elementor-widget-image\" data-id=\"ea2ecd4\" data-element_type=\"widget\" data-widget_type=\"image.default\">\n\t\t\t\t<div class=\"elementor-widget-container\">\n\t\t\t\t\t\t\t\t\t\t\t\t\t\t\t\t<a href=\"https:\/\/www.arte.unicen.edu.ar\/\" target=\"_blank\">\n\t\t\t\t\t\t\t<img decoding=\"async\" src=\"https:\/\/www.arte.unicen.edu.ar\/congreso_artes2025\/wp-content\/uploads\/elementor\/thumbs\/LOGO-FACULTAD-boceto-2024-final_abril-qm9h4awxeqfaw09m1jrqhesjaxijinsreypplemyjy.png\" title=\"LOGO FACULTAD-boceto 2024 final_abril\" alt=\"LOGO FACULTAD-boceto 2024 final_abril\" loading=\"lazy\" \/>\t\t\t\t\t\t\t\t<\/a>\n\t\t\t\t\t\t\t\t\t\t\t\t\t\t\t<\/div>\n\t\t\t\t<\/div>\n\t\t\t\t\t<\/div>\n\t\t<\/div>\n\t\t\t\t\t\t\t<\/div>\n\t\t<\/section>\n\t\t\t\t\t\t\t<\/div>\n\t\t","protected":false},"excerpt":{"rendered":"<p>Estructura del evento:El\u00a0Congreso Internacional en Artes\u00a0propone el trabajo en\u00a0GRUPOS\u00a0que tendr\u00e1n autonom\u00eda en la din\u00e1mica de funcionamiento. Seg\u00fan el criterio de cada Grupo de Trabajo (GT), se aceptar\u00e1n contribuciones en\u00a0diferentes formatos de exposici\u00f3n: ponencias \/ ponencias perform\u00e1ticas \/ an\u00e1lisis de experiencias. Asimismo, el evento contar\u00e1 actividades complementarias como conferencias, mesas redondas, espect\u00e1culos, intervenciones art\u00edsticas y conversatorios.&hellip;&nbsp;<a href=\"https:\/\/www.arte.unicen.edu.ar\/congreso_artes2025\/index.php\/ponencias\/\" class=\"\" rel=\"bookmark\">Read More &raquo;<span class=\"screen-reader-text\">Ponencias<\/span><\/a><\/p>\n","protected":false},"author":1,"featured_media":0,"parent":0,"menu_order":0,"comment_status":"closed","ping_status":"closed","template":"","meta":{"neve_meta_sidebar":"","neve_meta_container":"","neve_meta_enable_content_width":"on","neve_meta_content_width":100,"neve_meta_title_alignment":"","neve_meta_author_avatar":"","neve_post_elements_order":"","neve_meta_disable_header":"","neve_meta_disable_footer":"","neve_meta_disable_title":"on"},"_links":{"self":[{"href":"https:\/\/www.arte.unicen.edu.ar\/congreso_artes2025\/index.php\/wp-json\/wp\/v2\/pages\/136"}],"collection":[{"href":"https:\/\/www.arte.unicen.edu.ar\/congreso_artes2025\/index.php\/wp-json\/wp\/v2\/pages"}],"about":[{"href":"https:\/\/www.arte.unicen.edu.ar\/congreso_artes2025\/index.php\/wp-json\/wp\/v2\/types\/page"}],"author":[{"embeddable":true,"href":"https:\/\/www.arte.unicen.edu.ar\/congreso_artes2025\/index.php\/wp-json\/wp\/v2\/users\/1"}],"replies":[{"embeddable":true,"href":"https:\/\/www.arte.unicen.edu.ar\/congreso_artes2025\/index.php\/wp-json\/wp\/v2\/comments?post=136"}],"version-history":[{"count":2,"href":"https:\/\/www.arte.unicen.edu.ar\/congreso_artes2025\/index.php\/wp-json\/wp\/v2\/pages\/136\/revisions"}],"predecessor-version":[{"id":713,"href":"https:\/\/www.arte.unicen.edu.ar\/congreso_artes2025\/index.php\/wp-json\/wp\/v2\/pages\/136\/revisions\/713"}],"wp:attachment":[{"href":"https:\/\/www.arte.unicen.edu.ar\/congreso_artes2025\/index.php\/wp-json\/wp\/v2\/media?parent=136"}],"curies":[{"name":"wp","href":"https:\/\/api.w.org\/{rel}","templated":true}]}}