{"id":851,"date":"2026-02-26T10:06:13","date_gmt":"2026-02-26T13:06:13","guid":{"rendered":"https:\/\/www.arte.unicen.edu.ar\/congreso_artes\/?page_id=851"},"modified":"2026-02-26T11:28:41","modified_gmt":"2026-02-26T14:28:41","slug":"gt-3-arte-en-carceles-procesos-creativos-en-contextos-de-encierro-penal","status":"publish","type":"page","link":"https:\/\/www.arte.unicen.edu.ar\/congreso_artes\/index.php\/gt-3-arte-en-carceles-procesos-creativos-en-contextos-de-encierro-penal\/","title":{"rendered":"GT 3: Arte en C\u00e1rceles: Procesos creativos en contextos de encierro penal"},"content":{"rendered":"\t\t<div data-elementor-type=\"wp-page\" data-elementor-id=\"851\" class=\"elementor elementor-851\">\n\t\t\t\t\t\t\t\t\t<section class=\"elementor-section elementor-top-section elementor-element elementor-element-563642d elementor-section-full_width elementor-section-stretched elementor-section-height-default elementor-section-height-default\" data-id=\"563642d\" data-element_type=\"section\" data-settings=\"{&quot;stretch_section&quot;:&quot;section-stretched&quot;}\">\n\t\t\t\t\t\t<div class=\"elementor-container elementor-column-gap-default\">\n\t\t\t\t\t<div class=\"elementor-column elementor-col-100 elementor-top-column elementor-element elementor-element-964b0c4\" data-id=\"964b0c4\" data-element_type=\"column\">\n\t\t\t<div class=\"elementor-widget-wrap elementor-element-populated\">\n\t\t\t\t\t\t\t\t<div class=\"elementor-element elementor-element-3f80f3f elementor-widget elementor-widget-image\" data-id=\"3f80f3f\" data-element_type=\"widget\" data-widget_type=\"image.default\">\n\t\t\t\t<div class=\"elementor-widget-container\">\n\t\t\t<style>\/*! elementor - v3.17.0 - 01-11-2023 *\/\n.elementor-widget-image{text-align:center}.elementor-widget-image a{display:inline-block}.elementor-widget-image a img[src$=\".svg\"]{width:48px}.elementor-widget-image img{vertical-align:middle;display:inline-block}<\/style>\t\t\t\t\t\t\t\t\t\t\t\t<img decoding=\"async\" width=\"3500\" height=\"644\" src=\"https:\/\/www.arte.unicen.edu.ar\/congreso_artes\/wp-content\/uploads\/2026\/02\/Congreso-Internacional-en-Artes1-2026.png\" class=\"attachment-full size-full wp-image-724\" alt=\"\" loading=\"lazy\" srcset=\"https:\/\/www.arte.unicen.edu.ar\/congreso_artes\/wp-content\/uploads\/2026\/02\/Congreso-Internacional-en-Artes1-2026.png 3500w, https:\/\/www.arte.unicen.edu.ar\/congreso_artes\/wp-content\/uploads\/2026\/02\/Congreso-Internacional-en-Artes1-2026-300x55.png 300w, https:\/\/www.arte.unicen.edu.ar\/congreso_artes\/wp-content\/uploads\/2026\/02\/Congreso-Internacional-en-Artes1-2026-1024x188.png 1024w, https:\/\/www.arte.unicen.edu.ar\/congreso_artes\/wp-content\/uploads\/2026\/02\/Congreso-Internacional-en-Artes1-2026-768x141.png 768w, https:\/\/www.arte.unicen.edu.ar\/congreso_artes\/wp-content\/uploads\/2026\/02\/Congreso-Internacional-en-Artes1-2026-1536x283.png 1536w, https:\/\/www.arte.unicen.edu.ar\/congreso_artes\/wp-content\/uploads\/2026\/02\/Congreso-Internacional-en-Artes1-2026-2048x377.png 2048w\" sizes=\"(max-width: 3500px) 100vw, 3500px\" \/>\t\t\t\t\t\t\t\t\t\t\t\t\t\t\t<\/div>\n\t\t\t\t<\/div>\n\t\t\t\t\t<\/div>\n\t\t<\/div>\n\t\t\t\t\t\t\t<\/div>\n\t\t<\/section>\n\t\t\t\t<section class=\"elementor-section elementor-top-section elementor-element elementor-element-7c42a1cc elementor-section-boxed elementor-section-height-default elementor-section-height-default\" data-id=\"7c42a1cc\" data-element_type=\"section\">\n\t\t\t\t\t\t<div class=\"elementor-container elementor-column-gap-default\">\n\t\t\t\t\t<div class=\"elementor-column elementor-col-100 elementor-top-column elementor-element elementor-element-4ef38d6\" data-id=\"4ef38d6\" data-element_type=\"column\">\n\t\t\t<div class=\"elementor-widget-wrap elementor-element-populated\">\n\t\t\t\t\t\t\t\t<div class=\"elementor-element elementor-element-8044a86 elementor-widget elementor-widget-text-editor\" data-id=\"8044a86\" data-element_type=\"widget\" data-widget_type=\"text-editor.default\">\n\t\t\t\t<div class=\"elementor-widget-container\">\n\t\t\t<style>\/*! elementor - v3.17.0 - 01-11-2023 *\/\n.elementor-widget-text-editor.elementor-drop-cap-view-stacked .elementor-drop-cap{background-color:#69727d;color:#fff}.elementor-widget-text-editor.elementor-drop-cap-view-framed .elementor-drop-cap{color:#69727d;border:3px solid;background-color:transparent}.elementor-widget-text-editor:not(.elementor-drop-cap-view-default) .elementor-drop-cap{margin-top:8px}.elementor-widget-text-editor:not(.elementor-drop-cap-view-default) .elementor-drop-cap-letter{width:1em;height:1em}.elementor-widget-text-editor .elementor-drop-cap{float:left;text-align:center;line-height:1;font-size:50px}.elementor-widget-text-editor .elementor-drop-cap-letter{display:inline-block}<\/style>\t\t\t\t<p><span style=\"color: #de1846;\">GT N\u00ba3:<\/span> Arte en C\u00e1rceles: Procesos creativos en contextos de encierro penal<\/p><p><strong>Coordinadoras: <\/strong>Claudia Andrea Castro (ESADyC, FCS, UNCPBA \/ Proyecto Arte en C\u00e1rceles, FA, UNCPBA) y Clarisa Capdevila (ESADyC, FCS, UNCPBA \/ Proyecto Arte en C\u00e1rceles, FA, UNCPBA)<\/p><p><strong>Modalidad\u00a0<\/strong>\u00a0\u00a0H\u00cdBRIDA (virtual y presencial)<\/p><p><strong>Tipo de presentaci\u00f3n:<\/strong> PONENCIA \u2013 VIDEO ENSAYO PO\u00c9TICO<\/p><p><strong>Descripci\u00f3n:<\/strong> Este grupo de trabajo convoca a docentes, talleristas y\/o coordinadores, artistas e investigadores interesados en la producci\u00f3n art\u00edstica, el acceso y las condiciones de realizaci\u00f3n y circulaci\u00f3n de las artes (literatura, artes esc\u00e9nicas, artes visuales, artes audiovisuales y m\u00fasica) en contexto de encierro punitivo, as\u00ed como tambi\u00e9n a personas privadas de la libertad que participen o hayan participado en los \u00faltimos 2 (dos) a\u00f1os de pr\u00e1cticas art\u00edsticas en c\u00e1rceles.<br \/>Con el prop\u00f3sito de conocer experiencias y realizar intercambio de saberes en torno de los procesos creativos, se pretende impulsar la reflexi\u00f3n acerca de las perspectivas epistemol\u00f3gicas y \u00e9tico-pol\u00edticas que promueven las pr\u00e1cticas art\u00edsticas en c\u00e1rceles.<\/p>\t\t\t\t\t\t<\/div>\n\t\t\t\t<\/div>\n\t\t\t\t<div class=\"elementor-element elementor-element-1cea79b0 elementor-widget elementor-widget-text-editor\" data-id=\"1cea79b0\" data-element_type=\"widget\" data-widget_type=\"text-editor.default\">\n\t\t\t\t<div class=\"elementor-widget-container\">\n\t\t\t\t\t\t\t\t\t\t\t\t\t<\/div>\n\t\t\t\t<\/div>\n\t\t\t\t\t<\/div>\n\t\t<\/div>\n\t\t\t\t\t\t\t<\/div>\n\t\t<\/section>\n\t\t\t\t<section class=\"elementor-section elementor-top-section elementor-element elementor-element-5c36fff elementor-section-boxed elementor-section-height-default elementor-section-height-default\" data-id=\"5c36fff\" data-element_type=\"section\">\n\t\t\t\t\t\t<div class=\"elementor-container elementor-column-gap-default\">\n\t\t\t\t\t<div class=\"elementor-column elementor-col-33 elementor-top-column elementor-element elementor-element-dec6280\" data-id=\"dec6280\" data-element_type=\"column\">\n\t\t\t<div class=\"elementor-widget-wrap\">\n\t\t\t\t\t\t\t\t\t<\/div>\n\t\t<\/div>\n\t\t\t\t<div class=\"elementor-column elementor-col-33 elementor-top-column elementor-element elementor-element-ec2fbfe\" data-id=\"ec2fbfe\" data-element_type=\"column\">\n\t\t\t<div class=\"elementor-widget-wrap elementor-element-populated\">\n\t\t\t\t\t\t\t\t<div class=\"elementor-element elementor-element-9cbe481 elementor-widget elementor-widget-image\" data-id=\"9cbe481\" data-element_type=\"widget\" data-widget_type=\"image.default\">\n\t\t\t\t<div class=\"elementor-widget-container\">\n\t\t\t\t\t\t\t\t\t\t\t\t\t\t\t\t<a href=\"https:\/\/www.arte.unicen.edu.ar\/\" target=\"_blank\">\n\t\t\t\t\t\t\t<img decoding=\"async\" width=\"400\" height=\"160\" src=\"https:\/\/www.arte.unicen.edu.ar\/congreso_artes\/wp-content\/uploads\/2026\/02\/webarte2-400x160px-2400dpi.png\" class=\"attachment-large size-large wp-image-793\" alt=\"\" loading=\"lazy\" srcset=\"https:\/\/www.arte.unicen.edu.ar\/congreso_artes\/wp-content\/uploads\/2026\/02\/webarte2-400x160px-2400dpi.png 400w, https:\/\/www.arte.unicen.edu.ar\/congreso_artes\/wp-content\/uploads\/2026\/02\/webarte2-400x160px-2400dpi-300x120.png 300w\" sizes=\"(max-width: 400px) 100vw, 400px\" \/>\t\t\t\t\t\t\t\t<\/a>\n\t\t\t\t\t\t\t\t\t\t\t\t\t\t\t<\/div>\n\t\t\t\t<\/div>\n\t\t\t\t\t<\/div>\n\t\t<\/div>\n\t\t\t\t<div class=\"elementor-column elementor-col-33 elementor-top-column elementor-element elementor-element-b01f013\" data-id=\"b01f013\" data-element_type=\"column\">\n\t\t\t<div class=\"elementor-widget-wrap\">\n\t\t\t\t\t\t\t\t\t<\/div>\n\t\t<\/div>\n\t\t\t\t\t\t\t<\/div>\n\t\t<\/section>\n\t\t\t\t\t\t\t<\/div>\n\t\t","protected":false},"excerpt":{"rendered":"<p>GT N\u00ba3: Arte en C\u00e1rceles: Procesos creativos en contextos de encierro penal Coordinadoras: Claudia Andrea Castro (ESADyC, FCS, UNCPBA \/ Proyecto Arte en C\u00e1rceles, FA, UNCPBA) y Clarisa Capdevila (ESADyC, FCS, UNCPBA \/ Proyecto Arte en C\u00e1rceles, FA, UNCPBA) Modalidad\u00a0\u00a0\u00a0H\u00cdBRIDA (virtual y presencial) Tipo de presentaci\u00f3n: PONENCIA \u2013 VIDEO ENSAYO PO\u00c9TICO Descripci\u00f3n: Este grupo de&hellip;&nbsp;<a href=\"https:\/\/www.arte.unicen.edu.ar\/congreso_artes\/index.php\/gt-3-arte-en-carceles-procesos-creativos-en-contextos-de-encierro-penal\/\" class=\"\" rel=\"bookmark\">Read More &raquo;<span class=\"screen-reader-text\">GT 3: Arte en C\u00e1rceles: Procesos creativos en contextos de encierro penal<\/span><\/a><\/p>\n","protected":false},"author":1,"featured_media":0,"parent":0,"menu_order":0,"comment_status":"closed","ping_status":"closed","template":"","meta":{"neve_meta_sidebar":"","neve_meta_container":"","neve_meta_enable_content_width":"on","neve_meta_content_width":100,"neve_meta_title_alignment":"","neve_meta_author_avatar":"","neve_post_elements_order":"","neve_meta_disable_header":"","neve_meta_disable_footer":"","neve_meta_disable_title":"on"},"_links":{"self":[{"href":"https:\/\/www.arte.unicen.edu.ar\/congreso_artes\/index.php\/wp-json\/wp\/v2\/pages\/851"}],"collection":[{"href":"https:\/\/www.arte.unicen.edu.ar\/congreso_artes\/index.php\/wp-json\/wp\/v2\/pages"}],"about":[{"href":"https:\/\/www.arte.unicen.edu.ar\/congreso_artes\/index.php\/wp-json\/wp\/v2\/types\/page"}],"author":[{"embeddable":true,"href":"https:\/\/www.arte.unicen.edu.ar\/congreso_artes\/index.php\/wp-json\/wp\/v2\/users\/1"}],"replies":[{"embeddable":true,"href":"https:\/\/www.arte.unicen.edu.ar\/congreso_artes\/index.php\/wp-json\/wp\/v2\/comments?post=851"}],"version-history":[{"count":2,"href":"https:\/\/www.arte.unicen.edu.ar\/congreso_artes\/index.php\/wp-json\/wp\/v2\/pages\/851\/revisions"}],"predecessor-version":[{"id":892,"href":"https:\/\/www.arte.unicen.edu.ar\/congreso_artes\/index.php\/wp-json\/wp\/v2\/pages\/851\/revisions\/892"}],"wp:attachment":[{"href":"https:\/\/www.arte.unicen.edu.ar\/congreso_artes\/index.php\/wp-json\/wp\/v2\/media?parent=851"}],"curies":[{"name":"wp","href":"https:\/\/api.w.org\/{rel}","templated":true}]}}