{"id":744,"date":"2026-02-25T10:46:14","date_gmt":"2026-02-25T13:46:14","guid":{"rendered":"https:\/\/www.arte.unicen.edu.ar\/congreso_artes\/?page_id=744"},"modified":"2026-02-26T12:07:42","modified_gmt":"2026-02-26T15:07:42","slug":"gt-1-analisis-de-procesos-creativos","status":"publish","type":"page","link":"https:\/\/www.arte.unicen.edu.ar\/congreso_artes\/index.php\/gt-1-analisis-de-procesos-creativos\/","title":{"rendered":"Grupos de Trabajo"},"content":{"rendered":"\t\t<div data-elementor-type=\"wp-page\" data-elementor-id=\"744\" class=\"elementor elementor-744\">\n\t\t\t\t\t\t\t\t\t<section class=\"elementor-section elementor-top-section elementor-element elementor-element-563642d elementor-section-full_width elementor-section-stretched elementor-section-height-default elementor-section-height-default\" data-id=\"563642d\" data-element_type=\"section\" data-settings=\"{&quot;stretch_section&quot;:&quot;section-stretched&quot;}\">\n\t\t\t\t\t\t<div class=\"elementor-container elementor-column-gap-default\">\n\t\t\t\t\t<div class=\"elementor-column elementor-col-100 elementor-top-column elementor-element elementor-element-964b0c4\" data-id=\"964b0c4\" data-element_type=\"column\">\n\t\t\t<div class=\"elementor-widget-wrap elementor-element-populated\">\n\t\t\t\t\t\t\t\t<div class=\"elementor-element elementor-element-3f80f3f elementor-widget elementor-widget-image\" data-id=\"3f80f3f\" data-element_type=\"widget\" data-widget_type=\"image.default\">\n\t\t\t\t<div class=\"elementor-widget-container\">\n\t\t\t<style>\/*! elementor - v3.17.0 - 01-11-2023 *\/\n.elementor-widget-image{text-align:center}.elementor-widget-image a{display:inline-block}.elementor-widget-image a img[src$=\".svg\"]{width:48px}.elementor-widget-image img{vertical-align:middle;display:inline-block}<\/style>\t\t\t\t\t\t\t\t\t\t\t\t<img decoding=\"async\" width=\"3500\" height=\"644\" src=\"https:\/\/www.arte.unicen.edu.ar\/congreso_artes\/wp-content\/uploads\/2026\/02\/Congreso-Internacional-en-Artes1-2026.png\" class=\"attachment-full size-full wp-image-724\" alt=\"\" loading=\"lazy\" srcset=\"https:\/\/www.arte.unicen.edu.ar\/congreso_artes\/wp-content\/uploads\/2026\/02\/Congreso-Internacional-en-Artes1-2026.png 3500w, https:\/\/www.arte.unicen.edu.ar\/congreso_artes\/wp-content\/uploads\/2026\/02\/Congreso-Internacional-en-Artes1-2026-300x55.png 300w, https:\/\/www.arte.unicen.edu.ar\/congreso_artes\/wp-content\/uploads\/2026\/02\/Congreso-Internacional-en-Artes1-2026-1024x188.png 1024w, https:\/\/www.arte.unicen.edu.ar\/congreso_artes\/wp-content\/uploads\/2026\/02\/Congreso-Internacional-en-Artes1-2026-768x141.png 768w, https:\/\/www.arte.unicen.edu.ar\/congreso_artes\/wp-content\/uploads\/2026\/02\/Congreso-Internacional-en-Artes1-2026-1536x283.png 1536w, https:\/\/www.arte.unicen.edu.ar\/congreso_artes\/wp-content\/uploads\/2026\/02\/Congreso-Internacional-en-Artes1-2026-2048x377.png 2048w\" sizes=\"(max-width: 3500px) 100vw, 3500px\" \/>\t\t\t\t\t\t\t\t\t\t\t\t\t\t\t<\/div>\n\t\t\t\t<\/div>\n\t\t\t\t\t<\/div>\n\t\t<\/div>\n\t\t\t\t\t\t\t<\/div>\n\t\t<\/section>\n\t\t\t\t<section class=\"elementor-section elementor-top-section elementor-element elementor-element-7c42a1cc elementor-section-boxed elementor-section-height-default elementor-section-height-default\" data-id=\"7c42a1cc\" data-element_type=\"section\">\n\t\t\t\t\t\t<div class=\"elementor-container elementor-column-gap-default\">\n\t\t\t\t\t<div class=\"elementor-column elementor-col-100 elementor-top-column elementor-element elementor-element-4ef38d6\" data-id=\"4ef38d6\" data-element_type=\"column\">\n\t\t\t<div class=\"elementor-widget-wrap elementor-element-populated\">\n\t\t\t\t\t\t\t\t<div class=\"elementor-element elementor-element-8044a86 elementor-widget elementor-widget-text-editor\" data-id=\"8044a86\" data-element_type=\"widget\" data-widget_type=\"text-editor.default\">\n\t\t\t\t<div class=\"elementor-widget-container\">\n\t\t\t<style>\/*! elementor - v3.17.0 - 01-11-2023 *\/\n.elementor-widget-text-editor.elementor-drop-cap-view-stacked .elementor-drop-cap{background-color:#69727d;color:#fff}.elementor-widget-text-editor.elementor-drop-cap-view-framed .elementor-drop-cap{color:#69727d;border:3px solid;background-color:transparent}.elementor-widget-text-editor:not(.elementor-drop-cap-view-default) .elementor-drop-cap{margin-top:8px}.elementor-widget-text-editor:not(.elementor-drop-cap-view-default) .elementor-drop-cap-letter{width:1em;height:1em}.elementor-widget-text-editor .elementor-drop-cap{float:left;text-align:center;line-height:1;font-size:50px}.elementor-widget-text-editor .elementor-drop-cap-letter{display:inline-block}<\/style>\t\t\t\t<ul><li><a href=\"https:\/\/www.arte.unicen.edu.ar\/congreso_artes\/index.php\/grupo-1\/\">GT n\u00b0 1: An\u00e1lisis de Procesos Creativos<\/a><\/li><li><a href=\"https:\/\/www.arte.unicen.edu.ar\/congreso_artes\/index.php\/gt-2-dramaturgia-de-provincias-las-formas-hibridas-con-intrusion-de-lo-real\/\">GT n\u00b0 2: Dramaturgia de provincias. Las formas h\u00edbridas con intrusi\u00f3n de lo real<\/a><\/li><li><a href=\"https:\/\/www.arte.unicen.edu.ar\/congreso_artes\/index.php\/gt-3-arte-en-carceles-procesos-creativos-en-contextos-de-encierro-penal\/\">GT n\u00b0 3: Arte en C\u00e1rceles: Procesos creativos en contextos de encierro penal<\/a><\/li><li><a href=\"https:\/\/www.arte.unicen.edu.ar\/congreso_artes\/index.php\/gt-4-investigacion-a-traves-de-la-propia-practica-artistica\/\">GT n\u00b0 4: Investigaci\u00f3n a trav\u00e9s de la Propia Pr\u00e1ctica Art\u00edstica<\/a><\/li><li><a href=\"https:\/\/www.arte.unicen.edu.ar\/congreso_artes\/index.php\/gt-5-corporeidades-performance-y-vinculos-en-la-era-de-la-relacionalidad-virtual\/\">GT n\u00b0 5: Corporeidades, performance y v\u00ednculos en la era de la relacionalidad virtual<\/a><\/li><li><a href=\"https:\/\/www.arte.unicen.edu.ar\/congreso_artes\/index.php\/gt-5-geopoeticas-del-habitar-arte-territorio-y-experiencia-situada\/\">GT n\u00b0 6: Geopo\u00e9ticas del Habitar: Arte, Territorio y Experiencia Situada<\/a><\/li><li><a href=\"https:\/\/www.arte.unicen.edu.ar\/congreso_artes\/index.php\/gt-7-arte-y-archivismos-como-experiencias-situadas-registros-fugitivos-y-lugares-a-los-que-volver\/\">GT n\u00b0 7: Arte y Archivismos como experiencias situadas: registros fugitivos y lugares a los que volver<\/a><\/li><li><a href=\"https:\/\/www.arte.unicen.edu.ar\/congreso_artes\/index.php\/gt-8-educacion-artistica-en-contextos-diversos\/\">GT n\u00b0 8: Educaci\u00f3n art\u00edstica en contextos diversos<\/a><\/li><li><a href=\"https:\/\/www.arte.unicen.edu.ar\/congreso_artes\/index.php\/gt-9-arte-y-tecnologia-practicas-artisticas-contemporaneas-y-nuevas-tecnologias\/\">GT n\u00b0 9: Arte y tecnolog\u00eda. Pr\u00e1cticas art\u00edsticas contempor\u00e1neas y nuevas tecnolog\u00edas<\/a><\/li><li><a href=\"https:\/\/www.arte.unicen.edu.ar\/congreso_artes\/index.php\/gt-10-campo-sonoro-dramaturgias-vocales-y-sonoturgias\/\">GT n\u00b0 10: Campo sonoro, dramaturgias vocales y sonoturgias<\/a><\/li><li><a href=\"https:\/\/www.arte.unicen.edu.ar\/congreso_artes\/index.php\/gt-11-los-desafios-de-una-investigacion-en-artes-audiovisuales\/\">GT n\u00b0 11: Los desaf\u00edos de una investigaci\u00f3n en artes audiovisuales<\/a><\/li><li><a href=\"https:\/\/www.arte.unicen.edu.ar\/congreso_artes\/index.php\/gt-12-escenas-transformadas-sobre-conceptualizaciones-experiencias-y-pesquisas-en-escenografia-direccion-de-arte-y-diseno-escenico\/\">GT n\u00b0 12: Escenas [trans]formadas: sobre conceptualizaciones, experiencias y pesquisas en escenograf\u00eda, direcci\u00f3n de arte y dise\u00f1o esc\u00e9nico<\/a><\/li><li><a href=\"https:\/\/www.arte.unicen.edu.ar\/congreso_artes\/index.php\/gt-13-indisciplina-vocal-pedagogias-poeticas-y-performatividades-de-la-voz-mas-alla-del-texto\/\">GT n\u00b0 13: Indisciplina Vocal: Pedagog\u00edas, po\u00e9ticas y performatividades de la voz m\u00e1s all\u00e1 del texto<\/a><\/li><li><a href=\"https:\/\/www.arte.unicen.edu.ar\/congreso_artes\/index.php\/gt-14-rebobinar-el-caos-archivos-memorias-y-otras-visiones\/\">GT n\u00b0 14: Rebobinar el caos: archivos, memorias y otras visiones<\/a><\/li><li><a href=\"https:\/\/www.arte.unicen.edu.ar\/congreso_artes\/index.php\/gt-15-teatralidades-emergentes-genero-disidencias-identidad-y-territorios-en-disputa\/\">GT n\u00b0 15: Teatralidades emergentes: G\u00e9nero, disidencias, identidad y territorios en disputa<\/a><\/li><li><a href=\"https:\/\/www.arte.unicen.edu.ar\/congreso_artes\/index.php\/gt-16-gestionar-cultura-hoy-articulaciones-entre-politicas-practicas-y-territorios\/\">GT n\u00b0 16: Gestionar cultura hoy: articulaciones entre pol\u00edticas, pr\u00e1cticas y territorios<\/a><\/li><li><a href=\"https:\/\/www.arte.unicen.edu.ar\/congreso_artes\/index.php\/gt-17-practicas-artisticas-situadas-comunitarias-o-de-extension-universitaria\/\">GT n\u00b0 17: Pr\u00e1cticas art\u00edsticas situadas, comunitarias o de extensi\u00f3n universitaria<\/a><\/li><\/ul>\t\t\t\t\t\t<\/div>\n\t\t\t\t<\/div>\n\t\t\t\t<div class=\"elementor-element elementor-element-1cea79b0 elementor-widget elementor-widget-text-editor\" data-id=\"1cea79b0\" data-element_type=\"widget\" data-widget_type=\"text-editor.default\">\n\t\t\t\t<div class=\"elementor-widget-container\">\n\t\t\t\t\t\t\t\t\t\t\t\t\t<\/div>\n\t\t\t\t<\/div>\n\t\t\t\t\t<\/div>\n\t\t<\/div>\n\t\t\t\t\t\t\t<\/div>\n\t\t<\/section>\n\t\t\t\t<section class=\"elementor-section elementor-top-section elementor-element elementor-element-5c36fff elementor-section-boxed elementor-section-height-default elementor-section-height-default\" data-id=\"5c36fff\" data-element_type=\"section\">\n\t\t\t\t\t\t<div class=\"elementor-container elementor-column-gap-default\">\n\t\t\t\t\t<div class=\"elementor-column elementor-col-33 elementor-top-column elementor-element elementor-element-dec6280\" data-id=\"dec6280\" data-element_type=\"column\">\n\t\t\t<div class=\"elementor-widget-wrap\">\n\t\t\t\t\t\t\t\t\t<\/div>\n\t\t<\/div>\n\t\t\t\t<div class=\"elementor-column elementor-col-33 elementor-top-column elementor-element elementor-element-ec2fbfe\" data-id=\"ec2fbfe\" data-element_type=\"column\">\n\t\t\t<div class=\"elementor-widget-wrap elementor-element-populated\">\n\t\t\t\t\t\t\t\t<div class=\"elementor-element elementor-element-9cbe481 elementor-widget elementor-widget-image\" data-id=\"9cbe481\" data-element_type=\"widget\" data-widget_type=\"image.default\">\n\t\t\t\t<div class=\"elementor-widget-container\">\n\t\t\t\t\t\t\t\t\t\t\t\t\t\t\t\t<a href=\"https:\/\/www.arte.unicen.edu.ar\/\" target=\"_blank\">\n\t\t\t\t\t\t\t<img decoding=\"async\" width=\"400\" height=\"160\" src=\"https:\/\/www.arte.unicen.edu.ar\/congreso_artes\/wp-content\/uploads\/2026\/02\/webarte2-400x160px-2400dpi.png\" class=\"attachment-large size-large wp-image-793\" alt=\"\" loading=\"lazy\" srcset=\"https:\/\/www.arte.unicen.edu.ar\/congreso_artes\/wp-content\/uploads\/2026\/02\/webarte2-400x160px-2400dpi.png 400w, https:\/\/www.arte.unicen.edu.ar\/congreso_artes\/wp-content\/uploads\/2026\/02\/webarte2-400x160px-2400dpi-300x120.png 300w\" sizes=\"(max-width: 400px) 100vw, 400px\" \/>\t\t\t\t\t\t\t\t<\/a>\n\t\t\t\t\t\t\t\t\t\t\t\t\t\t\t<\/div>\n\t\t\t\t<\/div>\n\t\t\t\t\t<\/div>\n\t\t<\/div>\n\t\t\t\t<div class=\"elementor-column elementor-col-33 elementor-top-column elementor-element elementor-element-b01f013\" data-id=\"b01f013\" data-element_type=\"column\">\n\t\t\t<div class=\"elementor-widget-wrap\">\n\t\t\t\t\t\t\t\t\t<\/div>\n\t\t<\/div>\n\t\t\t\t\t\t\t<\/div>\n\t\t<\/section>\n\t\t\t\t\t\t\t<\/div>\n\t\t","protected":false},"excerpt":{"rendered":"<p>GT n\u00b0 1: An\u00e1lisis de Procesos Creativos GT n\u00b0 2: Dramaturgia de provincias. Las formas h\u00edbridas con intrusi\u00f3n de lo real GT n\u00b0 3: Arte en C\u00e1rceles: Procesos creativos en contextos de encierro penal GT n\u00b0 4: Investigaci\u00f3n a trav\u00e9s de la Propia Pr\u00e1ctica Art\u00edstica GT n\u00b0 5: Corporeidades, performance y v\u00ednculos en la era&hellip;&nbsp;<a href=\"https:\/\/www.arte.unicen.edu.ar\/congreso_artes\/index.php\/gt-1-analisis-de-procesos-creativos\/\" class=\"\" rel=\"bookmark\">Read More &raquo;<span class=\"screen-reader-text\">Grupos de Trabajo<\/span><\/a><\/p>\n","protected":false},"author":1,"featured_media":0,"parent":0,"menu_order":0,"comment_status":"closed","ping_status":"closed","template":"","meta":{"neve_meta_sidebar":"","neve_meta_container":"","neve_meta_enable_content_width":"on","neve_meta_content_width":100,"neve_meta_title_alignment":"","neve_meta_author_avatar":"","neve_post_elements_order":"","neve_meta_disable_header":"","neve_meta_disable_footer":"","neve_meta_disable_title":"on"},"_links":{"self":[{"href":"https:\/\/www.arte.unicen.edu.ar\/congreso_artes\/index.php\/wp-json\/wp\/v2\/pages\/744"}],"collection":[{"href":"https:\/\/www.arte.unicen.edu.ar\/congreso_artes\/index.php\/wp-json\/wp\/v2\/pages"}],"about":[{"href":"https:\/\/www.arte.unicen.edu.ar\/congreso_artes\/index.php\/wp-json\/wp\/v2\/types\/page"}],"author":[{"embeddable":true,"href":"https:\/\/www.arte.unicen.edu.ar\/congreso_artes\/index.php\/wp-json\/wp\/v2\/users\/1"}],"replies":[{"embeddable":true,"href":"https:\/\/www.arte.unicen.edu.ar\/congreso_artes\/index.php\/wp-json\/wp\/v2\/comments?post=744"}],"version-history":[{"count":2,"href":"https:\/\/www.arte.unicen.edu.ar\/congreso_artes\/index.php\/wp-json\/wp\/v2\/pages\/744\/revisions"}],"predecessor-version":[{"id":970,"href":"https:\/\/www.arte.unicen.edu.ar\/congreso_artes\/index.php\/wp-json\/wp\/v2\/pages\/744\/revisions\/970"}],"wp:attachment":[{"href":"https:\/\/www.arte.unicen.edu.ar\/congreso_artes\/index.php\/wp-json\/wp\/v2\/media?parent=744"}],"curies":[{"name":"wp","href":"https:\/\/api.w.org\/{rel}","templated":true}]}}