{"id":8,"date":"2016-12-02T15:17:53","date_gmt":"2016-12-02T18:17:53","guid":{"rendered":"http:\/\/cdab.chilaproducciones.com.ar\/?page_id=8"},"modified":"2021-03-12T12:30:26","modified_gmt":"2021-03-12T15:30:26","slug":"servicios","status":"publish","type":"page","link":"https:\/\/www.arte.unicen.edu.ar\/cdab\/servicios\/","title":{"rendered":"Servicios"},"content":{"rendered":"\n<p>Desde aqu\u00ed pod\u00e9s acceder a los servicios que brinda el <strong>Centro de Documentaci\u00f3n Audiovisual y Biblioteca<\/strong> de la <a href=\"http:\/\/www.arte.unicen.edu.ar\" target=\"_blank\" rel=\"noopener noreferrer\">Facultad de Arte<\/a>:<\/p>\n<table style=\"margin: 25px auto;\">\n<tbody>\n<tr>\n<td style=\"padding-right: 50px;\">\n<div align=\"center\"><a class=\"cdab-bigbutton\" href=\"http:\/\/www.arte.unicen.edu.ar\/cdab\/renovaciones\">Renovaciones<\/a><\/div>\n<\/td>\n<td style=\"padding-right: 50px;\">\n<div align=\"center\"><a class=\"cdab-bigbutton\" href=\"http:\/\/www.arte.unicen.edu.ar\/cdab\/servicios\/repositorio\">Repositorio multimedia<\/a><\/div>\n<\/td>\n<td style=\"padding-right: 50px;\">\n<div align=\"center\"><a class=\"cdab-bigbutton\" href=\"http:\/\/www.arte.unicen.edu.ar\/cdab\/servicios\/ridaa-unicen\">RIDAA UNICEN<\/a><\/div>\n<\/td>\n<td style=\"padding-right: 50px;\">\n<div align=\"center\"><a class=\"cdab-bigbutton\" href=\"https:\/\/www.artexver.tv\" target=\"_blank\" rel=\"noopener noreferrer\">artexver<\/a><\/div>\n<\/td>\n<td style=\"padding-right: 50px;\">\n<div align=\"center\"><a class=\"cdab-bigbutton\" href=\"http:\/\/www.arte.unicen.edu.ar\/cdab\/servicios\/donacion-de-obras\">Donaci\u00f3n de obras<\/a><\/div>\n<\/td>\n<td>\n<div align=\"center\"><a class=\"cdab-bigbutton\" href=\"http:\/\/www.arte.unicen.edu.ar\/cdab\/normas-apa.pdf\" target=\"_blank\" rel=\"noopener noreferrer\">Normas APA<\/a><\/div>\n<\/td>\n<\/tr>\n<\/tbody>\n<\/table>\n","protected":false},"excerpt":{"rendered":"<p>Desde aqu\u00ed pod\u00e9s acceder a los servicios que brinda el Centro de Documentaci\u00f3n Audiovisual y Biblioteca de la Facultad de Arte: Renovaciones Repositorio multimedia RIDAA UNICEN artexver Donaci\u00f3n de obras Normas APA<\/p>\n","protected":false},"author":1,"featured_media":0,"parent":0,"menu_order":0,"comment_status":"closed","ping_status":"closed","template":"","meta":{"_acf_changed":false,"footnotes":""},"class_list":["post-8","page","type-page","status-publish","hentry"],"acf":[],"_links":{"self":[{"href":"https:\/\/www.arte.unicen.edu.ar\/cdab\/wp-json\/wp\/v2\/pages\/8","targetHints":{"allow":["GET"]}}],"collection":[{"href":"https:\/\/www.arte.unicen.edu.ar\/cdab\/wp-json\/wp\/v2\/pages"}],"about":[{"href":"https:\/\/www.arte.unicen.edu.ar\/cdab\/wp-json\/wp\/v2\/types\/page"}],"author":[{"embeddable":true,"href":"https:\/\/www.arte.unicen.edu.ar\/cdab\/wp-json\/wp\/v2\/users\/1"}],"replies":[{"embeddable":true,"href":"https:\/\/www.arte.unicen.edu.ar\/cdab\/wp-json\/wp\/v2\/comments?post=8"}],"version-history":[{"count":2,"href":"https:\/\/www.arte.unicen.edu.ar\/cdab\/wp-json\/wp\/v2\/pages\/8\/revisions"}],"predecessor-version":[{"id":18072,"href":"https:\/\/www.arte.unicen.edu.ar\/cdab\/wp-json\/wp\/v2\/pages\/8\/revisions\/18072"}],"wp:attachment":[{"href":"https:\/\/www.arte.unicen.edu.ar\/cdab\/wp-json\/wp\/v2\/media?parent=8"}],"curies":[{"name":"wp","href":"https:\/\/api.w.org\/{rel}","templated":true}]}}