{"id":6799,"date":"2019-04-03T13:44:18","date_gmt":"2019-04-03T16:44:18","guid":{"rendered":"http:\/\/www.arte.unicen.edu.ar\/cdab\/?page_id=6799"},"modified":"2021-03-29T12:03:17","modified_gmt":"2021-03-29T15:03:17","slug":"cdab10","status":"publish","type":"page","link":"https:\/\/www.arte.unicen.edu.ar\/cdab\/institucional\/cdab10\/","title":{"rendered":"Centro de Documentaci\u00f3n Audiovisual y Biblioteca: 10 a\u00f1os"},"content":{"rendered":"\n<p>Con motivo del d\u00e9cimo aniversario de la creaci\u00f3n del <strong>Centro de Documentaci\u00f3n Audiovisual y Biblioteca (CDAB)<\/strong> de la <a rel=\"noreferrer noopener\" aria-label=\"Facultad de Arte (abre en una nueva pesta\u00f1a)\" href=\"http:\/\/www.arte.unicen.edu.ar\" target=\"_blank\">Facultad de Arte<\/a>, compartimos una l\u00ednea de tiempo con algunos de los acontecimientos m\u00e1s destacados&#8230;<\/p>\n\n<div style=\"width: 100%; margin: 0 auto; text-align: center;\"><img loading=\"lazy\" decoding=\"async\" src=\"http:\/\/www.arte.unicen.edu.ar\/cdab\/wp-content\/uploads\/2021\/03\/cdab-arrowdown-icon.gif\" alt=\"\" title=\"\" style=\"margin-bottom: -5px; margin-right: 5px;\" width=\"45\" height=\"45\" border=\"0\"\/><span style=\"font-size: 18px; padding-bottom: 20px; font-weight: bold; margin-bottom: 18px;\"> desliz\u00e1 hacia abajo para descubrir el contenido<\/span><\/div>\n","protected":false},"excerpt":{"rendered":"<p>Con motivo del d\u00e9cimo aniversario de la creaci\u00f3n del Centro de Documentaci\u00f3n Audiovisual y Biblioteca (CDAB) de la Facultad de Arte, compartimos una l\u00ednea de tiempo con algunos de los acontecimientos m\u00e1s destacados&#8230; desliz\u00e1 hacia abajo para descubrir el contenido<\/p>\n","protected":false},"author":1,"featured_media":0,"parent":5,"menu_order":0,"comment_status":"closed","ping_status":"closed","template":"page-efemerides.php","meta":{"_acf_changed":false,"footnotes":""},"class_list":["post-6799","page","type-page","status-publish","hentry"],"acf":[],"_links":{"self":[{"href":"https:\/\/www.arte.unicen.edu.ar\/cdab\/wp-json\/wp\/v2\/pages\/6799","targetHints":{"allow":["GET"]}}],"collection":[{"href":"https:\/\/www.arte.unicen.edu.ar\/cdab\/wp-json\/wp\/v2\/pages"}],"about":[{"href":"https:\/\/www.arte.unicen.edu.ar\/cdab\/wp-json\/wp\/v2\/types\/page"}],"author":[{"embeddable":true,"href":"https:\/\/www.arte.unicen.edu.ar\/cdab\/wp-json\/wp\/v2\/users\/1"}],"replies":[{"embeddable":true,"href":"https:\/\/www.arte.unicen.edu.ar\/cdab\/wp-json\/wp\/v2\/comments?post=6799"}],"version-history":[{"count":2,"href":"https:\/\/www.arte.unicen.edu.ar\/cdab\/wp-json\/wp\/v2\/pages\/6799\/revisions"}],"predecessor-version":[{"id":18379,"href":"https:\/\/www.arte.unicen.edu.ar\/cdab\/wp-json\/wp\/v2\/pages\/6799\/revisions\/18379"}],"up":[{"embeddable":true,"href":"https:\/\/www.arte.unicen.edu.ar\/cdab\/wp-json\/wp\/v2\/pages\/5"}],"wp:attachment":[{"href":"https:\/\/www.arte.unicen.edu.ar\/cdab\/wp-json\/wp\/v2\/media?parent=6799"}],"curies":[{"name":"wp","href":"https:\/\/api.w.org\/{rel}","templated":true}]}}