{"id":54,"date":"2016-12-02T15:27:16","date_gmt":"2016-12-02T18:27:16","guid":{"rendered":"http:\/\/cdab.chilaproducciones.com.ar\/?page_id=54"},"modified":"2026-03-04T11:06:56","modified_gmt":"2026-03-04T14:06:56","slug":"escenauno","status":"publish","type":"page","link":"https:\/\/www.arte.unicen.edu.ar\/cdab\/publicacionesfa\/grupos-investigacion\/escenauno\/","title":{"rendered":"EscenaUno | Escenograf\u00eda, direcci\u00f3n de arte y puesta en escena"},"content":{"rendered":"<table style=\"margin: 20px 0px 0px 0px;\">\n<tbody>\n<tr>\n<td style=\"width: 210px; height: 275px; text-align: center; vertical-align: top;\"><a href=\"https:\/\/www.ojs.arte.unicen.edu.ar\/index.php\/escenauno\" target=\"_blank\" rel=\"noopener\"><img decoding=\"async\" class=\"publicacion-tapa cdab-tapa-escenauno\" title=\"EscenaUno | Escenograf\u00eda, direcci\u00f3n de arte y puesta en escena\" src=\"\/cdab\/wp-content\/themes\/cdab\/images\/space.gif\" data-fancybox=\"gallery\" data-caption=\"EscenaUno | Escenograf\u00eda, direcci\u00f3n de arte y puesta en escena\"\/><\/a><\/td>\n<td style=\"vertical-align: top; padding: 0px 0px 0px 25px;\"><strong>EscenaUno<\/strong> es una publicaci\u00f3n electr\u00f3nica de periodicidad semestral (julio y diciembre), de consulta libre y gratuita, realizada por acad\u00e9micos y artistas de diferentes Universidades Argentinas, en el marco del <a title=\"Instituto de Estudios Escenogr\u00e1ficos en Artes Esc\u00e9nicas y Audiovisuales\" href=\"http:\/\/www.indees.com.ar\" target=\"_blank\" rel=\"noopener\">Instituto de Estudios Escenogr\u00e1ficos en Artes Esc\u00e9nicas y Audiovisuales<\/a> de la <strong>Facultad de Arte<\/strong> de la <strong>UNICEN<\/strong>.\n<p><strong>EscenaUno<\/strong> est\u00e1 dedicada a un espectro de lectores interesados, estudiosos y\/o hacedores relacionados con las problem\u00e1ticas de la escenograf\u00eda, la direcci\u00f3n de arte y la puesta en escena, y aspira a ser un espacio de di\u00e1logo e intercambio acerca de las m\u00faltiples perspectivas cr\u00edticas y metacr\u00edticas de la escena actual. Presenta trabajos in\u00e9ditos que son sometidos al arbitraje de un Consejo Asesor integrado por reconocidos especialistas nacionales e internacionales.<\/p>\n<p>&nbsp;<\/p>\n<p><strong><u>Edici\u00f3n:<\/u><\/strong> <strong>INDEES (Instituto de Estudios Escenogr\u00e1ficos en Artes Esc\u00e9nicas y Audiovisuales)<\/strong><\/p>\n<p>&nbsp;<\/p>\n<p><strong>Visite el sitio web oficial en:<\/strong> <a title=\"EscenaUno | Escenograf\u00eda, direcci\u00f3n de arte y puesta en escena\" href=\"https:\/\/www.ojs.arte.unicen.edu.ar\/index.php\/escenauno\" target=\"_blank\" rel=\"noopener\">www.ojs.arte.unicen.edu.ar\/index.php\/escenauno<\/a><\/p><\/td>\n<\/tr>\n<\/tbody>\n<\/table>\n","protected":false},"excerpt":{"rendered":"<p>EscenaUno es una publicaci\u00f3n electr\u00f3nica de periodicidad semestral (julio y diciembre), de consulta libre y gratuita, realizada por acad\u00e9micos y artistas de diferentes Universidades Argentinas, en el marco del Instituto de Estudios Escenogr\u00e1ficos en Artes Esc\u00e9nicas y Audiovisuales de la Facultad de Arte de la UNICEN. EscenaUno est\u00e1 dedicada a un espectro de lectores interesados, estudiosos y\/o hacedores relacionados con [&hellip;]<\/p>\n","protected":false},"author":1,"featured_media":0,"parent":46,"menu_order":0,"comment_status":"closed","ping_status":"closed","template":"","meta":{"_acf_changed":false,"footnotes":""},"class_list":["post-54","page","type-page","status-publish","hentry"],"acf":[],"_links":{"self":[{"href":"https:\/\/www.arte.unicen.edu.ar\/cdab\/wp-json\/wp\/v2\/pages\/54","targetHints":{"allow":["GET"]}}],"collection":[{"href":"https:\/\/www.arte.unicen.edu.ar\/cdab\/wp-json\/wp\/v2\/pages"}],"about":[{"href":"https:\/\/www.arte.unicen.edu.ar\/cdab\/wp-json\/wp\/v2\/types\/page"}],"author":[{"embeddable":true,"href":"https:\/\/www.arte.unicen.edu.ar\/cdab\/wp-json\/wp\/v2\/users\/1"}],"replies":[{"embeddable":true,"href":"https:\/\/www.arte.unicen.edu.ar\/cdab\/wp-json\/wp\/v2\/comments?post=54"}],"version-history":[{"count":2,"href":"https:\/\/www.arte.unicen.edu.ar\/cdab\/wp-json\/wp\/v2\/pages\/54\/revisions"}],"predecessor-version":[{"id":35871,"href":"https:\/\/www.arte.unicen.edu.ar\/cdab\/wp-json\/wp\/v2\/pages\/54\/revisions\/35871"}],"up":[{"embeddable":true,"href":"https:\/\/www.arte.unicen.edu.ar\/cdab\/wp-json\/wp\/v2\/pages\/46"}],"wp:attachment":[{"href":"https:\/\/www.arte.unicen.edu.ar\/cdab\/wp-json\/wp\/v2\/media?parent=54"}],"curies":[{"name":"wp","href":"https:\/\/api.w.org\/{rel}","templated":true}]}}