{"id":51,"date":"2016-12-02T15:26:47","date_gmt":"2016-12-02T18:26:47","guid":{"rendered":"http:\/\/cdab.chilaproducciones.com.ar\/?page_id=51"},"modified":"2021-03-12T12:24:59","modified_gmt":"2021-03-12T15:24:59","slug":"cuerpo-del-drama","status":"publish","type":"page","link":"https:\/\/www.arte.unicen.edu.ar\/cdab\/publicacionesfa\/grupos-investigacion\/cuerpo-del-drama\/","title":{"rendered":"Cuerpo del Drama | Estudios del cuerpo esc\u00e9nico"},"content":{"rendered":"<table style=\"margin: 20px 0px 0px 0px;\">\n<tbody>\n<tr>\n<td style=\"width: 210px; height: 275px; text-align: center; vertical-align: top;\"><a href=\"http:\/\/www.ojs.arte.unicen.edu.ar\/index.php\/cuerpodeldrama\" target=\"_blank\" rel=\"noopener noreferrer\"><img decoding=\"async\" class=\"publicacion-tapa cdab-tapa-cuerpodeldrama\" title=\"Cuerpo del Drama | Estudios del cuerpo esc\u00e9nico\" src=\"\/cdab\/wp-content\/themes\/cdab\/images\/space.gif\" data-fancybox=\"gallery\" data-caption=\"Cuerpo del Drama | Estudios del cuerpo esc\u00e9nico\"\/><\/a><\/td>\n<td style=\"vertical-align: top; padding: 0px 0px 0px 25px;\"><strong>Cuerpo del Drama<\/strong> es una publicaci\u00f3n electr\u00f3nica, de consulta libre y gratuita. Editada por el <strong>GITCE<\/strong>, est\u00e1 destinada a divulgar distintas producciones (puestas en escena, ensay\u00edstica, dramaturgia, etc.) que desarrollen enfoques conceptuales y\/o procedimentales para el estudio del cuerpo humano en la pr\u00e1ctica teatral, en su especificidad como disciplina art\u00edstica y en su interacci\u00f3n con otras disciplinas en procura de ampliar los conocimientos sobre el cuerpo humano en estado de representaci\u00f3n.\n<p>&nbsp;<\/p>\n<p><strong><u>Directora:<\/u><\/strong> <strong>Gabriela P\u00e9rez Cubas<\/strong><\/p>\n<p><strong><u>Editora:<\/u><\/strong> <strong>Mar\u00eda Emilia Zarini<\/strong><\/p>\n<p>&nbsp;<\/p>\n<p><strong>Visite el sitio web oficial en:<\/strong> <a title=\"Cuerpo del Drama | Estudios del cuerpo esc\u00e9nico\" href=\"http:\/\/www.ojs.arte.unicen.edu.ar\/index.php\/cuerpodeldrama\" target=\"_blank\" rel=\"noopener noreferrer\">www.ojs.arte.unicen.edu.ar\/index.php\/cuerpodeldrama<\/a><\/p><\/td>\n<\/tr>\n<\/tbody>\n<\/table>\n","protected":false},"excerpt":{"rendered":"<p>Cuerpo del Drama es una publicaci\u00f3n electr\u00f3nica, de consulta libre y gratuita. Editada por el GITCE, est\u00e1 destinada a divulgar distintas producciones (puestas en escena, ensay\u00edstica, dramaturgia, etc.) que desarrollen enfoques conceptuales y\/o procedimentales para el estudio del cuerpo humano en la pr\u00e1ctica teatral, en su especificidad como disciplina art\u00edstica y en su interacci\u00f3n con otras disciplinas en procura de [&hellip;]<\/p>\n","protected":false},"author":1,"featured_media":0,"parent":46,"menu_order":0,"comment_status":"closed","ping_status":"closed","template":"","meta":{"_acf_changed":false,"footnotes":""},"class_list":["post-51","page","type-page","status-publish","hentry"],"acf":[],"_links":{"self":[{"href":"https:\/\/www.arte.unicen.edu.ar\/cdab\/wp-json\/wp\/v2\/pages\/51","targetHints":{"allow":["GET"]}}],"collection":[{"href":"https:\/\/www.arte.unicen.edu.ar\/cdab\/wp-json\/wp\/v2\/pages"}],"about":[{"href":"https:\/\/www.arte.unicen.edu.ar\/cdab\/wp-json\/wp\/v2\/types\/page"}],"author":[{"embeddable":true,"href":"https:\/\/www.arte.unicen.edu.ar\/cdab\/wp-json\/wp\/v2\/users\/1"}],"replies":[{"embeddable":true,"href":"https:\/\/www.arte.unicen.edu.ar\/cdab\/wp-json\/wp\/v2\/comments?post=51"}],"version-history":[{"count":2,"href":"https:\/\/www.arte.unicen.edu.ar\/cdab\/wp-json\/wp\/v2\/pages\/51\/revisions"}],"predecessor-version":[{"id":18067,"href":"https:\/\/www.arte.unicen.edu.ar\/cdab\/wp-json\/wp\/v2\/pages\/51\/revisions\/18067"}],"up":[{"embeddable":true,"href":"https:\/\/www.arte.unicen.edu.ar\/cdab\/wp-json\/wp\/v2\/pages\/46"}],"wp:attachment":[{"href":"https:\/\/www.arte.unicen.edu.ar\/cdab\/wp-json\/wp\/v2\/media?parent=51"}],"curies":[{"name":"wp","href":"https:\/\/api.w.org\/{rel}","templated":true}]}}