{"id":49,"date":"2016-12-02T15:26:20","date_gmt":"2016-12-02T18:26:20","guid":{"rendered":"http:\/\/cdab.chilaproducciones.com.ar\/?page_id=49"},"modified":"2022-08-30T01:27:14","modified_gmt":"2022-08-30T04:27:14","slug":"aura","status":"publish","type":"page","link":"https:\/\/www.arte.unicen.edu.ar\/cdab\/publicacionesfa\/grupos-investigacion\/aura\/","title":{"rendered":"Aura | Revista de Historia y Teor\u00eda del Arte"},"content":{"rendered":"<table style=\"margin: 20px 0px 0px 0px;\">\n<tbody>\n<tr>\n<td style=\"width: 210px; height: 275px; text-align: center; vertical-align: top;\"><a href=\"http:\/\/www.ojs.arte.unicen.edu.ar\/index.php\/aura\" target=\"_blank\" rel=\"noopener noreferrer\"><img decoding=\"async\" class=\"publicacion-tapa cdab-tapa-aura\" title=\"Aura | Revista de Historia y Teor\u00eda del Arte\" src=\"\/cdab\/wp-content\/themes\/cdab\/images\/space.gif\" data-fancybox=\"gallery\" data-caption=\"Aura | Revista de Historia y Teor\u00eda del Arte\"\/><\/a><\/td>\n<td style=\"vertical-align: top; padding: 0px 0px 0px 25px;\">La revista <strong>AURA<\/strong> se enfoca en una aproximaci\u00f3n hist\u00f3rica y te\u00f3rica de las artes, con especial aunque no excluyente inter\u00e9s en las artes esc\u00e9nicas y audiovisuales, que son las que se estudian en la <strong>Facultad de Arte<\/strong> de la <strong>UNICEN<\/strong>. La revista publica art\u00edculos basados en investigaciones relacionadas con los campos de la historia del arte, la est\u00e9tica, la antropolog\u00eda del arte, los estudios culturales y afines. Se aceptan, asimismo, contribuciones en la forma de ensayos, entrevistas y rese\u00f1as bibliogr\u00e1ficas o de espect\u00e1culos. Todos los art\u00edculos y el material multimedia se publican siguiendo pol\u00edticas de acceso abierto.\n<p>&nbsp;<\/p>\n<p><strong><u>Directora del Departamento de Historia y Teor\u00eda del Arte:<\/u><\/strong> <strong>Dr. Juan Manuel Padr\u00f3n<\/strong><\/p>\n<p><strong><u>Editores:<\/u><\/strong> <strong>Dra. Ana Silva<\/strong>, <strong>Dr. Luciano Barandiar\u00e1n<\/strong>,&nbsp;<strong>RIAA Daniel Giacomelli, RIAA Claudia C. Speranza<\/strong><\/p>\n<p>&nbsp;<\/p>\n<p><strong>Visite el sitio web oficial en:<\/strong> <a title=\"Aura | Revista de Historia y Teor\u00eda del Arte\" href=\"http:\/\/www.ojs.arte.unicen.edu.ar\/index.php\/aura\" target=\"_blank\" rel=\"noopener noreferrer\">www.ojs.arte.unicen.edu.ar\/index.php\/aura<\/a><\/p><\/td>\n<\/tr>\n<\/tbody>\n<\/table>\n","protected":false},"excerpt":{"rendered":"<p>La revista AURA se enfoca en una aproximaci\u00f3n hist\u00f3rica y te\u00f3rica de las artes, con especial aunque no excluyente inter\u00e9s en las artes esc\u00e9nicas y audiovisuales, que son las que se estudian en la Facultad de Arte de la UNICEN. La revista publica art\u00edculos basados en investigaciones relacionadas con los campos de la historia del arte, la est\u00e9tica, la antropolog\u00eda [&hellip;]<\/p>\n","protected":false},"author":1,"featured_media":0,"parent":46,"menu_order":0,"comment_status":"closed","ping_status":"closed","template":"","meta":{"_acf_changed":false,"footnotes":""},"class_list":["post-49","page","type-page","status-publish","hentry"],"acf":[],"_links":{"self":[{"href":"https:\/\/www.arte.unicen.edu.ar\/cdab\/wp-json\/wp\/v2\/pages\/49","targetHints":{"allow":["GET"]}}],"collection":[{"href":"https:\/\/www.arte.unicen.edu.ar\/cdab\/wp-json\/wp\/v2\/pages"}],"about":[{"href":"https:\/\/www.arte.unicen.edu.ar\/cdab\/wp-json\/wp\/v2\/types\/page"}],"author":[{"embeddable":true,"href":"https:\/\/www.arte.unicen.edu.ar\/cdab\/wp-json\/wp\/v2\/users\/1"}],"replies":[{"embeddable":true,"href":"https:\/\/www.arte.unicen.edu.ar\/cdab\/wp-json\/wp\/v2\/comments?post=49"}],"version-history":[{"count":1,"href":"https:\/\/www.arte.unicen.edu.ar\/cdab\/wp-json\/wp\/v2\/pages\/49\/revisions"}],"predecessor-version":[{"id":24567,"href":"https:\/\/www.arte.unicen.edu.ar\/cdab\/wp-json\/wp\/v2\/pages\/49\/revisions\/24567"}],"up":[{"embeddable":true,"href":"https:\/\/www.arte.unicen.edu.ar\/cdab\/wp-json\/wp\/v2\/pages\/46"}],"wp:attachment":[{"href":"https:\/\/www.arte.unicen.edu.ar\/cdab\/wp-json\/wp\/v2\/media?parent=49"}],"curies":[{"name":"wp","href":"https:\/\/api.w.org\/{rel}","templated":true}]}}