{"id":46,"date":"2016-12-02T15:25:14","date_gmt":"2016-12-02T18:25:14","guid":{"rendered":"http:\/\/cdab.chilaproducciones.com.ar\/?page_id=46"},"modified":"2021-03-12T12:02:16","modified_gmt":"2021-03-12T15:02:16","slug":"grupos-investigacion","status":"publish","type":"page","link":"https:\/\/www.arte.unicen.edu.ar\/cdab\/publicacionesfa\/grupos-investigacion\/","title":{"rendered":"Grupos de Investigaci\u00f3n"},"content":{"rendered":"<p>Te invitamos a leer las revistas acad\u00e9micas editadas por los n\u00facleos y grupos de investigaci\u00f3n de la <a href=\"http:\/\/www.arte.unicen.edu.ar\" target=\"_blank\" rel=\"noopener noreferrer\">Facultad de Arte<\/a>:<\/p>\n<table style=\"margin: 0 auto;\">\n<tbody>\n<tr>\n<td style=\"padding: 15px; text-align: center;\"><a href=\"http:\/\/www.arte.unicen.edu.ar\/cdab\/publicacionesfa\/grupos-investigacion\/aura\"><img decoding=\"async\" class=\"cdab-tapa-aura publicacion-tapa\" title=\"Aura | Revista de Historia y Teor\u00eda del Arte\" src=\"\/cdab\/wp-content\/themes\/cdab\/images\/space.gif\" data-fancybox=\"gallery\" data-caption=\"Grupos de Investigaci\u00f3n\"\/><\/a><\/td>\n<td style=\"padding: 15px; text-align: center;\"><a href=\"http:\/\/www.arte.unicen.edu.ar\/cdab\/publicacionesfa\/grupos-investigacion\/cuerpo-del-drama\"><img decoding=\"async\" class=\"cdab-tapa-cuerpodeldrama publicacion-tapa\" title=\"Cuerpo del Drama | Estudios del cuerpo esc\u00e9nico\" src=\"\/cdab\/wp-content\/themes\/cdab\/images\/space.gif\" data-fancybox=\"gallery\" data-caption=\"Grupos de Investigaci\u00f3n\"\/><\/a><\/td>\n<td style=\"padding: 15px; text-align: center;\"><a href=\"http:\/\/www.arte.unicen.edu.ar\/cdab\/publicacionesfa\/grupos-investigacion\/el-peldano\"><img decoding=\"async\" class=\"cdab-tapa-elpeldano publicacion-tapa\" title=\"El Pelda\u00f1o | Cuaderno de teatrolog\u00eda\" src=\"\/cdab\/wp-content\/themes\/cdab\/images\/space.gif\" data-fancybox=\"gallery\" data-caption=\"Grupos de Investigaci\u00f3n\"\/><\/a><\/td>\n<td style=\"padding: 15px; text-align: center;\"><a href=\"http:\/\/www.arte.unicen.edu.ar\/cdab\/publicacionesfa\/grupos-investigacion\/escenauno\"><img decoding=\"async\" class=\"cdab-tapa-escenauno publicacion-tapa\" title=\"EscenaUno | Escenograf\u00eda, direcci\u00f3n de arte y puesta en escena\" src=\"\/cdab\/wp-content\/themes\/cdab\/images\/space.gif\" data-fancybox=\"gallery\" data-caption=\"Grupos de Investigaci\u00f3n\"\/><\/a><\/td>\n<\/tr>\n<tr>\n<td style=\"padding: 15px; text-align: center;\"><a href=\"http:\/\/www.arte.unicen.edu.ar\/cdab\/publicacionesfa\/grupos-investigacion\/trayectoria\"><img decoding=\"async\" class=\"cdab-tapa-trayectoria publicacion-tapa\" title=\"Trayectoria | Pr\u00e1ctica Docente en Educaci\u00f3n Art\u00edstica\" src=\"\/cdab\/wp-content\/themes\/cdab\/images\/space.gif\" data-fancybox=\"gallery\" data-caption=\"Grupos de Investigaci\u00f3n\"\/><\/a><\/td>\n<td style=\"padding: 15px; text-align: center;\"><a href=\"http:\/\/www.arte.unicen.edu.ar\/cdab\/publicacionesfa\/grupos-investigacion\/arte\"><img decoding=\"async\" class=\"cdab-tapa-puntoarte publicacion-tapa\" title=\".arte | Revista digital de la Facultad de Arte\" src=\"\/cdab\/wp-content\/themes\/cdab\/images\/space.gif\" data-fancybox=\"gallery\" data-caption=\"Grupos de Investigaci\u00f3n\"\/><\/a><\/td>\n<td>&nbsp;<\/td>\n<\/tr>\n<\/tbody>\n<\/table>\n","protected":false},"excerpt":{"rendered":"<p>Te invitamos a leer las revistas acad\u00e9micas editadas por los n\u00facleos y grupos de investigaci\u00f3n de la Facultad de Arte: &nbsp;<\/p>\n","protected":false},"author":1,"featured_media":0,"parent":16,"menu_order":0,"comment_status":"closed","ping_status":"closed","template":"","meta":{"_acf_changed":false,"footnotes":""},"class_list":["post-46","page","type-page","status-publish","hentry"],"acf":[],"_links":{"self":[{"href":"https:\/\/www.arte.unicen.edu.ar\/cdab\/wp-json\/wp\/v2\/pages\/46","targetHints":{"allow":["GET"]}}],"collection":[{"href":"https:\/\/www.arte.unicen.edu.ar\/cdab\/wp-json\/wp\/v2\/pages"}],"about":[{"href":"https:\/\/www.arte.unicen.edu.ar\/cdab\/wp-json\/wp\/v2\/types\/page"}],"author":[{"embeddable":true,"href":"https:\/\/www.arte.unicen.edu.ar\/cdab\/wp-json\/wp\/v2\/users\/1"}],"replies":[{"embeddable":true,"href":"https:\/\/www.arte.unicen.edu.ar\/cdab\/wp-json\/wp\/v2\/comments?post=46"}],"version-history":[{"count":2,"href":"https:\/\/www.arte.unicen.edu.ar\/cdab\/wp-json\/wp\/v2\/pages\/46\/revisions"}],"predecessor-version":[{"id":18054,"href":"https:\/\/www.arte.unicen.edu.ar\/cdab\/wp-json\/wp\/v2\/pages\/46\/revisions\/18054"}],"up":[{"embeddable":true,"href":"https:\/\/www.arte.unicen.edu.ar\/cdab\/wp-json\/wp\/v2\/pages\/16"}],"wp:attachment":[{"href":"https:\/\/www.arte.unicen.edu.ar\/cdab\/wp-json\/wp\/v2\/media?parent=46"}],"curies":[{"name":"wp","href":"https:\/\/api.w.org\/{rel}","templated":true}]}}