{"id":4592,"date":"2018-05-28T09:54:01","date_gmt":"2018-05-28T12:54:01","guid":{"rendered":"http:\/\/www.arte.unicen.edu.ar\/cdab\/?page_id=4592"},"modified":"2021-09-05T21:08:32","modified_gmt":"2021-09-06T00:08:32","slug":"solicitar-acceso","status":"publish","type":"page","link":"https:\/\/www.arte.unicen.edu.ar\/cdab\/servicios\/repositorio\/solicitar-acceso\/","title":{"rendered":"Solicitar datos de acceso &#8211; Repositorio multimedia CDAB"},"content":{"rendered":"<p>Mediante el siguiente formulario pod\u00e9s solicitar los datos de acceso al <a href=\"http:\/\/www.arte.unicen.edu.ar\/cdab\/servicios\/repositorio\">repositorio multimedia CDAB<\/a>:<\/p>\n\n<div class=\"wpcf7 no-js\" id=\"wpcf7-f4464-o1\" lang=\"en-US\" dir=\"ltr\" data-wpcf7-id=\"4464\">\n<div class=\"screen-reader-response\"><p role=\"status\" aria-live=\"polite\" aria-atomic=\"true\"><\/p> <\/div>\n<form action=\"\/cdab\/wp-json\/wp\/v2\/pages\/4592#wpcf7-f4464-o1\" method=\"post\" class=\"wpcf7-form init\" aria-label=\"Contact form\" novalidate=\"novalidate\" data-status=\"init\">\n<fieldset class=\"hidden-fields-container\"><input type=\"hidden\" name=\"_wpcf7\" value=\"4464\" \/><input type=\"hidden\" name=\"_wpcf7_version\" value=\"6.1.3\" \/><input type=\"hidden\" name=\"_wpcf7_locale\" value=\"en_US\" \/><input type=\"hidden\" name=\"_wpcf7_unit_tag\" value=\"wpcf7-f4464-o1\" \/><input type=\"hidden\" name=\"_wpcf7_container_post\" value=\"0\" \/><input type=\"hidden\" name=\"_wpcf7_posted_data_hash\" value=\"\" \/><input type=\"hidden\" name=\"_wpcf7cf_hidden_group_fields\" value=\"[]\" \/><input type=\"hidden\" name=\"_wpcf7cf_hidden_groups\" value=\"[]\" \/><input type=\"hidden\" name=\"_wpcf7cf_visible_groups\" value=\"[]\" \/><input type=\"hidden\" name=\"_wpcf7cf_repeaters\" value=\"[]\" \/><input type=\"hidden\" name=\"_wpcf7cf_steps\" value=\"{}\" \/><input type=\"hidden\" name=\"_wpcf7cf_options\" value=\"{&quot;form_id&quot;:4464,&quot;conditions&quot;:[{&quot;then_field&quot;:&quot;cdab-reposu-carrera&quot;,&quot;and_rules&quot;:[{&quot;if_field&quot;:&quot;cdab-reposu-claustro&quot;,&quot;operator&quot;:&quot;equals&quot;,&quot;if_value&quot;:&quot;Estudiantes&quot;}]},{&quot;then_field&quot;:&quot;cdab-reposu-carrera&quot;,&quot;and_rules&quot;:[{&quot;if_field&quot;:&quot;cdab-reposu-claustro&quot;,&quot;operator&quot;:&quot;equals&quot;,&quot;if_value&quot;:&quot;Docentes&quot;}]},{&quot;then_field&quot;:&quot;cdab-reposu-carrera&quot;,&quot;and_rules&quot;:[{&quot;if_field&quot;:&quot;cdab-reposu-claustro&quot;,&quot;operator&quot;:&quot;equals&quot;,&quot;if_value&quot;:&quot;Graduadxs&quot;}]}],&quot;settings&quot;:{&quot;animation&quot;:&quot;yes&quot;,&quot;animation_intime&quot;:&quot;200&quot;,&quot;animation_outtime&quot;:&quot;200&quot;,&quot;conditions_ui&quot;:&quot;normal&quot;,&quot;notice_dismissed&quot;:true}}\" \/>\n<\/fieldset>\n<div class=\"icon\">\n\t<p><span class=\"wpcf7-form-control-wrap\" data-name=\"cdab-reposu-nombre\"><input size=\"40\" maxlength=\"400\" class=\"wpcf7-form-control wpcf7-text wpcf7-validates-as-required cdabcontact-name\" aria-required=\"true\" aria-invalid=\"false\" placeholder=\"Nombre y Apellido\" value=\"\" type=\"text\" name=\"cdab-reposu-nombre\" \/><\/span>\n\t<\/p>\n<\/div>\n<div class=\"icon\">\n\t<p><span class=\"wpcf7-form-control-wrap\" data-name=\"cdab-reposu-dni\"><input size=\"40\" maxlength=\"400\" class=\"wpcf7-form-control wpcf7-text wpcf7-validates-as-required cdabcontact-dni\" aria-required=\"true\" aria-invalid=\"false\" placeholder=\"DNI\" value=\"\" type=\"text\" name=\"cdab-reposu-dni\" \/><\/span>\n\t<\/p>\n<\/div>\n<div class=\"icon\">\n\t<p><span class=\"wpcf7-form-control-wrap\" data-name=\"cdab-reposu-email\"><input size=\"40\" maxlength=\"400\" class=\"wpcf7-form-control wpcf7-email wpcf7-validates-as-required wpcf7-text wpcf7-validates-as-email cdabcontact-email\" aria-required=\"true\" aria-invalid=\"false\" placeholder=\"Correo electr\u00f3nico\" value=\"\" type=\"email\" name=\"cdab-reposu-email\" \/><\/span>\n\t<\/p>\n<\/div>\n<h3>Informaci\u00f3n acad\u00e9mica\n<\/h3>\n<p>Seleccione el claustro de la <a href=\"http:\/\/www.arte.unicen.edu.ar\" target=\"_blank\">Facultad de Arte<\/a> del que forma parte\n<\/p>\n<p><span class=\"wpcf7-form-control-wrap\" data-name=\"cdab-reposu-claustro\"><select class=\"wpcf7-form-control wpcf7-select wpcf7-validates-as-required cdabcontact-area\" aria-required=\"true\" aria-invalid=\"false\" name=\"cdab-reposu-claustro\"><option value=\"\">&#8212;Please choose an option&#8212;<\/option><option value=\"Estudiantes\">Estudiantes<\/option><option value=\"Graduadxs\">Graduadxs<\/option><option value=\"Investigadorxs\">Investigadorxs<\/option><option value=\"Docentes\">Docentes<\/option><option value=\"No docentes\">No docentes<\/option><\/select><\/span>\n<\/p>\n<p><span data-id=\"cdab-reposu-carrera\" data-orig_data_id=\"cdab-reposu-carrera\" data-clear_on_hide class=\"\" data-class=\"wpcf7cf_group\">Carrera de la Facultad de Arte a la que pertenece<br \/>\n<span class=\"wpcf7-form-control-wrap\" data-name=\"cdab-reposu-carrera\"><select class=\"wpcf7-form-control wpcf7-select wpcf7-validates-as-required cdabcontact-area\" aria-required=\"true\" aria-invalid=\"false\" name=\"cdab-reposu-carrera\"><option value=\"\">&#8212;Please choose an option&#8212;<\/option><option value=\"Diplomatura Universitaria en Arte y Tecnolog\u00eda\">Diplomatura Universitaria en Arte y Tecnolog\u00eda<\/option><option value=\"Diplomatura Universitaria en Arte para la Transformaci\u00f3n Social\">Diplomatura Universitaria en Arte para la Transformaci\u00f3n Social<\/option><option value=\"Diplomatura Universitaria en Est\u00e9ticas Contempor\u00e1neas\">Diplomatura Universitaria en Est\u00e9ticas Contempor\u00e1neas<\/option><option value=\"Profesorado en Teatro\">Profesorado en Teatro<\/option><option value=\"Licenciatura en Teatro\">Licenciatura en Teatro<\/option><option value=\"Realizaci\u00f3n Integral en Artes Audiovisuales\">Realizaci\u00f3n Integral en Artes Audiovisuales<\/option><option value=\"Maestr\u00eda en Teatro - Menci\u00f3n Direcci\u00f3n Esc\u00e9nica \/ Dise\u00f1o Esc\u00e9nico \/ Actuaci\u00f3n\">Maestr\u00eda en Teatro - Menci\u00f3n Direcci\u00f3n Esc\u00e9nica \/ Dise\u00f1o Esc\u00e9nico \/ Actuaci\u00f3n<\/option><option value=\"Maestr\u00eda en Arte y Sociedad en Latinoam\u00e9rica\">Maestr\u00eda en Arte y Sociedad en Latinoam\u00e9rica<\/option><\/select><\/span><\/span>\n<\/p>\n<div class=\"icon\">\n\t<p><span class=\"wpcf7-form-control-wrap\" data-name=\"cdab-reposu-message\"><textarea cols=\"40\" rows=\"10\" maxlength=\"2000\" class=\"wpcf7-form-control wpcf7-textarea cdabcontact-message\" aria-invalid=\"false\" placeholder=\"\u00bfDesea realizarnos alg\u00fan comentario acerca del acceso al repositorio multimedia del CDAB?\" name=\"cdab-reposu-message\"><\/textarea><\/span>\n\t<\/p>\n<\/div>\n<p><span class=\"wpcf7-form-control-wrap\" data-name=\"cdabcontact-accept\"><span class=\"wpcf7-form-control wpcf7-acceptance\"><span class=\"wpcf7-list-item\"><input type=\"checkbox\" name=\"cdabcontact-accept\" value=\"1\" class=\"cdabcontact-accept\" aria-invalid=\"false\" \/><\/span><\/span><\/span><strong>Al enviar este mensaje Ud. acepta los T\u00e9rminos de Uso del repositorio multimedia del CDAB.<br \/>\nSus datos ser\u00e1n resguardados en nuestro servidor para futuro contacto institucional.<\/strong>\n<\/p>\n<div align=\"center\">\n\t<p><input class=\"wpcf7-form-control wpcf7-submit has-spinner\" id=\"cdabcontact-submit\" type=\"submit\" value=\"Enviar mensaje\" \/>\n\t<\/p>\n<\/div><div class=\"wpcf7-response-output\" aria-hidden=\"true\"><\/div>\n<\/form>\n<\/div>\n\n","protected":false},"excerpt":{"rendered":"<p>Mediante el siguiente formulario pod\u00e9s solicitar los datos de acceso al repositorio multimedia CDAB:<\/p>\n","protected":false},"author":1,"featured_media":0,"parent":4449,"menu_order":0,"comment_status":"closed","ping_status":"closed","template":"","meta":{"_acf_changed":false,"footnotes":""},"class_list":["post-4592","page","type-page","status-publish","hentry"],"acf":[],"_links":{"self":[{"href":"https:\/\/www.arte.unicen.edu.ar\/cdab\/wp-json\/wp\/v2\/pages\/4592","targetHints":{"allow":["GET"]}}],"collection":[{"href":"https:\/\/www.arte.unicen.edu.ar\/cdab\/wp-json\/wp\/v2\/pages"}],"about":[{"href":"https:\/\/www.arte.unicen.edu.ar\/cdab\/wp-json\/wp\/v2\/types\/page"}],"author":[{"embeddable":true,"href":"https:\/\/www.arte.unicen.edu.ar\/cdab\/wp-json\/wp\/v2\/users\/1"}],"replies":[{"embeddable":true,"href":"https:\/\/www.arte.unicen.edu.ar\/cdab\/wp-json\/wp\/v2\/comments?post=4592"}],"version-history":[{"count":2,"href":"https:\/\/www.arte.unicen.edu.ar\/cdab\/wp-json\/wp\/v2\/pages\/4592\/revisions"}],"predecessor-version":[{"id":20639,"href":"https:\/\/www.arte.unicen.edu.ar\/cdab\/wp-json\/wp\/v2\/pages\/4592\/revisions\/20639"}],"up":[{"embeddable":true,"href":"https:\/\/www.arte.unicen.edu.ar\/cdab\/wp-json\/wp\/v2\/pages\/4449"}],"wp:attachment":[{"href":"https:\/\/www.arte.unicen.edu.ar\/cdab\/wp-json\/wp\/v2\/media?parent=4592"}],"curies":[{"name":"wp","href":"https:\/\/api.w.org\/{rel}","templated":true}]}}