{"id":4449,"date":"2018-05-15T11:40:42","date_gmt":"2018-05-15T14:40:42","guid":{"rendered":"http:\/\/www.arte.unicen.edu.ar\/cdab\/?page_id=4449"},"modified":"2020-06-30T16:23:53","modified_gmt":"2020-06-30T19:23:53","slug":"repositorio","status":"publish","type":"page","link":"https:\/\/www.arte.unicen.edu.ar\/cdab\/servicios\/repositorio\/","title":{"rendered":"Repositorio multimedia"},"content":{"rendered":"<p><img decoding=\"async\" class=\"cdab-repositorio\" title=\"Repositorio multimedia del Centro de Documentaci\u00f3n Audiovisual y Biblioteca de la Facultad de Arte\" src=\"\/cdab\/wp-content\/themes\/cdab\/images\/space.gif\" alt=\"Repositorio multimedia del Centro de Documentaci\u00f3n Audiovisual y Biblioteca de la Facultad de Arte\"\/>Durante 2017 el <strong>Centro de Documentaci\u00f3n Audiovisual y Biblioteca (CDAB)<\/strong> de la <a href=\"http:\/\/www.arte.unicen.edu.ar\" target=\"_blank\" rel=\"nofollow noopener noreferrer\">Facultad de Arte<\/a> inici\u00f3 un proceso de digitalizaci\u00f3n y <em>backup<\/em> de todo el material gr\u00e1fico y audiovisual disponible en su cat\u00e1logo con la finalidad de reafirmar su compromiso en el campo de la preservaci\u00f3n y el resguardo de informaci\u00f3n acerca de teatro, cine y arte en general, como as\u00ed tambi\u00e9n garantizar la circulaci\u00f3n y el acceso a dicho acervo documental. Esta tarea, a\u00fan en progreso, dio origen al <strong>repositorio multimedia CDAB<\/strong>.<\/p>\n<p>Un repositorio multimedia es una &#8220;biblioteca digital&#8221; en la que se almacena, preserva, organiza y comparte informaci\u00f3n digital, habitualmente archivos de texto, imagen, audio y video, entre otros. Mediante una interfaz sencilla e intuitiva, los usuarios pueden acceder a dichos contenidos desde cualquier dispositivo con conexi\u00f3n a Internet, en cualquier momento y cualquier lugar. Las herramientas de b\u00fasqueda integradas permiten una localizaci\u00f3n simple y \u00e1gil de los materiales que se organizan&nbsp;mediante categor\u00edas, etiquetas y metadatos. Adem\u00e1s de la accesibilidad las 24 hs. los 365 d\u00edas del a\u00f1o, el formato digital evita las degradaciones o p\u00e9rdidas que pueden producirse en ciertos soportes como el VHS, CD o DVD. Por otra parte, los docentes de la Facultad tendr\u00e1n la posibilidad de proyectar o visionar en sus clases el material gr\u00e1fico y\/o audiovisual a trav\u00e9s de cualquier computadora con conexi\u00f3n a Internet, como as\u00ed tambi\u00e9n facilitarles a los alumnos un espacio para realizar el seguimiento de las tem\u00e1ticas abordadas.<\/p>\n<div style=\"margin: 50px auto; display: block; text-align: center;\"><h3>Moment\u00e1neamente, este servicio s\u00f3lo est\u00e1 disponible dentro de la Facultad de Arte y Rectorado UNICEN.<br \/><br \/>Gracias por su comprensi\u00f3n.<\/h3><\/div>\n<p>En caso de dudas o consultas comunicarse a <a href=\"mailto:cdab @ arte.unicen.edu.ar\">cdab@arte.unicen.edu.ar<\/a><\/p>\n","protected":false},"excerpt":{"rendered":"<p>Durante 2017 el Centro de Documentaci\u00f3n Audiovisual y Biblioteca (CDAB) de la Facultad de Arte inici\u00f3 un proceso de digitalizaci\u00f3n y backup de todo el material gr\u00e1fico y audiovisual disponible en su cat\u00e1logo con la finalidad de reafirmar su compromiso en el campo de la preservaci\u00f3n y el resguardo de informaci\u00f3n acerca de teatro, cine y arte en general, como [&hellip;]<\/p>\n","protected":false},"author":1,"featured_media":0,"parent":8,"menu_order":0,"comment_status":"closed","ping_status":"closed","template":"","meta":{"_acf_changed":false,"footnotes":""},"class_list":["post-4449","page","type-page","status-publish","hentry"],"acf":[],"_links":{"self":[{"href":"https:\/\/www.arte.unicen.edu.ar\/cdab\/wp-json\/wp\/v2\/pages\/4449","targetHints":{"allow":["GET"]}}],"collection":[{"href":"https:\/\/www.arte.unicen.edu.ar\/cdab\/wp-json\/wp\/v2\/pages"}],"about":[{"href":"https:\/\/www.arte.unicen.edu.ar\/cdab\/wp-json\/wp\/v2\/types\/page"}],"author":[{"embeddable":true,"href":"https:\/\/www.arte.unicen.edu.ar\/cdab\/wp-json\/wp\/v2\/users\/1"}],"replies":[{"embeddable":true,"href":"https:\/\/www.arte.unicen.edu.ar\/cdab\/wp-json\/wp\/v2\/comments?post=4449"}],"version-history":[{"count":2,"href":"https:\/\/www.arte.unicen.edu.ar\/cdab\/wp-json\/wp\/v2\/pages\/4449\/revisions"}],"predecessor-version":[{"id":14800,"href":"https:\/\/www.arte.unicen.edu.ar\/cdab\/wp-json\/wp\/v2\/pages\/4449\/revisions\/14800"}],"up":[{"embeddable":true,"href":"https:\/\/www.arte.unicen.edu.ar\/cdab\/wp-json\/wp\/v2\/pages\/8"}],"wp:attachment":[{"href":"https:\/\/www.arte.unicen.edu.ar\/cdab\/wp-json\/wp\/v2\/media?parent=4449"}],"curies":[{"name":"wp","href":"https:\/\/api.w.org\/{rel}","templated":true}]}}