{"id":42,"date":"2016-12-02T15:23:26","date_gmt":"2016-12-02T18:23:26","guid":{"rendered":"http:\/\/cdab.chilaproducciones.com.ar\/?page_id=42"},"modified":"2023-11-30T14:06:28","modified_gmt":"2023-11-30T17:06:28","slug":"donaciones","status":"publish","type":"page","link":"https:\/\/www.arte.unicen.edu.ar\/cdab\/servicios\/donaciones\/","title":{"rendered":"Donaciones"},"content":{"rendered":"<p>Lxs autorxs, editorxs, realizadorxs y\/o productorxs que tengan inter\u00e9s de que sus obras formen parte del acervo del <strong>CDAB<\/strong> con la finalidad de que sean preservadas y expuestas en un \u00e1mbito permanente de consulta y visionado, deben enviarlas a:<\/p>\n<div style=\"text-align: center; padding-bottom: 25px;\">\n<h2 class=\"sub-alt\">Centro de Documentaci\u00f3n Audiovisual y Biblioteca (CDAB), Facultad de Arte<\/h2>\n<h3 class=\"sub-alt\">Universidad Nacional del Centro de la Provincia de Buenos Aires<\/h3>\n<p><strong>9 de Julio 430 &#8211; Tandil (B7000AQJ), Buenos Aires, Argentina<\/strong><br \/>\n<strong>Tel. (0249) 438 5800 int. 9301 | <a href=\"mailto:cdab @ arte.unicen.edu.ar\">cdab@arte.unicen.edu.ar<\/a><\/strong><\/p>\n<\/div>\n<p>El convenio de donaci\u00f3n de materiales se rige por la <a href=\"http:\/\/servicios.infoleg.gob.ar\/infolegInternet\/anexos\/40000-44999\/42755\/texact.htm\" target=\"_blank\" rel=\"noopener noreferrer\">Ley 11.723 de Propiedad Intelectual)<\/a>.<\/p>\n","protected":false},"excerpt":{"rendered":"<p>Lxs autorxs, editorxs, realizadorxs y\/o productorxs que tengan inter\u00e9s de que sus obras formen parte del acervo del CDAB con la finalidad de que sean preservadas y expuestas en un \u00e1mbito permanente de consulta y visionado, deben enviarlas a: Centro de Documentaci\u00f3n Audiovisual y Biblioteca (CDAB), Facultad de Arte Universidad Nacional del Centro de la Provincia de Buenos Aires 9 [&hellip;]<\/p>\n","protected":false},"author":1,"featured_media":0,"parent":8,"menu_order":0,"comment_status":"closed","ping_status":"closed","template":"","meta":{"_acf_changed":false,"footnotes":""},"class_list":["post-42","page","type-page","status-publish","hentry"],"acf":[],"_links":{"self":[{"href":"https:\/\/www.arte.unicen.edu.ar\/cdab\/wp-json\/wp\/v2\/pages\/42","targetHints":{"allow":["GET"]}}],"collection":[{"href":"https:\/\/www.arte.unicen.edu.ar\/cdab\/wp-json\/wp\/v2\/pages"}],"about":[{"href":"https:\/\/www.arte.unicen.edu.ar\/cdab\/wp-json\/wp\/v2\/types\/page"}],"author":[{"embeddable":true,"href":"https:\/\/www.arte.unicen.edu.ar\/cdab\/wp-json\/wp\/v2\/users\/1"}],"replies":[{"embeddable":true,"href":"https:\/\/www.arte.unicen.edu.ar\/cdab\/wp-json\/wp\/v2\/comments?post=42"}],"version-history":[{"count":2,"href":"https:\/\/www.arte.unicen.edu.ar\/cdab\/wp-json\/wp\/v2\/pages\/42\/revisions"}],"predecessor-version":[{"id":29866,"href":"https:\/\/www.arte.unicen.edu.ar\/cdab\/wp-json\/wp\/v2\/pages\/42\/revisions\/29866"}],"up":[{"embeddable":true,"href":"https:\/\/www.arte.unicen.edu.ar\/cdab\/wp-json\/wp\/v2\/pages\/8"}],"wp:attachment":[{"href":"https:\/\/www.arte.unicen.edu.ar\/cdab\/wp-json\/wp\/v2\/media?parent=42"}],"curies":[{"name":"wp","href":"https:\/\/api.w.org\/{rel}","templated":true}]}}