{"id":4,"date":"2016-12-02T15:17:05","date_gmt":"2016-12-02T18:17:05","guid":{"rendered":"http:\/\/cdab.chilaproducciones.com.ar\/?page_id=4"},"modified":"2023-10-31T13:26:28","modified_gmt":"2023-10-31T16:26:28","slug":"catalogo","status":"publish","type":"page","link":"https:\/\/www.arte.unicen.edu.ar\/cdab\/catalogo\/","title":{"rendered":"Cat\u00e1logo"},"content":{"rendered":"<p>Seleccione una <strong>categor\u00eda<\/strong> para continuar&#8230;<\/p>\n<div class=\"cdab-wrapper-figures\"><a href=\"\/cdab\/libros\">\n<figure id=\"libros\" class=\"cdab-splash\"><img decoding=\"async\" src=\"\/cdab\/wp-content\/themes\/cdab\/images\/space.gif\" alt=\"Libros\" title=\"Libros\" class=\"cdab-catalogo-libros\"\/><figcaption class=\"libros\">\n<h2>LIBROS<\/h2>\n<p>LIBROS<\/p>\n<\/figcaption><\/figure>\n<\/a><a href=\"\/cdab\/catalogo\/libros\"><\/a><a href=\"\/cdab\/audiovisual\"><\/a>\n<p><a href=\"\/cdab\/audiovisual\"><\/a><\/p>\n<figure id=\"audiovisual\" class=\"cdab-splash\"><img decoding=\"async\" src=\"\/cdab\/wp-content\/themes\/cdab\/images\/space.gif\" alt=\"Audiovisual\" title=\"Audiovisual\" class=\"cdab-catalogo-audiovisual\"\/><figcaption class=\"audiovisual\">\n<h2>AUDIOVISUAL<\/h2>\n<p>AUDIOVISUAL<\/p>\n<\/figcaption><\/figure>\n<p><a href=\"\/cdab\/audiovisual\"><\/a><a href=\"\/cdab\/fotografias\"><\/a><\/p>\n<p><a href=\"\/cdab\/fotografias\"><\/a><\/p>\n<figure id=\"fotografias\" class=\"cdab-splash\"><img decoding=\"async\" src=\"\/cdab\/wp-content\/themes\/cdab\/images\/space.gif\" alt=\"Fotograf\u00edas\" title=\"Fotograf\u00edas\" class=\"cdab-catalogo-fotografias\"\/><figcaption class=\"fotografias\">\n<h2>FOTOGRAF\u00cdAS<\/h2>\n<p>FOTOGRAF\u00cdAS<\/p>\n<\/figcaption><\/figure>\n<p><a href=\"\/cdab\/fotografias\"><\/a><a href=\"\/cdab\/audios\"><\/a><\/p>\n<p><a href=\"\/cdab\/audios\"><\/a><\/p>\n<figure id=\"audios\" class=\"cdab-splash\"><img decoding=\"async\" src=\"\/cdab\/wp-content\/themes\/cdab\/images\/space.gif\" alt=\"Audios\" title=\"Audios\" class=\"cdab-catalogo-audios\"\/><figcaption class=\"audios\">\n<h2>AUDIOS<\/h2>\n<p>AUDIOS<\/p>\n<\/figcaption><\/figure>\n<p><a href=\"\/cdab\/audios\"><\/a><a href=\"\/cdab\/afiches\"><\/a><\/p>\n<p><a href=\"\/cdab\/afiches\"><\/a><\/p>\n<figure id=\"afiches\" class=\"cdab-splash\"><img decoding=\"async\" src=\"\/cdab\/wp-content\/themes\/cdab\/images\/space.gif\" alt=\"Afiches\" title=\"Afiches\" class=\"cdab-catalogo-afiches\"\/><figcaption class=\"afiches\">\n<h2>AFICHES<\/h2>\n<p>AFICHES<\/p>\n<\/figcaption><\/figure>\n<p><a href=\"\/cdab\/afiches\"><\/a><a href=\"\/cdab\/carpetasprensa\"><\/a><\/p>\n<p><a href=\"\/cdab\/carpetasprensa\"><\/a><\/p>\n<figure id=\"carpetasprensa\" class=\"cdab-splash\"><img decoding=\"async\" src=\"\/cdab\/wp-content\/themes\/cdab\/images\/space.gif\" alt=\"Carpetas de prensa\" title=\"Carpetas de prensa\" class=\"cdab-catalogo-carpetasprensa\"\/><figcaption class=\"carpetasprensa\">\n<h2>CARPETAS DE PRENSA<\/h2>\n<p>CARPETAS DE PRENSA<\/p>\n<\/figcaption><\/figure>\n<p><a href=\"\/cdab\/carpetasprensa\"><\/a><a href=\"\/cdab\/dinstitucional\"><\/a><\/p>\n<p><a href=\"\/cdab\/dinstitucional\"><\/a><\/p>\n<figure id=\"institucional\" class=\"cdab-splash\"><img decoding=\"async\" src=\"\/cdab\/wp-content\/themes\/cdab\/images\/space.gif\" alt=\"Documentos institucionales\" title=\"Documentos institucionales\" class=\"cdab-catalogo-institucional\"\/><figcaption class=\"institucional\">\n<h2>DOCUMENTOS INSTITUCIONALES<\/h2>\n<p>DOCUMENTOS INSTITUCIONALES<\/p>\n<\/figcaption><\/figure>\n<p><a href=\"\/cdab\/dinstitucional\"><\/a><a href=\"\/cdab\/investigacion\"><\/a><\/p>\n<p><a href=\"\/cdab\/investigacion\"><\/a><\/p>\n<figure id=\"investigacion\" class=\"cdab-splash\"><img decoding=\"async\" src=\"\/cdab\/wp-content\/themes\/cdab\/images\/space.gif\" alt=\"Documentos de investigaci\u00f3n\" title=\"Documentos de investigaci\u00f3n\" class=\"cdab-catalogo-investigacion\"\/><figcaption class=\"investigacion\">\n<h2>DOCUMENTOS DE INVESTIGACI\u00d3N<\/h2>\n<p>DOCUMENTOS DE INVESTIGACI\u00d3N<\/p>\n<\/figcaption><\/figure>\n<p><a href=\"\/cdab\/investigacion\"><\/a><a href=\"\/cdab\/publicaciones\"><\/a><\/p>\n<p><a href=\"\/cdab\/publicaciones\"><\/a><\/p>\n<figure id=\"publicaciones-periodicas\" class=\"cdab-splash\"><img decoding=\"async\" src=\"\/cdab\/wp-content\/themes\/cdab\/images\/space.gif\" alt=\"Publicaciones peri\u00f3dicas\" title=\"Publicaciones peri\u00f3dicas\" class=\"cdab-catalogo-publicaciones-periodicas\"\/><figcaption class=\"publicaciones-periodicas\">\n<h2>PUBLICACIONES<br \/>\nPERI\u00d3DICAS<\/h2>\n<p>PUBLICACIONES PERI\u00d3DICAS<\/p>\n<\/figcaption><\/figure>\n<p><a href=\"\/cdab\/publicaciones\"><\/a><a href=\"\/cdab\/hemeroteca\"><\/a><\/p>\n<p><a href=\"\/cdab\/hemeroteca\"><\/a><\/p>\n<figure id=\"hemeroteca\" class=\"cdab-splash\"><img decoding=\"async\" src=\"\/cdab\/wp-content\/themes\/cdab\/images\/space.gif\" alt=\"Hemeroteca\" title=\"Hemeroteca\" class=\"cdab-catalogo-hemeroteca\"\/><figcaption class=\"hemeroteca\">\n<h2>HEMEROTECA DIGITAL<\/h2>\n<p>HEMEROTECA DIGITAL<\/p>\n<\/figcaption><\/figure>\n<p><a href=\"\/cdab\/hemeroteca\"><\/a><\/p>\n<\/div>\n","protected":false},"excerpt":{"rendered":"<p>Seleccione una categor\u00eda para continuar&#8230; LIBROS LIBROS AUDIOVISUAL AUDIOVISUAL FOTOGRAF\u00cdAS FOTOGRAF\u00cdAS AUDIOS AUDIOS AFICHES AFICHES CARPETAS DE PRENSA CARPETAS DE PRENSA DOCUMENTOS INSTITUCIONALES DOCUMENTOS INSTITUCIONALES DOCUMENTOS DE INVESTIGACI\u00d3N DOCUMENTOS DE INVESTIGACI\u00d3N PUBLICACIONES PERI\u00d3DICAS PUBLICACIONES PERI\u00d3DICAS HEMEROTECA DIGITAL HEMEROTECA DIGITAL<\/p>\n","protected":false},"author":1,"featured_media":0,"parent":0,"menu_order":0,"comment_status":"closed","ping_status":"closed","template":"","meta":{"_acf_changed":false,"footnotes":""},"class_list":["post-4","page","type-page","status-publish","hentry"],"acf":[],"_links":{"self":[{"href":"https:\/\/www.arte.unicen.edu.ar\/cdab\/wp-json\/wp\/v2\/pages\/4","targetHints":{"allow":["GET"]}}],"collection":[{"href":"https:\/\/www.arte.unicen.edu.ar\/cdab\/wp-json\/wp\/v2\/pages"}],"about":[{"href":"https:\/\/www.arte.unicen.edu.ar\/cdab\/wp-json\/wp\/v2\/types\/page"}],"author":[{"embeddable":true,"href":"https:\/\/www.arte.unicen.edu.ar\/cdab\/wp-json\/wp\/v2\/users\/1"}],"replies":[{"embeddable":true,"href":"https:\/\/www.arte.unicen.edu.ar\/cdab\/wp-json\/wp\/v2\/comments?post=4"}],"version-history":[{"count":2,"href":"https:\/\/www.arte.unicen.edu.ar\/cdab\/wp-json\/wp\/v2\/pages\/4\/revisions"}],"predecessor-version":[{"id":29581,"href":"https:\/\/www.arte.unicen.edu.ar\/cdab\/wp-json\/wp\/v2\/pages\/4\/revisions\/29581"}],"wp:attachment":[{"href":"https:\/\/www.arte.unicen.edu.ar\/cdab\/wp-json\/wp\/v2\/media?parent=4"}],"curies":[{"name":"wp","href":"https:\/\/api.w.org\/{rel}","templated":true}]}}